{"id":4805,"date":"2022-08-08T20:48:09","date_gmt":"2022-08-08T20:48:09","guid":{"rendered":"https:\/\/www.sunkaraoke.hu\/index.php\/termek\/tesok-hidd-el-h-leszek\/"},"modified":"2025-04-11T07:33:52","modified_gmt":"2025-04-11T07:33:52","slug":"tesok-hidd-el-h-leszek","status":"publish","type":"product","link":"https:\/\/www.sunkaraoke.hu\/index.php\/termek\/tesok-hidd-el-h-leszek\/","title":{"rendered":"<div class=\"wcmp-player-container product-4805\"><audio controlslist=\"nodownload\" data-product=\"4805\"  volume=\"1\"  preload=\"none\" data-lazyloading=\"none\" class=\"wcmp-player track mejs-classic\" data-duration=\"0:31\" data-estimated_duration=\"4\"><source src=\"https:\/\/www.sunkaraoke.hu\/wp-content\/uploads\/2022\/08\/Hidd-el-hu-leszek-transz-S_demo.mp3\" type=\"audio\/mp3\" \/><\/audio><\/div>Tes\u00f3k &#8211; Hidd el h\u0171 leszek (SB Edition)"},"content":{"rendered":"<p><strong>03:52<\/strong> | <strong><img loading=\"lazy\" decoding=\"async\" class=\"alignnone size-full wp-image-467\" src=\"https:\/\/www.sunkaraoke.hu\/wp-content\/uploads\/2022\/07\/choir_2-copy.webp\" alt=\"\" width=\"30\" height=\"30\" \/> <strong> | <img loading=\"lazy\" decoding=\"async\" class=\"alignnone size-full wp-image-613\" src=\"https:\/\/www.sunkaraoke.hu\/wp-content\/uploads\/2022\/07\/transzponalas.webp\" alt=\"\" width=\"30\" height=\"30\" \/> -1<\/strong><\/strong><\/p>\n","protected":false},"excerpt":{"rendered":"<h6><strong>Bits\u0171r\u0171s\u00e9g: 320 kb\/s<\/strong><br \/>\n<strong>Hossz: 03:52<\/strong><br \/>\n<strong>Vok\u00e1lt tartalmaz: Nem <img loading=\"lazy\" decoding=\"async\" class=\"alignnone size-full wp-image-467\" src=\"http:\/\/www.sunkaraoke.hu\/wp-content\/uploads\/2022\/07\/choir_2-copy.png\" alt=\"\" width=\"30\" height=\"30\" \/><\/strong><br \/>\n<strong>Transzpon\u00e1lt: Igen -1<\/strong><\/h6>\n<p>Sunkaraoke mp3 st\u00fadi\u00f3 \/ www.sunkaraoke.hu \/ Inf: Tel: 06 20 4275001<\/p>\n<p>&#8211;Intr\u00f3&#8212;<br \/>\nMi\u00f3ta elment majd sz\u00e9tesek,<br \/>\n\u00fagy \u00e9lek mint a szerzetesek,<br \/>\nmegb\u00e1ntam hib\u00e1m, j\u00f6jj vissza bab\u00e1m.<br \/>\nGy\u00farni se j\u00e1rok nem kell izom,<br \/>\nnyugtat\u00f3 helyett m\u00e1r vodk\u00e1t iszom,<br \/>\nmegb\u00e1ntam hib\u00e1m, j\u00f6jj vissza bab\u00e1m.<\/p>\n<p>Hidd el h\u0171 leszek \u00e9n csak,<br \/>\na sz\u00edvem f\u00e1j ha kihagyom \u00e9n,<br \/>\nb\u00e1rmit megteszek \u00e9rted,<br \/>\nelveszlek t\u00e9ged ha ez a c\u00e9l.<br \/>\nHidd el h\u0171 leszek \u00e9n csak,<br \/>\na sz\u00edvem f\u00e1j ha kihagyom \u00e9n,<br \/>\nb\u00e1rmit megteszek \u00e9rted,<br \/>\nelveszlek t\u00e9ged ha ez a c\u00e9l.<\/p>\n<p>Annyira f\u00e1j hogy el nem hiszem,<br \/>\n\u00edg\u00e9rem t\u00f6bb\u00e9 nem hisztizem,<br \/>\nmegb\u00e1ntam hib\u00e1m, j\u00f6jj vissza bab\u00e1m.<br \/>\nBet\u00f6rn\u00e9k \u00e9rted mint egy ablak,<br \/>\nha tudn\u00e1m \u00e9n hogy m\u00e9g megkaplak,<br \/>\nmegb\u00e1ntam hib\u00e1m, j\u00f6jj vissza bab\u00e1m.<\/p>\n<p>Hidd el h\u0171 leszek \u00e9n csak,<br \/>\na sz\u00edvem f\u00e1j ha kihagyom \u00e9n,<br \/>\nb\u00e1rmit megteszek \u00e9rted,<br \/>\nelveszlek t\u00e9ged ha ez a c\u00e9l.<br \/>\nHidd el h\u0171 leszek \u00e9n csak,<br \/>\na sz\u00edvem f\u00e1j ha kihagyom \u00e9n,<br \/>\nb\u00e1rmit megteszek \u00e9rted,<br \/>\nelveszlek t\u00e9ged ha ez a c\u00e9l.<br \/>\n&#8212;Sz\u00f3l\u00f3&#8212;<\/p>\n<p>Mi\u00f3ta elment majd sz\u00e9tesek,<br \/>\n\u00fagy \u00e9lek mint a szerzetesek,<br \/>\nmegb\u00e1ntam hib\u00e1m, j\u00f6jj vissza bab\u00e1m.<br \/>\nGy\u00farni se j\u00e1rok nem kell izom,<br \/>\nnyugtat\u00f3 helyett m\u00e1r vodk\u00e1t iszom,<br \/>\nmegb\u00e1ntam hib\u00e1m, j\u00f6jj vissza bab\u00e1m.<\/p>\n<p>Hidd el h\u0171 leszek \u00e9n csak,<br \/>\na sz\u00edvem f\u00e1j ha kihagyom \u00e9n,<br \/>\nb\u00e1rmit megteszek \u00e9rted,<br \/>\nelveszlek t\u00e9ged ha ez a c\u00e9l.<br \/>\nHidd el h\u0171 leszek \u00e9n csak,<br \/>\na sz\u00edvem f\u00e1j ha kihagyom \u00e9n,<br \/>\nb\u00e1rmit megteszek \u00e9rted,<br \/>\nelveszlek t\u00e9ged ha ez a c\u00e9l.<br \/>\nHidd el h\u0171 leszek \u00e9n csak,<br \/>\na sz\u00edvem f\u00e1j ha kihagyom \u00e9n,<br \/>\nb\u00e1rmit megteszek \u00e9rted,<br \/>\nelveszlek t\u00e9ged ha ez a c\u00e9l.<br \/>\nHidd el h\u0171 leszek \u00e9n csak,<br \/>\na sz\u00edvem f\u00e1j ha kihagyom \u00e9n,<br \/>\nb\u00e1rmit megteszek \u00e9rted,<br \/>\nelveszlek t\u00e9ged ha ez a c\u00e9l.<\/p>\n<p>&#8212;V\u00e9ge&#8212;<\/p>\n","protected":false},"featured_media":8715,"template":"","meta":{"site-sidebar-layout":"default","site-content-layout":"default","ast-site-content-layout":"default","site-content-style":"default","site-sidebar-style":"default","ast-global-header-display":"","ast-banner-title-visibility":"","ast-main-header-display":"","ast-hfb-above-header-display":"","ast-hfb-below-header-display":"","ast-hfb-mobile-header-display":"","site-post-title":"","ast-breadcrumbs-content":"","ast-featured-img":"","footer-sml-layout":"","theme-transparent-header-meta":"default","adv-header-id-meta":"","stick-header-meta":"","header-above-stick-meta":"","header-main-stick-meta":"","header-below-stick-meta":"","astra-migrate-meta-layouts":"set","ast-page-background-enabled":"default","ast-page-background-meta":{"desktop":{"background-color":"var(--ast-global-color-4)","background-image":"","background-repeat":"repeat","background-position":"center center","background-size":"auto","background-attachment":"scroll","background-type":"","background-media":"","overlay-type":"","overlay-color":"","overlay-opacity":"","overlay-gradient":""},"tablet":{"background-color":"","background-image":"","background-repeat":"repeat","background-position":"center center","background-size":"auto","background-attachment":"scroll","background-type":"","background-media":"","overlay-type":"","overlay-color":"","overlay-opacity":"","overlay-gradient":""},"mobile":{"background-color":"","background-image":"","background-repeat":"repeat","background-position":"center center","background-size":"auto","background-attachment":"scroll","background-type":"","background-media":"","overlay-type":"","overlay-color":"","overlay-opacity":"","overlay-gradient":""}},"ast-content-background-meta":{"desktop":{"background-color":"var(--ast-global-color-5)","background-image":"","background-repeat":"repeat","background-position":"center center","background-size":"auto","background-attachment":"scroll","background-type":"","background-media":"","overlay-type":"","overlay-color":"","overlay-opacity":"","overlay-gradient":""},"tablet":{"background-color":"var(--ast-global-color-5)","background-image":"","background-repeat":"repeat","background-position":"center center","background-size":"auto","background-attachment":"scroll","background-type":"","background-media":"","overlay-type":"","overlay-color":"","overlay-opacity":"","overlay-gradient":""},"mobile":{"background-color":"var(--ast-global-color-5)","background-image":"","background-repeat":"repeat","background-position":"center center","background-size":"auto","background-attachment":"scroll","background-type":"","background-media":"","overlay-type":"","overlay-color":"","overlay-opacity":"","overlay-gradient":""}}},"product_cat":[48],"product_tag":[],"class_list":["post-4805","product","type-product","status-publish","has-post-thumbnail","hentry","product_cat-sunkaraoke-dalok","desktop-align-left","tablet-align-left","mobile-align-left"],"_links":{"self":[{"href":"https:\/\/www.sunkaraoke.hu\/index.php\/wp-json\/wp\/v2\/product\/4805","targetHints":{"allow":["GET"]}}],"collection":[{"href":"https:\/\/www.sunkaraoke.hu\/index.php\/wp-json\/wp\/v2\/product"}],"about":[{"href":"https:\/\/www.sunkaraoke.hu\/index.php\/wp-json\/wp\/v2\/types\/product"}],"wp:featuredmedia":[{"embeddable":true,"href":"https:\/\/www.sunkaraoke.hu\/index.php\/wp-json\/wp\/v2\/media\/8715"}],"wp:attachment":[{"href":"https:\/\/www.sunkaraoke.hu\/index.php\/wp-json\/wp\/v2\/media?parent=4805"}],"wp:term":[{"taxonomy":"product_cat","embeddable":true,"href":"https:\/\/www.sunkaraoke.hu\/index.php\/wp-json\/wp\/v2\/product_cat?post=4805"},{"taxonomy":"product_tag","embeddable":true,"href":"https:\/\/www.sunkaraoke.hu\/index.php\/wp-json\/wp\/v2\/product_tag?post=4805"}],"curies":[{"name":"wp","href":"https:\/\/api.w.org\/{rel}","templated":true}]}}