{"id":4802,"date":"2022-08-08T20:48:09","date_gmt":"2022-08-08T20:48:09","guid":{"rendered":"https:\/\/www.sunkaraoke.hu\/index.php\/termek\/master-voice-all-a-hid-2015-remix\/"},"modified":"2025-04-11T07:31:31","modified_gmt":"2025-04-11T07:31:31","slug":"master-voice-all-a-hid-2015-remix","status":"publish","type":"product","link":"https:\/\/www.sunkaraoke.hu\/index.php\/termek\/master-voice-all-a-hid-2015-remix\/","title":{"rendered":"<div class=\"wcmp-player-container product-4802\"><audio controlslist=\"nodownload\" data-product=\"4802\"  volume=\"1\"  preload=\"none\" data-lazyloading=\"none\" class=\"wcmp-player track mejs-classic\" data-duration=\"0:34\" data-estimated_duration=\"4\"><source src=\"https:\/\/www.sunkaraoke.hu\/wp-content\/uploads\/2022\/08\/All-a-hid-a-folyo-felet-2015.-E.-kdemoo.mp3\" type=\"audio\/mp3\" \/><\/audio><\/div>Master Voice &#8211; \u00c1ll a h\u00edd (Zoly Remix Edition)"},"content":{"rendered":"<p><strong>04:03<\/strong> | <strong><img loading=\"lazy\" decoding=\"async\" class=\"alignnone size-full wp-image-467\" src=\"https:\/\/www.sunkaraoke.hu\/wp-content\/uploads\/2022\/07\/choir_2-copy.webp\" alt=\"\" width=\"30\" height=\"30\" \/> <strong> | <img loading=\"lazy\" decoding=\"async\" class=\"alignnone size-full wp-image-613\" src=\"https:\/\/www.sunkaraoke.hu\/wp-content\/uploads\/2022\/07\/transzponalas.webp\" alt=\"\" width=\"30\" height=\"30\" \/>\u00a0 -4<\/strong><\/strong><\/p>\n","protected":false},"excerpt":{"rendered":"<h6><strong>Bits\u0171r\u0171s\u00e9g: 320<\/strong>kb\/s<strong><br \/>\n<\/strong><strong>Hossz: <\/strong>04:03<strong><br \/>\n<\/strong><strong style=\"font-size: 16px;\">Vok\u00e1lt tartalmaz: <\/strong>Nem <img loading=\"lazy\" decoding=\"async\" class=\"alignnone size-full wp-image-467\" src=\"http:\/\/www.sunkaraoke.hu\/wp-content\/uploads\/2022\/07\/choir_2-copy.png\" alt=\"\" width=\"30\" height=\"30\" \/><strong style=\"font-size: 16px;\"><br \/>\n<\/strong><strong>Transzpon\u00e1l\u00e1s: <\/strong><img loading=\"lazy\" decoding=\"async\" class=\"alignnone size-full wp-image-613\" src=\"http:\/\/www.sunkaraoke.hu\/wp-content\/uploads\/2022\/07\/transzponalas.png\" alt=\"\" width=\"30\" height=\"30\" \/> -4<\/h6>\n<p>Sunkaraoke mp3 st\u00fadi\u00f3 \/ www.sunkaraoke.hu \/ Inf: Tel: 06 20 4275001<\/p>\n<p>&#8212;Intr\u00f3&#8212;-<br \/>\n\u00c1lmaimban mindig szabad vagyok,<br \/>\n\u00e9lhetem az \u00e9letem.<br \/>\nNem zavarnak r\u00e9mes cs\u00faf alakok,<br \/>\nnem \u00fcld\u00f6z a f\u00e9lelem.<br \/>\nVan ilyen, van ilyen,<br \/>\nr\u00f3zsasz\u00edn\u0171 v\u00e9gtelen,<br \/>\nvan ilyen, van ilyen, ismeretlen f\u00e9lelem!<\/p>\n<p>A val\u00f3s\u00e1gban minden \u00e1talakul,<br \/>\nkegyetlen a sors hozz\u00e1m,<br \/>\na vihar is mindig itt tornyosul,<br \/>\nvill\u00e1mokat sz\u00f3r le r\u00e1m.<br \/>\nVan ilyen, van ilyen,<br \/>\nde m\u00e1s lehet az \u00e9letem.<br \/>\nVan ilyen, van ilyen, ha \u00e1lmaimat \u00e9lhetem!<\/p>\n<p>\u00c1ll a h\u00edd a foly\u00f3 felett,<br \/>\nami hozz\u00e1d elvezet,<br \/>\nbennem \u00e9l, m\u00e9g a rem\u00e9ny!<br \/>\n\u00c1ll a h\u00edd a foly\u00f3 felett,<br \/>\nami hozz\u00e1d elvezet,<br \/>\nbennem \u00e9l m\u00e9g a rem\u00e9ny!<\/p>\n<p>\u00c1lmaimban mindig veled vagyok,<br \/>\nfoghatom a k\u00e9t kezed.<br \/>\nNem zavarnak r\u00e9mes cs\u00faf alakok,<br \/>\nsz\u00e1rnyat ad a k\u00e9pzelet!<br \/>\nVan ilyen, van ilyen,<br \/>\nr\u00f3zsasz\u00edn\u0171 v\u00e9gtelen,<br \/>\nvan ilyen, van ilyen ismeretlen f\u00e9lelem!<\/p>\n<p>\u00c1ll a h\u00edd a foly\u00f3 felett,<br \/>\nami hozz\u00e1d elvezet,<br \/>\nbennem \u00e9l m\u00e9g a rem\u00e9ny!<br \/>\n\u00c1ll a h\u00edd a foly\u00f3 felett,<br \/>\nami hozz\u00e1d elvezet,<br \/>\nbennem \u00e9l m\u00e9g a rem\u00e9ny!<br \/>\n\u00c1ll a h\u00edd a foly\u00f3 felett,<br \/>\nami hozz\u00e1d elvezet,<br \/>\nbennem \u00e9l m\u00e9g a rem\u00e9ny!<br \/>\n\u00c1ll a h\u00edd a foly\u00f3 felett,<br \/>\nami hozz\u00e1d elvezet,<br \/>\nbennem \u00e9l m\u00e9g a rem\u00e9ny!<br \/>\n&#8212;V\u00e9ge&#8212;<\/p>\n","protected":false},"featured_media":18476,"template":"","meta":{"site-sidebar-layout":"default","site-content-layout":"default","ast-site-content-layout":"default","site-content-style":"default","site-sidebar-style":"default","ast-global-header-display":"","ast-banner-title-visibility":"","ast-main-header-display":"","ast-hfb-above-header-display":"","ast-hfb-below-header-display":"","ast-hfb-mobile-header-display":"","site-post-title":"","ast-breadcrumbs-content":"","ast-featured-img":"","footer-sml-layout":"","theme-transparent-header-meta":"default","adv-header-id-meta":"","stick-header-meta":"","header-above-stick-meta":"","header-main-stick-meta":"","header-below-stick-meta":"","astra-migrate-meta-layouts":"set","ast-page-background-enabled":"default","ast-page-background-meta":{"desktop":{"background-color":"var(--ast-global-color-4)","background-image":"","background-repeat":"repeat","background-position":"center center","background-size":"auto","background-attachment":"scroll","background-type":"","background-media":"","overlay-type":"","overlay-color":"","overlay-opacity":"","overlay-gradient":""},"tablet":{"background-color":"","background-image":"","background-repeat":"repeat","background-position":"center center","background-size":"auto","background-attachment":"scroll","background-type":"","background-media":"","overlay-type":"","overlay-color":"","overlay-opacity":"","overlay-gradient":""},"mobile":{"background-color":"","background-image":"","background-repeat":"repeat","background-position":"center center","background-size":"auto","background-attachment":"scroll","background-type":"","background-media":"","overlay-type":"","overlay-color":"","overlay-opacity":"","overlay-gradient":""}},"ast-content-background-meta":{"desktop":{"background-color":"var(--ast-global-color-5)","background-image":"","background-repeat":"repeat","background-position":"center center","background-size":"auto","background-attachment":"scroll","background-type":"","background-media":"","overlay-type":"","overlay-color":"","overlay-opacity":"","overlay-gradient":""},"tablet":{"background-color":"var(--ast-global-color-5)","background-image":"","background-repeat":"repeat","background-position":"center center","background-size":"auto","background-attachment":"scroll","background-type":"","background-media":"","overlay-type":"","overlay-color":"","overlay-opacity":"","overlay-gradient":""},"mobile":{"background-color":"var(--ast-global-color-5)","background-image":"","background-repeat":"repeat","background-position":"center center","background-size":"auto","background-attachment":"scroll","background-type":"","background-media":"","overlay-type":"","overlay-color":"","overlay-opacity":"","overlay-gradient":""}}},"product_cat":[58],"product_tag":[],"class_list":["post-4802","product","type-product","status-publish","has-post-thumbnail","hentry","product_cat-erdelyi-zoltan","desktop-align-left","tablet-align-left","mobile-align-left"],"_links":{"self":[{"href":"https:\/\/www.sunkaraoke.hu\/index.php\/wp-json\/wp\/v2\/product\/4802","targetHints":{"allow":["GET"]}}],"collection":[{"href":"https:\/\/www.sunkaraoke.hu\/index.php\/wp-json\/wp\/v2\/product"}],"about":[{"href":"https:\/\/www.sunkaraoke.hu\/index.php\/wp-json\/wp\/v2\/types\/product"}],"wp:featuredmedia":[{"embeddable":true,"href":"https:\/\/www.sunkaraoke.hu\/index.php\/wp-json\/wp\/v2\/media\/18476"}],"wp:attachment":[{"href":"https:\/\/www.sunkaraoke.hu\/index.php\/wp-json\/wp\/v2\/media?parent=4802"}],"wp:term":[{"taxonomy":"product_cat","embeddable":true,"href":"https:\/\/www.sunkaraoke.hu\/index.php\/wp-json\/wp\/v2\/product_cat?post=4802"},{"taxonomy":"product_tag","embeddable":true,"href":"https:\/\/www.sunkaraoke.hu\/index.php\/wp-json\/wp\/v2\/product_tag?post=4802"}],"curies":[{"name":"wp","href":"https:\/\/api.w.org\/{rel}","templated":true}]}}