{"id":4792,"date":"2022-08-08T20:48:08","date_gmt":"2022-08-08T20:48:08","guid":{"rendered":"https:\/\/www.sunkaraoke.hu\/index.php\/termek\/jolly-suzy-i-love-you-2015\/"},"modified":"2025-03-26T18:09:51","modified_gmt":"2025-03-26T18:09:51","slug":"jolly-suzy-i-love-you-2015","status":"publish","type":"product","link":"https:\/\/www.sunkaraoke.hu\/index.php\/termek\/jolly-suzy-i-love-you-2015\/","title":{"rendered":"<div class=\"wcmp-player-container product-4792\"><audio controlslist=\"nodownload\" data-product=\"4792\"  volume=\"1\"  preload=\"none\" data-lazyloading=\"none\" class=\"wcmp-player track mejs-classic\" data-duration=\"0:33\" data-estimated_duration=\"4\"><source src=\"https:\/\/www.sunkaraoke.hu\/wp-content\/uploads\/2022\/08\/I-Love-you-Jolly-SB_demo.mp3\" type=\"audio\/mp3\" \/><\/audio><\/div>Jolly &#038; Suzy &#8211; I Love You (Original)"},"content":{"rendered":"<p><strong>03:45<\/strong> | <strong><img loading=\"lazy\" decoding=\"async\" class=\"alignnone size-full wp-image-467\" src=\"https:\/\/www.sunkaraoke.hu\/wp-content\/uploads\/2022\/07\/choir_2-copy.webp\" alt=\"\" width=\"30\" height=\"30\" \/> <\/strong><\/p>\n","protected":false},"excerpt":{"rendered":"<h6>Bits\u0171r\u0171s\u00e9g: 320 kb\/s<br \/>\nHossz: 03:45<br \/>\nVok\u00e1lt tartalmaz: Nem <img loading=\"lazy\" decoding=\"async\" class=\"alignnone size-full wp-image-467\" src=\"http:\/\/www.sunkaraoke.hu\/wp-content\/uploads\/2022\/07\/choir_2-copy.png\" alt=\"\" width=\"30\" height=\"30\" \/><\/h6>\n<p>Sunkaraoke mp3 st\u00fadi\u00f3 \/ www.sunkaraoke.hu \/ Inf: Tel: 06 20 4275001<\/p>\n<p>&#8212;Intr\u00f3&#8212;<\/p>\n<p>Gyere gyere k\u00f6zelebb, a sz\u00edvem hadd adjam neked,<br \/>\nhadd mondjam el hogy I Love you.<br \/>\nMinden \u00e9jjel v\u00e1rtalak, sz\u00edvembe z\u00e1rtalak,<br \/>\n\u00e9s elmondtam, hogy I love you!<br \/>\nGyere gyere k\u00f6zelebb, a sz\u00edvem hadd adjam neked,<br \/>\nhadd mondjam el hogy I Love you.<br \/>\nCs\u00f3k cs\u00f3kolom a sz\u00e1d, sz\u00edved b\u00f6rt\u00f6nbe z\u00e1r,<br \/>\nelmondan\u00e1m, hogy I love you!<\/p>\n<p>Te vagy sz\u00edvemben az arany, mindig boldog maradj,<br \/>\n\u00e9s mulassunk majd \u00e9jjel nappal.<br \/>\nFigyelj hogy mit dalolok neked, kacsint r\u00e1m a szemed,<br \/>\nha veled vagyokk forr a v\u00e9rem.<br \/>\nMegyek ha h\u00edvsz engem \u00e9n megyek,<br \/>\n\u00e9s mindig veled leszek,a b\u00e1nat t\u0151led elsz\u00e1ll v\u00e9gleg.<br \/>\nFigyelj megmutatom neked, mindig boldog lehetsz,<br \/>\n\u00e9s neked adom sz\u00edvem v\u00e9gleg.<\/p>\n<p>Gyere gyere k\u00f6zelebb, a sz\u00edvem hadd adjam neked,<br \/>\nhadd mondjam el hogy I Love you.<br \/>\nMinden \u00e9jjel v\u00e1rtalak, sz\u00edvembe z\u00e1rtalak,<br \/>\nr\u00e9, p\u00e1, r\u00e1, p\u00e1, r\u00e9, p\u00e1, r\u00e9.<br \/>\nGyere gyere k\u00f6zelebb, a sz\u00edvem hadd adjam neked,<br \/>\nhadd mondjam el hogy I Love you.<br \/>\nCs\u00f3k cs\u00f3kolom a sz\u00e1d, sz\u00edved b\u00f6rt\u00f6nbe z\u00e1r,<br \/>\nr\u00e9, p\u00e1, r\u00e1, p\u00e1, r\u00e9, p\u00e1, \u00f3h.<br \/>\n&#8212;Sz\u00f3l\u00f3&#8212;<br \/>\nMegyek ha h\u00edvsz engem \u00e9n megyek,<br \/>\n\u00e9s mindig veled leszek,a b\u00e1nat t\u0151led elsz\u00e1ll v\u00e9gleg.<br \/>\nFigyelj megmutatom neked, mindig boldog lehetsz,<br \/>\n\u00e9s neked adom sz\u00edvem v\u00e9gleg.<br \/>\nGyere gyere k\u00f6zelebb, a sz\u00edvem hadd adjam neked,<br \/>\nhadd mondjam el hogy I Love you.<br \/>\nMinden \u00e9jjel v\u00e1rtalak, sz\u00edvembe z\u00e1rtalak,<br \/>\nr\u00e9, p\u00e1, r\u00e1, p\u00e1, r\u00e9, p\u00e1, r\u00e9.<br \/>\nGyere gyere k\u00f6zelebb, a sz\u00edvem hadd adjam neked,<br \/>\nhadd mondjam el hogy I Love you.<br \/>\nCs\u00f3k cs\u00f3kolom a sz\u00e1d, sz\u00edved b\u00f6rt\u00f6nbe z\u00e1r,<br \/>\nr\u00e9, p\u00e1, r\u00e1, p\u00e1, r\u00e9, p\u00e1, \u00f3h.<br \/>\nGyere gyere k\u00f6zelebb, a sz\u00edvem hadd adjam neked,<br \/>\nhadd mondjam el hogy I Love you.<br \/>\nMinden \u00e9jjel v\u00e1rtalak, sz\u00edvembe z\u00e1rtalak,<br \/>\nr\u00e9, p\u00e1, r\u00e1, p\u00e1, r\u00e9, p\u00e1, r\u00e9.<br \/>\nGyere gyere k\u00f6zelebb, a sz\u00edvem hadd adjam neked,<br \/>\nhadd mondjam el hogy I Love you.<br \/>\nCs\u00f3k cs\u00f3kolom a sz\u00e1d, sz\u00edved b\u00f6rt\u00f6nbe z\u00e1r,<br \/>\nr\u00e9, p\u00e1, r\u00e1, p\u00e1, r\u00e9, p\u00e1, \u00f3h.<\/p>\n<p>&#8212;V\u00e9ge&#8212;<\/p>\n","protected":false},"featured_media":9007,"template":"","meta":{"site-sidebar-layout":"default","site-content-layout":"default","ast-site-content-layout":"default","site-content-style":"default","site-sidebar-style":"default","ast-global-header-display":"","ast-banner-title-visibility":"","ast-main-header-display":"","ast-hfb-above-header-display":"","ast-hfb-below-header-display":"","ast-hfb-mobile-header-display":"","site-post-title":"","ast-breadcrumbs-content":"","ast-featured-img":"","footer-sml-layout":"","theme-transparent-header-meta":"default","adv-header-id-meta":"","stick-header-meta":"","header-above-stick-meta":"","header-main-stick-meta":"","header-below-stick-meta":"","astra-migrate-meta-layouts":"set","ast-page-background-enabled":"default","ast-page-background-meta":{"desktop":{"background-color":"var(--ast-global-color-4)","background-image":"","background-repeat":"repeat","background-position":"center center","background-size":"auto","background-attachment":"scroll","background-type":"","background-media":"","overlay-type":"","overlay-color":"","overlay-opacity":"","overlay-gradient":""},"tablet":{"background-color":"","background-image":"","background-repeat":"repeat","background-position":"center center","background-size":"auto","background-attachment":"scroll","background-type":"","background-media":"","overlay-type":"","overlay-color":"","overlay-opacity":"","overlay-gradient":""},"mobile":{"background-color":"","background-image":"","background-repeat":"repeat","background-position":"center center","background-size":"auto","background-attachment":"scroll","background-type":"","background-media":"","overlay-type":"","overlay-color":"","overlay-opacity":"","overlay-gradient":""}},"ast-content-background-meta":{"desktop":{"background-color":"var(--ast-global-color-5)","background-image":"","background-repeat":"repeat","background-position":"center center","background-size":"auto","background-attachment":"scroll","background-type":"","background-media":"","overlay-type":"","overlay-color":"","overlay-opacity":"","overlay-gradient":""},"tablet":{"background-color":"var(--ast-global-color-5)","background-image":"","background-repeat":"repeat","background-position":"center center","background-size":"auto","background-attachment":"scroll","background-type":"","background-media":"","overlay-type":"","overlay-color":"","overlay-opacity":"","overlay-gradient":""},"mobile":{"background-color":"var(--ast-global-color-5)","background-image":"","background-repeat":"repeat","background-position":"center center","background-size":"auto","background-attachment":"scroll","background-type":"","background-media":"","overlay-type":"","overlay-color":"","overlay-opacity":"","overlay-gradient":""}}},"product_cat":[48],"product_tag":[],"class_list":["post-4792","product","type-product","status-publish","has-post-thumbnail","hentry","product_cat-sunkaraoke-dalok","desktop-align-left","tablet-align-left","mobile-align-left"],"_links":{"self":[{"href":"https:\/\/www.sunkaraoke.hu\/index.php\/wp-json\/wp\/v2\/product\/4792","targetHints":{"allow":["GET"]}}],"collection":[{"href":"https:\/\/www.sunkaraoke.hu\/index.php\/wp-json\/wp\/v2\/product"}],"about":[{"href":"https:\/\/www.sunkaraoke.hu\/index.php\/wp-json\/wp\/v2\/types\/product"}],"wp:featuredmedia":[{"embeddable":true,"href":"https:\/\/www.sunkaraoke.hu\/index.php\/wp-json\/wp\/v2\/media\/9007"}],"wp:attachment":[{"href":"https:\/\/www.sunkaraoke.hu\/index.php\/wp-json\/wp\/v2\/media?parent=4792"}],"wp:term":[{"taxonomy":"product_cat","embeddable":true,"href":"https:\/\/www.sunkaraoke.hu\/index.php\/wp-json\/wp\/v2\/product_cat?post=4792"},{"taxonomy":"product_tag","embeddable":true,"href":"https:\/\/www.sunkaraoke.hu\/index.php\/wp-json\/wp\/v2\/product_tag?post=4792"}],"curies":[{"name":"wp","href":"https:\/\/api.w.org\/{rel}","templated":true}]}}