{"id":4506,"date":"2022-08-08T20:47:42","date_gmt":"2022-08-08T20:47:42","guid":{"rendered":"https:\/\/www.sunkaraoke.hu\/index.php\/termek\/tesok-angyal-az-egbl-2015\/"},"modified":"2025-03-28T18:25:28","modified_gmt":"2025-03-28T18:25:28","slug":"tesok-angyal-az-egbl-2015","status":"publish","type":"product","link":"https:\/\/www.sunkaraoke.hu\/index.php\/termek\/tesok-angyal-az-egbl-2015\/","title":{"rendered":"<div class=\"wcmp-player-container product-4506\"><audio controlslist=\"nodownload\" data-product=\"4506\"  volume=\"1\"  preload=\"none\" data-lazyloading=\"none\" class=\"wcmp-player track mejs-classic\" data-duration=\"0:32\" data-estimated_duration=\"4\"><source src=\"https:\/\/www.sunkaraoke.hu\/wp-content\/uploads\/2022\/08\/Angyal-az-egbol-BM_demo.mp3\" type=\"audio\/mp3\" \/><\/audio><\/div>Tes\u00f3k &#8211; Angyal az \u00e9gb\u0151l (Original ) B M .Edit"},"content":{"rendered":"<p><strong>04:35<\/strong> | <strong><img loading=\"lazy\" decoding=\"async\" class=\"alignnone size-full wp-image-467\" src=\"https:\/\/www.sunkaraoke.hu\/wp-content\/uploads\/2022\/07\/choir_2-copy.webp\" alt=\"\" width=\"30\" height=\"30\" \/> <\/strong><\/p>\n","protected":false},"excerpt":{"rendered":"<h6>Bits\u0171r\u0171s\u00e9g: 320 kb\/s<br \/>\nHossz: 04:35<br \/>\nVok\u00e1lt tartalmaz: Nem <img loading=\"lazy\" decoding=\"async\" class=\"alignnone size-full wp-image-467\" src=\"http:\/\/www.sunkaraoke.hu\/wp-content\/uploads\/2022\/07\/choir_2-copy.png\" alt=\"\" width=\"30\" height=\"30\" \/><strong style=\"font-size: 16px;\"><br \/>\n<\/strong><\/h6>\n<p>Sunkaraoke mp3 st\u00fadi\u00f3 \/ www.sunkaraoke.hu \/ Inf: Tel: 06 20 4275001<\/p>\n<p>&#8212;Intr\u00f3&#8212;<br \/>\nR\u00e9g volt, de m\u00e9g ma is r\u00e1d gondolok<br \/>\nMi\u00e9rt volt, ellen\u00fcnk mond mi\u00e9rt b\u00e1nthatott<br \/>\nAz aki nem ismer nem tudja mit \u00e9rzek \u00e9n m\u00e1r<br \/>\nCsak kig\u00fanyolt ellenem besz\u00e9lt \u00e9s nevet a t\u00e9m\u00e1n<\/p>\n<p>Sz\u00e9p volt ,de sajnos minden v\u00e9get \u00e9rt<br \/>\nK\u00e1r volt feladni azt mi bennem \u00e9l<br \/>\nEste ha kigy\u00falt az utols\u00f3 csillag az \u00e9gen<br \/>\nKereslek t\u00e9ged de sajnos m\u00e1r nem l\u00e1tlak r\u00e9gen<\/p>\n<p>Angyal az \u00e9gb\u0151l, az volt\u00e1l nekem<br \/>\n\u00c9rted \u00e9ltem veled \u00edgy rem\u00e9ltem boldog \u00e9letet<br \/>\nAngyal az \u00e9gb\u0151l,t\u00f6bb volt\u00e1l nekem<br \/>\nB\u00e1rmit megtenn\u00e9k hogy veled \u00e9ljem le az \u00e9letem<\/p>\n<p>&#8212;Sz\u00f3l\u00f3&#8212;<br \/>\nR\u00e9g volt, de m\u00e9g ma is r\u00e1d gondolok<br \/>\nMi\u00e9rt volt, ellen\u00fcnk mond mi\u00e9rt b\u00e1nthatott<br \/>\nAz aki nem ismer nem tudja mit \u00e9rzek \u00e9n m\u00e1r<br \/>\nCsak kig\u00fanyolt ellenem besz\u00e9lt \u00e9s nevet a t\u00e9m\u00e1n<\/p>\n<p>Sz\u00e9p volt ,de sajnos minden v\u00e9get \u00e9rt<br \/>\nK\u00e1r volt feladni azt mi bennem \u00e9l<br \/>\nEste ha kigy\u00falt az utols\u00f3 csillag az \u00e9gen<br \/>\nKereslek t\u00e9ged de sajnos m\u00e1r nem l\u00e1tlak r\u00e9gen<br \/>\nAngyal az \u00e9gb\u0151l, az volt\u00e1l nekem<br \/>\n\u00c9rted \u00e9ltem veled \u00edgy rem\u00e9ltem boldog \u00e9letet<br \/>\nAngyal az \u00e9gb\u0151l,t\u00f6bb volt\u00e1l nekem<br \/>\nB\u00e1rmit megtenn\u00e9k hogy veled \u00e9ljem le az \u00e9letem<\/p>\n<p>&#8212;Sz\u00f3l\u00f3&#8212;<\/p>\n<p>Angyal az \u00e9gb\u0151l, az volt\u00e1l nekem<br \/>\n\u00c9rted \u00e9ltem veled \u00edgy rem\u00e9ltem boldog \u00e9letet<br \/>\nAngyal az \u00e9gb\u0151l,t\u00f6bb volt\u00e1l nekem<br \/>\nB\u00e1rmit megtenn\u00e9k hogy veled \u00e9ljem le az \u00e9letem<br \/>\n&#8212;V\u00e9ge&#8212;<\/p>\n","protected":false},"featured_media":8715,"template":"","meta":{"site-sidebar-layout":"default","site-content-layout":"default","ast-site-content-layout":"default","site-content-style":"default","site-sidebar-style":"default","ast-global-header-display":"","ast-banner-title-visibility":"","ast-main-header-display":"","ast-hfb-above-header-display":"","ast-hfb-below-header-display":"","ast-hfb-mobile-header-display":"","site-post-title":"","ast-breadcrumbs-content":"","ast-featured-img":"","footer-sml-layout":"","theme-transparent-header-meta":"default","adv-header-id-meta":"","stick-header-meta":"","header-above-stick-meta":"","header-main-stick-meta":"","header-below-stick-meta":"","astra-migrate-meta-layouts":"set","ast-page-background-enabled":"default","ast-page-background-meta":{"desktop":{"background-color":"var(--ast-global-color-4)","background-image":"","background-repeat":"repeat","background-position":"center center","background-size":"auto","background-attachment":"scroll","background-type":"","background-media":"","overlay-type":"","overlay-color":"","overlay-opacity":"","overlay-gradient":""},"tablet":{"background-color":"","background-image":"","background-repeat":"repeat","background-position":"center center","background-size":"auto","background-attachment":"scroll","background-type":"","background-media":"","overlay-type":"","overlay-color":"","overlay-opacity":"","overlay-gradient":""},"mobile":{"background-color":"","background-image":"","background-repeat":"repeat","background-position":"center center","background-size":"auto","background-attachment":"scroll","background-type":"","background-media":"","overlay-type":"","overlay-color":"","overlay-opacity":"","overlay-gradient":""}},"ast-content-background-meta":{"desktop":{"background-color":"var(--ast-global-color-5)","background-image":"","background-repeat":"repeat","background-position":"center center","background-size":"auto","background-attachment":"scroll","background-type":"","background-media":"","overlay-type":"","overlay-color":"","overlay-opacity":"","overlay-gradient":""},"tablet":{"background-color":"var(--ast-global-color-5)","background-image":"","background-repeat":"repeat","background-position":"center center","background-size":"auto","background-attachment":"scroll","background-type":"","background-media":"","overlay-type":"","overlay-color":"","overlay-opacity":"","overlay-gradient":""},"mobile":{"background-color":"var(--ast-global-color-5)","background-image":"","background-repeat":"repeat","background-position":"center center","background-size":"auto","background-attachment":"scroll","background-type":"","background-media":"","overlay-type":"","overlay-color":"","overlay-opacity":"","overlay-gradient":""}}},"product_cat":[48],"product_tag":[],"class_list":["post-4506","product","type-product","status-publish","has-post-thumbnail","hentry","product_cat-sunkaraoke-dalok","desktop-align-left","tablet-align-left","mobile-align-left"],"_links":{"self":[{"href":"https:\/\/www.sunkaraoke.hu\/index.php\/wp-json\/wp\/v2\/product\/4506","targetHints":{"allow":["GET"]}}],"collection":[{"href":"https:\/\/www.sunkaraoke.hu\/index.php\/wp-json\/wp\/v2\/product"}],"about":[{"href":"https:\/\/www.sunkaraoke.hu\/index.php\/wp-json\/wp\/v2\/types\/product"}],"wp:featuredmedia":[{"embeddable":true,"href":"https:\/\/www.sunkaraoke.hu\/index.php\/wp-json\/wp\/v2\/media\/8715"}],"wp:attachment":[{"href":"https:\/\/www.sunkaraoke.hu\/index.php\/wp-json\/wp\/v2\/media?parent=4506"}],"wp:term":[{"taxonomy":"product_cat","embeddable":true,"href":"https:\/\/www.sunkaraoke.hu\/index.php\/wp-json\/wp\/v2\/product_cat?post=4506"},{"taxonomy":"product_tag","embeddable":true,"href":"https:\/\/www.sunkaraoke.hu\/index.php\/wp-json\/wp\/v2\/product_tag?post=4506"}],"curies":[{"name":"wp","href":"https:\/\/api.w.org\/{rel}","templated":true}]}}