{"id":4502,"date":"2022-08-08T20:47:42","date_gmt":"2022-08-08T20:47:42","guid":{"rendered":"https:\/\/www.sunkaraoke.hu\/index.php\/termek\/mulatos-dalok-mulatos-mix-30\/"},"modified":"2025-04-06T18:01:54","modified_gmt":"2025-04-06T18:01:54","slug":"mulatos-dalok-mulatos-mix-30","status":"publish","type":"product","link":"https:\/\/www.sunkaraoke.hu\/index.php\/termek\/mulatos-dalok-mulatos-mix-30\/","title":{"rendered":"<div class=\"wcmp-player-container product-4502\"><audio controlslist=\"nodownload\" data-product=\"4502\"  volume=\"1\"  preload=\"none\" data-lazyloading=\"none\" class=\"wcmp-player track mejs-classic\" data-duration=\"0:33\" data-estimated_duration=\"4\"><source src=\"https:\/\/www.sunkaraoke.hu\/wp-content\/uploads\/2022\/08\/Mulatos-mix-30.-PB.-kademoo.mp3\" type=\"audio\/mp3\" \/><\/audio><\/div>Mulat\u00f3s dalok &#8211; Mulat\u00f3s mix 30. (Original PB. Edition)"},"content":{"rendered":"<p><strong>06:31<\/strong> | <strong><img loading=\"lazy\" decoding=\"async\" class=\"alignnone size-full wp-image-467\" src=\"https:\/\/www.sunkaraoke.hu\/wp-content\/uploads\/2022\/07\/choir_2-copy.webp\" alt=\"\" width=\"30\" height=\"30\" \/> <\/strong><\/p>\n","protected":false},"excerpt":{"rendered":"<h6><strong>Bits\u0171r\u0171s\u00e9g: 320<\/strong>kb\/s<strong><br \/>\n<\/strong><strong>Hossz: <\/strong>06:31<strong><br \/>\n<\/strong><strong style=\"font-size: 16px;\">Vok\u00e1lt tartalmaz: <\/strong>Nem <img loading=\"lazy\" decoding=\"async\" class=\"alignnone size-full wp-image-467\" src=\"http:\/\/www.sunkaraoke.hu\/wp-content\/uploads\/2022\/07\/choir_2-copy.png\" alt=\"\" width=\"30\" height=\"30\" \/><strong style=\"font-size: 16px;\"><br \/>\n<\/strong><\/h6>\n<p>Sunkaraoke mp3 st\u00fadi\u00f3 \/ www.sunkaraoke.hu \/ Inf: Tel: 06 20 4275001<\/p>\n<p>&#8212;Int\u00f3&#8212;<br \/>\nUdvarom udvarom sz\u00e9p kerek udvarom,<br \/>\nnem s\u00f6pri m\u00e1r t\u00f6bb\u00e9 az \u00e9n gyenge karom.<br \/>\nS\u00f6p\u00f6rtem eleget s\u00f6p\u00f6rje m\u00e1r m\u00e1s is,<br \/>\n\u00f6leltem a bab\u00e1m \u00f6lelje m\u00e1r m\u00e1s is.<br \/>\n&#8212;Sz\u00f3l\u00f3&#8212;<br \/>\nCsillagok csillagok sz\u00e9pen ragyogjatok,<br \/>\na szeg\u00e9ny leg\u00e9nynek utat mutassatok,<br \/>\nmutassatok utat a szeg\u00e9ny leg\u00e9nynek,<br \/>\nnem tal\u00e1lja h\u00e1z\u00e1t a szeret\u0151j\u00e9nek.<br \/>\n&#8212;Sz\u00f3l\u00f3&#8212;<br \/>\nR\u00f3zsa r\u00f3zsa labdar\u00f3zsa levele,<br \/>\ncsak egy kisl\u00e1nyt neveltek a kedvemre,<br \/>\nazt is az\u00e9rt nevelt\u00e9k a kedvemre,<br \/>\nk\u00e9k a szeme a g\u00f6nd\u00f6r haja fekete.<br \/>\n&#8212;Sz\u00f3l\u00f3&#8212;<br \/>\nAlig v\u00e1rom hogy a nap lenyugodjon,<br \/>\nhogy az \u00e9jjel p\u00e1ros csillag ragyogjon.<br \/>\nRagyogj csillag p\u00e1ros csillag sok\u00e1ig,<br \/>\nk\u00eds\u00e9rj el a szeret\u0151m kapuj\u00e1ig.<br \/>\n&#8212;Sz\u00f3l\u00f3&#8212;<br \/>\nK\u00f6rnyes k\u00f6r\u00fcl bor\u00fas az \u00e9g alja,<br \/>\na r\u00f3zs\u00e1mnak nem tudom mi a baja,<br \/>\nak\u00e1rmerre ford\u00edtom el az \u00f6lembe,<br \/>\nnem sz\u00f3l semmit b\u00e1natos a sz\u00edve.<br \/>\n&#8212;Sz\u00f3l\u00f3&#8212;<br \/>\nSzomsz\u00e9d asszony hallja-e hallja-e,<br \/>\nsz\u00e9p a l\u00e1nya szeretni hagyja-e.<br \/>\nHa nem hagyja, z\u00e1rja be a kalitk\u00e1ba,<br \/>\nsenki sz\u00edve ne f\u00e1jjon ut\u00e1na.<br \/>\n&#8212;Sz\u00f3l\u00f3&#8212;<br \/>\nVad k\u00f6rte fa feh\u00e9ret vir\u00e1gzik,<br \/>\nkispej lovam alatta cik\u00e1zik,<br \/>\ncik\u00e1zz lovam cik\u00e1zz utolj\u00e1ra.<br \/>\nHolnap megy\u00fcnk Csehszlov\u00e1ki\u00e1ba.<br \/>\n&#8212;Sz\u00f3l\u00f3&#8212;<br \/>\nJajj istenem hogy kell odamenni,<br \/>\nhogy kell a r\u00f3zs\u00e1mt\u00f3l b\u00facs\u00fat venni,<br \/>\nha \u00f6lelem f\u00e1jnak a karjaim,<br \/>\nha cs\u00f3kolom folynak a k\u00f6nnyeim.<br \/>\n&#8212;Sz\u00f3l\u00f3&#8212;<br \/>\nSzatm\u00e1ron m\u00e1r f\u00fajj\u00e1k a harson\u00e1t,<br \/>\nminden kisl\u00e1ny v\u00e1rja a bab\u00e1j\u00e1t,<br \/>\n\u00e9n is az\u00e9rt mentem a fon\u00f3h\u00e1zba,<br \/>\nnyolc \u00f3r\u00e1ra v\u00e1rom a bab\u00e1mat.<br \/>\n&#8212;Sz\u00f3l\u00f3&#8212;<br \/>\nM\u00e1r ezut\u00e1n \u00fagy \u00e9lem vil\u00e1gom,<br \/>\nkiskalapom a jobb szememre v\u00e1gom,<br \/>\njobb szememr\u0151l a bal szememre v\u00e1gom,<br \/>\ncsak a leszerel\u0151 kisk\u00f6nyvemet v\u00e1rom.<br \/>\n&#8212;Sz\u00f3l\u00f3&#8212;<br \/>\nM\u00e1r ezut\u00e1n k\u00e9t szeret\u0151t tartok,<br \/>\naz egyikt\u0151l a m\u00e1sikhoz j\u00e1rok,<br \/>\nha az egyik h\u0171tlen lesz \u00e9s megcsal,<br \/>\nmegyek a m\u00e1sikhoz majd az megvigasztal.<br \/>\n&#8212;Sz\u00f3l\u00f3&#8212;<br \/>\nM\u00e1r ezut\u00e1n \u00fagy \u00e9lem vil\u00e1gom,<br \/>\nkiskalapom a jobb szememre v\u00e1gom,<br \/>\njobb szememr\u0151l a bal szememre v\u00e1gom,<br \/>\ncsak a leszerel\u0151 kisk\u00f6nyvemet v\u00e1rom.<br \/>\n&#8212;Sz\u00f3l\u00f3&#8212;<br \/>\nM\u00e1r ezut\u00e1n k\u00e9t szeret\u0151t tartok,<br \/>\naz egyikt\u0151l a m\u00e1sikhoz j\u00e1rok,<br \/>\nha az egyik h\u0171tlen lesz \u00e9s megcsal,<br \/>\nmegyek a m\u00e1sikhoz majd az megvigasztal.<br \/>\n&#8212;V\u00e9ge&#8212;<\/p>\n","protected":false},"featured_media":8757,"template":"","meta":{"site-sidebar-layout":"default","site-content-layout":"default","ast-site-content-layout":"default","site-content-style":"default","site-sidebar-style":"default","ast-global-header-display":"","ast-banner-title-visibility":"","ast-main-header-display":"","ast-hfb-above-header-display":"","ast-hfb-below-header-display":"","ast-hfb-mobile-header-display":"","site-post-title":"","ast-breadcrumbs-content":"","ast-featured-img":"","footer-sml-layout":"","theme-transparent-header-meta":"default","adv-header-id-meta":"","stick-header-meta":"","header-above-stick-meta":"","header-main-stick-meta":"","header-below-stick-meta":"","astra-migrate-meta-layouts":"set","ast-page-background-enabled":"default","ast-page-background-meta":{"desktop":{"background-color":"var(--ast-global-color-4)","background-image":"","background-repeat":"repeat","background-position":"center center","background-size":"auto","background-attachment":"scroll","background-type":"","background-media":"","overlay-type":"","overlay-color":"","overlay-opacity":"","overlay-gradient":""},"tablet":{"background-color":"","background-image":"","background-repeat":"repeat","background-position":"center center","background-size":"auto","background-attachment":"scroll","background-type":"","background-media":"","overlay-type":"","overlay-color":"","overlay-opacity":"","overlay-gradient":""},"mobile":{"background-color":"","background-image":"","background-repeat":"repeat","background-position":"center center","background-size":"auto","background-attachment":"scroll","background-type":"","background-media":"","overlay-type":"","overlay-color":"","overlay-opacity":"","overlay-gradient":""}},"ast-content-background-meta":{"desktop":{"background-color":"var(--ast-global-color-5)","background-image":"","background-repeat":"repeat","background-position":"center center","background-size":"auto","background-attachment":"scroll","background-type":"","background-media":"","overlay-type":"","overlay-color":"","overlay-opacity":"","overlay-gradient":""},"tablet":{"background-color":"var(--ast-global-color-5)","background-image":"","background-repeat":"repeat","background-position":"center center","background-size":"auto","background-attachment":"scroll","background-type":"","background-media":"","overlay-type":"","overlay-color":"","overlay-opacity":"","overlay-gradient":""},"mobile":{"background-color":"var(--ast-global-color-5)","background-image":"","background-repeat":"repeat","background-position":"center center","background-size":"auto","background-attachment":"scroll","background-type":"","background-media":"","overlay-type":"","overlay-color":"","overlay-opacity":"","overlay-gradient":""}}},"product_cat":[48],"product_tag":[],"class_list":["post-4502","product","type-product","status-publish","has-post-thumbnail","hentry","product_cat-sunkaraoke-dalok","desktop-align-left","tablet-align-left","mobile-align-left"],"_links":{"self":[{"href":"https:\/\/www.sunkaraoke.hu\/index.php\/wp-json\/wp\/v2\/product\/4502","targetHints":{"allow":["GET"]}}],"collection":[{"href":"https:\/\/www.sunkaraoke.hu\/index.php\/wp-json\/wp\/v2\/product"}],"about":[{"href":"https:\/\/www.sunkaraoke.hu\/index.php\/wp-json\/wp\/v2\/types\/product"}],"wp:featuredmedia":[{"embeddable":true,"href":"https:\/\/www.sunkaraoke.hu\/index.php\/wp-json\/wp\/v2\/media\/8757"}],"wp:attachment":[{"href":"https:\/\/www.sunkaraoke.hu\/index.php\/wp-json\/wp\/v2\/media?parent=4502"}],"wp:term":[{"taxonomy":"product_cat","embeddable":true,"href":"https:\/\/www.sunkaraoke.hu\/index.php\/wp-json\/wp\/v2\/product_cat?post=4502"},{"taxonomy":"product_tag","embeddable":true,"href":"https:\/\/www.sunkaraoke.hu\/index.php\/wp-json\/wp\/v2\/product_tag?post=4502"}],"curies":[{"name":"wp","href":"https:\/\/api.w.org\/{rel}","templated":true}]}}