{"id":4501,"date":"2022-08-08T20:47:41","date_gmt":"2022-08-08T20:47:41","guid":{"rendered":"https:\/\/www.sunkaraoke.hu\/index.php\/termek\/bodi-csabi-ezeknel-a-ciganyoknal-buli-van-transzp-v\/"},"modified":"2025-04-02T12:26:12","modified_gmt":"2025-04-02T12:26:12","slug":"bodi-csabi-ezeknel-a-ciganyoknal-buli-van-transzp-v","status":"publish","type":"product","link":"https:\/\/www.sunkaraoke.hu\/index.php\/termek\/bodi-csabi-ezeknel-a-ciganyoknal-buli-van-transzp-v\/","title":{"rendered":"<div class=\"wcmp-player-container product-4501\"><audio controlslist=\"nodownload\" data-product=\"4501\"  volume=\"1\"  preload=\"none\" data-lazyloading=\"none\" class=\"wcmp-player track mejs-classic\" data-duration=\"0:34\" data-estimated_duration=\"4\"><source src=\"https:\/\/www.sunkaraoke.hu\/wp-content\/uploads\/2022\/08\/Ezeknel-a-ciganyoknal-transz-SB.demoo_.mp3\" type=\"audio\/mp3\" \/><\/audio><\/div>B\u00f3di Csabi &#8211; Ezekn\u00e9l a cig\u00e1nyokn\u00e1l buli van (SB. Edition)"},"content":{"rendered":"<p><strong>03:31<\/strong> | <strong><img loading=\"lazy\" decoding=\"async\" class=\"alignnone size-full wp-image-467\" src=\"https:\/\/www.sunkaraoke.hu\/wp-content\/uploads\/2022\/07\/choir_2-copy.webp\" alt=\"\" width=\"30\" height=\"30\" \/> <strong> | <img loading=\"lazy\" decoding=\"async\" class=\"alignnone size-full wp-image-613\" src=\"https:\/\/www.sunkaraoke.hu\/wp-content\/uploads\/2022\/07\/transzponalas.webp\" alt=\"\" width=\"30\" height=\"30\" \/> <\/strong><strong>-2<\/strong><\/strong><\/p>\n","protected":false},"excerpt":{"rendered":"<h6><strong>Bits\u0171r\u0171s\u00e9g: 320<\/strong>kb\/s<strong><br \/>\n<\/strong><strong>Hossz: <\/strong>03:31<strong><br \/>\n<\/strong><strong style=\"font-size: 16px;\">Vok\u00e1lt tartalmaz: <\/strong>Nem <img loading=\"lazy\" decoding=\"async\" class=\"alignnone size-full wp-image-467\" src=\"http:\/\/www.sunkaraoke.hu\/wp-content\/uploads\/2022\/07\/choir_2-copy.png\" alt=\"\" width=\"30\" height=\"30\" \/><strong style=\"font-size: 16px;\"><br \/>\n<\/strong><strong>Transzpon\u00e1l\u00e1s: <\/strong><img loading=\"lazy\" decoding=\"async\" class=\"alignnone size-full wp-image-613\" src=\"http:\/\/www.sunkaraoke.hu\/wp-content\/uploads\/2022\/07\/transzponalas.png\" alt=\"\" width=\"30\" height=\"30\" \/> -2<\/h6>\n<p>Sunkaraoke mp3 st\u00fadi\u00f3 \/ www.sunkaraoke.hu \/ Inf: Tel: 06 20 4275001<\/p>\n<p>&#8212;Intr\u00f3&#8212;-<br \/>\nEzekn\u00e9l a cig\u00e1nyokn\u00e1l buli van,f\u0151leg amikor a B\u00f3di Csabi itt van.<br \/>\nEzekn\u00e9l a cig\u00e1nyokn\u00e1l buli van,,f\u0151leg amikor a B\u00f3di csal\u00e1d itt van.<br \/>\nCsin\u00e1ld testv\u00e9r az \u00e9letet kihaszn\u00e1lod, eg\u00e9sz \u00e9jjel testv\u00e9rekkel bulizok.<br \/>\nEzekn\u00e9l a cig\u00e1nyokn\u00e1l buli van,f\u0151leg amikor a B\u00f3di Csabi itt van.<br \/>\nEzekn\u00e9l a cig\u00e1nyokn\u00e1l buli van,f\u0151leg amikor a B\u00f3di csal\u00e1d itt van.<br \/>\n&#8212;Sz\u00f3l\u00f3&#8212;<br \/>\nM\u00e1ma este tin\u00e1latok buli van, hald az \u00fctemet \u00e9s \u00e9lvezzed amid van.<br \/>\nM\u00e1ma este tin\u00e1latok buli van, j\u00f3 a kedvem ha minden testv\u00e9r itt van.<br \/>\nCsin\u00e1ld testv\u00e9r az \u00e9letet kihaszn\u00e1lod, mert ma este a csal\u00e1doddal mulatok.<br \/>\nM\u00e1ma este tin\u00e1latok buli van, hald az \u00fctemet \u00e9s \u00e9lvezzed amid van.<br \/>\nM\u00e1ma este tin\u00e1latok buli van, j\u00f3 a kedvem hogyha minden testv\u00e9r itt van.<br \/>\nCsin\u00e1ld testv\u00e9r az \u00e9letet kihaszn\u00e1lod,\u00e9n ma este tiveletek bulizok.<br \/>\nM\u00e1ma este tin\u00e1latok buli van,f\u0151leg amikor a B\u00f3di Csabi itt van.<br \/>\nEzekn\u00e9l a cig\u00e1nyokn\u00e1l buli van, buli van&#8230;<br \/>\nF\u0151leg hogyha hozz\u00e1 sz\u00f3l egy tuti csaj, tuti csaj&#8230;<br \/>\nNem mozgasd a l\u00e1bod sz\u00e1r\u00e1t,unom a farod j\u00e1r\u00e1s\u00e1t,<br \/>\nhopp, hopp, pi, p\u00f3&#8230;.<br \/>\nCsin\u00e1ld testv\u00e9r az \u00e9letet kihaszn\u00e1lod,\u00e9n ma este tiveletek bulizok.<br \/>\nM\u00e1ma este tin\u00e1latok buli van,f\u0151leg amikor a B\u00f3di Csal\u00e1d itt van.<br \/>\n\u00c1j,le, le,le,&#8230;.<br \/>\n&#8212;V\u00e9ge&#8212;<\/p>\n","protected":false},"featured_media":8742,"template":"","meta":{"site-sidebar-layout":"default","site-content-layout":"default","ast-site-content-layout":"default","site-content-style":"default","site-sidebar-style":"default","ast-global-header-display":"","ast-banner-title-visibility":"","ast-main-header-display":"","ast-hfb-above-header-display":"","ast-hfb-below-header-display":"","ast-hfb-mobile-header-display":"","site-post-title":"","ast-breadcrumbs-content":"","ast-featured-img":"","footer-sml-layout":"","theme-transparent-header-meta":"default","adv-header-id-meta":"","stick-header-meta":"","header-above-stick-meta":"","header-main-stick-meta":"","header-below-stick-meta":"","astra-migrate-meta-layouts":"set","ast-page-background-enabled":"default","ast-page-background-meta":{"desktop":{"background-color":"var(--ast-global-color-4)","background-image":"","background-repeat":"repeat","background-position":"center center","background-size":"auto","background-attachment":"scroll","background-type":"","background-media":"","overlay-type":"","overlay-color":"","overlay-opacity":"","overlay-gradient":""},"tablet":{"background-color":"","background-image":"","background-repeat":"repeat","background-position":"center center","background-size":"auto","background-attachment":"scroll","background-type":"","background-media":"","overlay-type":"","overlay-color":"","overlay-opacity":"","overlay-gradient":""},"mobile":{"background-color":"","background-image":"","background-repeat":"repeat","background-position":"center center","background-size":"auto","background-attachment":"scroll","background-type":"","background-media":"","overlay-type":"","overlay-color":"","overlay-opacity":"","overlay-gradient":""}},"ast-content-background-meta":{"desktop":{"background-color":"var(--ast-global-color-5)","background-image":"","background-repeat":"repeat","background-position":"center center","background-size":"auto","background-attachment":"scroll","background-type":"","background-media":"","overlay-type":"","overlay-color":"","overlay-opacity":"","overlay-gradient":""},"tablet":{"background-color":"var(--ast-global-color-5)","background-image":"","background-repeat":"repeat","background-position":"center center","background-size":"auto","background-attachment":"scroll","background-type":"","background-media":"","overlay-type":"","overlay-color":"","overlay-opacity":"","overlay-gradient":""},"mobile":{"background-color":"var(--ast-global-color-5)","background-image":"","background-repeat":"repeat","background-position":"center center","background-size":"auto","background-attachment":"scroll","background-type":"","background-media":"","overlay-type":"","overlay-color":"","overlay-opacity":"","overlay-gradient":""}}},"product_cat":[48],"product_tag":[],"class_list":["post-4501","product","type-product","status-publish","has-post-thumbnail","hentry","product_cat-sunkaraoke-dalok","desktop-align-left","tablet-align-left","mobile-align-left"],"_links":{"self":[{"href":"https:\/\/www.sunkaraoke.hu\/index.php\/wp-json\/wp\/v2\/product\/4501","targetHints":{"allow":["GET"]}}],"collection":[{"href":"https:\/\/www.sunkaraoke.hu\/index.php\/wp-json\/wp\/v2\/product"}],"about":[{"href":"https:\/\/www.sunkaraoke.hu\/index.php\/wp-json\/wp\/v2\/types\/product"}],"wp:featuredmedia":[{"embeddable":true,"href":"https:\/\/www.sunkaraoke.hu\/index.php\/wp-json\/wp\/v2\/media\/8742"}],"wp:attachment":[{"href":"https:\/\/www.sunkaraoke.hu\/index.php\/wp-json\/wp\/v2\/media?parent=4501"}],"wp:term":[{"taxonomy":"product_cat","embeddable":true,"href":"https:\/\/www.sunkaraoke.hu\/index.php\/wp-json\/wp\/v2\/product_cat?post=4501"},{"taxonomy":"product_tag","embeddable":true,"href":"https:\/\/www.sunkaraoke.hu\/index.php\/wp-json\/wp\/v2\/product_tag?post=4501"}],"curies":[{"name":"wp","href":"https:\/\/api.w.org\/{rel}","templated":true}]}}