{"id":4498,"date":"2022-08-08T20:47:41","date_gmt":"2022-08-08T20:47:41","guid":{"rendered":"https:\/\/www.sunkaraoke.hu\/index.php\/termek\/fekete-vonat-hol-van-az-a-lany-2015\/"},"modified":"2025-04-11T07:17:26","modified_gmt":"2025-04-11T07:17:26","slug":"fekete-vonat-hol-van-az-a-lany-2015","status":"publish","type":"product","link":"https:\/\/www.sunkaraoke.hu\/index.php\/termek\/fekete-vonat-hol-van-az-a-lany-2015\/","title":{"rendered":"<div class=\"wcmp-player-container product-4498\"><audio controlslist=\"nodownload\" data-product=\"4498\"  volume=\"1\"  preload=\"none\" data-lazyloading=\"none\" class=\"wcmp-player track mejs-classic\" data-duration=\"0:34\" data-estimated_duration=\"4\"><source src=\"https:\/\/www.sunkaraoke.hu\/wp-content\/uploads\/2022\/08\/Hol-van-az-a-lany-2015.-CS.-kdemoo.mp3\" type=\"audio\/mp3\" \/><\/audio><\/div>Csabika &#8211; Hol van az a l\u00e1ny (Original)"},"content":{"rendered":"<p><strong>04:10<\/strong> | <strong><img loading=\"lazy\" decoding=\"async\" class=\"alignnone size-full wp-image-467\" src=\"https:\/\/www.sunkaraoke.hu\/wp-content\/uploads\/2022\/07\/choir_2-copy.webp\" alt=\"\" width=\"30\" height=\"30\" \/> <\/strong><\/p>\n","protected":false},"excerpt":{"rendered":"<h6><strong>Bits\u0171r\u0171s\u00e9g: 320<\/strong>kb\/s<strong><br \/>\n<\/strong><strong>Hossz: <\/strong>04:10<strong><br \/>\n<\/strong><strong style=\"font-size: 16px;\">Vok\u00e1lt tartalmaz: <\/strong>Nem <img loading=\"lazy\" decoding=\"async\" class=\"alignnone size-full wp-image-467\" src=\"http:\/\/www.sunkaraoke.hu\/wp-content\/uploads\/2022\/07\/choir_2-copy.png\" alt=\"\" width=\"30\" height=\"30\" \/><strong style=\"font-size: 16px;\"><br \/>\n<\/strong><\/h6>\n<p>Sunkaraoke mp3 st\u00fadi\u00f3 \/ www.sunkaraoke.hu \/ Inf: Tel: 06 20 4275001<\/p>\n<p>&#8212;Intr\u00f3&#8212;<br \/>\n\u00dajra reggel van, de te sajnos nem vagy itt velem!<br \/>\nA szerelem messze sz\u00e1llt m\u00e1r, de t\u00e9ged \u0151riz a sz\u00edvem!<br \/>\nSemmi nem j\u00f3 n\u00e9lk\u00fcled, mert m\u00e1r nem vagy az eny\u00e9m!<br \/>\nMegcs\u00f3kolni \u00fajra a sz\u00e1d, \u00f3, b\u00e1rcsak tehetn\u00e9m!<\/p>\n<p>Hol az, aki tiltja, hogy r\u00e1m n\u00e9zz?<br \/>\nKi az, aki tiltja, hogy megcs\u00f3kolj?<br \/>\nTudom, hogy a sz\u00edved m\u00e1r m\u00e1s\u00e9,<br \/>\nde az, amit \u00e9n mondtam, az nem b\u00f3k volt, sz\u00edvb\u0151l sz\u00f3lt!<\/p>\n<p>Hol van az a l\u00e1ny, aki tudja, hogy mit\u0151l lenn\u00e9k boldog \u00fajra?<br \/>\nHol van az a sz\u00e9p, ami nincs m\u00e1r, a sz\u00edvem csak t\u00e9ged v\u00e1r!<br \/>\nMindig ugyan\u00fagy csak v\u00e1rlak, \u00e9n keresn\u00e9lek, de nem tal\u00e1llak!<br \/>\nElj\u00f6n az a nap, mikor itt leszel, \u00e9s \u00e9n nem engedlek el.<\/p>\n<p>A zene se nyugtat m\u00e1r, tudod, mert nem hallom a hangodat.<br \/>\nNem tetszenek a filmek, mert nem l\u00e1tom az arcodat.<br \/>\nNem tudok \u00edgy \u00e9lni, n\u00e9lk\u00fcled \u00e9n nem l\u00e9tezem.<br \/>\nSenki nem tud r\u00f3lad semmit, hi\u00e1ba k\u00e9rdezem.<\/p>\n<p>Hol az, aki tiltja, hogy r\u00e1m n\u00e9zz?<br \/>\nKi az, aki tiltja, hogy megcs\u00f3kolj?<br \/>\nTudom, hogy a sz\u00edved m\u00e1r m\u00e1s\u00e9,<br \/>\nde az amit \u00e9n mondtam, az nem b\u00f3k volt, sz\u00edvb\u0151l sz\u00f3lt!<\/p>\n<p>Hol van az a l\u00e1ny, aki tudja, hogy mit\u0151l lenn\u00e9k boldog ujra?<br \/>\nHol van az a sz\u00e9p, ami nincs m\u00e1r, a sz\u00edvem csak t\u00e9ged v\u00e1r!<br \/>\nMindig ugyan\u00fagy csak v\u00e1rlak, \u00e9n keresn\u00e9lek, de nem tal\u00e1llak!<br \/>\nElj\u00f6n az a nap, mikor itt leszel, \u00e9s \u00e9n nem engedlek el.<\/p>\n<p>&#8212;Sz\u00f3l\u00f3&#8212;<\/p>\n<p>Hol az, aki tiltja, hogy r\u00e1m n\u00e9zz?<br \/>\nKi az, aki tiltja, hogy megcs\u00f3kolj?<br \/>\nTudom, hogy a sz\u00edved m\u00e1r m\u00e1s\u00e9,<br \/>\nde az amit \u00e9n mondtam, az nem b\u00f3k volt, sz\u00edvb\u0151l sz\u00f3lt!<\/p>\n<p>Hol van az a l\u00e1ny, aki tudja, hogy mit\u0151l lenn\u00e9k boldog ujra?<br \/>\nHol van az a sz\u00e9p, ami nincs m\u00e1r, a sz\u00edvem csak t\u00e9ged v\u00e1r!<br \/>\nMindig ugyan\u00fagy csak v\u00e1rlak, \u00e9n keresn\u00e9lek, de nem tal\u00e1llak!<br \/>\nElj\u00f6n az a nap, mikor itt leszel, \u00e9s \u00e9n nem engedlek el.<\/p>\n<p>Hol van az a l\u00e1ny, aki tudja, hogy mit\u0151l lenn\u00e9k boldog ujra?<br \/>\nHol van az a sz\u00e9p, ami nincs m\u00e1r, a sz\u00edvem csak t\u00e9ged v\u00e1r!<br \/>\nMindig ugyan\u00fagy csak v\u00e1rlak, \u00e9n keresn\u00e9lek, de nem tal\u00e1llak!<br \/>\nElj\u00f6n az a nap, mikor itt leszel, \u00e9s \u00e9n nem engedlek el.<\/p>\n<p>&#8212;V\u00e9ge&#8212;<\/p>\n","protected":false},"featured_media":18467,"template":"","meta":{"site-sidebar-layout":"default","site-content-layout":"default","ast-site-content-layout":"default","site-content-style":"default","site-sidebar-style":"default","ast-global-header-display":"","ast-banner-title-visibility":"","ast-main-header-display":"","ast-hfb-above-header-display":"","ast-hfb-below-header-display":"","ast-hfb-mobile-header-display":"","site-post-title":"","ast-breadcrumbs-content":"","ast-featured-img":"","footer-sml-layout":"","theme-transparent-header-meta":"default","adv-header-id-meta":"","stick-header-meta":"","header-above-stick-meta":"","header-main-stick-meta":"","header-below-stick-meta":"","astra-migrate-meta-layouts":"set","ast-page-background-enabled":"default","ast-page-background-meta":{"desktop":{"background-color":"var(--ast-global-color-4)","background-image":"","background-repeat":"repeat","background-position":"center center","background-size":"auto","background-attachment":"scroll","background-type":"","background-media":"","overlay-type":"","overlay-color":"","overlay-opacity":"","overlay-gradient":""},"tablet":{"background-color":"","background-image":"","background-repeat":"repeat","background-position":"center center","background-size":"auto","background-attachment":"scroll","background-type":"","background-media":"","overlay-type":"","overlay-color":"","overlay-opacity":"","overlay-gradient":""},"mobile":{"background-color":"","background-image":"","background-repeat":"repeat","background-position":"center center","background-size":"auto","background-attachment":"scroll","background-type":"","background-media":"","overlay-type":"","overlay-color":"","overlay-opacity":"","overlay-gradient":""}},"ast-content-background-meta":{"desktop":{"background-color":"var(--ast-global-color-5)","background-image":"","background-repeat":"repeat","background-position":"center center","background-size":"auto","background-attachment":"scroll","background-type":"","background-media":"","overlay-type":"","overlay-color":"","overlay-opacity":"","overlay-gradient":""},"tablet":{"background-color":"var(--ast-global-color-5)","background-image":"","background-repeat":"repeat","background-position":"center center","background-size":"auto","background-attachment":"scroll","background-type":"","background-media":"","overlay-type":"","overlay-color":"","overlay-opacity":"","overlay-gradient":""},"mobile":{"background-color":"var(--ast-global-color-5)","background-image":"","background-repeat":"repeat","background-position":"center center","background-size":"auto","background-attachment":"scroll","background-type":"","background-media":"","overlay-type":"","overlay-color":"","overlay-opacity":"","overlay-gradient":""}}},"product_cat":[46],"product_tag":[],"class_list":["post-4498","product","type-product","status-publish","has-post-thumbnail","hentry","product_cat-eredeti-karaoke-dalok","desktop-align-left","tablet-align-left","mobile-align-left"],"_links":{"self":[{"href":"https:\/\/www.sunkaraoke.hu\/index.php\/wp-json\/wp\/v2\/product\/4498","targetHints":{"allow":["GET"]}}],"collection":[{"href":"https:\/\/www.sunkaraoke.hu\/index.php\/wp-json\/wp\/v2\/product"}],"about":[{"href":"https:\/\/www.sunkaraoke.hu\/index.php\/wp-json\/wp\/v2\/types\/product"}],"wp:featuredmedia":[{"embeddable":true,"href":"https:\/\/www.sunkaraoke.hu\/index.php\/wp-json\/wp\/v2\/media\/18467"}],"wp:attachment":[{"href":"https:\/\/www.sunkaraoke.hu\/index.php\/wp-json\/wp\/v2\/media?parent=4498"}],"wp:term":[{"taxonomy":"product_cat","embeddable":true,"href":"https:\/\/www.sunkaraoke.hu\/index.php\/wp-json\/wp\/v2\/product_cat?post=4498"},{"taxonomy":"product_tag","embeddable":true,"href":"https:\/\/www.sunkaraoke.hu\/index.php\/wp-json\/wp\/v2\/product_tag?post=4498"}],"curies":[{"name":"wp","href":"https:\/\/api.w.org\/{rel}","templated":true}]}}