{"id":4485,"date":"2022-08-08T20:47:40","date_gmt":"2022-08-08T20:47:40","guid":{"rendered":"https:\/\/www.sunkaraoke.hu\/index.php\/termek\/freya-band-fogod-e-meg-a-ket-kezem\/"},"modified":"2025-04-11T05:15:14","modified_gmt":"2025-04-11T05:15:14","slug":"freya-band-fogod-e-meg-a-ket-kezem","status":"publish","type":"product","link":"https:\/\/www.sunkaraoke.hu\/index.php\/termek\/freya-band-fogod-e-meg-a-ket-kezem\/","title":{"rendered":"<div class=\"wcmp-player-container product-4485\"><audio controlslist=\"nodownload\" data-product=\"4485\"  volume=\"1\"  preload=\"none\" data-lazyloading=\"none\" class=\"wcmp-player track mejs-classic\" data-duration=\"0:33\" data-estimated_duration=\"4\"><source src=\"https:\/\/www.sunkaraoke.hu\/wp-content\/uploads\/2022\/08\/Fogod-e-meg-Freya-CS.-demoo.mp3\" type=\"audio\/mp3\" \/><\/audio><\/div>Freya Band &#8211; Fogod-e m\u00e9g a k\u00e9t kezem (Csabika Edition)"},"content":{"rendered":"<p><strong>04:13<\/strong> | <strong><img loading=\"lazy\" decoding=\"async\" class=\"alignnone size-full wp-image-467\" src=\"https:\/\/www.sunkaraoke.hu\/wp-content\/uploads\/2022\/07\/choir_2-copy.webp\" alt=\"\" width=\"30\" height=\"30\" \/> <\/strong><\/p>\n","protected":false},"excerpt":{"rendered":"<h6><strong>Bits\u0171r\u0171s\u00e9g: 320<\/strong>kb\/s<strong><br \/>\n<\/strong><strong>Hossz: <\/strong>04:13<strong><br \/>\n<\/strong><strong style=\"font-size: 16px;\">Vok\u00e1lt tartalmaz: <\/strong>Nem <img loading=\"lazy\" decoding=\"async\" class=\"alignnone size-full wp-image-467\" src=\"http:\/\/www.sunkaraoke.hu\/wp-content\/uploads\/2022\/07\/choir_2-copy.png\" alt=\"\" width=\"30\" height=\"30\" \/><strong style=\"font-size: 16px;\"><br \/>\n<\/strong><\/h6>\n<p>Sunkaraoke mp3 st\u00fadi\u00f3 \/ www.sunkaraoke.hu \/ Inf: Tel: 06 20 4275001<\/p>\n<p>&#8212;Intr\u00f3&#8212;<\/p>\n<p>Nem hiszem el, nem hiszem el hogy v\u00e9ge,<br \/>\nhisz bolond sz\u00edvem m\u00e9g mindig csak t\u00e9ged akar, t\u00e9ged v\u00e1r!<br \/>\nNem v\u00e1rlak m\u00e1r, \u00e9s nem v\u00e1rsz re\u00e1m a t\u00e9ren,<br \/>\n\u00e1lmomban m\u00e9gis hozz\u00e1d sz\u00f3l e dal!<\/p>\n<p>Fogod e m\u00e9g a kezem, simulsz e m\u00e9g hozz\u00e1m,<br \/>\ncs\u00f3kolsz e l\u00e1gyan m\u00edg elsz\u00e9d\u00fcl\u00f6k veled sz\u00e1z \u00e9jszak\u00e1n.<br \/>\nMondd v\u00e1rod e te is a percet, melyet eml\u00e9kk\u00e9nt \u0151rz\u00f6m csup\u00e1n,<br \/>\nvagy \u00e1lom marad csup\u00e1n, \u00e1lomsz\u00e9p \u00e1lom hogy sz\u00e1z \u00e9jszak\u00e1n, \u00fagy v\u00e1rok r\u00e1d!<br \/>\n&#8212;Sz\u00f3l\u00f3&#8212;<br \/>\nNem hiszem el, nem hiszem el hogy v\u00e9ge,<br \/>\nhisz bolond sz\u00edvem m\u00e9g mindig csak t\u00e9ged akar, t\u00e9ged v\u00e1r!<br \/>\nNem v\u00e1rlak m\u00e1r, \u00e9s nem v\u00e1rsz re\u00e1m a t\u00e9ren,<br \/>\n\u00e1lmomban m\u00e9gis hozz\u00e1d sz\u00f3l e dal!<\/p>\n<p>Fogod e m\u00e9g a kezem, simulsz e m\u00e9g hozz\u00e1m,<br \/>\ncs\u00f3kolsz e l\u00e1gyan m\u00edg elsz\u00e9d\u00fcl\u00f6k veled sz\u00e1z \u00e9jszak\u00e1n.<br \/>\nMondd v\u00e1rod e te is a percet, melyet eml\u00e9kk\u00e9nt \u0151rz\u00f6m csup\u00e1n,<br \/>\nvagy \u00e1lom marad csup\u00e1n, \u00e1lomsz\u00e9p \u00e1lom hogy sz\u00e1z \u00e9jszak\u00e1n, \u00fagy v\u00e1rok r\u00e1d!<br \/>\n&#8212;Sz\u00f3l\u00f3&#8212;<br \/>\nFogod e m\u00e9g a kezem, simulsz e m\u00e9g hozz\u00e1m,<br \/>\ncs\u00f3kolsz e l\u00e1gyan m\u00edg elsz\u00e9d\u00fcl\u00f6k veled sz\u00e1z \u00e9jszak\u00e1n.<br \/>\nMondd v\u00e1rod e te is a percet, melyet eml\u00e9kk\u00e9nt \u0151rz\u00f6m csup\u00e1n,<br \/>\nvagy \u00e1lom marad csup\u00e1n, \u00e1lomsz\u00e9p \u00e1lom hogy sz\u00e1z \u00e9jszak\u00e1n, \u00fagy v\u00e1rok r\u00e1d!<br \/>\n&#8212;V\u00e9ge&#8212;<\/p>\n","protected":false},"featured_media":18430,"template":"","meta":{"site-sidebar-layout":"default","site-content-layout":"default","ast-site-content-layout":"default","site-content-style":"default","site-sidebar-style":"default","ast-global-header-display":"","ast-banner-title-visibility":"","ast-main-header-display":"","ast-hfb-above-header-display":"","ast-hfb-below-header-display":"","ast-hfb-mobile-header-display":"","site-post-title":"","ast-breadcrumbs-content":"","ast-featured-img":"","footer-sml-layout":"","theme-transparent-header-meta":"default","adv-header-id-meta":"","stick-header-meta":"","header-above-stick-meta":"","header-main-stick-meta":"","header-below-stick-meta":"","astra-migrate-meta-layouts":"set","ast-page-background-enabled":"default","ast-page-background-meta":{"desktop":{"background-color":"var(--ast-global-color-4)","background-image":"","background-repeat":"repeat","background-position":"center center","background-size":"auto","background-attachment":"scroll","background-type":"","background-media":"","overlay-type":"","overlay-color":"","overlay-opacity":"","overlay-gradient":""},"tablet":{"background-color":"","background-image":"","background-repeat":"repeat","background-position":"center center","background-size":"auto","background-attachment":"scroll","background-type":"","background-media":"","overlay-type":"","overlay-color":"","overlay-opacity":"","overlay-gradient":""},"mobile":{"background-color":"","background-image":"","background-repeat":"repeat","background-position":"center center","background-size":"auto","background-attachment":"scroll","background-type":"","background-media":"","overlay-type":"","overlay-color":"","overlay-opacity":"","overlay-gradient":""}},"ast-content-background-meta":{"desktop":{"background-color":"var(--ast-global-color-5)","background-image":"","background-repeat":"repeat","background-position":"center center","background-size":"auto","background-attachment":"scroll","background-type":"","background-media":"","overlay-type":"","overlay-color":"","overlay-opacity":"","overlay-gradient":""},"tablet":{"background-color":"var(--ast-global-color-5)","background-image":"","background-repeat":"repeat","background-position":"center center","background-size":"auto","background-attachment":"scroll","background-type":"","background-media":"","overlay-type":"","overlay-color":"","overlay-opacity":"","overlay-gradient":""},"mobile":{"background-color":"var(--ast-global-color-5)","background-image":"","background-repeat":"repeat","background-position":"center center","background-size":"auto","background-attachment":"scroll","background-type":"","background-media":"","overlay-type":"","overlay-color":"","overlay-opacity":"","overlay-gradient":""}}},"product_cat":[48],"product_tag":[],"class_list":["post-4485","product","type-product","status-publish","has-post-thumbnail","hentry","product_cat-sunkaraoke-dalok","desktop-align-left","tablet-align-left","mobile-align-left"],"_links":{"self":[{"href":"https:\/\/www.sunkaraoke.hu\/index.php\/wp-json\/wp\/v2\/product\/4485","targetHints":{"allow":["GET"]}}],"collection":[{"href":"https:\/\/www.sunkaraoke.hu\/index.php\/wp-json\/wp\/v2\/product"}],"about":[{"href":"https:\/\/www.sunkaraoke.hu\/index.php\/wp-json\/wp\/v2\/types\/product"}],"wp:featuredmedia":[{"embeddable":true,"href":"https:\/\/www.sunkaraoke.hu\/index.php\/wp-json\/wp\/v2\/media\/18430"}],"wp:attachment":[{"href":"https:\/\/www.sunkaraoke.hu\/index.php\/wp-json\/wp\/v2\/media?parent=4485"}],"wp:term":[{"taxonomy":"product_cat","embeddable":true,"href":"https:\/\/www.sunkaraoke.hu\/index.php\/wp-json\/wp\/v2\/product_cat?post=4485"},{"taxonomy":"product_tag","embeddable":true,"href":"https:\/\/www.sunkaraoke.hu\/index.php\/wp-json\/wp\/v2\/product_tag?post=4485"}],"curies":[{"name":"wp","href":"https:\/\/api.w.org\/{rel}","templated":true}]}}