{"id":4480,"date":"2022-08-08T20:47:40","date_gmt":"2022-08-08T20:47:40","guid":{"rendered":"https:\/\/www.sunkaraoke.hu\/index.php\/termek\/csabika-szegeny-vagyok-mert-a-nezeset-meg-a-jarasat\/"},"modified":"2025-04-11T07:25:56","modified_gmt":"2025-04-11T07:25:56","slug":"csabika-szegeny-vagyok-mert-a-nezeset-meg-a-jarasat","status":"publish","type":"product","link":"https:\/\/www.sunkaraoke.hu\/index.php\/termek\/csabika-szegeny-vagyok-mert-a-nezeset-meg-a-jarasat\/","title":{"rendered":"<div class=\"wcmp-player-container product-4480\"><audio controlslist=\"nodownload\" data-product=\"4480\"  volume=\"1\"  preload=\"none\" data-lazyloading=\"none\" class=\"wcmp-player track mejs-classic\" data-duration=\"0:32\" data-estimated_duration=\"4\"><source src=\"https:\/\/www.sunkaraoke.hu\/wp-content\/uploads\/2022\/08\/Szegeny-vagyok-Cs.-demoo.mp3\" type=\"audio\/mp3\" \/><\/audio><\/div>Csabika &#8211; Szeg\u00e9ny vagyok ( Original)"},"content":{"rendered":"<p><strong>02:53<\/strong> | <strong><img loading=\"lazy\" decoding=\"async\" class=\"alignnone size-full wp-image-467\" src=\"https:\/\/www.sunkaraoke.hu\/wp-content\/uploads\/2022\/07\/choir_2-copy.webp\" alt=\"\" width=\"30\" height=\"30\" \/> <\/strong><\/p>\n","protected":false},"excerpt":{"rendered":"<h6><strong>Bits\u0171r\u0171s\u00e9g: 320<\/strong>kb\/s<strong><br \/>\n<\/strong><strong>Hossz: <\/strong>02:53<strong><br \/>\n<\/strong><strong style=\"font-size: 16px;\">Vok\u00e1lt tartalmaz: <\/strong>Nem <img loading=\"lazy\" decoding=\"async\" class=\"alignnone size-full wp-image-467\" src=\"http:\/\/www.sunkaraoke.hu\/wp-content\/uploads\/2022\/07\/choir_2-copy.png\" alt=\"\" width=\"30\" height=\"30\" \/><strong style=\"font-size: 16px;\"><br \/>\n<\/strong><\/h6>\n<p>Sunkaraoke mp3 st\u00fadi\u00f3 \/ www.sunkaraoke.hu \/ Inf: Tel: 06 20 4275001<\/p>\n<p>&#8212;Intr\u00f3&#8212;<br \/>\nSzeg\u00e9ny vagyok, szeg\u00e9ny vagyok, szeg\u00e9nynek sz\u00fclettem.<br \/>\nAz \u00e9n bab\u00e1m az \u00e9n bab\u00e1m a legszebbik kincsem<br \/>\nA n\u00e9z\u00e9s\u00e9t meg a j\u00e1r\u00e1s\u00e1t, csip\u0151j\u00e9nek a ring\u00e1s\u00e1t<br \/>\nSz\u00e1z arany\u00e9rt nem adn\u00e1m, sz\u00e1z arany\u00e9rt nem adn\u00e1m<br \/>\nA n\u00e9z\u00e9s\u00e9t meg a j\u00e1r\u00e1s\u00e1t, csip\u0151j\u00e9nek a ring\u00e1s\u00e1t<br \/>\nSz\u00e1z arany\u00e9rt nem adn\u00e1m, sz\u00e1z arany\u00e9rt nem adn\u00e1m.<\/p>\n<p>R\u00e9szeg vagyok, r\u00e9szeg vagyok, ber\u00fagtam az este<br \/>\nHogy megyek \u00edgy, hogy megyek \u00edgy sz\u00e9p bab\u00e1mhoz Pestre?<br \/>\nJager s\u00f6r meg a p\u00e1linka \u00edly m\u00f3don hat a l\u00e1bamra<br \/>\nT\u00e1ncolunk \u00e9s v\u00edgadunk, Csabik\u00e1val mulatunk.<br \/>\nMert a jager s\u00f6r meg a p\u00e1linka \u00edly m\u00f3don hat a l\u00e1bamra<br \/>\nT\u00e1ncolunk \u00e9s v\u00edgadunk, Csabik\u00e1val mulatunk.<\/p>\n<p>&#8212;Sz\u00f3l\u00f3&#8212;<\/p>\n<p>A n\u00e9z\u00e9s\u00e9t meg a j\u00e1r\u00e1s\u00e1t, csip\u0151j\u00e9nek a ring\u00e1s\u00e1t<br \/>\nSz\u00e1z arany\u00e9rt nem adn\u00e1m, sz\u00e1z arany\u00e9rt nem adn\u00e1m.<br \/>\nA n\u00e9z\u00e9s\u00e9t meg a j\u00e1r\u00e1s\u00e1t, csip\u0151j\u00e9nek a ring\u00e1s\u00e1t<br \/>\nSz\u00e1z arany\u00e9rt nem adn\u00e1m, sz\u00e1z arany\u00e9rt nem adn\u00e1m.<br \/>\n&#8212;V\u00e9ge&#8212;<\/p>\n","protected":false},"featured_media":9733,"template":"","meta":{"site-sidebar-layout":"default","site-content-layout":"default","ast-site-content-layout":"default","site-content-style":"default","site-sidebar-style":"default","ast-global-header-display":"","ast-banner-title-visibility":"","ast-main-header-display":"","ast-hfb-above-header-display":"","ast-hfb-below-header-display":"","ast-hfb-mobile-header-display":"","site-post-title":"","ast-breadcrumbs-content":"","ast-featured-img":"","footer-sml-layout":"","theme-transparent-header-meta":"default","adv-header-id-meta":"","stick-header-meta":"","header-above-stick-meta":"","header-main-stick-meta":"","header-below-stick-meta":"","astra-migrate-meta-layouts":"set","ast-page-background-enabled":"default","ast-page-background-meta":{"desktop":{"background-color":"var(--ast-global-color-4)","background-image":"","background-repeat":"repeat","background-position":"center center","background-size":"auto","background-attachment":"scroll","background-type":"","background-media":"","overlay-type":"","overlay-color":"","overlay-opacity":"","overlay-gradient":""},"tablet":{"background-color":"","background-image":"","background-repeat":"repeat","background-position":"center center","background-size":"auto","background-attachment":"scroll","background-type":"","background-media":"","overlay-type":"","overlay-color":"","overlay-opacity":"","overlay-gradient":""},"mobile":{"background-color":"","background-image":"","background-repeat":"repeat","background-position":"center center","background-size":"auto","background-attachment":"scroll","background-type":"","background-media":"","overlay-type":"","overlay-color":"","overlay-opacity":"","overlay-gradient":""}},"ast-content-background-meta":{"desktop":{"background-color":"var(--ast-global-color-5)","background-image":"","background-repeat":"repeat","background-position":"center center","background-size":"auto","background-attachment":"scroll","background-type":"","background-media":"","overlay-type":"","overlay-color":"","overlay-opacity":"","overlay-gradient":""},"tablet":{"background-color":"var(--ast-global-color-5)","background-image":"","background-repeat":"repeat","background-position":"center center","background-size":"auto","background-attachment":"scroll","background-type":"","background-media":"","overlay-type":"","overlay-color":"","overlay-opacity":"","overlay-gradient":""},"mobile":{"background-color":"var(--ast-global-color-5)","background-image":"","background-repeat":"repeat","background-position":"center center","background-size":"auto","background-attachment":"scroll","background-type":"","background-media":"","overlay-type":"","overlay-color":"","overlay-opacity":"","overlay-gradient":""}}},"product_cat":[46],"product_tag":[],"class_list":["post-4480","product","type-product","status-publish","has-post-thumbnail","hentry","product_cat-eredeti-karaoke-dalok","desktop-align-left","tablet-align-left","mobile-align-left"],"_links":{"self":[{"href":"https:\/\/www.sunkaraoke.hu\/index.php\/wp-json\/wp\/v2\/product\/4480","targetHints":{"allow":["GET"]}}],"collection":[{"href":"https:\/\/www.sunkaraoke.hu\/index.php\/wp-json\/wp\/v2\/product"}],"about":[{"href":"https:\/\/www.sunkaraoke.hu\/index.php\/wp-json\/wp\/v2\/types\/product"}],"wp:featuredmedia":[{"embeddable":true,"href":"https:\/\/www.sunkaraoke.hu\/index.php\/wp-json\/wp\/v2\/media\/9733"}],"wp:attachment":[{"href":"https:\/\/www.sunkaraoke.hu\/index.php\/wp-json\/wp\/v2\/media?parent=4480"}],"wp:term":[{"taxonomy":"product_cat","embeddable":true,"href":"https:\/\/www.sunkaraoke.hu\/index.php\/wp-json\/wp\/v2\/product_cat?post=4480"},{"taxonomy":"product_tag","embeddable":true,"href":"https:\/\/www.sunkaraoke.hu\/index.php\/wp-json\/wp\/v2\/product_tag?post=4480"}],"curies":[{"name":"wp","href":"https:\/\/api.w.org\/{rel}","templated":true}]}}