{"id":4474,"date":"2025-04-11T07:00:39","date_gmt":"2025-04-11T07:00:39","guid":{"rendered":"https:\/\/www.sunkaraoke.hu\/index.php\/termek\/eder-gabee-tok-mix-2014\/"},"modified":"2025-04-11T05:38:50","modified_gmt":"2025-04-11T05:38:50","slug":"eder-gabee-tok-mix-2014","status":"publish","type":"product","link":"https:\/\/www.sunkaraoke.hu\/index.php\/termek\/eder-gabee-tok-mix-2014\/","title":{"rendered":"<div class=\"wcmp-player-container product-4474\"><audio controlslist=\"nodownload\" data-product=\"4474\"  volume=\"1\"  preload=\"none\" data-lazyloading=\"none\" class=\"wcmp-player track mejs-classic\" data-duration=\"0:31\" data-estimated_duration=\"4\"><source src=\"https:\/\/www.sunkaraoke.hu\/wp-content\/uploads\/2022\/08\/Eder-Gabee-Tok-Mix-2014.-SB.-kdemoo.mp3\" type=\"audio\/mp3\" \/><\/audio><\/div>\u00c9der Gabee &#8211; T\u00f6k mix NEW (Original SB Edition)"},"content":{"rendered":"<p><strong>04:33<\/strong> | <strong><img loading=\"lazy\" decoding=\"async\" class=\"alignnone size-full wp-image-467\" src=\"https:\/\/www.sunkaraoke.hu\/wp-content\/uploads\/2022\/07\/choir_2-copy.webp\" alt=\"\" width=\"30\" height=\"30\" \/> <\/strong><\/p>\n","protected":false},"excerpt":{"rendered":"<h6><strong>Bits\u0171r\u0171s\u00e9g: 320<\/strong>kb\/s<strong><br \/>\n<\/strong><strong>Hossz: <\/strong>04:33<strong><br \/>\n<\/strong><strong style=\"font-size: 16px;\">Vok\u00e1lt tartalmaz: <\/strong>Nem <img loading=\"lazy\" decoding=\"async\" class=\"alignnone size-full wp-image-467\" src=\"http:\/\/www.sunkaraoke.hu\/wp-content\/uploads\/2022\/07\/choir_2-copy.png\" alt=\"\" width=\"30\" height=\"30\" \/><strong style=\"font-size: 16px;\"><br \/>\n<\/strong><\/h6>\n<p>Sunkaraoke mp3 st\u00fadi\u00f3 \/ www.sunkaraoke.hu \/ Inf: Tel: 06 20 4275001<\/p>\n<p>&#8212;Intr\u00f3&#8212;<br \/>\nKukorica t\u00f6k, haza d\u00f6c\u00f6g\u00f6k,<br \/>\na r\u00e1t\u00f3ti falu v\u00e9gi cs\u00e1rd\u00e1b\u00f3l.<br \/>\nCikk-cakkba megyek, \u00e1rokba esek,<br \/>\nmert be vagyok \u00e1julva de cs\u00fany\u00e1ul.<br \/>\nNem l\u00e1tok egy lelket sem a k\u00f6zelben,<br \/>\nl\u00e1mpa helyett \u00fcveg van a kezemben.<br \/>\nKukorica, t\u00f6k, haza d\u00f6c\u00f6g\u00f6k,<br \/>\na r\u00e1t\u00f3ti falu v\u00e9gi cs\u00e1rd\u00e1b\u00f3l.<br \/>\nNem l\u00e1tok egy lelket sem a k\u00f6zelben,<br \/>\nl\u00e1mpa helyett \u00fcveg van a kezemben.<br \/>\nKukorica, t\u00f6k, haza d\u00f6c\u00f6g\u00f6k,<br \/>\na r\u00e1t\u00f3ti falu v\u00e9gi cs\u00e1rd\u00e1b\u00f3l.<br \/>\n&#8212;Sz\u00f3l\u00f3&#8212;-<br \/>\nK\u00e1poszta, kapor, az a kutya bor,<br \/>\nde meg\u00e1rtott n\u00e9kem ott a cs\u00e1rd\u00e1ban.<br \/>\nP\u00f6rge kalapom, az \u00f6tsz\u00e1zasom,<br \/>\n\u00fagy el\u00faszott mint a hal a R\u00e1b\u00e1ban.<br \/>\nH\u00e1rom cig\u00e1ny muzsik\u00e1l a sarkamban,<br \/>\ncikkben j\u00e1rok a kontr\u00e1s meg a cakkban.<br \/>\nK\u00e1poszta, kapor, az a kutya bor,<br \/>\nde meg\u00e1rtott n\u00e9kem ott a cs\u00e1rd\u00e1ban.<br \/>\nH\u00e1rom cig\u00e1ny muzsik\u00e1l a sarkamban,<br \/>\ncikkben j\u00e1rok a kontr\u00e1s meg a cakkban.<br \/>\nK\u00e1poszta, kapor, az a kutya bor,<br \/>\nde meg\u00e1rtott n\u00e9kem ott a cs\u00e1rd\u00e1ban.<br \/>\n&#8212;Sz\u00f3l\u00f3&#8212;<br \/>\nMegj\u00f6ttek a fi\u00fak az egerszegi fi\u00fak, \u00e1j, l\u00e9, l\u00e9, l\u00e9, l\u00e9, l\u00e9,&#8230;<br \/>\nMikor ezt megl\u00e1ttam a p\u00e9nzt\u00e1rc\u00e1m kiv\u00e1gtam, \u00e1j, l\u00e9, l\u00e9, l\u00e9, l\u00e9, l\u00e9,&#8230;<br \/>\nMegj\u00f6ttek a fi\u00fak az egerszegi fi\u00fak, \u00e1j, l\u00e9, l\u00e9, l\u00e9, l\u00e9, l\u00e9,&#8230;<br \/>\nMindegyik\u00fck gizda, l\u00f3v\u00e9juk meg sok van,\u00e1j, l\u00e9, l\u00e9, l\u00e9, l\u00e9, l\u00e9,&#8230;<br \/>\nT\u00e1, ri, r\u00e1, r\u00e1, ri r\u00e1m dom,t\u00e1, ri, r\u00e1, r\u00e1, ri r\u00e1m dom&#8230;..<br \/>\nT\u00e1, ri, r\u00e1, r\u00e1, ri r\u00e1m dom,t\u00e1, ri, r\u00e1, r\u00e1, ri r\u00e1m dom&#8230;..<br \/>\nT\u00e1, ri, r\u00e1, r\u00e1, ri r\u00e1m dom,t\u00e1, ri, r\u00e1, r\u00e1, ri r\u00e1m dom&#8230;..<br \/>\nT\u00e1, ri, r\u00e1, r\u00e1, ri r\u00e1m dom,t\u00e1, ri, r\u00e1, r\u00e1, ri r\u00e1m dom&#8230;..<br \/>\n&#8212;Sz\u00f3l\u00f3&#8212;<br \/>\nMegj\u00f6ttek a fi\u00fak az egerszegi fi\u00fak, \u00e1j, l\u00e9, l\u00e9, l\u00e9, l\u00e9, l\u00e9,&#8230;<br \/>\nMikor ezt megl\u00e1ttam a p\u00e9nzt\u00e1rc\u00e1m kiv\u00e1gtam, \u00e1j, l\u00e9, l\u00e9, l\u00e9, l\u00e9, l\u00e9,&#8230;<br \/>\nMegj\u00f6ttek a fi\u00fak az egerszegi fi\u00fak, \u00e1j, l\u00e9, l\u00e9, l\u00e9, l\u00e9, l\u00e9,&#8230;<br \/>\nMindegyik\u00fck gizda, l\u00f3v\u00e9juk meg sok van,\u00e1j, l\u00e9, l\u00e9, l\u00e9, l\u00e9, l\u00e9,&#8230;<br \/>\nT\u00e1, ri, r\u00e1, r\u00e1, ri r\u00e1m dom,t\u00e1, ri, r\u00e1, r\u00e1, ri r\u00e1m dom&#8230;..<br \/>\nT\u00e1, ri, r\u00e1, r\u00e1, ri r\u00e1m dom,t\u00e1, ri, r\u00e1, r\u00e1, ri r\u00e1m dom&#8230;..<br \/>\nT\u00e1, ri, r\u00e1, r\u00e1, ri r\u00e1m dom,t\u00e1, ri, r\u00e1, r\u00e1, ri r\u00e1m dom&#8230;..<br \/>\nT\u00e1, ri, r\u00e1, r\u00e1, ri r\u00e1m dom,t\u00e1, ri, r\u00e1, r\u00e1, ri r\u00e1m dom&#8230;..<br \/>\nT\u00e1, ri, r\u00e1, r\u00e1, ri r\u00e1m dom,t\u00e1, ri, r\u00e1, r\u00e1, ri r\u00e1m dom&#8230;..<br \/>\nT\u00e1, ri, r\u00e1, r\u00e1, ri r\u00e1m dom,t\u00e1, ri, r\u00e1, r\u00e1, ri r\u00e1m dom&#8230;..<br \/>\n&#8212;V\u00e9ge&#8212;<\/p>\n","protected":false},"featured_media":11804,"template":"","meta":{"site-sidebar-layout":"default","site-content-layout":"default","ast-site-content-layout":"default","site-content-style":"default","site-sidebar-style":"default","ast-global-header-display":"","ast-banner-title-visibility":"","ast-main-header-display":"","ast-hfb-above-header-display":"","ast-hfb-below-header-display":"","ast-hfb-mobile-header-display":"","site-post-title":"","ast-breadcrumbs-content":"","ast-featured-img":"","footer-sml-layout":"","theme-transparent-header-meta":"default","adv-header-id-meta":"","stick-header-meta":"","header-above-stick-meta":"","header-main-stick-meta":"","header-below-stick-meta":"","astra-migrate-meta-layouts":"set","ast-page-background-enabled":"default","ast-page-background-meta":{"desktop":{"background-color":"var(--ast-global-color-4)","background-image":"","background-repeat":"repeat","background-position":"center center","background-size":"auto","background-attachment":"scroll","background-type":"","background-media":"","overlay-type":"","overlay-color":"","overlay-opacity":"","overlay-gradient":""},"tablet":{"background-color":"","background-image":"","background-repeat":"repeat","background-position":"center center","background-size":"auto","background-attachment":"scroll","background-type":"","background-media":"","overlay-type":"","overlay-color":"","overlay-opacity":"","overlay-gradient":""},"mobile":{"background-color":"","background-image":"","background-repeat":"repeat","background-position":"center center","background-size":"auto","background-attachment":"scroll","background-type":"","background-media":"","overlay-type":"","overlay-color":"","overlay-opacity":"","overlay-gradient":""}},"ast-content-background-meta":{"desktop":{"background-color":"var(--ast-global-color-5)","background-image":"","background-repeat":"repeat","background-position":"center center","background-size":"auto","background-attachment":"scroll","background-type":"","background-media":"","overlay-type":"","overlay-color":"","overlay-opacity":"","overlay-gradient":""},"tablet":{"background-color":"var(--ast-global-color-5)","background-image":"","background-repeat":"repeat","background-position":"center center","background-size":"auto","background-attachment":"scroll","background-type":"","background-media":"","overlay-type":"","overlay-color":"","overlay-opacity":"","overlay-gradient":""},"mobile":{"background-color":"var(--ast-global-color-5)","background-image":"","background-repeat":"repeat","background-position":"center center","background-size":"auto","background-attachment":"scroll","background-type":"","background-media":"","overlay-type":"","overlay-color":"","overlay-opacity":"","overlay-gradient":""}}},"product_cat":[48],"product_tag":[],"class_list":["post-4474","product","type-product","status-publish","has-post-thumbnail","hentry","product_cat-sunkaraoke-dalok","desktop-align-left","tablet-align-left","mobile-align-left"],"_links":{"self":[{"href":"https:\/\/www.sunkaraoke.hu\/index.php\/wp-json\/wp\/v2\/product\/4474","targetHints":{"allow":["GET"]}}],"collection":[{"href":"https:\/\/www.sunkaraoke.hu\/index.php\/wp-json\/wp\/v2\/product"}],"about":[{"href":"https:\/\/www.sunkaraoke.hu\/index.php\/wp-json\/wp\/v2\/types\/product"}],"wp:featuredmedia":[{"embeddable":true,"href":"https:\/\/www.sunkaraoke.hu\/index.php\/wp-json\/wp\/v2\/media\/11804"}],"wp:attachment":[{"href":"https:\/\/www.sunkaraoke.hu\/index.php\/wp-json\/wp\/v2\/media?parent=4474"}],"wp:term":[{"taxonomy":"product_cat","embeddable":true,"href":"https:\/\/www.sunkaraoke.hu\/index.php\/wp-json\/wp\/v2\/product_cat?post=4474"},{"taxonomy":"product_tag","embeddable":true,"href":"https:\/\/www.sunkaraoke.hu\/index.php\/wp-json\/wp\/v2\/product_tag?post=4474"}],"curies":[{"name":"wp","href":"https:\/\/api.w.org\/{rel}","templated":true}]}}