{"id":4467,"date":"2022-08-08T20:47:38","date_gmt":"2022-08-08T20:47:38","guid":{"rendered":"https:\/\/www.sunkaraoke.hu\/index.php\/termek\/kaly-dale-le\/"},"modified":"2025-04-11T05:54:55","modified_gmt":"2025-04-11T05:54:55","slug":"kaly-dale-le","status":"publish","type":"product","link":"https:\/\/www.sunkaraoke.hu\/index.php\/termek\/kaly-dale-le\/","title":{"rendered":"<div class=\"wcmp-player-container product-4467\"><audio controlslist=\"nodownload\" data-product=\"4467\"  volume=\"1\"  preload=\"none\" data-lazyloading=\"none\" class=\"wcmp-player track mejs-classic\" data-duration=\"0:34\" data-estimated_duration=\"4\"><source src=\"https:\/\/www.sunkaraoke.hu\/wp-content\/uploads\/2022\/08\/Dalele-Kaly.-SB.-demoo.mp3\" type=\"audio\/mp3\" \/><\/audio><\/div>Kaly &#8211; Dale le (Original SB Edition)"},"content":{"rendered":"<p><strong>03:49<\/strong> | <strong><img loading=\"lazy\" decoding=\"async\" class=\"alignnone size-full wp-image-467\" src=\"https:\/\/www.sunkaraoke.hu\/wp-content\/uploads\/2022\/07\/choir_2-copy.webp\" alt=\"\" width=\"30\" height=\"30\" \/> <\/strong><\/p>\n","protected":false},"excerpt":{"rendered":"<h6><strong>Bits\u0171r\u0171s\u00e9g: 320<\/strong>kb\/s<strong><br \/>\n<\/strong><strong>Hossz: <\/strong>03:49<strong><br \/>\n<\/strong><strong style=\"font-size: 16px;\">Vok\u00e1lt tartalmaz: <\/strong>Nem <img loading=\"lazy\" decoding=\"async\" class=\"alignnone size-full wp-image-467\" src=\"http:\/\/www.sunkaraoke.hu\/wp-content\/uploads\/2022\/07\/choir_2-copy.png\" alt=\"\" width=\"30\" height=\"30\" \/><strong style=\"font-size: 16px;\"><br \/>\n<\/strong><\/h6>\n<p>Sunkaraoke mp3 st\u00fadi\u00f3 \/ www.sunkaraoke.hu \/ Inf: Tel: 06 20 4275001<\/p>\n<p>&#8212;Intr\u00f3&#8212;<br \/>\nD\u00e1, l\u00e9, l\u00e9, l\u00e9, l\u00e1, d\u00e1, l\u00e9, d\u00e1, l\u00e9, l\u00e1&#8230;<br \/>\nD\u00e1, l\u00e9, l\u00e9, l\u00e9, l\u00e1, d\u00e1, l\u00e9, d\u00e1 l\u00e9, d\u00e1&#8230;<br \/>\nD\u00e1, l\u00e9, l\u00e9, l\u00e9, l\u00e1, d\u00e1, l\u00e9, d\u00e1, l\u00e9, l\u00e1&#8230;<br \/>\nD\u00e1, l\u00e9, l\u00e9, l\u00e9, l\u00e1, d\u00e1, l\u00e9, d\u00e1 l\u00e9, d\u00e1&#8230;<\/p>\n<p>Sz\u00f3rkozni t\u00e1madt kevem, az \u00f6lt\u00f6ny\u00f6m felveszem,<br \/>\na hajam bel\u00f6v\u00f6m rendesen!<br \/>\nBe\u00fcl\u00f6k az aut\u00f3ba, egy k\u00e9t k\u00f6rre elmegyek,<br \/>\nn\u00e9znek is engem a csajok rendesen!<br \/>\nBemegyek \u00e9n a diszk\u00f3ba, egy k\u00e9t felest bekapok,<br \/>\nazt mondj\u00e1k r\u00e1m giggol\u00f3 vagyok.<br \/>\nA sz\u00e9p l\u00e1nyok k\u00f6rbevesznek, \u00edgy \u00e9lem az \u00e9letem,<br \/>\nnem sz\u00e1molom soha \u00e9n az \u00e9veket.<\/p>\n<p>D\u00e1, l\u00e9, l\u00e9, l\u00e9, l\u00e1, d\u00e1, l\u00e9, d\u00e1, l\u00e9, l\u00e1&#8230;<br \/>\naz \u00e9jszak\u00e1ba mulatok.<br \/>\nD\u00e1, l\u00e9, l\u00e9, l\u00e9, l\u00e1, d\u00e1, l\u00e9, d\u00e1 l\u00e9, d\u00e1&#8230;<br \/>\nboldog az \u00e9n vil\u00e1gom!<br \/>\nD\u00e1, l\u00e9, l\u00e9, l\u00e9, l\u00e1, d\u00e1, l\u00e9, d\u00e1, l\u00e9, l\u00e1&#8230;<br \/>\ngyertek velem bar\u00e1tok.<br \/>\nD\u00e1, l\u00e9, l\u00e9, l\u00e9, l\u00e1, d\u00e1, l\u00e9, d\u00e1 l\u00e9, d\u00e1&#8230;<br \/>\nmindig j\u00f3 kedvet csin\u00e1lok!<br \/>\nS\u00e1, n\u00e1, n\u00e1, n\u00e1, n\u00e1&#8230;.<\/p>\n<p>Sz\u00f3rkozni t\u00e1madt kevem, az \u00f6lt\u00f6ny\u00f6m felveszem,<br \/>\na hajam bel\u00f6v\u00f6m rendesen!<br \/>\nBe\u00fcl\u00f6k az aut\u00f3ba, egy k\u00e9t k\u00f6rre elmegyek,<br \/>\nn\u00e9znek is engem a csajok rendesen!<br \/>\nBemegyek \u00e9n a diszk\u00f3ba, egy k\u00e9t felest bekapok,<br \/>\nazt mondj\u00e1k r\u00e1m giggol\u00f3 vagyok.<br \/>\nA sz\u00e9p l\u00e1nyok k\u00f6rbevesznek, \u00edgy \u00e9lem az \u00e9letem,<br \/>\nnem sz\u00e1molom soha \u00e9n az \u00e9veket.<\/p>\n<p>D\u00e1, l\u00e9, l\u00e9, l\u00e9, l\u00e1, d\u00e1, l\u00e9, d\u00e1, l\u00e9, l\u00e1&#8230;<br \/>\naz \u00e9jszak\u00e1ba mulatok.<br \/>\nD\u00e1, l\u00e9, l\u00e9, l\u00e9, l\u00e1, d\u00e1, l\u00e9, d\u00e1 l\u00e9, d\u00e1&#8230;<br \/>\nboldog az \u00e9n vil\u00e1gom!<br \/>\nD\u00e1, l\u00e9, l\u00e9, l\u00e9, l\u00e1, d\u00e1, l\u00e9, d\u00e1, l\u00e9, l\u00e1&#8230;<br \/>\ngyertek velem bar\u00e1tok.<br \/>\nD\u00e1, l\u00e9, l\u00e9, l\u00e9, l\u00e1, d\u00e1, l\u00e9, d\u00e1 l\u00e9, d\u00e1&#8230;<br \/>\nmindig j\u00f3 kedvet csin\u00e1lok!<\/p>\n<p>S\u00e1, n\u00e1, n\u00e1, n\u00e1, n\u00e1&#8230;.<br \/>\n&#8212;V\u00e9ge&#8212;<\/p>\n","protected":false},"featured_media":10524,"template":"","meta":{"site-sidebar-layout":"default","site-content-layout":"default","ast-site-content-layout":"default","site-content-style":"default","site-sidebar-style":"default","ast-global-header-display":"","ast-banner-title-visibility":"","ast-main-header-display":"","ast-hfb-above-header-display":"","ast-hfb-below-header-display":"","ast-hfb-mobile-header-display":"","site-post-title":"","ast-breadcrumbs-content":"","ast-featured-img":"","footer-sml-layout":"","theme-transparent-header-meta":"default","adv-header-id-meta":"","stick-header-meta":"","header-above-stick-meta":"","header-main-stick-meta":"","header-below-stick-meta":"","astra-migrate-meta-layouts":"set","ast-page-background-enabled":"default","ast-page-background-meta":{"desktop":{"background-color":"var(--ast-global-color-4)","background-image":"","background-repeat":"repeat","background-position":"center center","background-size":"auto","background-attachment":"scroll","background-type":"","background-media":"","overlay-type":"","overlay-color":"","overlay-opacity":"","overlay-gradient":""},"tablet":{"background-color":"","background-image":"","background-repeat":"repeat","background-position":"center center","background-size":"auto","background-attachment":"scroll","background-type":"","background-media":"","overlay-type":"","overlay-color":"","overlay-opacity":"","overlay-gradient":""},"mobile":{"background-color":"","background-image":"","background-repeat":"repeat","background-position":"center center","background-size":"auto","background-attachment":"scroll","background-type":"","background-media":"","overlay-type":"","overlay-color":"","overlay-opacity":"","overlay-gradient":""}},"ast-content-background-meta":{"desktop":{"background-color":"var(--ast-global-color-5)","background-image":"","background-repeat":"repeat","background-position":"center center","background-size":"auto","background-attachment":"scroll","background-type":"","background-media":"","overlay-type":"","overlay-color":"","overlay-opacity":"","overlay-gradient":""},"tablet":{"background-color":"var(--ast-global-color-5)","background-image":"","background-repeat":"repeat","background-position":"center center","background-size":"auto","background-attachment":"scroll","background-type":"","background-media":"","overlay-type":"","overlay-color":"","overlay-opacity":"","overlay-gradient":""},"mobile":{"background-color":"var(--ast-global-color-5)","background-image":"","background-repeat":"repeat","background-position":"center center","background-size":"auto","background-attachment":"scroll","background-type":"","background-media":"","overlay-type":"","overlay-color":"","overlay-opacity":"","overlay-gradient":""}}},"product_cat":[48],"product_tag":[],"class_list":["post-4467","product","type-product","status-publish","has-post-thumbnail","hentry","product_cat-sunkaraoke-dalok","desktop-align-left","tablet-align-left","mobile-align-left"],"_links":{"self":[{"href":"https:\/\/www.sunkaraoke.hu\/index.php\/wp-json\/wp\/v2\/product\/4467","targetHints":{"allow":["GET"]}}],"collection":[{"href":"https:\/\/www.sunkaraoke.hu\/index.php\/wp-json\/wp\/v2\/product"}],"about":[{"href":"https:\/\/www.sunkaraoke.hu\/index.php\/wp-json\/wp\/v2\/types\/product"}],"wp:featuredmedia":[{"embeddable":true,"href":"https:\/\/www.sunkaraoke.hu\/index.php\/wp-json\/wp\/v2\/media\/10524"}],"wp:attachment":[{"href":"https:\/\/www.sunkaraoke.hu\/index.php\/wp-json\/wp\/v2\/media?parent=4467"}],"wp:term":[{"taxonomy":"product_cat","embeddable":true,"href":"https:\/\/www.sunkaraoke.hu\/index.php\/wp-json\/wp\/v2\/product_cat?post=4467"},{"taxonomy":"product_tag","embeddable":true,"href":"https:\/\/www.sunkaraoke.hu\/index.php\/wp-json\/wp\/v2\/product_tag?post=4467"}],"curies":[{"name":"wp","href":"https:\/\/api.w.org\/{rel}","templated":true}]}}