{"id":4463,"date":"2022-08-08T20:47:38","date_gmt":"2022-08-08T20:47:38","guid":{"rendered":"https:\/\/www.sunkaraoke.hu\/index.php\/termek\/bodi-csabi-oszre-jar\/"},"modified":"2025-04-02T12:22:03","modified_gmt":"2025-04-02T12:22:03","slug":"bodi-csabi-oszre-jar","status":"publish","type":"product","link":"https:\/\/www.sunkaraoke.hu\/index.php\/termek\/bodi-csabi-oszre-jar\/","title":{"rendered":"<div class=\"wcmp-player-container product-4463\"><audio controlslist=\"nodownload\" data-product=\"4463\"  volume=\"1\"  preload=\"none\" data-lazyloading=\"none\" class=\"wcmp-player track mejs-classic\" data-duration=\"0:31\" data-estimated_duration=\"4\"><source src=\"https:\/\/www.sunkaraoke.hu\/wp-content\/uploads\/2022\/08\/Oszre-jar-Bodi-SB.-demoo.mp3\" type=\"audio\/mp3\" \/><\/audio><\/div>B\u00f3di Csabi &#8211; \u0150szre j\u00e1r (Original)"},"content":{"rendered":"<p><strong>03:14<\/strong> | <strong><img loading=\"lazy\" decoding=\"async\" class=\"alignnone size-full wp-image-467\" src=\"https:\/\/www.sunkaraoke.hu\/wp-content\/uploads\/2022\/07\/choir_2-copy.webp\" alt=\"\" width=\"30\" height=\"30\" \/> <\/strong><\/p>\n","protected":false},"excerpt":{"rendered":"<h6><strong>Bits\u0171r\u0171s\u00e9g: 320<\/strong>kb\/s<strong><br \/>\n<\/strong><strong>Hossz: <\/strong>03:14<strong><br \/>\n<\/strong><strong style=\"font-size: 16px;\">Vok\u00e1lt tartalmaz: <\/strong>Nem <img loading=\"lazy\" decoding=\"async\" class=\"alignnone size-full wp-image-467\" src=\"http:\/\/www.sunkaraoke.hu\/wp-content\/uploads\/2022\/07\/choir_2-copy.png\" alt=\"\" width=\"30\" height=\"30\" \/><strong style=\"font-size: 16px;\"><br \/>\n<\/strong><\/h6>\n<p>Sunkaraoke mp3 st\u00fadi\u00f3 \/ www.sunkaraoke.hu \/ Inf: Tel: 06 20 4275001<\/p>\n<p>&#8212;Intr\u00f3&#8212;<br \/>\nVolt egy fi\u00fa \u00e9s volt egy l\u00e1ny,sose gondolt\u00e1k tal\u00e1n,<br \/>\nhogy az a hossz\u00fa ny\u00e1r, egyszer v\u00e9get \u00e9r.<br \/>\nZivatar j\u00f6tt fent az \u00e9gb\u0151l, a nagyon s\u00f6t\u00e9t fellegekb\u0151l,<br \/>\n\u00e9s az \u00e1lmaikat, els\u00f6p\u00f6rte a sz\u00e9l.<br \/>\nMessze j\u00e1r, \u00e9s lassan elfeled majd mindent ez a ny\u00e1r,<br \/>\n\u00e9s m\u00e1r csak eml\u00e9k amit nem feled, a sz\u00edv,\u00f3h a bolond sz\u00edv!<br \/>\nMessze j\u00e1r, \u00e9s t\u0151l\u00fcnk f\u00e1j\u00f3 sz\u00edvvel b\u00facs\u00fazik a ny\u00e1r,<br \/>\n\u00e9s soha nem feledlek el t\u00e9ged \u00e9n, f\u00e1j hogy elment\u00e9l.<br \/>\nElaludni nem tudok, folyton csak r\u00e1d gondolok,<br \/>\nmost merre j\u00e1rsz, vajon merre hol lehetsz?<br \/>\nSzomor\u00fa az \u00e9letem, mert te nem vagy \u00e9nvelem,<br \/>\n\u00f3h kedvesem hol lehetsz most merre j\u00e1rsz?<br \/>\nMessze j\u00e1r, \u00e9s lassan elfeled majd mindent ez a ny\u00e1r,<br \/>\n\u00e9s m\u00e1r csak eml\u00e9k amit nem feled a sz\u00edv,\u00f3h a bolond sz\u00edv!<br \/>\nMessze j\u00e1r, \u00e9s t\u0151l\u00fcnk f\u00e1j\u00f3 sz\u00edvvel b\u00facs\u00fazik a ny\u00e1r,<br \/>\n\u00e9s soha nem felejtlek el t\u00e9ged \u00e9n, f\u00e1j hogy elment\u00e9l.<br \/>\n&#8212;Sz\u00f3l\u00f3&#8212;<br \/>\nK\u00fcl\u00f6n \u00faton messze j\u00e1rnak, de szerelmet nem tal\u00e1lnak,<br \/>\ndarabokra t\u00f6rt, minden \u00e1lomk\u00e9p ma m\u00e1r.<br \/>\nAz a fi\u00fa \u00e9s a l\u00e1ny, a sz\u00edv\u00e9ben v\u00e1rja m\u00e1r,<br \/>\nhogy az a hossz\u00fa ny\u00e1r, vissza j\u00f6jj\u00f6n \u00fajra m\u00e1r.<br \/>\nMessze j\u00e1r, \u00e9s lassan elfeled majd mindent ez a ny\u00e1r,<br \/>\n\u00e9s m\u00e1r csak eml\u00e9k amit nem feled a sz\u00edv,\u00f3h a bolond sz\u00edv!<br \/>\nMessze j\u00e1r, \u00e9s t\u0151l\u00fcnk f\u00e1j\u00f3 sz\u00edvvel b\u00facs\u00fazik a ny\u00e1r,<br \/>\n\u00e9s soha nem feledlek el t\u00e9ged \u00e9n, f\u00e1j hogy elment\u00e9l.<br \/>\n&#8212;V\u00e9ge&#8212;<\/p>\n","protected":false},"featured_media":8742,"template":"","meta":{"site-sidebar-layout":"default","site-content-layout":"default","ast-site-content-layout":"default","site-content-style":"default","site-sidebar-style":"default","ast-global-header-display":"","ast-banner-title-visibility":"","ast-main-header-display":"","ast-hfb-above-header-display":"","ast-hfb-below-header-display":"","ast-hfb-mobile-header-display":"","site-post-title":"","ast-breadcrumbs-content":"","ast-featured-img":"","footer-sml-layout":"","theme-transparent-header-meta":"default","adv-header-id-meta":"","stick-header-meta":"","header-above-stick-meta":"","header-main-stick-meta":"","header-below-stick-meta":"","astra-migrate-meta-layouts":"set","ast-page-background-enabled":"default","ast-page-background-meta":{"desktop":{"background-color":"var(--ast-global-color-4)","background-image":"","background-repeat":"repeat","background-position":"center center","background-size":"auto","background-attachment":"scroll","background-type":"","background-media":"","overlay-type":"","overlay-color":"","overlay-opacity":"","overlay-gradient":""},"tablet":{"background-color":"","background-image":"","background-repeat":"repeat","background-position":"center center","background-size":"auto","background-attachment":"scroll","background-type":"","background-media":"","overlay-type":"","overlay-color":"","overlay-opacity":"","overlay-gradient":""},"mobile":{"background-color":"","background-image":"","background-repeat":"repeat","background-position":"center center","background-size":"auto","background-attachment":"scroll","background-type":"","background-media":"","overlay-type":"","overlay-color":"","overlay-opacity":"","overlay-gradient":""}},"ast-content-background-meta":{"desktop":{"background-color":"var(--ast-global-color-5)","background-image":"","background-repeat":"repeat","background-position":"center center","background-size":"auto","background-attachment":"scroll","background-type":"","background-media":"","overlay-type":"","overlay-color":"","overlay-opacity":"","overlay-gradient":""},"tablet":{"background-color":"var(--ast-global-color-5)","background-image":"","background-repeat":"repeat","background-position":"center center","background-size":"auto","background-attachment":"scroll","background-type":"","background-media":"","overlay-type":"","overlay-color":"","overlay-opacity":"","overlay-gradient":""},"mobile":{"background-color":"var(--ast-global-color-5)","background-image":"","background-repeat":"repeat","background-position":"center center","background-size":"auto","background-attachment":"scroll","background-type":"","background-media":"","overlay-type":"","overlay-color":"","overlay-opacity":"","overlay-gradient":""}}},"product_cat":[48],"product_tag":[],"class_list":["post-4463","product","type-product","status-publish","has-post-thumbnail","hentry","product_cat-sunkaraoke-dalok","desktop-align-left","tablet-align-left","mobile-align-left"],"_links":{"self":[{"href":"https:\/\/www.sunkaraoke.hu\/index.php\/wp-json\/wp\/v2\/product\/4463","targetHints":{"allow":["GET"]}}],"collection":[{"href":"https:\/\/www.sunkaraoke.hu\/index.php\/wp-json\/wp\/v2\/product"}],"about":[{"href":"https:\/\/www.sunkaraoke.hu\/index.php\/wp-json\/wp\/v2\/types\/product"}],"wp:featuredmedia":[{"embeddable":true,"href":"https:\/\/www.sunkaraoke.hu\/index.php\/wp-json\/wp\/v2\/media\/8742"}],"wp:attachment":[{"href":"https:\/\/www.sunkaraoke.hu\/index.php\/wp-json\/wp\/v2\/media?parent=4463"}],"wp:term":[{"taxonomy":"product_cat","embeddable":true,"href":"https:\/\/www.sunkaraoke.hu\/index.php\/wp-json\/wp\/v2\/product_cat?post=4463"},{"taxonomy":"product_tag","embeddable":true,"href":"https:\/\/www.sunkaraoke.hu\/index.php\/wp-json\/wp\/v2\/product_tag?post=4463"}],"curies":[{"name":"wp","href":"https:\/\/api.w.org\/{rel}","templated":true}]}}