{"id":4457,"date":"2022-08-08T20:47:38","date_gmt":"2022-08-08T20:47:38","guid":{"rendered":"https:\/\/www.sunkaraoke.hu\/index.php\/termek\/demjen-ferenc-mindorokke-szerelem\/"},"modified":"2025-04-11T05:46:41","modified_gmt":"2025-04-11T05:46:41","slug":"demjen-ferenc-mindorokke-szerelem","status":"publish","type":"product","link":"https:\/\/www.sunkaraoke.hu\/index.php\/termek\/demjen-ferenc-mindorokke-szerelem\/","title":{"rendered":"<div class=\"wcmp-player-container product-4457\"><audio controlslist=\"nodownload\" data-product=\"4457\"  volume=\"1\"  preload=\"none\" data-lazyloading=\"none\" class=\"wcmp-player track mejs-classic\" data-duration=\"0:34\" data-estimated_duration=\"4\"><source src=\"https:\/\/www.sunkaraoke.hu\/wp-content\/uploads\/2022\/08\/Mindorokke-szerelem-SB.-kdemoo.mp3\" type=\"audio\/mp3\" \/><\/audio><\/div>Demj\u00e9n Ferenc &#8211; Mind\u00f6r\u00f6kk\u00e9 szerelem (Original SB edition)"},"content":{"rendered":"<p><strong>04:01<\/strong> | <strong><img loading=\"lazy\" decoding=\"async\" class=\"alignnone size-full wp-image-467\" src=\"https:\/\/www.sunkaraoke.hu\/wp-content\/uploads\/2022\/07\/choir_2-copy.webp\" alt=\"\" width=\"30\" height=\"30\" \/> <\/strong><\/p>\n","protected":false},"excerpt":{"rendered":"<h6><strong>Bits\u0171r\u0171s\u00e9g: 320<\/strong>kb\/s<strong><br \/>\n<\/strong><strong>Hossz: <\/strong>04:01<strong><br \/>\n<\/strong><strong style=\"font-size: 16px;\">Vok\u00e1lt tartalmaz: <\/strong>Nem <img loading=\"lazy\" decoding=\"async\" class=\"alignnone size-full wp-image-467\" src=\"http:\/\/www.sunkaraoke.hu\/wp-content\/uploads\/2022\/07\/choir_2-copy.png\" alt=\"\" width=\"30\" height=\"30\" \/><strong style=\"font-size: 16px;\"><br \/>\n<\/strong><\/h6>\n<p>Sunkaraoke mp3 st\u00fadi\u00f3 \/ www.sunkaraoke.hu \/ Inf: Tel: 06 20 4275001<\/p>\n<p>&#8212;Intr\u00f3&#8212;<\/p>\n<p>Minden lecseng, megint \u00far lett a csend,<br \/>\n\u00e1lmodni ment, a szerelem.<br \/>\n\u00c9bren vagyok, belegondolok,<br \/>\nbecsap a sors kegyetlen\u00fcl, r\u00f6vid az \u00e9let.<br \/>\nItt vagy velem, most is \u00e9rezhetem,<br \/>\nl\u00e9legzeted a testemen.<br \/>\nItt vagy nekem, nincs m\u00e1s senki sem,<br \/>\nde v\u00e1rnak fent majd szel\u00edd angyalok.<\/p>\n<p>Annyi kell hogy a szerelem,<br \/>\ntov\u00e1bb \u00e9gjen mint az \u00e9letem,<br \/>\nveled egy\u00fctt lesz sz\u00e9p,az a v\u00e9gtelen \u00e9j.<\/p>\n<p>\u00c9s majd egy\u00fctt l\u00e9tez\u00fcnk, egy\u00fctt sz\u00e1llhatunk,<br \/>\nfent az \u00e9gben.<br \/>\n\u00cdgy majd k\u00e9zen fogva j\u00e1r, egy \u00e9des furcsa p\u00e1r,<br \/>\n\u00fagy mint r\u00e9gen.<\/p>\n<p>J\u00f3l eml\u00e9kszem m\u00e1r, volt egy m\u00e1sik p\u00e1r,<br \/>\nsok\u00e1ig \u00e9lt \u00e9s boldogan.<br \/>\nEgyik volt j\u00f3 ap\u00e1m, s\u00edrig dolgozott r\u00e1nk,<br \/>\nvil\u00e1gra sz\u00fclt \u00e9desany\u00e1m.<br \/>\nHittem azt hogy \u00e9rzelem,tov\u00e1bb \u00e9g mint az \u00e9letem,<br \/>\nveled egy\u00fctt lesz sz\u00e9p,az a v\u00e9gtelen \u00e9j.<\/p>\n<p>\u00c9s majd egy\u00fctt l\u00e9tez\u00fcnk, egy\u00fctt sz\u00e1llhatunk,<br \/>\nfent az \u00e9gben.<br \/>\n\u00cdgy majd k\u00e9zen fogva j\u00e1r, egy \u00e9des furcsa p\u00e1r,<br \/>\n\u00fagy mint r\u00e9gen.<\/p>\n<p>Nincsen semmi m\u00e1s \u00fat nek\u00fcnk,<br \/>\nelhinni azt hogy mind fent lesz\u00fcnk.<br \/>\nVoltunk m\u00e1r sehol sem,<br \/>\nez csak kis kir\u00e1ndul\u00e1s,megy\u00fcnk!<\/p>\n<p>\u00c9s majd egy\u00fctt l\u00e9tez\u00fcnk, egy\u00fctt sz\u00e1llhatunk,<br \/>\nfent az \u00e9gben.<br \/>\n\u00cdgy majd k\u00e9zen fogva j\u00e1r, egy \u00e9des furcsa p\u00e1r,<br \/>\n\u00fagy mint r\u00e9gen.<br \/>\n\u00cdgy majd ott lesz\u00fcnk fel\u00fcl, lelk\u00fcnk egyes\u00fcl,<br \/>\n\u00fagy mint r\u00e9gen.<br \/>\n\u00c9s majd \u00e1lmodunk tov\u00e1bb,mint sok sok \u00e9ven \u00e1t,<br \/>\nam\u00edg \u00e9ltem!<br \/>\n&#8212;-V\u00e9ge<\/p>\n","protected":false},"featured_media":9604,"template":"","meta":{"site-sidebar-layout":"default","site-content-layout":"default","ast-site-content-layout":"default","site-content-style":"default","site-sidebar-style":"default","ast-global-header-display":"","ast-banner-title-visibility":"","ast-main-header-display":"","ast-hfb-above-header-display":"","ast-hfb-below-header-display":"","ast-hfb-mobile-header-display":"","site-post-title":"","ast-breadcrumbs-content":"","ast-featured-img":"","footer-sml-layout":"","theme-transparent-header-meta":"default","adv-header-id-meta":"","stick-header-meta":"","header-above-stick-meta":"","header-main-stick-meta":"","header-below-stick-meta":"","astra-migrate-meta-layouts":"set","ast-page-background-enabled":"default","ast-page-background-meta":{"desktop":{"background-color":"var(--ast-global-color-4)","background-image":"","background-repeat":"repeat","background-position":"center center","background-size":"auto","background-attachment":"scroll","background-type":"","background-media":"","overlay-type":"","overlay-color":"","overlay-opacity":"","overlay-gradient":""},"tablet":{"background-color":"","background-image":"","background-repeat":"repeat","background-position":"center center","background-size":"auto","background-attachment":"scroll","background-type":"","background-media":"","overlay-type":"","overlay-color":"","overlay-opacity":"","overlay-gradient":""},"mobile":{"background-color":"","background-image":"","background-repeat":"repeat","background-position":"center center","background-size":"auto","background-attachment":"scroll","background-type":"","background-media":"","overlay-type":"","overlay-color":"","overlay-opacity":"","overlay-gradient":""}},"ast-content-background-meta":{"desktop":{"background-color":"var(--ast-global-color-5)","background-image":"","background-repeat":"repeat","background-position":"center center","background-size":"auto","background-attachment":"scroll","background-type":"","background-media":"","overlay-type":"","overlay-color":"","overlay-opacity":"","overlay-gradient":""},"tablet":{"background-color":"var(--ast-global-color-5)","background-image":"","background-repeat":"repeat","background-position":"center center","background-size":"auto","background-attachment":"scroll","background-type":"","background-media":"","overlay-type":"","overlay-color":"","overlay-opacity":"","overlay-gradient":""},"mobile":{"background-color":"var(--ast-global-color-5)","background-image":"","background-repeat":"repeat","background-position":"center center","background-size":"auto","background-attachment":"scroll","background-type":"","background-media":"","overlay-type":"","overlay-color":"","overlay-opacity":"","overlay-gradient":""}}},"product_cat":[48],"product_tag":[],"class_list":["post-4457","product","type-product","status-publish","has-post-thumbnail","hentry","product_cat-sunkaraoke-dalok","desktop-align-left","tablet-align-left","mobile-align-left"],"_links":{"self":[{"href":"https:\/\/www.sunkaraoke.hu\/index.php\/wp-json\/wp\/v2\/product\/4457","targetHints":{"allow":["GET"]}}],"collection":[{"href":"https:\/\/www.sunkaraoke.hu\/index.php\/wp-json\/wp\/v2\/product"}],"about":[{"href":"https:\/\/www.sunkaraoke.hu\/index.php\/wp-json\/wp\/v2\/types\/product"}],"wp:featuredmedia":[{"embeddable":true,"href":"https:\/\/www.sunkaraoke.hu\/index.php\/wp-json\/wp\/v2\/media\/9604"}],"wp:attachment":[{"href":"https:\/\/www.sunkaraoke.hu\/index.php\/wp-json\/wp\/v2\/media?parent=4457"}],"wp:term":[{"taxonomy":"product_cat","embeddable":true,"href":"https:\/\/www.sunkaraoke.hu\/index.php\/wp-json\/wp\/v2\/product_cat?post=4457"},{"taxonomy":"product_tag","embeddable":true,"href":"https:\/\/www.sunkaraoke.hu\/index.php\/wp-json\/wp\/v2\/product_tag?post=4457"}],"curies":[{"name":"wp","href":"https:\/\/api.w.org\/{rel}","templated":true}]}}