{"id":4456,"date":"2022-08-08T20:47:38","date_gmt":"2022-08-08T20:47:38","guid":{"rendered":"https:\/\/www.sunkaraoke.hu\/index.php\/termek\/notar-mary-notar-mary-megamix-2014\/"},"modified":"2025-03-29T11:34:27","modified_gmt":"2025-03-29T11:34:27","slug":"notar-mary-notar-mary-megamix-2014","status":"publish","type":"product","link":"https:\/\/www.sunkaraoke.hu\/index.php\/termek\/notar-mary-notar-mary-megamix-2014\/","title":{"rendered":"<div class=\"wcmp-player-container product-4456\"><audio controlslist=\"nodownload\" data-product=\"4456\"  volume=\"1\"  preload=\"none\" data-lazyloading=\"none\" class=\"wcmp-player track mejs-classic\" data-duration=\"0:33\" data-estimated_duration=\"4\"><source src=\"https:\/\/www.sunkaraoke.hu\/wp-content\/uploads\/2022\/08\/Notar-Mary-megamix-2014.-SB._demo.mp3\" type=\"audio\/mp3\" \/><\/audio><\/div>Notar Mary &#8211; Notar Mary Megamix ( Original SB. Edition)"},"content":{"rendered":"<p><strong>06:52<\/strong> | <strong><img loading=\"lazy\" decoding=\"async\" class=\"alignnone size-full wp-image-467\" src=\"https:\/\/www.sunkaraoke.hu\/wp-content\/uploads\/2022\/07\/choir_2-copy.webp\" alt=\"\" width=\"30\" height=\"30\" \/> <\/strong><\/p>\n","protected":false},"excerpt":{"rendered":"<h6><strong>Bits\u0171r\u0171s\u00e9g: 320 kb\/s<\/strong><br \/>\n<strong>Hossz: 06:52<\/strong><br \/>\n<strong>Vok\u00e1lt tartalmaz: Nem <img loading=\"lazy\" decoding=\"async\" class=\"alignnone size-full wp-image-467\" src=\"http:\/\/www.sunkaraoke.hu\/wp-content\/uploads\/2022\/07\/choir_2-copy.png\" alt=\"\" width=\"30\" height=\"30\" \/><\/strong><strong style=\"font-size: 16px;\"><br \/>\n<\/strong><\/h6>\n<p>Sunkaraoke mp3 st\u00fadi\u00f3 \/ www.sunkaraoke.hu \/ Inf: Tel: 06 20 4275001<\/p>\n<p>&#8212;Intr\u00f3&#8212;<br \/>\n\u00c1j le le le le le te de te ri lej li la la,<br \/>\n\u00e1j dilom alom alom alom aloma.<br \/>\nHopp te di rit ti t\u00e1,<br \/>\nti ri ri t\u00e1 di ri de li da di dam.<br \/>\nAlom alom alom alom\u00e1 lom\u00e1 lom\u00e1 lom.<br \/>\nFelveszem a piros sz\u00edn\u0171 ruh\u00e1mat,<br \/>\nelfeledem az \u00e9n csalfa bab\u00e1mat.<br \/>\nNem szomorkodom m\u00e1r ut\u00e1nad,<br \/>\nl\u00e1togasd a mam\u00e1dat.<br \/>\nElmegyek az \u00e9jszak\u00e1ba mulatni,<br \/>\nnem fogok \u00e9n senki ut\u00e1n kutatni.<br \/>\nAz eml\u00e9kedet vigye el a b\u00fab\u00e1nat,<br \/>\n\u00e9n nem s\u00edrok m\u00e1r ut\u00e1nad.<br \/>\nHopp te di rit ta la hopp te di rit ta la,<br \/>\nta ri dap ta ri di ta la la ta na na.<br \/>\nAlom alom a loma lom, sa na na na na na na,<br \/>\nalom alom a na na na na na na na.<br \/>\nEgyet, kett\u0151t p\u00f6rd\u00fcl\u00f6k a cig\u00e1nnyal,<br \/>\nj\u00f3l \u00e9rzem magamat a sok zsiv\u00e1nnyal.<br \/>\nNem t\u00f6r\u0151d\u00f6m semmivel a vil\u00e1gon,<br \/>\na j\u00f3 kedvet \u00e9n im\u00e1dom.<br \/>\nJekh duj trin shtar, nincsen most m\u00e1r b\u00fab\u00e1nat,<br \/>\nkit\u00e1rom a sz\u00edvemet a vil\u00e1gnak.<br \/>\nMost m\u00e1r bel\u00e1ttam a hib\u00e1mat,<br \/>\nbye bye az \u00e9n bab\u00e1mnak.<br \/>\nHopp te di rit ta la, hopp te di rit ta la,<br \/>\nta ri dap ta ri di ta la la ta na na.<br \/>\nAlom alom a loma lom, sa na na na na na na,<br \/>\nalom alom a na na na na na na na.<br \/>\nHopp te di rit ta la, hopp te di rit ta la,<br \/>\nta ri dap ta ri di ta la la ta na na.<br \/>\nAlom alom a loma lom, sa na na na na na na,<br \/>\nalom alom a na na na na na na na.<br \/>\n\u00d3, de cuki, de cuki, jaj de cuki, de cuki,<br \/>\n\u00f3, de cuki, de cuki, jaj de cuki, cuki, cuki.<br \/>\nElhagyott engem az ember,jaj de boldogg\u00e1 tett ezzel.<br \/>\nFelveszem az \u00fcnnepl\u0151met,jaj de kinevetem \u0151tet.<br \/>\nOszt&#8217; m\u00e9g azt mondta j\u00f3 lesz nekem,<br \/>\na tenyer\u00e9n hordoz engem.<br \/>\nTejbe-vajba f\u00fcrdik velem, de j\u00f3 sorsom lesz \u00e9nnekem.<br \/>\nMondta, hogy jaj de cuki a l\u00e1ny,<br \/>\nsz\u00e9p kukoricasz\u00e1r, megl\u00e1sd te leszel a bab\u00e1m.<br \/>\nA k\u00e9t barna szemed, elveszi az eszem,meg a cs\u00f3kos sz\u00e1d.<br \/>\nJaj de cuki a l\u00e1ny,sz\u00e9p kukoricasz\u00e1r,<br \/>\nmegl\u00e1sd te leszel a bab\u00e1m.<br \/>\nA k\u00e9t barna szemed, elveszi az eszem,meg a cs\u00f3kos sz\u00e1d.<br \/>\n\u00d3, de cuki, de cuki, jaj de cuki, de cuki,<br \/>\n\u00f3, de cuki, de cuki, jaj de cuki, cuki, cuki.<br \/>\nKidob\u00e1ltam a ruh\u00e1it,meg sem \u00e1lltam a kuk\u00e1ig.<br \/>\n\u00d6sszeteszem a k\u00e9t kezem,<br \/>\neddig hol volt az \u00e9n eszem.<br \/>\nJaj mert elhagyott engem az ember,<br \/>\njaj de boldogg\u00e1 tett ezzel.<br \/>\nFelveszem az \u00fcnnepl\u0151met, jaj de kinevetem \u0151tet.<br \/>\nMondta, hogy jaj de cuki a l\u00e1ny,<br \/>\nsz\u00e9p kukoricasz\u00e1r megl\u00e1sd te leszel a bab\u00e1m.<br \/>\nA k\u00e9t barna szemed, elveszi az eszem,meg a cs\u00f3kos sz\u00e1d.<br \/>\nJaj de cuki a l\u00e1ny,sz\u00e9p kukoricasz\u00e1r megl\u00e1sd te leszel a bab\u00e1m.<br \/>\nA k\u00e9t barna szemed, elveszi az eszem,meg a cs\u00f3kos sz\u00e1d.<br \/>\n&#8212;Sz\u00f3l\u00f3&#8212;<br \/>\nSz\u00edvb\u0151l szeretlek, tiszta sz\u00edvb\u0151l t\u00e9ged,<br \/>\nszeress k\u00e9rlek, te is \u00fagy, ahogyan \u00e9n r\u00e9gen.<br \/>\nJobban ragyogsz n\u00e9kem, mint a nap az \u00e9gen,<br \/>\naranyba \u00f6lt\u00f6ztetem, \u00e9n az eg\u00e9sz \u00e9letedet.<\/p>\n<p>Ez\u00e9rt mondom, szeress engem,<br \/>\nszebb\u00e9 teszem \u00e9n az \u00e9letedet,<br \/>\nte vagy nekem, j\u00f3l tudod, hidd el,<br \/>\na mindenem, az \u00e9letem, a kicsike szerelmem.<br \/>\nGyere \u00f6lelj, cs\u00f3kolj engem,<br \/>\nfogd meg a kezem, dr\u00e1ga kicsi kincsem,<br \/>\nmegbocs\u00e1jtom \u00e9n minden b\u0171n\u00f6det.<\/p>\n<p>Itt a piros, na de hol piros,<br \/>\na haljak meg ebb\u0151l leszek milliomos,<br \/>\ndr\u00e1ga testv\u00e9rem \u00e9n megkeverem mint a k\u00e1rty\u00e1t,<br \/>\nakkor csalok, amikor l\u00e1tj\u00e1k.<br \/>\nNincsen annyi gy\u00e9m\u00e1nt, nincsen olyan sz\u00edv m\u00e1r,<br \/>\namelyik n\u00e9lk\u00fcled m\u00e1r dobogni tudna, \u00e9n sz\u00edvb\u0151l szeretlek.<br \/>\nEz\u00e9rt mondom, szeress engem,<br \/>\nszebb\u00e9 teszem \u00e9n az \u00e9letedet,<br \/>\nte vagy nekem, j\u00f3l tudod, hidd el,<br \/>\na mindenem, az \u00e9letem, a kicsike szerelmem.<br \/>\nGyere \u00f6lelj, cs\u00f3kolj engem,<br \/>\nfogd meg a kezem, dr\u00e1ga kicsi kincsem,<br \/>\nmegbocs\u00e1jtom \u00e9n minden b\u0171n\u00f6det.<br \/>\n\u00dagy szeretlek \u00e9n \u00fagy im\u00e1dlak<br \/>\nelfeledni, jaj, hogy tudn\u00e1lak,<br \/>\nelfeledni a k\u00e9t sz\u00e9p szemed,<br \/>\nsoha nem mondom, hogy Isten veled!<br \/>\nJobban ragyogsz n\u00e9kem, mint a nap az \u00e9gen,<br \/>\naranyba \u00f6lt\u00f6ztetem devla \u00e9n az eg\u00e9sz \u00e9letedet.<br \/>\n\u00c9s akkor itt a piros hol a piros,<br \/>\nh\u00e1rmat tolok, m\u00e9gis tilos! Zs\u00e1mo dovopp dovopp zs\u00e1mo dovopp pip\u00e1!<br \/>\nOszt kevergetem mint a k\u00e1rty\u00e1t, akkor csalok, mikor l\u00e1tj\u00e1k!<br \/>\nZs\u00e1mo zs\u00e1s\u00e9! Figyelj cumi-csumi!<\/p>\n<p>Ez\u00e9rt mondom, szeress engem,<br \/>\nszebb\u00e9 teszem \u00e9n az \u00e9letedet,<br \/>\nte vagy nekem, j\u00f3l tudod, hidd el,<br \/>\na mindenem, az \u00e9letem, a kicsike szerelmem.<br \/>\nGyere \u00f6lelj, cs\u00f3kolj engem,<br \/>\nfogd meg a kezem, dr\u00e1ga kicsi kincsem,<br \/>\nmegbocs\u00e1jtom \u00e9n minden b\u0171n\u00f6det.<br \/>\nEz\u00e9rt mondom, szeress engem,<br \/>\nszebb\u00e9 teszem \u00e9n az \u00e9letedet,<br \/>\nte vagy nekem, j\u00f3l tudod, hidd el,<br \/>\na mindenem, az \u00e9letem, a kicsike szerelmem.<br \/>\nGyere \u00f6lelj, cs\u00f3kolj engem,<br \/>\nfogd meg a kezem, dr\u00e1ga kicsi kincsem,<br \/>\nmegbocs\u00e1jtom \u00e9n minden b\u0171n\u00f6det.<br \/>\n&#8212;V\u00e9ge&#8212;<\/p>\n","protected":false},"featured_media":8740,"template":"","meta":{"site-sidebar-layout":"default","site-content-layout":"default","ast-site-content-layout":"default","site-content-style":"default","site-sidebar-style":"default","ast-global-header-display":"","ast-banner-title-visibility":"","ast-main-header-display":"","ast-hfb-above-header-display":"","ast-hfb-below-header-display":"","ast-hfb-mobile-header-display":"","site-post-title":"","ast-breadcrumbs-content":"","ast-featured-img":"","footer-sml-layout":"","theme-transparent-header-meta":"default","adv-header-id-meta":"","stick-header-meta":"","header-above-stick-meta":"","header-main-stick-meta":"","header-below-stick-meta":"","astra-migrate-meta-layouts":"set","ast-page-background-enabled":"default","ast-page-background-meta":{"desktop":{"background-color":"var(--ast-global-color-4)","background-image":"","background-repeat":"repeat","background-position":"center center","background-size":"auto","background-attachment":"scroll","background-type":"","background-media":"","overlay-type":"","overlay-color":"","overlay-opacity":"","overlay-gradient":""},"tablet":{"background-color":"","background-image":"","background-repeat":"repeat","background-position":"center center","background-size":"auto","background-attachment":"scroll","background-type":"","background-media":"","overlay-type":"","overlay-color":"","overlay-opacity":"","overlay-gradient":""},"mobile":{"background-color":"","background-image":"","background-repeat":"repeat","background-position":"center center","background-size":"auto","background-attachment":"scroll","background-type":"","background-media":"","overlay-type":"","overlay-color":"","overlay-opacity":"","overlay-gradient":""}},"ast-content-background-meta":{"desktop":{"background-color":"var(--ast-global-color-5)","background-image":"","background-repeat":"repeat","background-position":"center center","background-size":"auto","background-attachment":"scroll","background-type":"","background-media":"","overlay-type":"","overlay-color":"","overlay-opacity":"","overlay-gradient":""},"tablet":{"background-color":"var(--ast-global-color-5)","background-image":"","background-repeat":"repeat","background-position":"center center","background-size":"auto","background-attachment":"scroll","background-type":"","background-media":"","overlay-type":"","overlay-color":"","overlay-opacity":"","overlay-gradient":""},"mobile":{"background-color":"var(--ast-global-color-5)","background-image":"","background-repeat":"repeat","background-position":"center center","background-size":"auto","background-attachment":"scroll","background-type":"","background-media":"","overlay-type":"","overlay-color":"","overlay-opacity":"","overlay-gradient":""}}},"product_cat":[48],"product_tag":[],"class_list":["post-4456","product","type-product","status-publish","has-post-thumbnail","hentry","product_cat-sunkaraoke-dalok","desktop-align-left","tablet-align-left","mobile-align-left"],"_links":{"self":[{"href":"https:\/\/www.sunkaraoke.hu\/index.php\/wp-json\/wp\/v2\/product\/4456","targetHints":{"allow":["GET"]}}],"collection":[{"href":"https:\/\/www.sunkaraoke.hu\/index.php\/wp-json\/wp\/v2\/product"}],"about":[{"href":"https:\/\/www.sunkaraoke.hu\/index.php\/wp-json\/wp\/v2\/types\/product"}],"wp:featuredmedia":[{"embeddable":true,"href":"https:\/\/www.sunkaraoke.hu\/index.php\/wp-json\/wp\/v2\/media\/8740"}],"wp:attachment":[{"href":"https:\/\/www.sunkaraoke.hu\/index.php\/wp-json\/wp\/v2\/media?parent=4456"}],"wp:term":[{"taxonomy":"product_cat","embeddable":true,"href":"https:\/\/www.sunkaraoke.hu\/index.php\/wp-json\/wp\/v2\/product_cat?post=4456"},{"taxonomy":"product_tag","embeddable":true,"href":"https:\/\/www.sunkaraoke.hu\/index.php\/wp-json\/wp\/v2\/product_tag?post=4456"}],"curies":[{"name":"wp","href":"https:\/\/api.w.org\/{rel}","templated":true}]}}