{"id":4455,"date":"2022-08-08T20:47:37","date_gmt":"2022-08-08T20:47:37","guid":{"rendered":"https:\/\/www.sunkaraoke.hu\/index.php\/termek\/notar-mary-jali-dali-remix\/"},"modified":"2025-03-29T11:38:14","modified_gmt":"2025-03-29T11:38:14","slug":"notar-mary-jali-dali-remix","status":"publish","type":"product","link":"https:\/\/www.sunkaraoke.hu\/index.php\/termek\/notar-mary-jali-dali-remix\/","title":{"rendered":"<div class=\"wcmp-player-container product-4455\"><audio controlslist=\"nodownload\" data-product=\"4455\"  volume=\"1\"  preload=\"none\" data-lazyloading=\"none\" class=\"wcmp-player track mejs-classic\" data-duration=\"0:35\" data-estimated_duration=\"4\"><source src=\"https:\/\/www.sunkaraoke.hu\/wp-content\/uploads\/2022\/08\/Jali_demo.mp3\" type=\"audio\/mp3\" \/><\/audio><\/div>Notar Mary &#8211; Jali Dali (Original SB. Edition)"},"content":{"rendered":"<p><strong>03:03<\/strong> | <strong><img loading=\"lazy\" decoding=\"async\" class=\"alignnone size-full wp-image-467\" src=\"https:\/\/www.sunkaraoke.hu\/wp-content\/uploads\/2022\/07\/choir_2-copy.webp\" alt=\"\" width=\"30\" height=\"30\" \/> <\/strong><\/p>\n","protected":false},"excerpt":{"rendered":"<h6>Bits\u0171r\u0171s\u00e9g: 320 kb\/s<br \/>\nHossz: 03:03<br \/>\nVok\u00e1lt tartalmaz: Nem <img loading=\"lazy\" decoding=\"async\" class=\"alignnone size-full wp-image-467\" src=\"http:\/\/www.sunkaraoke.hu\/wp-content\/uploads\/2022\/07\/choir_2-copy.png\" alt=\"\" width=\"30\" height=\"30\" \/><strong style=\"font-size: 16px;\"><br \/>\n<\/strong><\/h6>\n<p>Sunkaraoke mp3 st\u00fadi\u00f3 \/ www.sunkaraoke.hu \/ Inf: Tel: 06 20 4275001<\/p>\n<p>J\u00e1li, d\u00e1li, d\u00e1li, d\u00e1li, d\u00e1li&#8230;&#8230;<br \/>\nide oda sarkalok,mindj\u00e1rt meg is mutatom!<br \/>\nElsz\u00e9d\u00edtesz engemet,az \u00e9n bolond fejemet a fejemet,<br \/>\na j\u00e1li d\u00e1li&#8230;.<br \/>\nAz \u00e9n sz\u00edvem m\u00e1r csakis t\u00e9ged szeret, \u00f3h d\u00e1li, d\u00e1li, d\u00e1li.<br \/>\nMegette m\u00e1r a fene, elsz\u00f6k\u00fcnk estefele, elsz\u00f6k\u00fcnk a vil\u00e1gba,<br \/>\nbebizony\u00edtom kedvesem hogy im\u00e1dlak.<\/p>\n<p>Gyere, gyere t\u00e1ncolj nekem, ha m\u00e1r elsz\u00e9d\u00edtetted a fejem,<br \/>\ngyere, gyere t\u00e1ncolj csak velem,<br \/>\nide oda sarkalom,mindj\u00e1rt meg is mutatom!<br \/>\nGyere, gyere t\u00e1ncolj nekem, ha m\u00e1r elsz\u00e9d\u00edtetted a fejem,<br \/>\ngyere, gyere t\u00e1ncolj csak velem,<br \/>\nide oda sarkalom,mindj\u00e1rt meg is mutatom!<\/p>\n<p>De szeretek mulatni, csakis veled t\u00e1ncolni, de t\u00e1ncolni,j\u00e1li, d\u00e1li, d\u00e1li&#8230;<br \/>\n\u00c1t\u00f6lelni s az \u00e9des sz\u00e1dat cs\u00f3kolni.<br \/>\nTetszel nekem kedvesem, bel\u00e9d estem rendesen,<br \/>\nrendesen de j\u00e1li, d\u00e1li, d\u00e1li&#8230;<br \/>\nK\u00e9z a k\u00e9zben elsz\u00f6k\u00fcnk majd csendesen.<\/p>\n<p>Gyere, gyere t\u00e1ncolj nekem, ha m\u00e1r elsz\u00e9d\u00edtetted a fejem,<br \/>\ngyere, gyere t\u00e1ncolj csak velem,<br \/>\nide oda sarkalom,mindj\u00e1rt meg is mutatom!<br \/>\nGyere, gyere t\u00e1ncolj nekem, ha m\u00e1r elsz\u00e9d\u00edtetted a fejem,<br \/>\ngyere, gyere t\u00e1ncolj csak velem,<br \/>\nide oda sarkalom,mindj\u00e1rt meg is mutatom!<br \/>\n&#8212;Sz\u00f3l\u00f3&#8212;<br \/>\nGyere, gyere t\u00e1ncolj nekem, ha m\u00e1r elsz\u00e9d\u00edtetted a fejem,<br \/>\ngyere, gyere t\u00e1ncolj csak velem,<br \/>\nide oda sarkalom,mindj\u00e1rt meg is mutatom!<br \/>\nGyere, gyere t\u00e1ncolj nekem, ha m\u00e1r elsz\u00e9d\u00edtetted a fejem,<br \/>\ngyere, gyere t\u00e1ncolj csak velem,<br \/>\nide oda sarkalom,mindj\u00e1rt meg is mutatom!<br \/>\nGyere, gyere t\u00e1ncolj nekem, ha m\u00e1r elsz\u00e9d\u00edtetted a fejem,<br \/>\ngyere, gyere t\u00e1ncolj csak velem,<br \/>\nide oda sarkalom,mindj\u00e1rt meg is mutatom!<br \/>\nGyere, gyere t\u00e1ncolj nekem, ha m\u00e1r elsz\u00e9d\u00edtetted a fejem,<br \/>\ngyere, gyere t\u00e1ncolj csak velem,<br \/>\nide oda sarkalom,mindj\u00e1rt meg is mutatom!<br \/>\n&#8212;V\u00e9ge&#8212;<\/p>\n","protected":false},"featured_media":8740,"template":"","meta":{"site-sidebar-layout":"default","site-content-layout":"default","ast-site-content-layout":"default","site-content-style":"default","site-sidebar-style":"default","ast-global-header-display":"","ast-banner-title-visibility":"","ast-main-header-display":"","ast-hfb-above-header-display":"","ast-hfb-below-header-display":"","ast-hfb-mobile-header-display":"","site-post-title":"","ast-breadcrumbs-content":"","ast-featured-img":"","footer-sml-layout":"","theme-transparent-header-meta":"default","adv-header-id-meta":"","stick-header-meta":"","header-above-stick-meta":"","header-main-stick-meta":"","header-below-stick-meta":"","astra-migrate-meta-layouts":"set","ast-page-background-enabled":"default","ast-page-background-meta":{"desktop":{"background-color":"var(--ast-global-color-4)","background-image":"","background-repeat":"repeat","background-position":"center center","background-size":"auto","background-attachment":"scroll","background-type":"","background-media":"","overlay-type":"","overlay-color":"","overlay-opacity":"","overlay-gradient":""},"tablet":{"background-color":"","background-image":"","background-repeat":"repeat","background-position":"center center","background-size":"auto","background-attachment":"scroll","background-type":"","background-media":"","overlay-type":"","overlay-color":"","overlay-opacity":"","overlay-gradient":""},"mobile":{"background-color":"","background-image":"","background-repeat":"repeat","background-position":"center center","background-size":"auto","background-attachment":"scroll","background-type":"","background-media":"","overlay-type":"","overlay-color":"","overlay-opacity":"","overlay-gradient":""}},"ast-content-background-meta":{"desktop":{"background-color":"var(--ast-global-color-5)","background-image":"","background-repeat":"repeat","background-position":"center center","background-size":"auto","background-attachment":"scroll","background-type":"","background-media":"","overlay-type":"","overlay-color":"","overlay-opacity":"","overlay-gradient":""},"tablet":{"background-color":"var(--ast-global-color-5)","background-image":"","background-repeat":"repeat","background-position":"center center","background-size":"auto","background-attachment":"scroll","background-type":"","background-media":"","overlay-type":"","overlay-color":"","overlay-opacity":"","overlay-gradient":""},"mobile":{"background-color":"var(--ast-global-color-5)","background-image":"","background-repeat":"repeat","background-position":"center center","background-size":"auto","background-attachment":"scroll","background-type":"","background-media":"","overlay-type":"","overlay-color":"","overlay-opacity":"","overlay-gradient":""}}},"product_cat":[48],"product_tag":[],"class_list":["post-4455","product","type-product","status-publish","has-post-thumbnail","hentry","product_cat-sunkaraoke-dalok","desktop-align-left","tablet-align-left","mobile-align-left"],"_links":{"self":[{"href":"https:\/\/www.sunkaraoke.hu\/index.php\/wp-json\/wp\/v2\/product\/4455","targetHints":{"allow":["GET"]}}],"collection":[{"href":"https:\/\/www.sunkaraoke.hu\/index.php\/wp-json\/wp\/v2\/product"}],"about":[{"href":"https:\/\/www.sunkaraoke.hu\/index.php\/wp-json\/wp\/v2\/types\/product"}],"wp:featuredmedia":[{"embeddable":true,"href":"https:\/\/www.sunkaraoke.hu\/index.php\/wp-json\/wp\/v2\/media\/8740"}],"wp:attachment":[{"href":"https:\/\/www.sunkaraoke.hu\/index.php\/wp-json\/wp\/v2\/media?parent=4455"}],"wp:term":[{"taxonomy":"product_cat","embeddable":true,"href":"https:\/\/www.sunkaraoke.hu\/index.php\/wp-json\/wp\/v2\/product_cat?post=4455"},{"taxonomy":"product_tag","embeddable":true,"href":"https:\/\/www.sunkaraoke.hu\/index.php\/wp-json\/wp\/v2\/product_tag?post=4455"}],"curies":[{"name":"wp","href":"https:\/\/api.w.org\/{rel}","templated":true}]}}