{"id":4447,"date":"2022-08-08T20:47:37","date_gmt":"2022-08-08T20:47:37","guid":{"rendered":"https:\/\/www.sunkaraoke.hu\/index.php\/termek\/domotor-balazs-internetado\/"},"modified":"2026-02-14T15:46:12","modified_gmt":"2026-02-14T13:46:12","slug":"domotor-balazs-internetado","status":"publish","type":"product","link":"https:\/\/www.sunkaraoke.hu\/index.php\/termek\/domotor-balazs-internetado\/","title":{"rendered":"<div class=\"wcmp-player-container product-4447\"><audio controlslist=\"nodownload\" data-product=\"4447\"  volume=\"1\"  preload=\"none\" data-lazyloading=\"none\" class=\"wcmp-player track mejs-classic\" data-duration=\"0:34\" data-estimated_duration=\"4\"><source src=\"https:\/\/www.sunkaraoke.hu\/wp-content\/uploads\/2022\/08\/Internetado-DB.-demo.mp3\" type=\"audio\/mp3\" \/><\/audio><\/div>D\u00f6m\u00f6t\u00f6r Bal\u00e1zs &#8211; Internetad\u00f3 (Original)"},"content":{"rendered":"<p><strong>02:53<\/strong> | <strong><img loading=\"lazy\" decoding=\"async\" class=\"alignnone size-full wp-image-467\" src=\"https:\/\/www.sunkaraoke.hu\/wp-content\/uploads\/2022\/07\/choir_2-copy.webp\" alt=\"\" width=\"30\" height=\"30\" \/> <\/strong><\/p>\n","protected":false},"excerpt":{"rendered":"<h6><strong>Bits\u0171r\u0171s\u00e9g: 320<\/strong>kb\/s<strong><br \/>\n<\/strong><strong>Hossz: <\/strong>02:53<strong><br \/>\n<\/strong><strong style=\"font-size: 16px;\">Vok\u00e1lt tartalmaz: <\/strong>Nem <img loading=\"lazy\" decoding=\"async\" class=\"alignnone size-full wp-image-467\" src=\"http:\/\/www.sunkaraoke.hu\/wp-content\/uploads\/2022\/07\/choir_2-copy.png\" alt=\"\" width=\"30\" height=\"30\" \/><strong style=\"font-size: 16px;\"><br \/>\n<\/strong><\/h6>\n<p>Sunkaraoke mp3 st\u00fadi\u00f3 \/ www.sunkaraoke.hu \/ Inf: Tel: 06 20 4275001<\/p>\n<p>&#8212;Intr\u00f3&#8212;<br \/>\nEngem nem izgat az internet ad\u00f3,<br \/>\nsem az Orb\u00e1n kir\u00e1ly, sem a v\u00e9grehajt\u00f3.<br \/>\nEldobom a s\u00e1rga csekkeket,<br \/>\nelmulatom minden p\u00e9nzemet.<br \/>\nA Lokolo a lokol\u00e9\u00f3, a lok a lokol\u00e9o!<br \/>\nA lokol\u00e9\u00f3, a lok a lokol\u00e9o!<br \/>\nA Lokolo a lokol\u00e9\u00f3, a lok a lokol\u00e9o!<br \/>\nA lokol\u00e9\u00f3, a lok a lokol\u00e9o!<br \/>\n&#8212;Sz\u00f3l\u00f3&#8212;<br \/>\nA gy\u00e1rban a munk\u00e1t befejeztem,<br \/>\nb\u00e1natomat az itallal felejtem.<br \/>\nA legjobbakkal bulizunk ma \u00e9jszaka,<br \/>\nnem megy\u00fcnk mi innen m\u00e9g haza.<br \/>\nA Lokolo a lokol\u00e9\u00f3, a lok a lokol\u00e9o!<br \/>\nA lokol\u00e9\u00f3, a lok a lokol\u00e9o!<br \/>\nA Lokolo a lokol\u00e9\u00f3, a lok a lokol\u00e9o!<br \/>\nA lokol\u00e9\u00f3, a lok a lokol\u00e9o!<br \/>\n&#8212;Sz\u00f3l\u00f3&#8212;<br \/>\nA fejem is sz\u00e9d\u00fcl a f\u00e9ny is forog,<br \/>\niszok egy picit de a gyomorom is korog.<br \/>\nSzakadt a gaty\u00e1m \u00e9s lyukas a zsebem,<br \/>\nnegyvenh\u00e9tb\u0151l meg\u00e9lni m\u00e9gsem lehet!<br \/>\nA Lokolo a lokol\u00e9\u00f3, a lok a lokol\u00e9o!<br \/>\nA lokol\u00e9\u00f3, a lok a lokol\u00e9o!<br \/>\nA Lokolo a lokol\u00e9\u00f3, a lok a lokol\u00e9o!<br \/>\nA lokol\u00e9\u00f3, a lok a lokol\u00e9o!<br \/>\n&#8212;V\u00e9ge&#8212;<\/p>\n","protected":false},"featured_media":13436,"template":"","meta":{"site-sidebar-layout":"default","site-content-layout":"default","ast-site-content-layout":"default","site-content-style":"default","site-sidebar-style":"default","ast-global-header-display":"","ast-banner-title-visibility":"","ast-main-header-display":"","ast-hfb-above-header-display":"","ast-hfb-below-header-display":"","ast-hfb-mobile-header-display":"","site-post-title":"","ast-breadcrumbs-content":"","ast-featured-img":"","footer-sml-layout":"","theme-transparent-header-meta":"default","adv-header-id-meta":"","stick-header-meta":"","header-above-stick-meta":"","header-main-stick-meta":"","header-below-stick-meta":"","astra-migrate-meta-layouts":"set","ast-page-background-enabled":"default","ast-page-background-meta":{"desktop":{"background-color":"var(--ast-global-color-4)","background-image":"","background-repeat":"repeat","background-position":"center center","background-size":"auto","background-attachment":"scroll","background-type":"","background-media":"","overlay-type":"","overlay-color":"","overlay-opacity":"","overlay-gradient":""},"tablet":{"background-color":"","background-image":"","background-repeat":"repeat","background-position":"center center","background-size":"auto","background-attachment":"scroll","background-type":"","background-media":"","overlay-type":"","overlay-color":"","overlay-opacity":"","overlay-gradient":""},"mobile":{"background-color":"","background-image":"","background-repeat":"repeat","background-position":"center center","background-size":"auto","background-attachment":"scroll","background-type":"","background-media":"","overlay-type":"","overlay-color":"","overlay-opacity":"","overlay-gradient":""}},"ast-content-background-meta":{"desktop":{"background-color":"var(--ast-global-color-5)","background-image":"","background-repeat":"repeat","background-position":"center center","background-size":"auto","background-attachment":"scroll","background-type":"","background-media":"","overlay-type":"","overlay-color":"","overlay-opacity":"","overlay-gradient":""},"tablet":{"background-color":"var(--ast-global-color-5)","background-image":"","background-repeat":"repeat","background-position":"center center","background-size":"auto","background-attachment":"scroll","background-type":"","background-media":"","overlay-type":"","overlay-color":"","overlay-opacity":"","overlay-gradient":""},"mobile":{"background-color":"var(--ast-global-color-5)","background-image":"","background-repeat":"repeat","background-position":"center center","background-size":"auto","background-attachment":"scroll","background-type":"","background-media":"","overlay-type":"","overlay-color":"","overlay-opacity":"","overlay-gradient":""}}},"product_cat":[46],"product_tag":[],"class_list":["post-4447","product","type-product","status-publish","has-post-thumbnail","hentry","product_cat-eredeti-karaoke-dalok","desktop-align-left","tablet-align-left","mobile-align-left"],"_links":{"self":[{"href":"https:\/\/www.sunkaraoke.hu\/index.php\/wp-json\/wp\/v2\/product\/4447","targetHints":{"allow":["GET"]}}],"collection":[{"href":"https:\/\/www.sunkaraoke.hu\/index.php\/wp-json\/wp\/v2\/product"}],"about":[{"href":"https:\/\/www.sunkaraoke.hu\/index.php\/wp-json\/wp\/v2\/types\/product"}],"wp:featuredmedia":[{"embeddable":true,"href":"https:\/\/www.sunkaraoke.hu\/index.php\/wp-json\/wp\/v2\/media\/13436"}],"wp:attachment":[{"href":"https:\/\/www.sunkaraoke.hu\/index.php\/wp-json\/wp\/v2\/media?parent=4447"}],"wp:term":[{"taxonomy":"product_cat","embeddable":true,"href":"https:\/\/www.sunkaraoke.hu\/index.php\/wp-json\/wp\/v2\/product_cat?post=4447"},{"taxonomy":"product_tag","embeddable":true,"href":"https:\/\/www.sunkaraoke.hu\/index.php\/wp-json\/wp\/v2\/product_tag?post=4447"}],"curies":[{"name":"wp","href":"https:\/\/api.w.org\/{rel}","templated":true}]}}