{"id":4445,"date":"2022-08-08T20:47:37","date_gmt":"2022-08-08T20:47:37","guid":{"rendered":"https:\/\/www.sunkaraoke.hu\/index.php\/termek\/sihell-ferry-henna-eljatsszuk-szazszor\/"},"modified":"2025-04-04T13:09:47","modified_gmt":"2025-04-04T13:09:47","slug":"sihell-ferry-henna-eljatsszuk-szazszor","status":"publish","type":"product","link":"https:\/\/www.sunkaraoke.hu\/index.php\/termek\/sihell-ferry-henna-eljatsszuk-szazszor\/","title":{"rendered":"<div class=\"wcmp-player-container product-4445\"><audio controlslist=\"nodownload\" data-product=\"4445\"  volume=\"1\"  preload=\"none\" data-lazyloading=\"none\" class=\"wcmp-player track mejs-classic\" data-duration=\"0:35\" data-estimated_duration=\"4\"><source src=\"https:\/\/www.sunkaraoke.hu\/wp-content\/uploads\/2022\/08\/Eljatsszuk-szazszor-Ferry-SB-kdemoo.mp3\" type=\"audio\/mp3\" \/><\/audio><\/div>Sihell Ferry &#038; Henna &#8211; Elj\u00e1tsszuk sz\u00e1zszor (Original SB Edition))"},"content":{"rendered":"<p><strong>03:16<\/strong> | <strong><img loading=\"lazy\" decoding=\"async\" class=\"alignnone size-full wp-image-467\" src=\"https:\/\/www.sunkaraoke.hu\/wp-content\/uploads\/2022\/07\/choir_2-copy.webp\" alt=\"\" width=\"30\" height=\"30\" \/> <\/strong><\/p>\n","protected":false},"excerpt":{"rendered":"<h6><strong>Bits\u0171r\u0171s\u00e9g: 320<\/strong>kb\/s<strong><br \/>\n<\/strong><strong>Hossz: <\/strong>03:16<strong><br \/>\n<\/strong><strong style=\"font-size: 16px;\">Vok\u00e1lt tartalmaz: <\/strong>Nem <img loading=\"lazy\" decoding=\"async\" class=\"alignnone size-full wp-image-467\" src=\"http:\/\/www.sunkaraoke.hu\/wp-content\/uploads\/2022\/07\/choir_2-copy.png\" alt=\"\" width=\"30\" height=\"30\" \/><strong style=\"font-size: 16px;\"><br \/>\n<\/strong><\/h6>\n<p>Sunkaraoke mp3 st\u00fadi\u00f3 \/ www.sunkaraoke.hu \/ Inf: Tel: 06 20 4275001<\/p>\n<p>&#8212;Intr\u00f3&#8212;<br \/>\nElj\u00f6tt m\u00e1r a szombat este,<br \/>\narra v\u00e1rtunk eg\u00e9sz h\u00e9ten,<br \/>\nhogy mulassunk egy j\u00f3 nagyot,<br \/>\n\u00e9s feledj\u00fck a holnapot!<br \/>\nItt van m\u00e1r a szombat este,<br \/>\na b\u00e1natomat elfelejtem,<br \/>\nfelveszem a lantomat,<br \/>\naki vel\u00fcnk van az mulat.<\/p>\n<p>Elj\u00e1tsszuk sz\u00e1zszor majd, a n\u00f3t\u00e1dat,<br \/>\nhogy ne \u00f6lje a sz\u00edvedet a b\u00fab\u00e1nat,<br \/>\nhogy a k\u00f6nnyeid el tudd feledni,<br \/>\n\u00e9s \u00fajra tudj majd nevetni!<br \/>\nElj\u00e1tsszuk sz\u00e1zszor majd a n\u00f3t\u00e1dat,<br \/>\nhogy ne \u00f6lje a sz\u00edvedet a b\u00fab\u00e1nat,<br \/>\nhogy a k\u00f6nnyeid el tudd feledni,<br \/>\n\u00e9s \u00fajra tudj majd nevetni!<br \/>\n&#8212;Sz\u00f3l\u00f3&#8212;<br \/>\nElj\u00f6tt m\u00e1r a szombat este,<br \/>\nbulizz vel\u00fcnk eg\u00e9sz \u00e9jjel,<br \/>\nel\u0171zz\u00fck a gondokat,<br \/>\naki vel\u00fcnk van az mulat!<br \/>\nItt van m\u00e1r a szombat este,<br \/>\nigyunk egyet arra erre,<br \/>\nfelveszem a lantomat,<br \/>\naki vel\u00fcnk van az mulat.<\/p>\n<p>Elj\u00e1tsszuk sz\u00e1zszor majd, a n\u00f3t\u00e1dat,<br \/>\nhogy ne \u00f6lje a sz\u00edvedet a b\u00fab\u00e1nat,<br \/>\nhogy a k\u00f6nnyeid el tudd feledni,<br \/>\n\u00e9s \u00fajra tudj majd nevetni!<br \/>\nElj\u00e1tsszuk sz\u00e1zszor majd a n\u00f3t\u00e1dat,<br \/>\nhogy ne \u00f6lje a sz\u00edvedet a b\u00fab\u00e1nat,<br \/>\nhogy a k\u00f6nnyeid el tudd feledni,<br \/>\n\u00e9s \u00fajra tudj majd nevetni!<\/p>\n<p>Elj\u00e1tsszuk sz\u00e1zszor majd a n\u00f3t\u00e1dat,<br \/>\nhogy ne \u00f6lje a sz\u00edvedet a b\u00fab\u00e1nat,<br \/>\nhogy a k\u00f6nnyeid, el tudd feledni,<br \/>\n\u00e9s \u00fajra tudj, majd nevetni!<br \/>\nElj\u00e1tsszuk sz\u00e1zszor majd, a n\u00f3t\u00e1dat,<br \/>\nhogy ne \u00f6lje a sz\u00edvedet a b\u00fab\u00e1nat,<br \/>\nhogy a k\u00f6nnyeid, el tudd feledni,<br \/>\n\u00e9s \u00fajra tudj, majd nevetni!<br \/>\n\u00c9s \u00fajra tudj majd nevetni!<br \/>\n&#8212;V\u00e9ge&#8212;<\/p>\n","protected":false},"featured_media":9302,"template":"","meta":{"site-sidebar-layout":"default","site-content-layout":"default","ast-site-content-layout":"default","site-content-style":"default","site-sidebar-style":"default","ast-global-header-display":"","ast-banner-title-visibility":"","ast-main-header-display":"","ast-hfb-above-header-display":"","ast-hfb-below-header-display":"","ast-hfb-mobile-header-display":"","site-post-title":"","ast-breadcrumbs-content":"","ast-featured-img":"","footer-sml-layout":"","theme-transparent-header-meta":"default","adv-header-id-meta":"","stick-header-meta":"","header-above-stick-meta":"","header-main-stick-meta":"","header-below-stick-meta":"","astra-migrate-meta-layouts":"set","ast-page-background-enabled":"default","ast-page-background-meta":{"desktop":{"background-color":"var(--ast-global-color-4)","background-image":"","background-repeat":"repeat","background-position":"center center","background-size":"auto","background-attachment":"scroll","background-type":"","background-media":"","overlay-type":"","overlay-color":"","overlay-opacity":"","overlay-gradient":""},"tablet":{"background-color":"","background-image":"","background-repeat":"repeat","background-position":"center center","background-size":"auto","background-attachment":"scroll","background-type":"","background-media":"","overlay-type":"","overlay-color":"","overlay-opacity":"","overlay-gradient":""},"mobile":{"background-color":"","background-image":"","background-repeat":"repeat","background-position":"center center","background-size":"auto","background-attachment":"scroll","background-type":"","background-media":"","overlay-type":"","overlay-color":"","overlay-opacity":"","overlay-gradient":""}},"ast-content-background-meta":{"desktop":{"background-color":"var(--ast-global-color-5)","background-image":"","background-repeat":"repeat","background-position":"center center","background-size":"auto","background-attachment":"scroll","background-type":"","background-media":"","overlay-type":"","overlay-color":"","overlay-opacity":"","overlay-gradient":""},"tablet":{"background-color":"var(--ast-global-color-5)","background-image":"","background-repeat":"repeat","background-position":"center center","background-size":"auto","background-attachment":"scroll","background-type":"","background-media":"","overlay-type":"","overlay-color":"","overlay-opacity":"","overlay-gradient":""},"mobile":{"background-color":"var(--ast-global-color-5)","background-image":"","background-repeat":"repeat","background-position":"center center","background-size":"auto","background-attachment":"scroll","background-type":"","background-media":"","overlay-type":"","overlay-color":"","overlay-opacity":"","overlay-gradient":""}}},"product_cat":[48],"product_tag":[],"class_list":["post-4445","product","type-product","status-publish","has-post-thumbnail","hentry","product_cat-sunkaraoke-dalok","desktop-align-left","tablet-align-left","mobile-align-left"],"_links":{"self":[{"href":"https:\/\/www.sunkaraoke.hu\/index.php\/wp-json\/wp\/v2\/product\/4445","targetHints":{"allow":["GET"]}}],"collection":[{"href":"https:\/\/www.sunkaraoke.hu\/index.php\/wp-json\/wp\/v2\/product"}],"about":[{"href":"https:\/\/www.sunkaraoke.hu\/index.php\/wp-json\/wp\/v2\/types\/product"}],"wp:featuredmedia":[{"embeddable":true,"href":"https:\/\/www.sunkaraoke.hu\/index.php\/wp-json\/wp\/v2\/media\/9302"}],"wp:attachment":[{"href":"https:\/\/www.sunkaraoke.hu\/index.php\/wp-json\/wp\/v2\/media?parent=4445"}],"wp:term":[{"taxonomy":"product_cat","embeddable":true,"href":"https:\/\/www.sunkaraoke.hu\/index.php\/wp-json\/wp\/v2\/product_cat?post=4445"},{"taxonomy":"product_tag","embeddable":true,"href":"https:\/\/www.sunkaraoke.hu\/index.php\/wp-json\/wp\/v2\/product_tag?post=4445"}],"curies":[{"name":"wp","href":"https:\/\/api.w.org\/{rel}","templated":true}]}}