{"id":4442,"date":"2022-08-08T20:47:36","date_gmt":"2022-08-08T20:47:36","guid":{"rendered":"https:\/\/www.sunkaraoke.hu\/index.php\/termek\/boni-mama-este-elszoktetlek\/"},"modified":"2025-04-10T17:58:49","modified_gmt":"2025-04-10T17:58:49","slug":"boni-mama-este-elszoktetlek","status":"publish","type":"product","link":"https:\/\/www.sunkaraoke.hu\/index.php\/termek\/boni-mama-este-elszoktetlek\/","title":{"rendered":"<div class=\"wcmp-player-container product-4442\"><audio controlslist=\"nodownload\" data-product=\"4442\"  volume=\"1\"  preload=\"none\" data-lazyloading=\"none\" class=\"wcmp-player track mejs-classic\" data-duration=\"0:33\" data-estimated_duration=\"4\"><source src=\"https:\/\/www.sunkaraoke.hu\/wp-content\/uploads\/2022\/08\/Mama-este-elszoktetlek-Boni-Orig-kdemoo.mp3\" type=\"audio\/mp3\" \/><\/audio><\/div>Boni &#8211; M\u00e1ma este elsz\u00f6ktetlek (Original SB Edition)"},"content":{"rendered":"<p><strong>05:05<\/strong> | <strong><img loading=\"lazy\" decoding=\"async\" class=\"alignnone size-full wp-image-467\" src=\"https:\/\/www.sunkaraoke.hu\/wp-content\/uploads\/2022\/07\/choir_2-copy.webp\" alt=\"\" width=\"30\" height=\"30\" \/> <\/strong><\/p>\n","protected":false},"excerpt":{"rendered":"<h6><strong>Bits\u0171r\u0171s\u00e9g: 320<\/strong>kb\/s<strong><br \/>\n<\/strong><strong>Hossz: <\/strong>05:05<strong><br \/>\n<\/strong><strong style=\"font-size: 16px;\">Vok\u00e1lt tartalmaz: <\/strong>Nem <img loading=\"lazy\" decoding=\"async\" class=\"alignnone size-full wp-image-467\" src=\"http:\/\/www.sunkaraoke.hu\/wp-content\/uploads\/2022\/07\/choir_2-copy.png\" alt=\"\" width=\"30\" height=\"30\" \/><strong style=\"font-size: 16px;\"><br \/>\n<\/strong><\/h6>\n<p>Sunkaraoke mp3 st\u00fadi\u00f3 \/ www.sunkaraoke.hu \/ Inf: Tel: 06 20 4275001<\/p>\n<p>&#8212;-Intr\u00f3&#8212;-<br \/>\nFigyeld shej az ablakot, m\u00e1ma este \u00e9n gombozok,<br \/>\n\u00e1t,ti, r\u00e1, ti,t\u00e1, di, di, d\u00e1&#8230;.<br \/>\nAny\u00e1d, ap\u00e1dat megtagadod, ha a sz\u00e1mat megcs\u00f3kolod,<br \/>\n\u00e1t,ti, r\u00e1, ti,t\u00e1, di, di, d\u00e1&#8230;.<\/p>\n<p>M\u00e1ma este elsz\u00f6ktetlek, gyere, gyere, gyere,<br \/>\nboldog leszel jaj mellettem, shej..<br \/>\nM\u00e1ma este elsz\u00f6ktetlek, gyere, gyere, gyere,<br \/>\nboldog leszel jaj mellettem, shej..<\/p>\n<p>Ne ker\u00e1zzad magadat, mert te \u00e9rtem oda vagy,<br \/>\n\u00e1t,ti, r\u00e1, ti,t\u00e1, di, di, d\u00e1&#8230;<br \/>\nNyer\u0151 p\u00e1rosok mi lesz\u00fcnk, nem b\u00edrnak majd, majd mivel\u00fcnk,<br \/>\n\u00e1t,ti, r\u00e1, ti,t\u00e1, di, di, d\u00e1&#8230;<br \/>\nM\u00e1ma este elsz\u00f6ktetlek, gyere, gyere, gyere,<br \/>\nboldog leszel jaj mellettem, shej..<br \/>\nM\u00e1ma este elsz\u00f6ktetlek, gyere, gyere, gyere,<br \/>\nboldog leszel jaj mellettem, shej..<\/p>\n<p>\u00c1lom\u00e1, ri, t\u00e1, l\u00e1, l\u00e1, ri , t\u00e1, l\u00e1, l\u00e1, l\u00e1&#8230;<br \/>\n\u00e1t,ti, r\u00e1, ti,t\u00e1, di, di, d\u00e1&#8230;.<br \/>\n\u00c1lom\u00e1, ri, t\u00e1, l\u00e1, l\u00e1, ri , t\u00e1, l\u00e1, l\u00e1, l\u00e1&#8230;<br \/>\n\u00e1t,ti, r\u00e1, ti,t\u00e1, di, di, d\u00e1&#8230;.<\/p>\n<p>M\u00e1ma este elsz\u00f6ktetlek, gyere, gyere, gyere,<br \/>\nboldog leszel jaj mellettem, shej..<br \/>\nM\u00e1ma este elsz\u00f6ktetlek, gyere, gyere, gyere,<br \/>\nboldog leszel jaj mellettem, shej..<br \/>\n\u00c1lom\u00e1, ri, t\u00e1, l\u00e1, l\u00e1, ri , t\u00e1, l\u00e1, l\u00e1, l\u00e1&#8230;<br \/>\n\u00e1t,ti, r\u00e1, ti,t\u00e1, di, di, d\u00e1&#8230;.<br \/>\n\u00c1lom\u00e1, ri, t\u00e1, l\u00e1, l\u00e1, ri , t\u00e1, l\u00e1, l\u00e1, l\u00e1&#8230;<br \/>\n\u00e1t,ti, r\u00e1, ti,t\u00e1, di, di, d\u00e1&#8230;.<br \/>\n\u00c1lom\u00e1, ri, t\u00e1, l\u00e1, l\u00e1, ri , t\u00e1, l\u00e1, l\u00e1, l\u00e1&#8230;<br \/>\n\u00e1t,ti, r\u00e1, ti,t\u00e1, di, di, d\u00e1&#8230;.<br \/>\n\u00c1lom\u00e1, ri, t\u00e1, l\u00e1, l\u00e1, ri , t\u00e1, l\u00e1, l\u00e1, l\u00e1&#8230;<br \/>\n\u00e1t,ti, r\u00e1, ti,t\u00e1, di, di, d\u00e1&#8230;.<br \/>\n&#8212;Sz\u00f3l\u00f3&#8212;<br \/>\nVir\u00e1gokkal k\u00f6rbesz\u00f3rlak, cs\u00f3kolgatlak, simogatlak,<br \/>\n\u00e1t,ti, r\u00e1, ti,t\u00e1, di, di, d\u00e1&#8230;.<br \/>\nNyer\u0151 p\u00e1rosok mi lesz\u00fcnk, nem b\u00edrnak majd, majd mivel\u00fcnk,<br \/>\n\u00e1t,ti, r\u00e1, ti,t\u00e1, di, di, d\u00e1&#8230;<br \/>\nM\u00e1ma este elsz\u00f6ktetlek, gyere, gyere, gyere,<br \/>\nboldog leszel jaj mellettem, shej..<br \/>\nM\u00e1ma este elsz\u00f6ktetlek, gyere, gyere, gyere,<br \/>\nboldog leszel jaj mellettem, shej..<br \/>\nNe ker\u00e1zzad magadat, mert te \u00e9rtem oda vagy,<br \/>\n\u00e1t,ti, r\u00e1, ti,t\u00e1, di, di, d\u00e1&#8230;<br \/>\nVir\u00e1gokkal k\u00f6rbesz\u00f3rlak, cs\u00f3kolgatlak, simogatlak,<br \/>\n\u00e1t,ti, r\u00e1, ti,t\u00e1, di, di, d\u00e1&#8230;.<br \/>\nM\u00e1ma este elsz\u00f6ktetlek, gyere, gyere, gyere,<br \/>\nboldog leszel jaj mellettem, shej..<br \/>\nM\u00e1ma este elsz\u00f6ktetlek, gyere, gyere, gyere,<br \/>\nboldog leszel jaj mellettem, shej..<br \/>\n&#8212;V\u00e9ge&#8212;<\/p>\n","protected":false},"featured_media":18422,"template":"","meta":{"site-sidebar-layout":"default","site-content-layout":"default","ast-site-content-layout":"default","site-content-style":"default","site-sidebar-style":"default","ast-global-header-display":"","ast-banner-title-visibility":"","ast-main-header-display":"","ast-hfb-above-header-display":"","ast-hfb-below-header-display":"","ast-hfb-mobile-header-display":"","site-post-title":"","ast-breadcrumbs-content":"","ast-featured-img":"","footer-sml-layout":"","theme-transparent-header-meta":"default","adv-header-id-meta":"","stick-header-meta":"","header-above-stick-meta":"","header-main-stick-meta":"","header-below-stick-meta":"","astra-migrate-meta-layouts":"set","ast-page-background-enabled":"default","ast-page-background-meta":{"desktop":{"background-color":"var(--ast-global-color-4)","background-image":"","background-repeat":"repeat","background-position":"center center","background-size":"auto","background-attachment":"scroll","background-type":"","background-media":"","overlay-type":"","overlay-color":"","overlay-opacity":"","overlay-gradient":""},"tablet":{"background-color":"","background-image":"","background-repeat":"repeat","background-position":"center center","background-size":"auto","background-attachment":"scroll","background-type":"","background-media":"","overlay-type":"","overlay-color":"","overlay-opacity":"","overlay-gradient":""},"mobile":{"background-color":"","background-image":"","background-repeat":"repeat","background-position":"center center","background-size":"auto","background-attachment":"scroll","background-type":"","background-media":"","overlay-type":"","overlay-color":"","overlay-opacity":"","overlay-gradient":""}},"ast-content-background-meta":{"desktop":{"background-color":"var(--ast-global-color-5)","background-image":"","background-repeat":"repeat","background-position":"center center","background-size":"auto","background-attachment":"scroll","background-type":"","background-media":"","overlay-type":"","overlay-color":"","overlay-opacity":"","overlay-gradient":""},"tablet":{"background-color":"var(--ast-global-color-5)","background-image":"","background-repeat":"repeat","background-position":"center center","background-size":"auto","background-attachment":"scroll","background-type":"","background-media":"","overlay-type":"","overlay-color":"","overlay-opacity":"","overlay-gradient":""},"mobile":{"background-color":"var(--ast-global-color-5)","background-image":"","background-repeat":"repeat","background-position":"center center","background-size":"auto","background-attachment":"scroll","background-type":"","background-media":"","overlay-type":"","overlay-color":"","overlay-opacity":"","overlay-gradient":""}}},"product_cat":[48],"product_tag":[],"class_list":["post-4442","product","type-product","status-publish","has-post-thumbnail","hentry","product_cat-sunkaraoke-dalok","desktop-align-left","tablet-align-left","mobile-align-left"],"_links":{"self":[{"href":"https:\/\/www.sunkaraoke.hu\/index.php\/wp-json\/wp\/v2\/product\/4442","targetHints":{"allow":["GET"]}}],"collection":[{"href":"https:\/\/www.sunkaraoke.hu\/index.php\/wp-json\/wp\/v2\/product"}],"about":[{"href":"https:\/\/www.sunkaraoke.hu\/index.php\/wp-json\/wp\/v2\/types\/product"}],"wp:featuredmedia":[{"embeddable":true,"href":"https:\/\/www.sunkaraoke.hu\/index.php\/wp-json\/wp\/v2\/media\/18422"}],"wp:attachment":[{"href":"https:\/\/www.sunkaraoke.hu\/index.php\/wp-json\/wp\/v2\/media?parent=4442"}],"wp:term":[{"taxonomy":"product_cat","embeddable":true,"href":"https:\/\/www.sunkaraoke.hu\/index.php\/wp-json\/wp\/v2\/product_cat?post=4442"},{"taxonomy":"product_tag","embeddable":true,"href":"https:\/\/www.sunkaraoke.hu\/index.php\/wp-json\/wp\/v2\/product_tag?post=4442"}],"curies":[{"name":"wp","href":"https:\/\/api.w.org\/{rel}","templated":true}]}}