{"id":4436,"date":"2022-08-08T20:47:36","date_gmt":"2022-08-08T20:47:36","guid":{"rendered":"https:\/\/www.sunkaraoke.hu\/index.php\/termek\/akos-igazan\/"},"modified":"2025-04-01T11:06:20","modified_gmt":"2025-04-01T11:06:20","slug":"akos-igazan","status":"publish","type":"product","link":"https:\/\/www.sunkaraoke.hu\/index.php\/termek\/akos-igazan\/","title":{"rendered":"<div class=\"wcmp-player-container product-4436\"><audio controlslist=\"nodownload\" data-product=\"4436\"  volume=\"1\"  preload=\"none\" data-lazyloading=\"none\" class=\"wcmp-player track mejs-classic\" data-duration=\"0:32\" data-estimated_duration=\"4\"><source src=\"https:\/\/www.sunkaraoke.hu\/wp-content\/uploads\/2022\/08\/Igazan-Akos-E.-demoo-1.mp3\" type=\"audio\/mp3\" \/><\/audio><\/div>\u00c1kos &#8211; Igaz\u00e1n (Original)"},"content":{"rendered":"<p><strong>03:44<\/strong> | <strong><img loading=\"lazy\" decoding=\"async\" class=\"alignnone size-full wp-image-467\" src=\"https:\/\/www.sunkaraoke.hu\/wp-content\/uploads\/2022\/07\/choir_2-copy.webp\" alt=\"\" width=\"30\" height=\"30\" \/> <\/strong><\/p>\n","protected":false},"excerpt":{"rendered":"<h6><strong>Bits\u0171r\u0171s\u00e9g: 320<\/strong>kb\/s<strong><br \/>\n<\/strong><strong>Hossz: <\/strong>03:44<strong><br \/>\n<\/strong><strong style=\"font-size: 16px;\">Vok\u00e1lt tartalmaz: <\/strong>Nem <img loading=\"lazy\" decoding=\"async\" class=\"alignnone size-full wp-image-467\" src=\"http:\/\/www.sunkaraoke.hu\/wp-content\/uploads\/2022\/07\/choir_2-copy.png\" alt=\"\" width=\"30\" height=\"30\" \/><strong style=\"font-size: 16px;\"><br \/>\n<\/strong><\/h6>\n<p>Sunkaraoke mp3 st\u00fadi\u00f3 \/ www.sunkaraoke.hu \/ Inf: Tel: 06 20 4275001<\/p>\n<p>&#8212;Intr\u00f3&#8212;<br \/>\nA t\u00fck\u00f6r \u00f6sszeroppan,<br \/>\n\u00edgy m\u00e9g hom\u00e1lyosabban,<br \/>\nl\u00e1t, ki l\u00e1tni v\u00e9l,<br \/>\nde t\u00f6bbet rem\u00e9l, b\u00e1rkin\u00e9l.<\/p>\n<p>A szemnek l\u00e1thatatlan,<br \/>\nde sz\u00e1z meg sz\u00e1z alakban,<br \/>\n\u00e9rz\u00e9kelhet\u0151,az elt\u0171n\u0151 id\u0151ben is,ott van \u0151.<\/p>\n<p>\u00c9n nem k\u00e9rek, m\u00e1st,csak el\u00e9g id\u0151t,<br \/>\nigaz\u00e1n \u00e9rteni, keresni \u0151t.<br \/>\nAki f\u00e9lt \u00e9s rem\u00e9l,\u00e9s megh\u00edv, hogy l\u00e1ss,<br \/>\nigaz\u00e1n csak id\u0151t, \u00e9n nem k\u00e9rek m\u00e1st.<\/p>\n<p>Ha \u00e1lom csak az \u00e9let,<br \/>\negyszer mindenki fel\u00e9bred,<br \/>\negy tiszta hajnalon v\u00e1rja borzalom,<br \/>\nvagy irgalom.<\/p>\n<p>\u00c9n nem k\u00e9rek, m\u00e1st,csak el\u00e9g id\u0151t,<br \/>\nigaz\u00e1n \u00e9rteni,k\u00f6vetni \u0151t.<br \/>\nAki f\u00e9lt \u00e9s rem\u00e9l,\u00e9s megh\u00edv, hogy l\u00e1ss,<br \/>\nigaz\u00e1n csak id\u0151t, \u00e9n nem k\u00e9rek m\u00e1st.<\/p>\n<p>A v\u00e9ges n\u00e9zi a v\u00e9gtelent,<br \/>\ntal\u00e1lgatja, hogy mit jelent,<br \/>\nde k\u00e1oszb\u00f3l rend,gyilkosb\u00f3l szent,<br \/>\nnem lesz, csak akkor,ha \u0151 benned is megjelent.<br \/>\n&#8212;Sz\u00f3l\u00f3&#8212;<\/p>\n<p>\u00c9n nem k\u00e9rek, m\u00e1st, csak el\u00e9g id\u0151t,<br \/>\nigaz\u00e1n \u00e9rteni, szeretni \u0151t.<br \/>\nAki f\u00e9lt \u00e9s rem\u00e9l,\u00e9s megh\u00edv, hogy l\u00e1ss,<br \/>\nigaz\u00e1n csak id\u0151t, \u00e9n nem k\u00e9rek m\u00e1st.<br \/>\n\u00c9n nem k\u00e9rek, m\u00e1st,csak el\u00e9g id\u0151t,<br \/>\nigaz\u00e1n \u00e9rteni, szeretni \u0151t.<br \/>\nAki f\u00e9lt \u00e9s rem\u00e9l,\u00e9s megh\u00edv, hogy l\u00e1ss,<br \/>\nigaz\u00e1n csak id\u0151t, \u00e9n nem k\u00e9rek m\u00e1st.<\/p>\n<p>&#8212;V\u00e9ge&#8212;<\/p>\n","protected":false},"featured_media":8999,"template":"","meta":{"site-sidebar-layout":"default","site-content-layout":"default","ast-site-content-layout":"default","site-content-style":"default","site-sidebar-style":"default","ast-global-header-display":"","ast-banner-title-visibility":"","ast-main-header-display":"","ast-hfb-above-header-display":"","ast-hfb-below-header-display":"","ast-hfb-mobile-header-display":"","site-post-title":"","ast-breadcrumbs-content":"","ast-featured-img":"","footer-sml-layout":"","theme-transparent-header-meta":"default","adv-header-id-meta":"","stick-header-meta":"","header-above-stick-meta":"","header-main-stick-meta":"","header-below-stick-meta":"","astra-migrate-meta-layouts":"set","ast-page-background-enabled":"default","ast-page-background-meta":{"desktop":{"background-color":"var(--ast-global-color-4)","background-image":"","background-repeat":"repeat","background-position":"center center","background-size":"auto","background-attachment":"scroll","background-type":"","background-media":"","overlay-type":"","overlay-color":"","overlay-opacity":"","overlay-gradient":""},"tablet":{"background-color":"","background-image":"","background-repeat":"repeat","background-position":"center center","background-size":"auto","background-attachment":"scroll","background-type":"","background-media":"","overlay-type":"","overlay-color":"","overlay-opacity":"","overlay-gradient":""},"mobile":{"background-color":"","background-image":"","background-repeat":"repeat","background-position":"center center","background-size":"auto","background-attachment":"scroll","background-type":"","background-media":"","overlay-type":"","overlay-color":"","overlay-opacity":"","overlay-gradient":""}},"ast-content-background-meta":{"desktop":{"background-color":"var(--ast-global-color-5)","background-image":"","background-repeat":"repeat","background-position":"center center","background-size":"auto","background-attachment":"scroll","background-type":"","background-media":"","overlay-type":"","overlay-color":"","overlay-opacity":"","overlay-gradient":""},"tablet":{"background-color":"var(--ast-global-color-5)","background-image":"","background-repeat":"repeat","background-position":"center center","background-size":"auto","background-attachment":"scroll","background-type":"","background-media":"","overlay-type":"","overlay-color":"","overlay-opacity":"","overlay-gradient":""},"mobile":{"background-color":"var(--ast-global-color-5)","background-image":"","background-repeat":"repeat","background-position":"center center","background-size":"auto","background-attachment":"scroll","background-type":"","background-media":"","overlay-type":"","overlay-color":"","overlay-opacity":"","overlay-gradient":""}}},"product_cat":[58],"product_tag":[],"class_list":["post-4436","product","type-product","status-publish","has-post-thumbnail","hentry","product_cat-erdelyi-zoltan","desktop-align-left","tablet-align-left","mobile-align-left"],"_links":{"self":[{"href":"https:\/\/www.sunkaraoke.hu\/index.php\/wp-json\/wp\/v2\/product\/4436","targetHints":{"allow":["GET"]}}],"collection":[{"href":"https:\/\/www.sunkaraoke.hu\/index.php\/wp-json\/wp\/v2\/product"}],"about":[{"href":"https:\/\/www.sunkaraoke.hu\/index.php\/wp-json\/wp\/v2\/types\/product"}],"wp:featuredmedia":[{"embeddable":true,"href":"https:\/\/www.sunkaraoke.hu\/index.php\/wp-json\/wp\/v2\/media\/8999"}],"wp:attachment":[{"href":"https:\/\/www.sunkaraoke.hu\/index.php\/wp-json\/wp\/v2\/media?parent=4436"}],"wp:term":[{"taxonomy":"product_cat","embeddable":true,"href":"https:\/\/www.sunkaraoke.hu\/index.php\/wp-json\/wp\/v2\/product_cat?post=4436"},{"taxonomy":"product_tag","embeddable":true,"href":"https:\/\/www.sunkaraoke.hu\/index.php\/wp-json\/wp\/v2\/product_tag?post=4436"}],"curies":[{"name":"wp","href":"https:\/\/api.w.org\/{rel}","templated":true}]}}