{"id":4432,"date":"2022-08-08T20:47:36","date_gmt":"2022-08-08T20:47:36","guid":{"rendered":"https:\/\/www.sunkaraoke.hu\/index.php\/termek\/delta-mostmar-viragos-a-ret-2014\/"},"modified":"2025-03-31T08:11:31","modified_gmt":"2025-03-31T08:11:31","slug":"delta-mostmar-viragos-a-ret-2014","status":"publish","type":"product","link":"https:\/\/www.sunkaraoke.hu\/index.php\/termek\/delta-mostmar-viragos-a-ret-2014\/","title":{"rendered":"<div class=\"wcmp-player-container product-4432\"><audio controlslist=\"nodownload\" data-product=\"4432\"  volume=\"1\"  preload=\"none\" data-lazyloading=\"none\" class=\"wcmp-player track mejs-classic\" data-duration=\"0:35\" data-estimated_duration=\"4\"><source src=\"https:\/\/www.sunkaraoke.hu\/wp-content\/uploads\/2022\/08\/Most-mar-viragos-a-ret_demo.mp3\" type=\"audio\/mp3\" \/><\/audio><\/div>Delta &#8211; Mostm\u00e1r vir\u00e1gos a r\u00e9t (Original Tommy Edition)"},"content":{"rendered":"<p><strong>03:04<\/strong> | <strong><img loading=\"lazy\" decoding=\"async\" class=\"alignnone size-full wp-image-466\" src=\"https:\/\/www.sunkaraoke.hu\/wp-content\/uploads\/2022\/07\/choir_1-copy.webp\" alt=\"\" width=\"30\" height=\"30\" \/> <\/strong><\/p>\n","protected":false},"excerpt":{"rendered":"<h6>Bits\u0171r\u0171s\u00e9g: 320kb\/s<br \/>\nHossz: 03:04<br \/>\nVok\u00e1lt tartalmaz: NEM!<strong style=\"font-size: 16px;\"><br \/>\n<\/strong><\/h6>\n<p>Sunkaraoke mp3 st\u00fadi\u00f3 \/ www.sunkaraoke.hu \/ Inf: Tel: 06 20 4275001<\/p>\n<p>&#8212;Intr\u00f3&#8212;<br \/>\nFagynak k\u00f6zep\u00e9ben, a t\u00e9lnek,<br \/>\ncs\u00f3k\u00e9rt k\u00f6ny\u00f6r\u00f6gtem, te n\u00e9ked.<br \/>\nMost m\u00e1r, vir\u00e1gos a r\u00e9t,<br \/>\nmost m\u00e1r,m\u00e1st szeretek \u00e9n,<br \/>\nk\u00e9s\u0151 minden kis \u00f6reg,<br \/>\nes\u0151 ut\u00e1n k\u00f6p\u00f6nyeg.<br \/>\nMost m\u00e1r, vir\u00e1gos a r\u00e9t,<br \/>\nmost m\u00e1r,m\u00e1st szeretek \u00e9n,<br \/>\nk\u00e9s\u0151 minden kis \u00f6reg,<br \/>\nes\u0151 ut\u00e1n k\u00f6p\u00f6nyeg.<br \/>\nSz\u00e1zszor, r\u00e1vetem a szemedre,<br \/>\nasszony nem z\u00e1rt\u00e1l, a sz\u00edvedbe.<br \/>\nMost m\u00e1r,vir\u00e1gos a r\u00e9t,<br \/>\nmost m\u00e1r, m\u00e1st szeretek \u00e9n,<br \/>\nk\u00e9s\u0151 minden kis \u00f6reg,<br \/>\nes\u0151 ut\u00e1n k\u00f6p\u00f6nyeg.<br \/>\nMost m\u00e1r, vir\u00e1gos a r\u00e9t,<br \/>\nmost m\u00e1r, m\u00e1st szeretek \u00e9n,<br \/>\nk\u00e9s\u0151 minden kis \u00f6reg,<br \/>\nes\u0151 ut\u00e1n k\u00f6p\u00f6nyeg.<br \/>\n&#8212;Sz\u00f3l\u00f3&#8212;-<\/p>\n<p>Fagynak k\u00f6zep\u00e9ben, a t\u00e9lnek,<br \/>\ncs\u00f3k\u00e9rt k\u00f6ny\u00f6r\u00f6gtem, te n\u00e9ked.<br \/>\nMost m\u00e1r, vir\u00e1gos a r\u00e9t,<br \/>\nmost m\u00e1r,m\u00e1st szeretek \u00e9n,<br \/>\nk\u00e9s\u0151 minden kis \u00f6reg,<br \/>\nes\u0151 ut\u00e1n k\u00f6p\u00f6nyeg.<br \/>\nMost m\u00e1r,ne kacsints fel\u00e9m,<br \/>\nr\u00e9gen m\u00e1st szeretek \u00e9n,<br \/>\nk\u00e9s\u0151 minden kis \u00f6reg,<br \/>\nes\u0151 ut\u00e1n k\u00f6p\u00f6nyeg.<br \/>\nSz\u00e1zszor, r\u00e1vetem a szemedre,<br \/>\nasszony nem z\u00e1rt\u00e1l, a sz\u00edvedbe.<br \/>\nMost m\u00e1r, ne kacsints fel\u00e9n<br \/>\nr\u00e9gen m\u00e1st szeretek \u00e9n,<br \/>\nk\u00e9s\u0151 minden kis \u00f6reg,<br \/>\nes\u0151 ut\u00e1n k\u00f6p\u00f6nyeg.<br \/>\nMost m\u00e1r, ne kacsints fel\u00e9n<br \/>\nr\u00e9gen m\u00e1st szeretek \u00e9n,<br \/>\nk\u00e9s\u0151 minden kis \u00f6reg,<br \/>\nes\u0151 ut\u00e1n k\u00f6p\u00f6nyeg.<br \/>\n&#8212;V\u00e9ge&#8212;<\/p>\n","protected":false},"featured_media":9005,"template":"","meta":{"site-sidebar-layout":"default","site-content-layout":"default","ast-site-content-layout":"default","site-content-style":"default","site-sidebar-style":"default","ast-global-header-display":"","ast-banner-title-visibility":"","ast-main-header-display":"","ast-hfb-above-header-display":"","ast-hfb-below-header-display":"","ast-hfb-mobile-header-display":"","site-post-title":"","ast-breadcrumbs-content":"","ast-featured-img":"","footer-sml-layout":"","theme-transparent-header-meta":"default","adv-header-id-meta":"","stick-header-meta":"","header-above-stick-meta":"","header-main-stick-meta":"","header-below-stick-meta":"","astra-migrate-meta-layouts":"set","ast-page-background-enabled":"default","ast-page-background-meta":{"desktop":{"background-color":"var(--ast-global-color-4)","background-image":"","background-repeat":"repeat","background-position":"center center","background-size":"auto","background-attachment":"scroll","background-type":"","background-media":"","overlay-type":"","overlay-color":"","overlay-opacity":"","overlay-gradient":""},"tablet":{"background-color":"","background-image":"","background-repeat":"repeat","background-position":"center center","background-size":"auto","background-attachment":"scroll","background-type":"","background-media":"","overlay-type":"","overlay-color":"","overlay-opacity":"","overlay-gradient":""},"mobile":{"background-color":"","background-image":"","background-repeat":"repeat","background-position":"center center","background-size":"auto","background-attachment":"scroll","background-type":"","background-media":"","overlay-type":"","overlay-color":"","overlay-opacity":"","overlay-gradient":""}},"ast-content-background-meta":{"desktop":{"background-color":"var(--ast-global-color-5)","background-image":"","background-repeat":"repeat","background-position":"center center","background-size":"auto","background-attachment":"scroll","background-type":"","background-media":"","overlay-type":"","overlay-color":"","overlay-opacity":"","overlay-gradient":""},"tablet":{"background-color":"var(--ast-global-color-5)","background-image":"","background-repeat":"repeat","background-position":"center center","background-size":"auto","background-attachment":"scroll","background-type":"","background-media":"","overlay-type":"","overlay-color":"","overlay-opacity":"","overlay-gradient":""},"mobile":{"background-color":"var(--ast-global-color-5)","background-image":"","background-repeat":"repeat","background-position":"center center","background-size":"auto","background-attachment":"scroll","background-type":"","background-media":"","overlay-type":"","overlay-color":"","overlay-opacity":"","overlay-gradient":""}}},"product_cat":[48],"product_tag":[],"class_list":["post-4432","product","type-product","status-publish","has-post-thumbnail","hentry","product_cat-sunkaraoke-dalok","desktop-align-left","tablet-align-left","mobile-align-left"],"_links":{"self":[{"href":"https:\/\/www.sunkaraoke.hu\/index.php\/wp-json\/wp\/v2\/product\/4432","targetHints":{"allow":["GET"]}}],"collection":[{"href":"https:\/\/www.sunkaraoke.hu\/index.php\/wp-json\/wp\/v2\/product"}],"about":[{"href":"https:\/\/www.sunkaraoke.hu\/index.php\/wp-json\/wp\/v2\/types\/product"}],"wp:featuredmedia":[{"embeddable":true,"href":"https:\/\/www.sunkaraoke.hu\/index.php\/wp-json\/wp\/v2\/media\/9005"}],"wp:attachment":[{"href":"https:\/\/www.sunkaraoke.hu\/index.php\/wp-json\/wp\/v2\/media?parent=4432"}],"wp:term":[{"taxonomy":"product_cat","embeddable":true,"href":"https:\/\/www.sunkaraoke.hu\/index.php\/wp-json\/wp\/v2\/product_cat?post=4432"},{"taxonomy":"product_tag","embeddable":true,"href":"https:\/\/www.sunkaraoke.hu\/index.php\/wp-json\/wp\/v2\/product_tag?post=4432"}],"curies":[{"name":"wp","href":"https:\/\/api.w.org\/{rel}","templated":true}]}}