{"id":4430,"date":"2022-08-08T20:47:35","date_gmt":"2022-08-08T20:47:35","guid":{"rendered":"https:\/\/www.sunkaraoke.hu\/index.php\/termek\/soltesz-rezso-annabella-2014\/"},"modified":"2025-04-10T17:33:00","modified_gmt":"2025-04-10T17:33:00","slug":"soltesz-rezso-annabella-2014","status":"publish","type":"product","link":"https:\/\/www.sunkaraoke.hu\/index.php\/termek\/soltesz-rezso-annabella-2014\/","title":{"rendered":"<div class=\"wcmp-player-container product-4430\"><audio controlslist=\"nodownload\" data-product=\"4430\"  volume=\"1\"  preload=\"none\" data-lazyloading=\"none\" class=\"wcmp-player track mejs-classic\" data-duration=\"0:33\" data-estimated_duration=\"4\"><source src=\"https:\/\/www.sunkaraoke.hu\/wp-content\/uploads\/2022\/08\/Annabella-2014.-vocal.-kdemoo.mp3\" type=\"audio\/mp3\" \/><\/audio><\/div>Solt\u00e9sz Rezs\u0151 &#8211; Annabella ( OriginalTommy Edition)"},"content":{"rendered":"<p><strong>03:02<\/strong> | <strong><img loading=\"lazy\" decoding=\"async\" class=\"alignnone size-full wp-image-466\" src=\"https:\/\/www.sunkaraoke.hu\/wp-content\/uploads\/2022\/07\/choir_1-copy.webp\" alt=\"\" width=\"30\" height=\"30\" \/> <\/strong><\/p>\n","protected":false},"excerpt":{"rendered":"<h6><strong>Bits\u0171r\u0171s\u00e9g: 320<\/strong>kb\/s<strong><br \/>\n<\/strong><strong>Hossz: <\/strong>03:02<strong><br \/>\n<\/strong><strong style=\"font-size: 16px;\">Vok\u00e1lt tartalmaz: <\/strong>Igen <img loading=\"lazy\" decoding=\"async\" class=\"alignnone size-full wp-image-466\" src=\"http:\/\/www.sunkaraoke.hu\/wp-content\/uploads\/2022\/07\/choir_1-copy.png\" alt=\"\" width=\"30\" height=\"30\" \/><strong style=\"font-size: 16px;\"><br \/>\n<\/strong><\/h6>\n<p>Sunkaraoke mp3 st\u00fadi\u00f3 \/ www.sunkaraoke.hu \/ Inf: Tel: 06 20 4275001<\/p>\n<p>&#8212;Intr\u00f3&#8212;<br \/>\nAnnabella, \u00edgy h\u00edvnak azt hiszem,<br \/>\nr\u00e1m nevett\u00e9l, \u00f6sszet\u00f6rt a sz\u00edvem.<br \/>\nAnnabella, nem ismersz mondhatod,<br \/>\nnem tudod,ki vagyok.<\/p>\n<p>Annabella, csak re\u00e1d gondolok,<br \/>\n\u00e9jszak\u00e1kon,aludni nem tudok.<br \/>\nAnnabella, hogyha j\u00e1rn\u00e1l velem,<br \/>\nte lenn\u00e9l a mindenem.<\/p>\n<p>Meddig \u00e9lek, nem tudom,<br \/>\nde addig r\u00f3lad \u00e1lmodom.<br \/>\nB\u00e1tor\u00edts, \u00fagy k\u00e9rlek \u00e9n,<br \/>\nAnnabella l\u00e9gy eny\u00e9m.<\/p>\n<p>Annabella, \u00e9let\u00fcnk egyszer\u0171,<br \/>\nhogyha l\u00e1tlak, minden oly nagyszer\u0171.<br \/>\nAnnabella, j\u00f3 lenne csak veled,<br \/>\nde a te sz\u00edved m\u00e1st szeret&#8230;<br \/>\n&#8212;Sz\u00f3l\u00f3&#8212;<\/p>\n<p>Meddig \u00e9lek, nem tudom,<br \/>\nde addig r\u00f3lad \u00e1lmodom.<br \/>\nB\u00e1tor\u00edts, \u00fagy k\u00e9rlek \u00e9n,<br \/>\nAnnabella l\u00e9gy eny\u00e9m.<br \/>\nAnnabella, csak re\u00e1d gondolok,<br \/>\n\u00e9jszak\u00e1kon,aludni nem tudok.<br \/>\nAnnabella, hogyha j\u00e1rn\u00e1l velem,<br \/>\nte lenn\u00e9l a mindenem.<br \/>\nAnnabella, \u00edgy h\u00edvnak azt hiszem,<br \/>\nr\u00e1m nevett\u00e9l, \u00f6sszet\u00f6rt a sz\u00edvem.<br \/>\nAnnabella, nem ismersz mondhatod,<br \/>\nnem tudod,ki vagyok.<br \/>\nAnnabella, \u00edgy h\u00edvnak azt hiszem,<br \/>\nr\u00e1m nevett\u00e9l, \u00f6sszet\u00f6rt a sz\u00edvem.<br \/>\nAnnabella, nem ismersz mondhatod,<br \/>\nnem tudod,ki vagyok.<br \/>\nAnnabella, csak re\u00e1d gondolok,<br \/>\n\u00e9jszak\u00e1kon,aludni nem tudok.<br \/>\nAnnabella, nem ismersz mondhatod,<br \/>\nnem tudod,ki vagyok.<br \/>\n&#8212;V\u00e9ge&#8212;<\/p>\n","protected":false},"featured_media":10167,"template":"","meta":{"site-sidebar-layout":"default","site-content-layout":"default","ast-site-content-layout":"default","site-content-style":"default","site-sidebar-style":"default","ast-global-header-display":"","ast-banner-title-visibility":"","ast-main-header-display":"","ast-hfb-above-header-display":"","ast-hfb-below-header-display":"","ast-hfb-mobile-header-display":"","site-post-title":"","ast-breadcrumbs-content":"","ast-featured-img":"","footer-sml-layout":"","theme-transparent-header-meta":"default","adv-header-id-meta":"","stick-header-meta":"","header-above-stick-meta":"","header-main-stick-meta":"","header-below-stick-meta":"","astra-migrate-meta-layouts":"set","ast-page-background-enabled":"default","ast-page-background-meta":{"desktop":{"background-color":"var(--ast-global-color-4)","background-image":"","background-repeat":"repeat","background-position":"center center","background-size":"auto","background-attachment":"scroll","background-type":"","background-media":"","overlay-type":"","overlay-color":"","overlay-opacity":"","overlay-gradient":""},"tablet":{"background-color":"","background-image":"","background-repeat":"repeat","background-position":"center center","background-size":"auto","background-attachment":"scroll","background-type":"","background-media":"","overlay-type":"","overlay-color":"","overlay-opacity":"","overlay-gradient":""},"mobile":{"background-color":"","background-image":"","background-repeat":"repeat","background-position":"center center","background-size":"auto","background-attachment":"scroll","background-type":"","background-media":"","overlay-type":"","overlay-color":"","overlay-opacity":"","overlay-gradient":""}},"ast-content-background-meta":{"desktop":{"background-color":"var(--ast-global-color-5)","background-image":"","background-repeat":"repeat","background-position":"center center","background-size":"auto","background-attachment":"scroll","background-type":"","background-media":"","overlay-type":"","overlay-color":"","overlay-opacity":"","overlay-gradient":""},"tablet":{"background-color":"var(--ast-global-color-5)","background-image":"","background-repeat":"repeat","background-position":"center center","background-size":"auto","background-attachment":"scroll","background-type":"","background-media":"","overlay-type":"","overlay-color":"","overlay-opacity":"","overlay-gradient":""},"mobile":{"background-color":"var(--ast-global-color-5)","background-image":"","background-repeat":"repeat","background-position":"center center","background-size":"auto","background-attachment":"scroll","background-type":"","background-media":"","overlay-type":"","overlay-color":"","overlay-opacity":"","overlay-gradient":""}}},"product_cat":[48],"product_tag":[],"class_list":["post-4430","product","type-product","status-publish","has-post-thumbnail","hentry","product_cat-sunkaraoke-dalok","desktop-align-left","tablet-align-left","mobile-align-left"],"_links":{"self":[{"href":"https:\/\/www.sunkaraoke.hu\/index.php\/wp-json\/wp\/v2\/product\/4430","targetHints":{"allow":["GET"]}}],"collection":[{"href":"https:\/\/www.sunkaraoke.hu\/index.php\/wp-json\/wp\/v2\/product"}],"about":[{"href":"https:\/\/www.sunkaraoke.hu\/index.php\/wp-json\/wp\/v2\/types\/product"}],"wp:featuredmedia":[{"embeddable":true,"href":"https:\/\/www.sunkaraoke.hu\/index.php\/wp-json\/wp\/v2\/media\/10167"}],"wp:attachment":[{"href":"https:\/\/www.sunkaraoke.hu\/index.php\/wp-json\/wp\/v2\/media?parent=4430"}],"wp:term":[{"taxonomy":"product_cat","embeddable":true,"href":"https:\/\/www.sunkaraoke.hu\/index.php\/wp-json\/wp\/v2\/product_cat?post=4430"},{"taxonomy":"product_tag","embeddable":true,"href":"https:\/\/www.sunkaraoke.hu\/index.php\/wp-json\/wp\/v2\/product_tag?post=4430"}],"curies":[{"name":"wp","href":"https:\/\/api.w.org\/{rel}","templated":true}]}}