{"id":4427,"date":"2022-08-08T20:47:35","date_gmt":"2022-08-08T20:47:35","guid":{"rendered":"https:\/\/www.sunkaraoke.hu\/index.php\/termek\/balance-band-szegeny-vagyok-mert-a-nezeset-meg-a-jarasat\/"},"modified":"2025-04-10T13:14:16","modified_gmt":"2025-04-10T13:14:16","slug":"balance-band-szegeny-vagyok-mert-a-nezeset-meg-a-jarasat","status":"publish","type":"product","link":"https:\/\/www.sunkaraoke.hu\/index.php\/termek\/balance-band-szegeny-vagyok-mert-a-nezeset-meg-a-jarasat\/","title":{"rendered":"<div class=\"wcmp-player-container product-4427\"><audio controlslist=\"nodownload\" data-product=\"4427\"  volume=\"1\"  preload=\"none\" data-lazyloading=\"none\" class=\"wcmp-player track mejs-classic\" data-duration=\"0:32\" data-estimated_duration=\"4\"><source src=\"https:\/\/www.sunkaraoke.hu\/wp-content\/uploads\/2022\/08\/Szegeny-vagyok-vocal-SB.-kdemoo.mp3\" type=\"audio\/mp3\" \/><\/audio><\/div>Balance Band &#8211; Szeg\u00e9ny vagyok  (SB Edition)"},"content":{"rendered":"<p><strong>03:27<\/strong> | <strong><img loading=\"lazy\" decoding=\"async\" class=\"alignnone size-full wp-image-466\" src=\"https:\/\/www.sunkaraoke.hu\/wp-content\/uploads\/2022\/07\/choir_1-copy.webp\" alt=\"\" width=\"30\" height=\"30\" \/> <\/strong><\/p>\n","protected":false},"excerpt":{"rendered":"<h6><strong>Bits\u0171r\u0171s\u00e9g: 320<\/strong>kb\/s<strong><br \/>\n<\/strong><strong>Hossz: <\/strong>03:27<strong><br \/>\n<\/strong><strong style=\"font-size: 16px;\">Vok\u00e1lt tartalmaz: <\/strong>Igen <img loading=\"lazy\" decoding=\"async\" class=\"alignnone size-full wp-image-466\" src=\"http:\/\/www.sunkaraoke.hu\/wp-content\/uploads\/2022\/07\/choir_1-copy.png\" alt=\"\" width=\"30\" height=\"30\" \/><br \/>\nTranszpon\u00e1l\u00e1s: Igen -2<\/h6>\n<p>Sunkaraoke mp3 st\u00fadi\u00f3 \/ www.sunkaraoke.hu \/ Inf: Tel: 06 20 4275001<\/p>\n<p>&#8212;Intr\u00f3&#8212;<br \/>\nSzeg\u00e9ny vagyok, szeg\u00e9ny vagyok, szeg\u00e9nynek sz\u00fclettem,<br \/>\naz \u00e9n bab\u00e1m az \u00e9n bab\u00e1m a legszebbik kincsem.<br \/>\nMert a n\u00e9z\u00e9s\u00e9t meg a j\u00e1r\u00e1s\u00e1t,a csip\u0151j\u00e9nek a ring\u00e1s\u00e1t,<br \/>\nsemmi p\u00e9nz\u00e9rt nem adn\u00e1m, semmi p\u00e9nz\u00e9rt nem adn\u00e1m.<br \/>\nMert a n\u00e9z\u00e9s\u00e9t meg a j\u00e1r\u00e1s\u00e1t,a csip\u0151j\u00e9nek a ring\u00e1s\u00e1t,<br \/>\nsemmi p\u00e9nz\u00e9rt nem adn\u00e1m, semmi p\u00e9nz\u00e9rt nem adn\u00e1m.<\/p>\n<p>Az \u00e9n bab\u00e1m, az \u00e9n bab\u00e1m, a falu legszebb le\u00e1nya,<br \/>\nhogyne volna, hogyne volna hisz \u00e9n vagyok a p\u00e1rja.<br \/>\nMert a n\u00e9z\u00e9s\u00e9t meg a j\u00e1r\u00e1s\u00e1t,a csip\u0151j\u00e9nek a ring\u00e1s\u00e1t,<br \/>\nsemmi p\u00e9nz\u00e9rt nem adn\u00e1m, semmi p\u00e9nz\u00e9rt nem adn\u00e1m.<br \/>\nMert a n\u00e9z\u00e9s\u00e9t meg a j\u00e1r\u00e1s\u00e1t,a csip\u0151j\u00e9nek a ring\u00e1s\u00e1t,<br \/>\nsemmi p\u00e9nz\u00e9rt nem adn\u00e1m, semmi p\u00e9nz\u00e9rt nem adn\u00e1m.<br \/>\n&#8212;Sz\u00f3l\u00f3&#8212;<br \/>\nSzeg\u00e9ny vagyok, szeg\u00e9ny vagyok, szeg\u00e9nynek sz\u00fclettem,<br \/>\naz \u00e9n bab\u00e1m az \u00e9n bab\u00e1m a legszebbik kincsem.<br \/>\nMert a n\u00e9z\u00e9s\u00e9t meg a j\u00e1r\u00e1s\u00e1t,a csip\u0151j\u00e9nek a ring\u00e1s\u00e1t,<br \/>\nsemmi p\u00e9nz\u00e9rt nem adn\u00e1m, semmi p\u00e9nz\u00e9rt nem adn\u00e1m.<br \/>\nMert a n\u00e9z\u00e9s\u00e9t meg a j\u00e1r\u00e1s\u00e1t,a csip\u0151j\u00e9nek a ring\u00e1s\u00e1t,<br \/>\nsemmi p\u00e9nz\u00e9rt nem adn\u00e1m, semmi p\u00e9nz\u00e9rt nem adn\u00e1m.<br \/>\nMert a n\u00e9z\u00e9s\u00e9t meg a j\u00e1r\u00e1s\u00e1t,a csip\u0151j\u00e9nek a ring\u00e1s\u00e1t,<br \/>\nsemmi p\u00e9nz\u00e9rt nem adn\u00e1m, semmi p\u00e9nz\u00e9rt nem adn\u00e1m.<br \/>\nMert a n\u00e9z\u00e9s\u00e9t meg a j\u00e1r\u00e1s\u00e1t,a csip\u0151j\u00e9nek a ring\u00e1s\u00e1t,<br \/>\nsemmi p\u00e9nz\u00e9rt nem adn\u00e1m, semmi p\u00e9nz\u00e9rt nem adn\u00e1m.<br \/>\n&#8212;V\u00e9ge&#8212;<\/p>\n","protected":false},"featured_media":12586,"template":"","meta":{"site-sidebar-layout":"default","site-content-layout":"default","ast-site-content-layout":"default","site-content-style":"default","site-sidebar-style":"default","ast-global-header-display":"","ast-banner-title-visibility":"","ast-main-header-display":"","ast-hfb-above-header-display":"","ast-hfb-below-header-display":"","ast-hfb-mobile-header-display":"","site-post-title":"","ast-breadcrumbs-content":"","ast-featured-img":"","footer-sml-layout":"","theme-transparent-header-meta":"default","adv-header-id-meta":"","stick-header-meta":"","header-above-stick-meta":"","header-main-stick-meta":"","header-below-stick-meta":"","astra-migrate-meta-layouts":"set","ast-page-background-enabled":"default","ast-page-background-meta":{"desktop":{"background-color":"var(--ast-global-color-4)","background-image":"","background-repeat":"repeat","background-position":"center center","background-size":"auto","background-attachment":"scroll","background-type":"","background-media":"","overlay-type":"","overlay-color":"","overlay-opacity":"","overlay-gradient":""},"tablet":{"background-color":"","background-image":"","background-repeat":"repeat","background-position":"center center","background-size":"auto","background-attachment":"scroll","background-type":"","background-media":"","overlay-type":"","overlay-color":"","overlay-opacity":"","overlay-gradient":""},"mobile":{"background-color":"","background-image":"","background-repeat":"repeat","background-position":"center center","background-size":"auto","background-attachment":"scroll","background-type":"","background-media":"","overlay-type":"","overlay-color":"","overlay-opacity":"","overlay-gradient":""}},"ast-content-background-meta":{"desktop":{"background-color":"var(--ast-global-color-5)","background-image":"","background-repeat":"repeat","background-position":"center center","background-size":"auto","background-attachment":"scroll","background-type":"","background-media":"","overlay-type":"","overlay-color":"","overlay-opacity":"","overlay-gradient":""},"tablet":{"background-color":"var(--ast-global-color-5)","background-image":"","background-repeat":"repeat","background-position":"center center","background-size":"auto","background-attachment":"scroll","background-type":"","background-media":"","overlay-type":"","overlay-color":"","overlay-opacity":"","overlay-gradient":""},"mobile":{"background-color":"var(--ast-global-color-5)","background-image":"","background-repeat":"repeat","background-position":"center center","background-size":"auto","background-attachment":"scroll","background-type":"","background-media":"","overlay-type":"","overlay-color":"","overlay-opacity":"","overlay-gradient":""}}},"product_cat":[104],"product_tag":[],"class_list":["post-4427","product","type-product","status-publish","has-post-thumbnail","hentry","product_cat-balance-band","desktop-align-left","tablet-align-left","mobile-align-left"],"_links":{"self":[{"href":"https:\/\/www.sunkaraoke.hu\/index.php\/wp-json\/wp\/v2\/product\/4427","targetHints":{"allow":["GET"]}}],"collection":[{"href":"https:\/\/www.sunkaraoke.hu\/index.php\/wp-json\/wp\/v2\/product"}],"about":[{"href":"https:\/\/www.sunkaraoke.hu\/index.php\/wp-json\/wp\/v2\/types\/product"}],"wp:featuredmedia":[{"embeddable":true,"href":"https:\/\/www.sunkaraoke.hu\/index.php\/wp-json\/wp\/v2\/media\/12586"}],"wp:attachment":[{"href":"https:\/\/www.sunkaraoke.hu\/index.php\/wp-json\/wp\/v2\/media?parent=4427"}],"wp:term":[{"taxonomy":"product_cat","embeddable":true,"href":"https:\/\/www.sunkaraoke.hu\/index.php\/wp-json\/wp\/v2\/product_cat?post=4427"},{"taxonomy":"product_tag","embeddable":true,"href":"https:\/\/www.sunkaraoke.hu\/index.php\/wp-json\/wp\/v2\/product_tag?post=4427"}],"curies":[{"name":"wp","href":"https:\/\/api.w.org\/{rel}","templated":true}]}}