{"id":4426,"date":"2022-08-08T20:47:35","date_gmt":"2022-08-08T20:47:35","guid":{"rendered":"https:\/\/www.sunkaraoke.hu\/index.php\/termek\/mohacsi-brigi-dalolej\/"},"modified":"2025-04-10T17:29:34","modified_gmt":"2025-04-10T17:29:34","slug":"mohacsi-brigi-dalolej","status":"publish","type":"product","link":"https:\/\/www.sunkaraoke.hu\/index.php\/termek\/mohacsi-brigi-dalolej\/","title":{"rendered":"<div class=\"wcmp-player-container product-4426\"><audio controlslist=\"nodownload\" data-product=\"4426\"  volume=\"1\"  preload=\"none\" data-lazyloading=\"none\" class=\"wcmp-player track mejs-classic\" data-duration=\"0:31\" data-estimated_duration=\"4\"><source src=\"https:\/\/www.sunkaraoke.hu\/wp-content\/uploads\/2022\/08\/Dalolej-vocal-transz-Mohacsi.SB-kdemoo.mp3\" type=\"audio\/mp3\" \/><\/audio><\/div>Moh\u00e1csi Brigi &#8211; D\u00e1lol\u00e9j (SB Edition)"},"content":{"rendered":"<p><strong>03:36<\/strong> | <strong><img loading=\"lazy\" decoding=\"async\" class=\"alignnone size-full wp-image-466\" src=\"https:\/\/www.sunkaraoke.hu\/wp-content\/uploads\/2022\/07\/choir_1-copy.webp\" alt=\"\" width=\"30\" height=\"30\" \/> <strong> | <img loading=\"lazy\" decoding=\"async\" class=\"alignnone size-full wp-image-613\" src=\"https:\/\/www.sunkaraoke.hu\/wp-content\/uploads\/2022\/07\/transzponalas.webp\" alt=\"\" width=\"30\" height=\"30\" \/> +3<\/strong><\/strong><\/p>\n","protected":false},"excerpt":{"rendered":"<h6><strong>Bits\u0171r\u0171s\u00e9g: 320<\/strong>kb\/s<strong><br \/>\n<\/strong><strong>Hossz: <\/strong>03:36<strong><br \/>\n<\/strong><strong style=\"font-size: 16px;\">Vok\u00e1lt tartalmaz: <\/strong>Igen <img loading=\"lazy\" decoding=\"async\" class=\"alignnone size-full wp-image-466\" src=\"http:\/\/www.sunkaraoke.hu\/wp-content\/uploads\/2022\/07\/choir_1-copy.png\" alt=\"\" width=\"30\" height=\"30\" \/><br \/>\nTranszpon\u00e1l\u00e1s: Igen +3<\/h6>\n<p>Sunkaraoke mp3 st\u00fadi\u00f3 \/ www.sunkaraoke.hu \/ Inf: Tel: 06 20 4275001<\/p>\n<p>&#8212;Intr\u00f3&#8212;<br \/>\nD\u00e1lol\u00e9j, d\u00e1lol\u00e9j, d\u00e1lo,d\u00e1lo,d\u00e1lol\u00e9j&#8230;.<br \/>\nD\u00e1lol\u00e9j, d\u00e1lol\u00e9j, d\u00e1lo,d\u00e1lo,d\u00e1lol\u00e9j&#8230;.<br \/>\nD\u00e1lol\u00e9j, d\u00e1lol\u00e9j, d\u00e1lo,d\u00e1lo,d\u00e1lol\u00e9j&#8230;.<br \/>\nD\u00e1lol\u00e9j, d\u00e1lol\u00e9j, d\u00e1lo,d\u00e1lo,d\u00e1lol\u00e9j&#8230;.<\/p>\n<p>Megig\u00e9zett, megig\u00e9zett a k\u00e9t fekete szemed,<br \/>\ntudd meg azt hogy \u00fagy szeretlek, enn\u00e9l jobban nem lehet.<br \/>\nTe vagy nekem a legjobb a vil\u00e1gon,<br \/>\njajj ha megfogom a k\u00e9t kezem, \u00fagy im\u00e1dom.<\/p>\n<p>D\u00e1lol\u00e9j, d\u00e1lol\u00e9j, d\u00e1lo,d\u00e1lo,d\u00e1lol\u00e9j,<br \/>\na sz\u00edved legyen mind\u00f6r\u00f6kre az eny\u00e9m.<br \/>\nD\u00e1lol\u00e9j, d\u00e1lol\u00e9j, d\u00e1lo,d\u00e1lo,d\u00e1lol\u00e9j,<br \/>\nelvak\u00edt egy forr\u00f3 szenved\u00e9ly.<br \/>\nD\u00e1lol\u00e9j, d\u00e1lol\u00e9j, d\u00e1lo,d\u00e1lo,d\u00e1lol\u00e9j,<br \/>\na sz\u00edved legyen mind\u00f6r\u00f6kre az eny\u00e9m.<br \/>\nD\u00e1lol\u00e9j, d\u00e1lol\u00e9j, d\u00e1lo,d\u00e1lo,d\u00e1lol\u00e9j,<br \/>\nelvak\u00edt egy forr\u00f3 szenved\u00e9ly.<br \/>\n&#8212;Sz\u00f3l\u00f3&#8212;<\/p>\n<p>Elmegyek \u00e9n ,elmegyek \u00e9n oda ahol k\u00e9k az \u00e9g,<br \/>\nisten veled minden b\u00e1nat mostant\u00f3l az \u00e9let sz\u00e9p.<br \/>\nTe vagy nekem a legjobb a vil\u00e1gon,<br \/>\njajj ha megfogom a k\u00e9t kezem, \u00fagy im\u00e1dom.<\/p>\n<p>D\u00e1lol\u00e9j, d\u00e1lol\u00e9j, d\u00e1lo,d\u00e1lo,d\u00e1lol\u00e9j,<br \/>\na sz\u00edved legyen mind\u00f6r\u00f6kre az eny\u00e9m.<br \/>\nD\u00e1lol\u00e9j, d\u00e1lol\u00e9j, d\u00e1lo,d\u00e1lo,d\u00e1lol\u00e9j,<br \/>\nelvak\u00edt egy forr\u00f3 szenved\u00e9ly.<br \/>\nD\u00e1lol\u00e9j, d\u00e1lol\u00e9j, d\u00e1lo,d\u00e1lo,d\u00e1lol\u00e9j,<br \/>\na sz\u00edved legyen mind\u00f6r\u00f6kre az eny\u00e9m.<br \/>\nD\u00e1lol\u00e9j, d\u00e1lol\u00e9j, d\u00e1lo, d\u00e1lo,d\u00e1lol\u00e9j,<br \/>\nelvak\u00edt egy forr\u00f3 szenved\u00e9ly.<br \/>\n&#8212;Sz\u00f3l\u00f3&#8212;<\/p>\n<p>D\u00e1lol\u00e9j, d\u00e1lol\u00e9j, d\u00e1lo,d\u00e1lo,d\u00e1lol\u00e9j,<br \/>\na sz\u00edved legyen mind\u00f6r\u00f6kre az eny\u00e9m.<br \/>\nD\u00e1lol\u00e9j, d\u00e1lol\u00e9j, d\u00e1lo,d\u00e1lo,d\u00e1lol\u00e9j,<br \/>\nelvak\u00edt egy forr\u00f3 szenved\u00e9ly.<br \/>\nD\u00e1lol\u00e9j, d\u00e1lol\u00e9j, d\u00e1lo,d\u00e1lo,d\u00e1lol\u00e9j,<br \/>\na sz\u00edved legyen mind\u00f6r\u00f6kre az eny\u00e9m.<br \/>\nD\u00e1lol\u00e9j, d\u00e1lol\u00e9j, d\u00e1lo, d\u00e1lo,d\u00e1lol\u00e9j,<br \/>\nelvak\u00edt egy forr\u00f3 szenved\u00e9ly.<br \/>\n&#8212;V\u00e9ge&#8212;<\/p>\n","protected":false},"featured_media":8743,"template":"","meta":{"site-sidebar-layout":"default","site-content-layout":"default","ast-site-content-layout":"default","site-content-style":"default","site-sidebar-style":"default","ast-global-header-display":"","ast-banner-title-visibility":"","ast-main-header-display":"","ast-hfb-above-header-display":"","ast-hfb-below-header-display":"","ast-hfb-mobile-header-display":"","site-post-title":"","ast-breadcrumbs-content":"","ast-featured-img":"","footer-sml-layout":"","theme-transparent-header-meta":"default","adv-header-id-meta":"","stick-header-meta":"","header-above-stick-meta":"","header-main-stick-meta":"","header-below-stick-meta":"","astra-migrate-meta-layouts":"set","ast-page-background-enabled":"default","ast-page-background-meta":{"desktop":{"background-color":"var(--ast-global-color-4)","background-image":"","background-repeat":"repeat","background-position":"center center","background-size":"auto","background-attachment":"scroll","background-type":"","background-media":"","overlay-type":"","overlay-color":"","overlay-opacity":"","overlay-gradient":""},"tablet":{"background-color":"","background-image":"","background-repeat":"repeat","background-position":"center center","background-size":"auto","background-attachment":"scroll","background-type":"","background-media":"","overlay-type":"","overlay-color":"","overlay-opacity":"","overlay-gradient":""},"mobile":{"background-color":"","background-image":"","background-repeat":"repeat","background-position":"center center","background-size":"auto","background-attachment":"scroll","background-type":"","background-media":"","overlay-type":"","overlay-color":"","overlay-opacity":"","overlay-gradient":""}},"ast-content-background-meta":{"desktop":{"background-color":"var(--ast-global-color-5)","background-image":"","background-repeat":"repeat","background-position":"center center","background-size":"auto","background-attachment":"scroll","background-type":"","background-media":"","overlay-type":"","overlay-color":"","overlay-opacity":"","overlay-gradient":""},"tablet":{"background-color":"var(--ast-global-color-5)","background-image":"","background-repeat":"repeat","background-position":"center center","background-size":"auto","background-attachment":"scroll","background-type":"","background-media":"","overlay-type":"","overlay-color":"","overlay-opacity":"","overlay-gradient":""},"mobile":{"background-color":"var(--ast-global-color-5)","background-image":"","background-repeat":"repeat","background-position":"center center","background-size":"auto","background-attachment":"scroll","background-type":"","background-media":"","overlay-type":"","overlay-color":"","overlay-opacity":"","overlay-gradient":""}}},"product_cat":[48],"product_tag":[],"class_list":["post-4426","product","type-product","status-publish","has-post-thumbnail","hentry","product_cat-sunkaraoke-dalok","desktop-align-left","tablet-align-left","mobile-align-left"],"_links":{"self":[{"href":"https:\/\/www.sunkaraoke.hu\/index.php\/wp-json\/wp\/v2\/product\/4426","targetHints":{"allow":["GET"]}}],"collection":[{"href":"https:\/\/www.sunkaraoke.hu\/index.php\/wp-json\/wp\/v2\/product"}],"about":[{"href":"https:\/\/www.sunkaraoke.hu\/index.php\/wp-json\/wp\/v2\/types\/product"}],"wp:featuredmedia":[{"embeddable":true,"href":"https:\/\/www.sunkaraoke.hu\/index.php\/wp-json\/wp\/v2\/media\/8743"}],"wp:attachment":[{"href":"https:\/\/www.sunkaraoke.hu\/index.php\/wp-json\/wp\/v2\/media?parent=4426"}],"wp:term":[{"taxonomy":"product_cat","embeddable":true,"href":"https:\/\/www.sunkaraoke.hu\/index.php\/wp-json\/wp\/v2\/product_cat?post=4426"},{"taxonomy":"product_tag","embeddable":true,"href":"https:\/\/www.sunkaraoke.hu\/index.php\/wp-json\/wp\/v2\/product_tag?post=4426"}],"curies":[{"name":"wp","href":"https:\/\/api.w.org\/{rel}","templated":true}]}}