{"id":4423,"date":"2022-08-08T20:47:35","date_gmt":"2022-08-08T20:47:35","guid":{"rendered":"https:\/\/www.sunkaraoke.hu\/index.php\/termek\/lejla-ezeknel-a-ciganyoknal\/"},"modified":"2025-04-10T17:24:30","modified_gmt":"2025-04-10T17:24:30","slug":"lejla-ezeknel-a-ciganyoknal","status":"publish","type":"product","link":"https:\/\/www.sunkaraoke.hu\/index.php\/termek\/lejla-ezeknel-a-ciganyoknal\/","title":{"rendered":"<div class=\"wcmp-player-container product-4423\"><audio controlslist=\"nodownload\" data-product=\"4423\"  volume=\"1\"  preload=\"none\" data-lazyloading=\"none\" class=\"wcmp-player track mejs-classic\" data-duration=\"0:31\" data-estimated_duration=\"4\"><source src=\"https:\/\/www.sunkaraoke.hu\/wp-content\/uploads\/2022\/08\/Ezeknel-a-ciganyoknel-Lejla-R.-demooo.mp3\" type=\"audio\/mp3\" \/><\/audio><\/div>Lejla &#8211; Ezekn\u00e9l a cig\u00e1nyokn\u00e1l (Ali Edition)"},"content":{"rendered":"<p><strong>03:24<\/strong> | <strong><img loading=\"lazy\" decoding=\"async\" class=\"alignnone size-full wp-image-467\" src=\"https:\/\/www.sunkaraoke.hu\/wp-content\/uploads\/2022\/07\/choir_2-copy.webp\" alt=\"\" width=\"30\" height=\"30\" \/> <\/strong><\/p>\n","protected":false},"excerpt":{"rendered":"<h6><strong>Bits\u0171r\u0171s\u00e9g: 320<\/strong>kb\/s<strong><br \/>\n<\/strong><strong>Hossz: <\/strong>03:24<strong><br \/>\n<\/strong><strong style=\"font-size: 16px;\">Vok\u00e1lt tartalmaz: <\/strong>Nem <img loading=\"lazy\" decoding=\"async\" class=\"alignnone size-full wp-image-467\" src=\"http:\/\/www.sunkaraoke.hu\/wp-content\/uploads\/2022\/07\/choir_2-copy.png\" alt=\"\" width=\"30\" height=\"30\" \/><strong style=\"font-size: 16px;\"><br \/>\n<\/strong><\/h6>\n<p>Sunkaraoke mp3 st\u00fadi\u00f3 \/ www.sunkaraoke.hu \/ Inf: Tel: 06 20 4275001<\/p>\n<p>&#8212;Intr\u00f3&#8212;-<br \/>\nM\u00e1ma este a &#8230;&#8230;.. buli van,<br \/>\nmert a &#8230;&#8230;.. sz\u00fclet\u00e9snapja van!!<br \/>\nM\u00e1ma este a &#8230;&#8230;.. buli van,<br \/>\nmert a &#8230;&#8230;.. sz\u00fclet\u00e9snapja van!!<br \/>\nCsin\u00e1ld testv\u00e9r az \u00e9letet kihaszn\u00e1lod,<br \/>\nmert ma este a csal\u00e1doddal mulatol.<br \/>\nM\u00e1ma este a &#8230;&#8230;.. buli van,<br \/>\nmert a &#8230;&#8230;.. sz\u00fclet\u00e9snapja van!!<br \/>\nEzekn\u00e9l a cig\u00e1nyokn\u00e1l buli van,<br \/>\nf\u0151leg amikor a Bub\u00f3 \u00e9s a Timi itt van.<br \/>\nEzekn\u00e9l a cig\u00e1nyokn\u00e1l buli van,<br \/>\nf\u0151leg amikor a Dani meg a M\u00f3ni itt van.<br \/>\nCsin\u00e1ld testv\u00e9r az \u00e9letet kihaszn\u00e1lod,<br \/>\nmert tin\u00e1latok reggelig mulatok.<br \/>\nEzekn\u00e9l a cig\u00e1nyokn\u00e1l buli van,<br \/>\nf\u0151leg amikor a Dani meg a M\u00f3ni itt van.<br \/>\nM\u00e1ma este a &#8230;&#8230;.. buli van,<br \/>\nf\u0151leg amikor a Dani meg a M\u00f3ni itt van.<br \/>\nM\u00e1ma este a &#8230;&#8230;.. buli van,<br \/>\nf\u0151leg amikor a Dani meg a M\u00f3ni itt van.<br \/>\nCsin\u00e1ld testv\u00e9r az \u00e9letet kihaszn\u00e1lod,<br \/>\nmert tin\u00e1latok reggelig mulatok.<br \/>\nM\u00e1ma este a &#8230;&#8230;.. buli van,<br \/>\nf\u0151leg amikor a Dani meg a M\u00f3ni itt van.<br \/>\n\u00c1ndi luma k\u00e1jle butrom \u00e1me phir\u00e1sz,<br \/>\nleromengi suk\u00e1r voj\u00e1 teker\u00e1sz.<br \/>\n\u00c1ndi luma k\u00e1jle butrom \u00e1me phir\u00e1sz,<br \/>\nleromengi suk\u00e1r voj\u00e1 t\u00e9k\u00e9r\u00e1sz.<br \/>\nKe tu &#8230; ke s\u00f3gorenki suk\u00e1r voj\u00e1,<br \/>\nszoro r\u00e1tyi lepralenca mulat\u00ed.<br \/>\n\u00c1ndi luma k\u00e1jle butrom \u00e1me phir\u00e1sz,<br \/>\nleromengi suk\u00e1r voj\u00e1 t\u00e9k\u00e9r\u00e1sz.<br \/>\n&#8212;V\u00e9ge&#8212;<\/p>\n","protected":false},"featured_media":18400,"template":"","meta":{"site-sidebar-layout":"default","site-content-layout":"default","ast-site-content-layout":"default","site-content-style":"default","site-sidebar-style":"default","ast-global-header-display":"","ast-banner-title-visibility":"","ast-main-header-display":"","ast-hfb-above-header-display":"","ast-hfb-below-header-display":"","ast-hfb-mobile-header-display":"","site-post-title":"","ast-breadcrumbs-content":"","ast-featured-img":"","footer-sml-layout":"","theme-transparent-header-meta":"default","adv-header-id-meta":"","stick-header-meta":"","header-above-stick-meta":"","header-main-stick-meta":"","header-below-stick-meta":"","astra-migrate-meta-layouts":"set","ast-page-background-enabled":"default","ast-page-background-meta":{"desktop":{"background-color":"var(--ast-global-color-4)","background-image":"","background-repeat":"repeat","background-position":"center center","background-size":"auto","background-attachment":"scroll","background-type":"","background-media":"","overlay-type":"","overlay-color":"","overlay-opacity":"","overlay-gradient":""},"tablet":{"background-color":"","background-image":"","background-repeat":"repeat","background-position":"center center","background-size":"auto","background-attachment":"scroll","background-type":"","background-media":"","overlay-type":"","overlay-color":"","overlay-opacity":"","overlay-gradient":""},"mobile":{"background-color":"","background-image":"","background-repeat":"repeat","background-position":"center center","background-size":"auto","background-attachment":"scroll","background-type":"","background-media":"","overlay-type":"","overlay-color":"","overlay-opacity":"","overlay-gradient":""}},"ast-content-background-meta":{"desktop":{"background-color":"var(--ast-global-color-5)","background-image":"","background-repeat":"repeat","background-position":"center center","background-size":"auto","background-attachment":"scroll","background-type":"","background-media":"","overlay-type":"","overlay-color":"","overlay-opacity":"","overlay-gradient":""},"tablet":{"background-color":"var(--ast-global-color-5)","background-image":"","background-repeat":"repeat","background-position":"center center","background-size":"auto","background-attachment":"scroll","background-type":"","background-media":"","overlay-type":"","overlay-color":"","overlay-opacity":"","overlay-gradient":""},"mobile":{"background-color":"var(--ast-global-color-5)","background-image":"","background-repeat":"repeat","background-position":"center center","background-size":"auto","background-attachment":"scroll","background-type":"","background-media":"","overlay-type":"","overlay-color":"","overlay-opacity":"","overlay-gradient":""}}},"product_cat":[46],"product_tag":[],"class_list":["post-4423","product","type-product","status-publish","has-post-thumbnail","hentry","product_cat-eredeti-karaoke-dalok","desktop-align-left","tablet-align-left","mobile-align-left"],"_links":{"self":[{"href":"https:\/\/www.sunkaraoke.hu\/index.php\/wp-json\/wp\/v2\/product\/4423","targetHints":{"allow":["GET"]}}],"collection":[{"href":"https:\/\/www.sunkaraoke.hu\/index.php\/wp-json\/wp\/v2\/product"}],"about":[{"href":"https:\/\/www.sunkaraoke.hu\/index.php\/wp-json\/wp\/v2\/types\/product"}],"wp:featuredmedia":[{"embeddable":true,"href":"https:\/\/www.sunkaraoke.hu\/index.php\/wp-json\/wp\/v2\/media\/18400"}],"wp:attachment":[{"href":"https:\/\/www.sunkaraoke.hu\/index.php\/wp-json\/wp\/v2\/media?parent=4423"}],"wp:term":[{"taxonomy":"product_cat","embeddable":true,"href":"https:\/\/www.sunkaraoke.hu\/index.php\/wp-json\/wp\/v2\/product_cat?post=4423"},{"taxonomy":"product_tag","embeddable":true,"href":"https:\/\/www.sunkaraoke.hu\/index.php\/wp-json\/wp\/v2\/product_tag?post=4423"}],"curies":[{"name":"wp","href":"https:\/\/api.w.org\/{rel}","templated":true}]}}