{"id":4417,"date":"2022-08-08T20:47:35","date_gmt":"2022-08-08T20:47:35","guid":{"rendered":"https:\/\/www.sunkaraoke.hu\/index.php\/termek\/tajtiboy-erdo-kozepeben\/"},"modified":"2024-12-10T16:35:36","modified_gmt":"2024-12-10T16:35:36","slug":"tajtiboy-erdo-kozepeben","status":"publish","type":"product","link":"https:\/\/www.sunkaraoke.hu\/index.php\/termek\/tajtiboy-erdo-kozepeben\/","title":{"rendered":"<div class=\"wcmp-player-container product-4417\"><audio controlslist=\"nodownload\" data-product=\"4417\"  volume=\"1\"  preload=\"none\" data-lazyloading=\"none\" class=\"wcmp-player track mejs-classic\" ><source src=\"https:\/\/www.sunkaraoke.hu\/wp-content\/uploads\/wcmp\/607957218c4a8488d8fbbfce05f8a1bb.mp3\" type=\"audio\/mp3\" \/><\/audio><\/div>Tajtiboy &#8211; Erd\u00f5 k\u00f6zep\u00e9ben"},"content":{"rendered":"<p><strong>03:51<\/strong> | <strong><img loading=\"lazy\" decoding=\"async\" class=\"alignnone size-full wp-image-467\" src=\"https:\/\/www.sunkaraoke.hu\/wp-content\/uploads\/2022\/07\/choir_2-copy.webp\" alt=\"\" width=\"30\" height=\"30\" \/> <\/p>\n","protected":false},"excerpt":{"rendered":"<p><strong>Bits\u0171r\u0171s\u00e9g: <\/strong>196kb\/s<strong><br \/>\n<\/strong><strong>Hossz: <\/strong>03:51<strong><br \/>\n<\/strong><strong style=\"font-size: 16px;\">Vok\u00e1lt tartalmaz: <\/strong>Nem <img loading=\"lazy\" decoding=\"async\" class=\"alignnone size-full wp-image-467\" src=\"http:\/\/www.sunkaraoke.hu\/wp-content\/uploads\/2022\/07\/choir_2-copy.png\" alt=\"\" width=\"30\" height=\"30\" \/><strong style=\"font-size: 16px;\"><br \/>\n<\/strong><\/p>\n<p>&nbsp;<\/p>\n<p>&#8212;Intr\u00f3&#8212;<br \/>\nErd\u0151 k\u00f6zep\u00e9ben j\u00e1rok,<br \/>\negyszer, majd r\u00e1d tal\u00e1lok,<br \/>\ncsillagom vezess!<br \/>\n\u00e9n ut\u00e1nad megyek.<br \/>\n&#8212;Sz\u00f3l\u00f3&#8212;<br \/>\nS\u00f6t\u00e9t kapuk, magas h\u00e1zak, f\u00e9nyes udvarok.<br \/>\nNy\u00edljatok meg l\u00e1bam el\u0151tt, ha arra indulok.<br \/>\nErd\u0151 k\u00f6zep\u00e9ben j\u00e1rok,<br \/>\negyszer, majd r\u00e1d tal\u00e1lok,<br \/>\ncsillagom vezess!<br \/>\n\u00e9n ut\u00e1nad megyek.<br \/>\nErd\u0151 k\u00f6zep\u00e9ben j\u00e1rok,<br \/>\negyszer, majd r\u00e1d tal\u00e1lok,<br \/>\ncsillagom vezess!<br \/>\n\u00e9n ut\u00e1nad megyek.<br \/>\nFelh\u0151,felh\u0151 fenn az \u00e9gen,<br \/>\nv\u00e1rtunk m\u00e1r nagyon.<br \/>\nEs\u0151t hozz a vir\u00e1goknak,<br \/>\nmosd el sok bajom.<br \/>\nErd\u0151 k\u00f6zep\u00e9ben j\u00e1rok,<br \/>\negyszer, majd r\u00e1d tal\u00e1lok,<br \/>\ncsillagom vezess!<br \/>\n\u00e9n ut\u00e1nad megyek.<br \/>\nErd\u0151 k\u00f6zep\u00e9ben j\u00e1rok,<br \/>\negyszer, majd r\u00e1d tal\u00e1lok,<br \/>\ncsillagom vezess!<br \/>\n\u00e9n ut\u00e1nad megyek.<br \/>\nErd\u0151 k\u00f6zep\u00e9ben j\u00e1rok,<br \/>\negyszer, majd r\u00e1d tal\u00e1lok,<br \/>\ncsillagom vezess!<br \/>\n\u00e9n ut\u00e1nad megyek.<br \/>\nErd\u0151 k\u00f6zep\u00e9ben j\u00e1rok,<br \/>\negyszer, majd r\u00e1d tal\u00e1lok,<br \/>\ncsillagom vezess!<br \/>\n\u00e9n ut\u00e1nad megyek.<br \/>\n&#8212;Sz\u00f3l\u00f3&#8212;<br \/>\nErd\u0151 k\u00f6zep\u00e9ben j\u00e1rok,<br \/>\negyszer, majd r\u00e1d tal\u00e1lok,<br \/>\ncsillagom vezess!<br \/>\n\u00e9n ut\u00e1nad megyek.<br \/>\nErd\u0151 k\u00f6zep\u00e9ben j\u00e1rok,<br \/>\negyszer, majd r\u00e1d tal\u00e1lok,<br \/>\ncsillagom vezess!<br \/>\n\u00e9n ut\u00e1nad megyek.<br \/>\n&#8212;V\u00e9ge&#8212;<\/p>\n","protected":false},"featured_media":9020,"template":"","meta":{"site-sidebar-layout":"default","site-content-layout":"default","ast-site-content-layout":"","site-content-style":"default","site-sidebar-style":"default","ast-global-header-display":"","ast-banner-title-visibility":"","ast-main-header-display":"","ast-hfb-above-header-display":"","ast-hfb-below-header-display":"","ast-hfb-mobile-header-display":"","site-post-title":"","ast-breadcrumbs-content":"","ast-featured-img":"","footer-sml-layout":"","theme-transparent-header-meta":"default","adv-header-id-meta":"","stick-header-meta":"","header-above-stick-meta":"","header-main-stick-meta":"","header-below-stick-meta":"","astra-migrate-meta-layouts":"default","ast-page-background-enabled":"default","ast-page-background-meta":{"desktop":{"background-color":"var(--ast-global-color-4)","background-image":"","background-repeat":"repeat","background-position":"center center","background-size":"auto","background-attachment":"scroll","background-type":"","background-media":"","overlay-type":"","overlay-color":"","overlay-opacity":"","overlay-gradient":""},"tablet":{"background-color":"","background-image":"","background-repeat":"repeat","background-position":"center center","background-size":"auto","background-attachment":"scroll","background-type":"","background-media":"","overlay-type":"","overlay-color":"","overlay-opacity":"","overlay-gradient":""},"mobile":{"background-color":"","background-image":"","background-repeat":"repeat","background-position":"center center","background-size":"auto","background-attachment":"scroll","background-type":"","background-media":"","overlay-type":"","overlay-color":"","overlay-opacity":"","overlay-gradient":""}},"ast-content-background-meta":{"desktop":{"background-color":"var(--ast-global-color-5)","background-image":"","background-repeat":"repeat","background-position":"center center","background-size":"auto","background-attachment":"scroll","background-type":"","background-media":"","overlay-type":"","overlay-color":"","overlay-opacity":"","overlay-gradient":""},"tablet":{"background-color":"var(--ast-global-color-5)","background-image":"","background-repeat":"repeat","background-position":"center center","background-size":"auto","background-attachment":"scroll","background-type":"","background-media":"","overlay-type":"","overlay-color":"","overlay-opacity":"","overlay-gradient":""},"mobile":{"background-color":"var(--ast-global-color-5)","background-image":"","background-repeat":"repeat","background-position":"center center","background-size":"auto","background-attachment":"scroll","background-type":"","background-media":"","overlay-type":"","overlay-color":"","overlay-opacity":"","overlay-gradient":""}}},"product_cat":[52],"product_tag":[],"class_list":["post-4417","product","type-product","status-publish","has-post-thumbnail","hentry","product_cat-tajtiboy","desktop-align-left","tablet-align-left","mobile-align-left"],"_links":{"self":[{"href":"https:\/\/www.sunkaraoke.hu\/index.php\/wp-json\/wp\/v2\/product\/4417","targetHints":{"allow":["GET"]}}],"collection":[{"href":"https:\/\/www.sunkaraoke.hu\/index.php\/wp-json\/wp\/v2\/product"}],"about":[{"href":"https:\/\/www.sunkaraoke.hu\/index.php\/wp-json\/wp\/v2\/types\/product"}],"wp:featuredmedia":[{"embeddable":true,"href":"https:\/\/www.sunkaraoke.hu\/index.php\/wp-json\/wp\/v2\/media\/9020"}],"wp:attachment":[{"href":"https:\/\/www.sunkaraoke.hu\/index.php\/wp-json\/wp\/v2\/media?parent=4417"}],"wp:term":[{"taxonomy":"product_cat","embeddable":true,"href":"https:\/\/www.sunkaraoke.hu\/index.php\/wp-json\/wp\/v2\/product_cat?post=4417"},{"taxonomy":"product_tag","embeddable":true,"href":"https:\/\/www.sunkaraoke.hu\/index.php\/wp-json\/wp\/v2\/product_tag?post=4417"}],"curies":[{"name":"wp","href":"https:\/\/api.w.org\/{rel}","templated":true}]}}