{"id":4415,"date":"2022-08-08T20:47:34","date_gmt":"2022-08-08T20:47:34","guid":{"rendered":"https:\/\/www.sunkaraoke.hu\/index.php\/termek\/slager-tibo-hosszu-ejszakak\/"},"modified":"2026-02-14T15:46:12","modified_gmt":"2026-02-14T13:46:12","slug":"slager-tibo-hosszu-ejszakak","status":"publish","type":"product","link":"https:\/\/www.sunkaraoke.hu\/index.php\/termek\/slager-tibo-hosszu-ejszakak\/","title":{"rendered":"<div class=\"wcmp-player-container product-4415\"><audio controlslist=\"nodownload\" data-product=\"4415\"  volume=\"1\"  preload=\"none\" data-lazyloading=\"none\" class=\"wcmp-player track mejs-classic\" data-duration=\"0:32\" data-estimated_duration=\"4\"><source src=\"https:\/\/www.sunkaraoke.hu\/wp-content\/uploads\/2022\/08\/Hosszu-ejszakak-voc-Tibo.-demoooo.mp3\" type=\"audio\/mp3\" \/><\/audio><\/div>Sl\u00e1ger Tib\u00f3 &#8211; Hossz\u00fa \u00e9jszak\u00e1k (Original)"},"content":{"rendered":"<p><strong>03:48<\/strong> | <strong><img loading=\"lazy\" decoding=\"async\" class=\"alignnone size-full wp-image-466\" src=\"https:\/\/www.sunkaraoke.hu\/wp-content\/uploads\/2022\/07\/choir_1-copy.webp\" alt=\"\" width=\"30\" height=\"30\" \/> <\/strong><\/p>\n","protected":false},"excerpt":{"rendered":"<h6><strong>Bits\u0171r\u0171s\u00e9g: 320<\/strong>kb\/s<strong><br \/>\n<\/strong><strong>Hossz: <\/strong>03:48<strong><br \/>\n<\/strong><strong style=\"font-size: 16px;\">Vok\u00e1lt tartalmaz: <\/strong>Igen <img loading=\"lazy\" decoding=\"async\" class=\"alignnone size-full wp-image-466\" src=\"http:\/\/www.sunkaraoke.hu\/wp-content\/uploads\/2022\/07\/choir_1-copy.png\" alt=\"\" width=\"30\" height=\"30\" \/><strong style=\"font-size: 16px;\"><br \/>\n<\/strong><\/h6>\n<p>Sunkaraoke mp3 st\u00fadi\u00f3 \/ www.sunkaraoke.hu \/ Inf: Tel: 06 20 4275001<\/p>\n<p>&#8212;Intr\u00f3&#8212;<br \/>\nSz\u00edvemben m\u00e9g \u00e9l, az a r\u00e9gi dallam,<br \/>\nszemembe m\u00e9g k\u00f6nnyet csal a sz\u00e9l.<br \/>\nVisszahajtan\u00e1m az id\u0151 kerek\u00e9t,<br \/>\nboldog \u00e9vek, gyertek vissza m\u00e9g.<br \/>\nHol van a kert a sok vir\u00e1g,<br \/>\nhol vagytok r\u00e9gi cimbor\u00e1k,<br \/>\nm\u00e1morosan \u00e1tmulatott hossz\u00fa \u00e9jszak\u00e1k.<br \/>\nHol van a dr\u00e1ga j\u00f3 any\u00e1m,<br \/>\naki m\u00e9g n\u00e9ha visszav\u00e1r,<br \/>\negy k\u00f6nnyes szemmel, \u00e1tvirrasztott hossz\u00fa \u00e9jszak\u00e1n!<br \/>\nSz\u00edvemben m\u00e9g \u00e9l, az a r\u00e9gi dallam,<br \/>\nszemembe m\u00e9g k\u00f6nnyet csal a sz\u00e9l.<br \/>\nVisszahajtan\u00e1m az id\u0151 kerek\u00e9t,<br \/>\nboldog \u00e9vek, gyertek vissza m\u00e9g.<br \/>\nHol van a kert a sok vir\u00e1g,<br \/>\nhol vagytok r\u00e9gi cimbor\u00e1k,<br \/>\nm\u00e1morosan \u00e1tmulatott hossz\u00fa \u00e9jszak\u00e1n!<br \/>\nHol van a dr\u00e1ga j\u00f3 any\u00e1m,<br \/>\naki m\u00e9g n\u00e9ha visszav\u00e1r,<br \/>\negy k\u00f6nnyes szemmel, \u00e1tvirrasztott hossz\u00fa \u00e9jszak\u00e1n!<br \/>\n&#8212;Sz\u00f3l\u00f3&#8212;<br \/>\nVisszahajtan\u00e1m az id\u0151 kerek\u00e9t,<br \/>\nboldog \u00e9vek, gyertek vissza m\u00e9g.<br \/>\nHol van a kert a sok vir\u00e1g,<br \/>\nhol vagytok r\u00e9gi cimbor\u00e1k,<br \/>\nm\u00e1morosan \u00e1tmulatott hossz\u00fa \u00e9jszak\u00e1k.<br \/>\nHol van a dr\u00e1ga j\u00f3 any\u00e1m,<br \/>\naki m\u00e9g n\u00e9ha visszav\u00e1r,<br \/>\negy k\u00f6nnyes szemmel, \u00e1tvirrasztott hossz\u00fa \u00e9jszak\u00e1n!<br \/>\nHol van a kert a sok vir\u00e1g,<br \/>\nhol vagytok r\u00e9gi cimbor\u00e1k,<br \/>\nm\u00e1morosan \u00e1tmulatott hossz\u00fa \u00e9jszak\u00e1k.<br \/>\nHol van a dr\u00e1ga j\u00f3 any\u00e1m,<br \/>\naki m\u00e9g n\u00e9ha visszav\u00e1r,<br \/>\negy k\u00f6nnyes szemmel, \u00e1tvirrasztott hossz\u00fa \u00e9jszak\u00e1n!<br \/>\n&#8212;V\u00e9ge&#8212;<\/p>\n","protected":false},"featured_media":9289,"template":"","meta":{"site-sidebar-layout":"default","site-content-layout":"default","ast-site-content-layout":"default","site-content-style":"default","site-sidebar-style":"default","ast-global-header-display":"","ast-banner-title-visibility":"","ast-main-header-display":"","ast-hfb-above-header-display":"","ast-hfb-below-header-display":"","ast-hfb-mobile-header-display":"","site-post-title":"","ast-breadcrumbs-content":"","ast-featured-img":"","footer-sml-layout":"","theme-transparent-header-meta":"default","adv-header-id-meta":"","stick-header-meta":"","header-above-stick-meta":"","header-main-stick-meta":"","header-below-stick-meta":"","astra-migrate-meta-layouts":"set","ast-page-background-enabled":"default","ast-page-background-meta":{"desktop":{"background-color":"var(--ast-global-color-4)","background-image":"","background-repeat":"repeat","background-position":"center center","background-size":"auto","background-attachment":"scroll","background-type":"","background-media":"","overlay-type":"","overlay-color":"","overlay-opacity":"","overlay-gradient":""},"tablet":{"background-color":"","background-image":"","background-repeat":"repeat","background-position":"center center","background-size":"auto","background-attachment":"scroll","background-type":"","background-media":"","overlay-type":"","overlay-color":"","overlay-opacity":"","overlay-gradient":""},"mobile":{"background-color":"","background-image":"","background-repeat":"repeat","background-position":"center center","background-size":"auto","background-attachment":"scroll","background-type":"","background-media":"","overlay-type":"","overlay-color":"","overlay-opacity":"","overlay-gradient":""}},"ast-content-background-meta":{"desktop":{"background-color":"var(--ast-global-color-5)","background-image":"","background-repeat":"repeat","background-position":"center center","background-size":"auto","background-attachment":"scroll","background-type":"","background-media":"","overlay-type":"","overlay-color":"","overlay-opacity":"","overlay-gradient":""},"tablet":{"background-color":"var(--ast-global-color-5)","background-image":"","background-repeat":"repeat","background-position":"center center","background-size":"auto","background-attachment":"scroll","background-type":"","background-media":"","overlay-type":"","overlay-color":"","overlay-opacity":"","overlay-gradient":""},"mobile":{"background-color":"var(--ast-global-color-5)","background-image":"","background-repeat":"repeat","background-position":"center center","background-size":"auto","background-attachment":"scroll","background-type":"","background-media":"","overlay-type":"","overlay-color":"","overlay-opacity":"","overlay-gradient":""}}},"product_cat":[46],"product_tag":[],"class_list":["post-4415","product","type-product","status-publish","has-post-thumbnail","hentry","product_cat-eredeti-karaoke-dalok","desktop-align-left","tablet-align-left","mobile-align-left"],"_links":{"self":[{"href":"https:\/\/www.sunkaraoke.hu\/index.php\/wp-json\/wp\/v2\/product\/4415","targetHints":{"allow":["GET"]}}],"collection":[{"href":"https:\/\/www.sunkaraoke.hu\/index.php\/wp-json\/wp\/v2\/product"}],"about":[{"href":"https:\/\/www.sunkaraoke.hu\/index.php\/wp-json\/wp\/v2\/types\/product"}],"wp:featuredmedia":[{"embeddable":true,"href":"https:\/\/www.sunkaraoke.hu\/index.php\/wp-json\/wp\/v2\/media\/9289"}],"wp:attachment":[{"href":"https:\/\/www.sunkaraoke.hu\/index.php\/wp-json\/wp\/v2\/media?parent=4415"}],"wp:term":[{"taxonomy":"product_cat","embeddable":true,"href":"https:\/\/www.sunkaraoke.hu\/index.php\/wp-json\/wp\/v2\/product_cat?post=4415"},{"taxonomy":"product_tag","embeddable":true,"href":"https:\/\/www.sunkaraoke.hu\/index.php\/wp-json\/wp\/v2\/product_tag?post=4415"}],"curies":[{"name":"wp","href":"https:\/\/api.w.org\/{rel}","templated":true}]}}