{"id":4414,"date":"2022-08-08T20:47:34","date_gmt":"2022-08-08T20:47:34","guid":{"rendered":"https:\/\/www.sunkaraoke.hu\/index.php\/termek\/tajtiboy-ott-fogsz-majd-sirni\/"},"modified":"2025-04-05T11:14:15","modified_gmt":"2025-04-05T11:14:15","slug":"tajtiboy-ott-fogsz-majd-sirni","status":"publish","type":"product","link":"https:\/\/www.sunkaraoke.hu\/index.php\/termek\/tajtiboy-ott-fogsz-majd-sirni\/","title":{"rendered":"<div class=\"wcmp-player-container product-4414\"><audio controlslist=\"nodownload\" data-product=\"4414\"  volume=\"1\"  preload=\"none\" data-lazyloading=\"none\" class=\"wcmp-player track mejs-classic\" data-duration=\"0:32\" data-estimated_duration=\"4\"><source src=\"https:\/\/www.sunkaraoke.hu\/wp-content\/uploads\/2022\/08\/Ott-fogsz-majd-sirni-Tajti-voc.-kdemoo.mp3\" type=\"audio\/mp3\" \/><\/audio><\/div>Tajtiboy &#8211; Ott fogsz majd s\u00edrni (Original)"},"content":{"rendered":"<p><strong>03:03<\/strong> | <strong><img loading=\"lazy\" decoding=\"async\" class=\"alignnone size-full wp-image-466\" src=\"https:\/\/www.sunkaraoke.hu\/wp-content\/uploads\/2022\/07\/choir_1-copy.webp\" alt=\"\" width=\"30\" height=\"30\" \/> <\/strong><\/p>\n","protected":false},"excerpt":{"rendered":"<h6><strong>Bits\u0171r\u0171s\u00e9g: 320<\/strong>kb\/s<strong><br \/>\n<\/strong><strong>Hossz: <\/strong>03:03<strong><br \/>\n<\/strong><strong style=\"font-size: 16px;\">Vok\u00e1lt tartalmaz: <\/strong>Igen <img loading=\"lazy\" decoding=\"async\" class=\"alignnone size-full wp-image-466\" src=\"http:\/\/www.sunkaraoke.hu\/wp-content\/uploads\/2022\/07\/choir_1-copy.png\" alt=\"\" width=\"30\" height=\"30\" \/><strong style=\"font-size: 16px;\"><br \/>\n<\/strong><\/h6>\n<p>Sunkaraoke mp3 st\u00fadi\u00f3 \/ www.sunkaraoke.hu \/ Inf: Tel: 06 20 4275001<\/p>\n<p>&#8212;Intr\u00f3&#8212;<br \/>\nOtt fogsz majd s\u00edrni,<br \/>\nahol senki se l\u00e1t,<br \/>\nsz\u00e1zszor megcs\u00f3kolsz,<br \/>\nmajd egy sz\u00e1l iboly\u00e1t.<br \/>\nNe hidd, hogy v\u00e9ge,<br \/>\nhisz azt nem hiszem \u00e9n,<br \/>\nnappal kig\u00fanyolsz,<br \/>\nde az \u00e1lmod eny\u00e9m.<br \/>\nVissza fogsz s\u00edrni,<br \/>\nte se b\u00edrod sok\u00e1,<br \/>\nlesz m\u00e9g, hogy j\u00e1rn\u00e1l,<br \/>\negy kis ablak al\u00e1.<br \/>\nAkkor m\u00e1r k\u00e9s\u0151,<br \/>\nnem is gondolok r\u00e1d,<br \/>\nott fogsz majd s\u00edrni,<br \/>\nahol senki se l\u00e1t.<br \/>\n&#8212;-Sz\u00f3l\u00f3&#8212;<br \/>\nOtt fogsz majd s\u00edrni,<br \/>\nahol senki se l\u00e1t,<br \/>\nsz\u00e1zszor megcs\u00f3kolsz,<br \/>\nmajd egy sz\u00e1l iboly\u00e1t.<br \/>\nNe hidd, hogy v\u00e9ge,<br \/>\nhisz azt nem hiszem \u00e9n,<br \/>\nnappal kig\u00fanyolsz,<br \/>\nde az \u00e1lmod eny\u00e9m.<br \/>\nVissza fogsz s\u00edrni,<br \/>\nte se b\u00edrod sok\u00e1,<br \/>\nlesz m\u00e9g, hogy j\u00e1rn\u00e1l,<br \/>\negy kis ablak al\u00e1.<br \/>\nAkkor m\u00e1r k\u00e9s\u0151,<br \/>\nnem is gondolok r\u00e1d,<br \/>\nott fogsz majd s\u00edrni,<br \/>\nahol senki se l\u00e1t.<br \/>\n&#8212;V\u00e9ge&#8212;<\/p>\n","protected":false},"featured_media":9020,"template":"","meta":{"site-sidebar-layout":"default","site-content-layout":"default","ast-site-content-layout":"default","site-content-style":"default","site-sidebar-style":"default","ast-global-header-display":"","ast-banner-title-visibility":"","ast-main-header-display":"","ast-hfb-above-header-display":"","ast-hfb-below-header-display":"","ast-hfb-mobile-header-display":"","site-post-title":"","ast-breadcrumbs-content":"","ast-featured-img":"","footer-sml-layout":"","theme-transparent-header-meta":"default","adv-header-id-meta":"","stick-header-meta":"","header-above-stick-meta":"","header-main-stick-meta":"","header-below-stick-meta":"","astra-migrate-meta-layouts":"set","ast-page-background-enabled":"default","ast-page-background-meta":{"desktop":{"background-color":"var(--ast-global-color-4)","background-image":"","background-repeat":"repeat","background-position":"center center","background-size":"auto","background-attachment":"scroll","background-type":"","background-media":"","overlay-type":"","overlay-color":"","overlay-opacity":"","overlay-gradient":""},"tablet":{"background-color":"","background-image":"","background-repeat":"repeat","background-position":"center center","background-size":"auto","background-attachment":"scroll","background-type":"","background-media":"","overlay-type":"","overlay-color":"","overlay-opacity":"","overlay-gradient":""},"mobile":{"background-color":"","background-image":"","background-repeat":"repeat","background-position":"center center","background-size":"auto","background-attachment":"scroll","background-type":"","background-media":"","overlay-type":"","overlay-color":"","overlay-opacity":"","overlay-gradient":""}},"ast-content-background-meta":{"desktop":{"background-color":"var(--ast-global-color-5)","background-image":"","background-repeat":"repeat","background-position":"center center","background-size":"auto","background-attachment":"scroll","background-type":"","background-media":"","overlay-type":"","overlay-color":"","overlay-opacity":"","overlay-gradient":""},"tablet":{"background-color":"var(--ast-global-color-5)","background-image":"","background-repeat":"repeat","background-position":"center center","background-size":"auto","background-attachment":"scroll","background-type":"","background-media":"","overlay-type":"","overlay-color":"","overlay-opacity":"","overlay-gradient":""},"mobile":{"background-color":"var(--ast-global-color-5)","background-image":"","background-repeat":"repeat","background-position":"center center","background-size":"auto","background-attachment":"scroll","background-type":"","background-media":"","overlay-type":"","overlay-color":"","overlay-opacity":"","overlay-gradient":""}}},"product_cat":[52],"product_tag":[],"class_list":["post-4414","product","type-product","status-publish","has-post-thumbnail","hentry","product_cat-tajtiboy","desktop-align-left","tablet-align-left","mobile-align-left"],"_links":{"self":[{"href":"https:\/\/www.sunkaraoke.hu\/index.php\/wp-json\/wp\/v2\/product\/4414","targetHints":{"allow":["GET"]}}],"collection":[{"href":"https:\/\/www.sunkaraoke.hu\/index.php\/wp-json\/wp\/v2\/product"}],"about":[{"href":"https:\/\/www.sunkaraoke.hu\/index.php\/wp-json\/wp\/v2\/types\/product"}],"wp:featuredmedia":[{"embeddable":true,"href":"https:\/\/www.sunkaraoke.hu\/index.php\/wp-json\/wp\/v2\/media\/9020"}],"wp:attachment":[{"href":"https:\/\/www.sunkaraoke.hu\/index.php\/wp-json\/wp\/v2\/media?parent=4414"}],"wp:term":[{"taxonomy":"product_cat","embeddable":true,"href":"https:\/\/www.sunkaraoke.hu\/index.php\/wp-json\/wp\/v2\/product_cat?post=4414"},{"taxonomy":"product_tag","embeddable":true,"href":"https:\/\/www.sunkaraoke.hu\/index.php\/wp-json\/wp\/v2\/product_tag?post=4414"}],"curies":[{"name":"wp","href":"https:\/\/api.w.org\/{rel}","templated":true}]}}