{"id":4408,"date":"2022-08-08T20:47:34","date_gmt":"2022-08-08T20:47:34","guid":{"rendered":"https:\/\/www.sunkaraoke.hu\/index.php\/termek\/postas-jozsi-harangvirag\/"},"modified":"2025-04-01T16:04:45","modified_gmt":"2025-04-01T16:04:45","slug":"postas-jozsi-harangvirag","status":"publish","type":"product","link":"https:\/\/www.sunkaraoke.hu\/index.php\/termek\/postas-jozsi-harangvirag\/","title":{"rendered":"<div class=\"wcmp-player-container product-4408\"><audio controlslist=\"nodownload\" data-product=\"4408\"  volume=\"1\"  preload=\"none\" data-lazyloading=\"none\" class=\"wcmp-player track mejs-classic\" data-duration=\"0:33\" data-estimated_duration=\"4\"><source src=\"https:\/\/www.sunkaraoke.hu\/wp-content\/uploads\/2022\/08\/Harangvirag-voc-Postas.-demooo.mp3\" type=\"audio\/mp3\" \/><\/audio><\/div>Post\u00e1s J\u00f3zsi &#8211; Harangvir\u00e1g (Original)"},"content":{"rendered":"<p><strong>03:17<\/strong> | <strong><img loading=\"lazy\" decoding=\"async\" class=\"alignnone size-full wp-image-466\" src=\"https:\/\/www.sunkaraoke.hu\/wp-content\/uploads\/2022\/07\/choir_1-copy.webp\" alt=\"\" width=\"30\" height=\"30\" \/> <\/strong><\/p>\n","protected":false},"excerpt":{"rendered":"<h6><strong>Bits\u0171r\u0171s\u00e9g: 320<\/strong>kb\/s<strong><br \/>\n<\/strong><strong>Hossz: <\/strong>03:17<strong><br \/>\n<\/strong><strong style=\"font-size: 16px;\">Vok\u00e1lt tartalmaz: <\/strong>Igen <img loading=\"lazy\" decoding=\"async\" class=\"alignnone size-full wp-image-466\" src=\"http:\/\/www.sunkaraoke.hu\/wp-content\/uploads\/2022\/07\/choir_1-copy.png\" alt=\"\" width=\"30\" height=\"30\" \/><strong style=\"font-size: 16px;\"><br \/>\n<\/strong><\/h6>\n<p>Sunkaraoke mp3 st\u00fadi\u00f3 \/ www.sunkaraoke.hu \/ Inf: Tel: 06 20 4275001<\/p>\n<p>&#8212;Intr\u00f3&#8212;<br \/>\nEgy sz\u00e1l harangvir\u00e1g,<br \/>\nennyi csak, mit adhatok,<br \/>\n\u00e9s k\u00edv\u00e1nok m\u00e9g, nagyon sok boldog n\u00e9vnapot.<br \/>\nNem nagy dolog, mondhatja m\u00e1s,<br \/>\ntudom j\u00f3l, de mit tegyek?<br \/>\nEgy sz\u00e1l harangvir\u00e1g,<br \/>\nez jelzi most az \u00fcnnepet.<br \/>\nDe l\u00e1tom t\u00e9ged csak a vir\u00e1g \u00e9rdekel,<br \/>\nmit mondok, az sajnos a f\u00fcledig nem jut el.<br \/>\nDe eln\u00e9zem neked, mert engem szeretsz,<br \/>\ns \u00edgy rossz ember nem lehetsz.<br \/>\nEgy sz\u00e1l vir\u00e1g, nem nagy dolog,<br \/>\nde ennyi csak, mit adhatok,<br \/>\n\u00e9s k\u00edv\u00e1nok m\u00e9g, nagyon sok boldog n\u00e9vnapot!<br \/>\n&#8212;Sz\u00f3l\u00f3&#8212;<br \/>\nDe l\u00e1tom, t\u00e9ged csak a vir\u00e1g \u00e9rdekel,<br \/>\nmit mondok, az sajnos a f\u00fcledig nem jut el.<br \/>\nDe eln\u00e9zem neked, mert engem szeretsz,<br \/>\ns \u00edgy rossz ember nem lehetsz.<br \/>\nEgy sz\u00e1l harangvir\u00e1g, nem nagy doldog,<br \/>\nennyi csak, mit adhatok,<br \/>\n\u00e9s k\u00edv\u00e1nok m\u00e9g, nagyon sok boldog n\u00e9vnapot.<br \/>\nNem nagy dolog, mondhatja m\u00e1s,<br \/>\ntudom j\u00f3l, de mit tegyek,<br \/>\n\u00e9s k\u00edv\u00e1nok m\u00e9g, nagyon sok boldog n\u00e9vnapot.<br \/>\n&#8212;Sz\u00f3l\u00f3&#8212;<br \/>\nEgy sz\u00e1l vir\u00e1g, nem nagy dolog,<br \/>\nde ennyi csak, mit adhatok,<br \/>\n\u00e9s k\u00edv\u00e1nok m\u00e9g, nagyon sok boldog n\u00e9vnapot!<br \/>\nNem nagy dolog, mondhatja m\u00e1s,<br \/>\ntudom j\u00f3l, de mit tegyek?<br \/>\nEgy sz\u00e1l harangvir\u00e1g,<br \/>\nez jelzi most az \u00fcnnepet.<br \/>\nDe l\u00e1tom t\u00e9ged csak a vir\u00e1g \u00e9rdekel,<br \/>\nmit mondok, az sajnos a f\u00fcledig nem jut el.<br \/>\nDe eln\u00e9zem neked, mert engem szeretsz,<br \/>\ns \u00edgy rossz ember nem lehetsz.<br \/>\nEgy sz\u00e1l vir\u00e1g, nem nagy dolog,<br \/>\nde ennyi csak, mit adhatok,<br \/>\n\u00e9s k\u00edv\u00e1nok m\u00e9g nagyon sok boldog n\u00e9vnapot!<br \/>\nEgy sz\u00e1l vir\u00e1g, nem nagy dolog,<br \/>\nde ennyi csak, mit adhatok,<br \/>\n\u00e9s k\u00edv\u00e1nok m\u00e9g nagyon sok boldog n\u00e9vnapot,<br \/>\n\u00e9s k\u00edv\u00e1nok m\u00e9g nagyon sok boldog n\u00e9vnapot!<br \/>\n&#8212;V\u00e9ge&#8212;<\/p>\n","protected":false},"featured_media":9011,"template":"","meta":{"site-sidebar-layout":"default","site-content-layout":"default","ast-site-content-layout":"default","site-content-style":"default","site-sidebar-style":"default","ast-global-header-display":"","ast-banner-title-visibility":"","ast-main-header-display":"","ast-hfb-above-header-display":"","ast-hfb-below-header-display":"","ast-hfb-mobile-header-display":"","site-post-title":"","ast-breadcrumbs-content":"","ast-featured-img":"","footer-sml-layout":"","theme-transparent-header-meta":"default","adv-header-id-meta":"","stick-header-meta":"","header-above-stick-meta":"","header-main-stick-meta":"","header-below-stick-meta":"","astra-migrate-meta-layouts":"set","ast-page-background-enabled":"default","ast-page-background-meta":{"desktop":{"background-color":"var(--ast-global-color-4)","background-image":"","background-repeat":"repeat","background-position":"center center","background-size":"auto","background-attachment":"scroll","background-type":"","background-media":"","overlay-type":"","overlay-color":"","overlay-opacity":"","overlay-gradient":""},"tablet":{"background-color":"","background-image":"","background-repeat":"repeat","background-position":"center center","background-size":"auto","background-attachment":"scroll","background-type":"","background-media":"","overlay-type":"","overlay-color":"","overlay-opacity":"","overlay-gradient":""},"mobile":{"background-color":"","background-image":"","background-repeat":"repeat","background-position":"center center","background-size":"auto","background-attachment":"scroll","background-type":"","background-media":"","overlay-type":"","overlay-color":"","overlay-opacity":"","overlay-gradient":""}},"ast-content-background-meta":{"desktop":{"background-color":"var(--ast-global-color-5)","background-image":"","background-repeat":"repeat","background-position":"center center","background-size":"auto","background-attachment":"scroll","background-type":"","background-media":"","overlay-type":"","overlay-color":"","overlay-opacity":"","overlay-gradient":""},"tablet":{"background-color":"var(--ast-global-color-5)","background-image":"","background-repeat":"repeat","background-position":"center center","background-size":"auto","background-attachment":"scroll","background-type":"","background-media":"","overlay-type":"","overlay-color":"","overlay-opacity":"","overlay-gradient":""},"mobile":{"background-color":"var(--ast-global-color-5)","background-image":"","background-repeat":"repeat","background-position":"center center","background-size":"auto","background-attachment":"scroll","background-type":"","background-media":"","overlay-type":"","overlay-color":"","overlay-opacity":"","overlay-gradient":""}}},"product_cat":[46],"product_tag":[],"class_list":["post-4408","product","type-product","status-publish","has-post-thumbnail","hentry","product_cat-eredeti-karaoke-dalok","desktop-align-left","tablet-align-left","mobile-align-left"],"_links":{"self":[{"href":"https:\/\/www.sunkaraoke.hu\/index.php\/wp-json\/wp\/v2\/product\/4408","targetHints":{"allow":["GET"]}}],"collection":[{"href":"https:\/\/www.sunkaraoke.hu\/index.php\/wp-json\/wp\/v2\/product"}],"about":[{"href":"https:\/\/www.sunkaraoke.hu\/index.php\/wp-json\/wp\/v2\/types\/product"}],"wp:featuredmedia":[{"embeddable":true,"href":"https:\/\/www.sunkaraoke.hu\/index.php\/wp-json\/wp\/v2\/media\/9011"}],"wp:attachment":[{"href":"https:\/\/www.sunkaraoke.hu\/index.php\/wp-json\/wp\/v2\/media?parent=4408"}],"wp:term":[{"taxonomy":"product_cat","embeddable":true,"href":"https:\/\/www.sunkaraoke.hu\/index.php\/wp-json\/wp\/v2\/product_cat?post=4408"},{"taxonomy":"product_tag","embeddable":true,"href":"https:\/\/www.sunkaraoke.hu\/index.php\/wp-json\/wp\/v2\/product_tag?post=4408"}],"curies":[{"name":"wp","href":"https:\/\/api.w.org\/{rel}","templated":true}]}}