{"id":4407,"date":"2022-08-08T20:47:33","date_gmt":"2022-08-08T20:47:33","guid":{"rendered":"https:\/\/www.sunkaraoke.hu\/index.php\/termek\/postas-jozsi-ha-elmulik-karacsony\/"},"modified":"2025-04-01T15:56:02","modified_gmt":"2025-04-01T15:56:02","slug":"postas-jozsi-ha-elmulik-karacsony","status":"publish","type":"product","link":"https:\/\/www.sunkaraoke.hu\/index.php\/termek\/postas-jozsi-ha-elmulik-karacsony\/","title":{"rendered":"<div class=\"wcmp-player-container product-4407\"><audio controlslist=\"nodownload\" data-product=\"4407\"  volume=\"1\"  preload=\"none\" data-lazyloading=\"none\" class=\"wcmp-player track mejs-classic\" data-duration=\"0:35\" data-estimated_duration=\"4\"><source src=\"https:\/\/www.sunkaraoke.hu\/wp-content\/uploads\/2022\/08\/Ha-elmulik-karacsony-Postas.-demooo.mp3\" type=\"audio\/mp3\" \/><\/audio><\/div>Post\u00e1s J\u00f3zsi &#8211; Ha elm\u00falik kar\u00e1csony (Original)"},"content":{"rendered":"<p><strong>02:59<\/strong> | <strong><img loading=\"lazy\" decoding=\"async\" class=\"alignnone size-full wp-image-467\" src=\"https:\/\/www.sunkaraoke.hu\/wp-content\/uploads\/2022\/07\/choir_2-copy.webp\" alt=\"\" width=\"30\" height=\"30\" \/> <\/strong><\/p>\n","protected":false},"excerpt":{"rendered":"<h6><strong>Bits\u0171r\u0171s\u00e9g: 320<\/strong>kb\/s<strong><br \/>\n<\/strong><strong>Hossz: <\/strong>02:59<strong><br \/>\n<\/strong><strong style=\"font-size: 16px;\">Vok\u00e1lt tartalmaz: <\/strong>Nem <img loading=\"lazy\" decoding=\"async\" class=\"alignnone size-full wp-image-467\" src=\"http:\/\/www.sunkaraoke.hu\/wp-content\/uploads\/2022\/07\/choir_2-copy.png\" alt=\"\" width=\"30\" height=\"30\" \/><strong style=\"font-size: 16px;\"><br \/>\n<\/strong><\/h6>\n<p>Sunkaraoke mp3 st\u00fadi\u00f3 \/ www.sunkaraoke.hu \/ Inf: Tel: 06 20 4275001<\/p>\n<p>&#8212;Intr\u00f3&#8212;<br \/>\nHossz\u00fa t\u00e9li \u00e9jszak\u00e1n harangsz\u00f3val \u00e9rkezik,<br \/>\nangyalsz\u00e1rnyon, csendben sz\u00e1ll tov\u00e1bb.<br \/>\nH\u00e1rom napig j\u00f3k vagyunk, s\u0151t embers\u00e9gesek,<br \/>\nIstenem, hadd legyen eg\u00e9sz \u00e9vben ilyen a vil\u00e1g!<br \/>\nHa elm\u00falik kar\u00e1csony, a szeretet l\u00e1ngja halv\u00e1nyabban \u00e9g,<br \/>\nde ha vigy\u00e1zunk r\u00e1, nem alszik ki m\u00e9g.<br \/>\nHa elm\u00falik kar\u00e1csony,\u00e9s legszebb titk\u00e1t nem \u00e1rulja el,<br \/>\naz \u00faj csod\u00e1ra egy \u00e9vig v\u00e1rni kell.<br \/>\n&#8212;Sz\u00f3l\u00f3&#8212;<br \/>\nHa elm\u00falik kar\u00e1csony, a szeretet l\u00e1ngja halv\u00e1nyabban \u00e9g,<br \/>\nde ha vigy\u00e1zunk r\u00e1, nem alszik ki m\u00e9g.<br \/>\nHa elm\u00falik kar\u00e1csony,\u00e9s legszebb titk\u00e1t nem \u00e1rulja el,<br \/>\naz \u00faj csod\u00e1ra egy \u00e9vig v\u00e1rni kell.<br \/>\nHa elm\u00falik kar\u00e1csony,a szeretet l\u00e1ngja halv\u00e1nyabban \u00e9g,<br \/>\nde ha vigy\u00e1zunk r\u00e1, nem alszik ki m\u00e9g.<br \/>\nHa elm\u00falik kar\u00e1csony,egy csillagsz\u00f3r\u00f3t \u0151rizz meg nek\u00fcnk,<br \/>\n\u00e9s a szikr\u00e1k alatt \u00e9nekelj vel\u00fcnk!<br \/>\nHa elm\u00falik kar\u00e1csony,\u00e9s legszebb titk\u00e1t nem \u00e1rulja el,<br \/>\naz \u00faj csod\u00e1ra egy \u00e9vig v\u00e1rni kell.<br \/>\n&#8212;V\u00e9ge&#8212;<\/p>\n","protected":false},"featured_media":9011,"template":"","meta":{"site-sidebar-layout":"default","site-content-layout":"default","ast-site-content-layout":"default","site-content-style":"default","site-sidebar-style":"default","ast-global-header-display":"","ast-banner-title-visibility":"","ast-main-header-display":"","ast-hfb-above-header-display":"","ast-hfb-below-header-display":"","ast-hfb-mobile-header-display":"","site-post-title":"","ast-breadcrumbs-content":"","ast-featured-img":"","footer-sml-layout":"","theme-transparent-header-meta":"default","adv-header-id-meta":"","stick-header-meta":"","header-above-stick-meta":"","header-main-stick-meta":"","header-below-stick-meta":"","astra-migrate-meta-layouts":"set","ast-page-background-enabled":"default","ast-page-background-meta":{"desktop":{"background-color":"var(--ast-global-color-4)","background-image":"","background-repeat":"repeat","background-position":"center center","background-size":"auto","background-attachment":"scroll","background-type":"","background-media":"","overlay-type":"","overlay-color":"","overlay-opacity":"","overlay-gradient":""},"tablet":{"background-color":"","background-image":"","background-repeat":"repeat","background-position":"center center","background-size":"auto","background-attachment":"scroll","background-type":"","background-media":"","overlay-type":"","overlay-color":"","overlay-opacity":"","overlay-gradient":""},"mobile":{"background-color":"","background-image":"","background-repeat":"repeat","background-position":"center center","background-size":"auto","background-attachment":"scroll","background-type":"","background-media":"","overlay-type":"","overlay-color":"","overlay-opacity":"","overlay-gradient":""}},"ast-content-background-meta":{"desktop":{"background-color":"var(--ast-global-color-5)","background-image":"","background-repeat":"repeat","background-position":"center center","background-size":"auto","background-attachment":"scroll","background-type":"","background-media":"","overlay-type":"","overlay-color":"","overlay-opacity":"","overlay-gradient":""},"tablet":{"background-color":"var(--ast-global-color-5)","background-image":"","background-repeat":"repeat","background-position":"center center","background-size":"auto","background-attachment":"scroll","background-type":"","background-media":"","overlay-type":"","overlay-color":"","overlay-opacity":"","overlay-gradient":""},"mobile":{"background-color":"var(--ast-global-color-5)","background-image":"","background-repeat":"repeat","background-position":"center center","background-size":"auto","background-attachment":"scroll","background-type":"","background-media":"","overlay-type":"","overlay-color":"","overlay-opacity":"","overlay-gradient":""}}},"product_cat":[46],"product_tag":[],"class_list":["post-4407","product","type-product","status-publish","has-post-thumbnail","hentry","product_cat-eredeti-karaoke-dalok","desktop-align-left","tablet-align-left","mobile-align-left"],"_links":{"self":[{"href":"https:\/\/www.sunkaraoke.hu\/index.php\/wp-json\/wp\/v2\/product\/4407","targetHints":{"allow":["GET"]}}],"collection":[{"href":"https:\/\/www.sunkaraoke.hu\/index.php\/wp-json\/wp\/v2\/product"}],"about":[{"href":"https:\/\/www.sunkaraoke.hu\/index.php\/wp-json\/wp\/v2\/types\/product"}],"wp:featuredmedia":[{"embeddable":true,"href":"https:\/\/www.sunkaraoke.hu\/index.php\/wp-json\/wp\/v2\/media\/9011"}],"wp:attachment":[{"href":"https:\/\/www.sunkaraoke.hu\/index.php\/wp-json\/wp\/v2\/media?parent=4407"}],"wp:term":[{"taxonomy":"product_cat","embeddable":true,"href":"https:\/\/www.sunkaraoke.hu\/index.php\/wp-json\/wp\/v2\/product_cat?post=4407"},{"taxonomy":"product_tag","embeddable":true,"href":"https:\/\/www.sunkaraoke.hu\/index.php\/wp-json\/wp\/v2\/product_tag?post=4407"}],"curies":[{"name":"wp","href":"https:\/\/api.w.org\/{rel}","templated":true}]}}