{"id":4406,"date":"2022-08-08T20:47:33","date_gmt":"2022-08-08T20:47:33","guid":{"rendered":"https:\/\/www.sunkaraoke.hu\/index.php\/termek\/republic-madarjos-vakacion\/"},"modified":"2025-04-10T14:06:16","modified_gmt":"2025-04-10T14:06:16","slug":"republic-madarjos-vakacion","status":"publish","type":"product","link":"https:\/\/www.sunkaraoke.hu\/index.php\/termek\/republic-madarjos-vakacion\/","title":{"rendered":"<div class=\"wcmp-player-container product-4406\"><audio controlslist=\"nodownload\" data-product=\"4406\"  volume=\"1\"  preload=\"none\" data-lazyloading=\"none\" class=\"wcmp-player track mejs-classic\" data-duration=\"0:32\" data-estimated_duration=\"4\"><source src=\"https:\/\/www.sunkaraoke.hu\/wp-content\/uploads\/2022\/08\/Madarjos-vakacion-E.-kdemoo.mp3\" type=\"audio\/mp3\" \/><\/audio><\/div>Republic &#8211; Mad\u00e1rj\u00f3s vak\u00e1ci\u00f3n (Original)"},"content":{"rendered":"<p><strong>03:49<\/strong> | <strong><img loading=\"lazy\" decoding=\"async\" class=\"alignnone size-full wp-image-467\" src=\"https:\/\/www.sunkaraoke.hu\/wp-content\/uploads\/2022\/07\/choir_2-copy.webp\" alt=\"\" width=\"30\" height=\"30\" \/> <\/strong><\/p>\n","protected":false},"excerpt":{"rendered":"<h6><strong>Bits\u0171r\u0171s\u00e9g: 320<\/strong>kb\/s<strong><br \/>\n<\/strong><strong>Hossz: <\/strong>03:49<strong><br \/>\n<\/strong><strong style=\"font-size: 16px;\">Vok\u00e1lt tartalmaz: <\/strong>Nem <img loading=\"lazy\" decoding=\"async\" class=\"alignnone size-full wp-image-467\" src=\"http:\/\/www.sunkaraoke.hu\/wp-content\/uploads\/2022\/07\/choir_2-copy.png\" alt=\"\" width=\"30\" height=\"30\" \/><strong style=\"font-size: 16px;\"><br \/>\n<\/strong><\/h6>\n<p>Sunkaraoke mp3 st\u00fadi\u00f3 \/ www.sunkaraoke.hu \/ Inf: Tel: 06 20 4275001<\/p>\n<p>&#8212;Intr\u00f3&#8212;<br \/>\nA j\u00e9gb\u00fcf\u00e9 el\u0151tt,talpig feket\u00e9ben,<br \/>\nD\u00f3r\u00e1cska \u00e1ll,egy fagylalttal kez\u00e9ben.<br \/>\nKi tudja mire v\u00e1r,ilyen nagy hidegben,<br \/>\na j\u00e9gb\u00fcf\u00e9 el\u0151tt,talpig feket\u00e9ben.<\/p>\n<p>A hetes busz meg\u00e1ll, valaki felsz\u00e1ll,<br \/>\neper \u00edz\u0171 a fagylalt, \u00e9s szereti nagyon a l\u00e1ny.<\/p>\n<p>K\u00e9pzel d el, hogy egy olyan,<br \/>\negy ugyanolyan este van.<br \/>\nA mad\u00e1rj\u00f3s nevet,<br \/>\nkinevetem \u00f6nmagam.<br \/>\nR\u00e9szt veszek most \u00e9ppen,<br \/>\negy v\u00e9gzetes vak\u00e1ci\u00f3n.<br \/>\nItt minden megt\u00f6rt\u00e9nhet,<br \/>\nez egy kom\u00e9dia tragikum.<\/p>\n<p>A hetes busz meg\u00e1ll, valaki felsz\u00e1ll,<br \/>\neper \u00edz\u0171 a fagylalt, \u00e9s szereti nagyon a l\u00e1ny.<\/p>\n<p>A hetes busz meg\u00e1ll, valaki felsz\u00e1ll,<br \/>\neper \u00edz\u0171 a fagylalt, \u00e9s szereti nagyon a l\u00e1ny.<\/p>\n<p>A P\u00e1rizsi udvar z\u00e1rva,<br \/>\nmert a P\u00e1rizsi udvar sz\u00e9p,<br \/>\naz\u00e9rt sz\u00e9les a foly\u00f3,<br \/>\nmert nagyon hossz\u00fa a h\u00edd.<\/p>\n<p>Nagyon csendesek most az utc\u00e1k,<br \/>\ncsendesek nagyon a l\u00e9ptek.<br \/>\nValami semleges haj\u00f3n utazni,<br \/>\nszeretn\u00e9k n\u00e9lk\u00fcled \u00e9s \u00e9rted.<\/p>\n<p>A hetes busz meg\u00e1ll, valaki felsz\u00e1ll,<br \/>\neper \u00edz\u0171 a fagylalt, \u00e9s szereti nagyon a l\u00e1ny.<\/p>\n<p>A hetes busz meg\u00e1ll, valaki felsz\u00e1ll,<br \/>\neper \u00edz\u0171 a fagylalt, \u00e9s szereti nagyon a l\u00e1ny.<\/p>\n<p>&#8212;V\u00e9ge&#8212;<\/p>\n","protected":false},"featured_media":10423,"template":"","meta":{"site-sidebar-layout":"default","site-content-layout":"default","ast-site-content-layout":"default","site-content-style":"default","site-sidebar-style":"default","ast-global-header-display":"","ast-banner-title-visibility":"","ast-main-header-display":"","ast-hfb-above-header-display":"","ast-hfb-below-header-display":"","ast-hfb-mobile-header-display":"","site-post-title":"","ast-breadcrumbs-content":"","ast-featured-img":"","footer-sml-layout":"","theme-transparent-header-meta":"default","adv-header-id-meta":"","stick-header-meta":"","header-above-stick-meta":"","header-main-stick-meta":"","header-below-stick-meta":"","astra-migrate-meta-layouts":"set","ast-page-background-enabled":"default","ast-page-background-meta":{"desktop":{"background-color":"var(--ast-global-color-4)","background-image":"","background-repeat":"repeat","background-position":"center center","background-size":"auto","background-attachment":"scroll","background-type":"","background-media":"","overlay-type":"","overlay-color":"","overlay-opacity":"","overlay-gradient":""},"tablet":{"background-color":"","background-image":"","background-repeat":"repeat","background-position":"center center","background-size":"auto","background-attachment":"scroll","background-type":"","background-media":"","overlay-type":"","overlay-color":"","overlay-opacity":"","overlay-gradient":""},"mobile":{"background-color":"","background-image":"","background-repeat":"repeat","background-position":"center center","background-size":"auto","background-attachment":"scroll","background-type":"","background-media":"","overlay-type":"","overlay-color":"","overlay-opacity":"","overlay-gradient":""}},"ast-content-background-meta":{"desktop":{"background-color":"var(--ast-global-color-5)","background-image":"","background-repeat":"repeat","background-position":"center center","background-size":"auto","background-attachment":"scroll","background-type":"","background-media":"","overlay-type":"","overlay-color":"","overlay-opacity":"","overlay-gradient":""},"tablet":{"background-color":"var(--ast-global-color-5)","background-image":"","background-repeat":"repeat","background-position":"center center","background-size":"auto","background-attachment":"scroll","background-type":"","background-media":"","overlay-type":"","overlay-color":"","overlay-opacity":"","overlay-gradient":""},"mobile":{"background-color":"var(--ast-global-color-5)","background-image":"","background-repeat":"repeat","background-position":"center center","background-size":"auto","background-attachment":"scroll","background-type":"","background-media":"","overlay-type":"","overlay-color":"","overlay-opacity":"","overlay-gradient":""}}},"product_cat":[58],"product_tag":[],"class_list":["post-4406","product","type-product","status-publish","has-post-thumbnail","hentry","product_cat-erdelyi-zoltan","desktop-align-left","tablet-align-left","mobile-align-left"],"_links":{"self":[{"href":"https:\/\/www.sunkaraoke.hu\/index.php\/wp-json\/wp\/v2\/product\/4406","targetHints":{"allow":["GET"]}}],"collection":[{"href":"https:\/\/www.sunkaraoke.hu\/index.php\/wp-json\/wp\/v2\/product"}],"about":[{"href":"https:\/\/www.sunkaraoke.hu\/index.php\/wp-json\/wp\/v2\/types\/product"}],"wp:featuredmedia":[{"embeddable":true,"href":"https:\/\/www.sunkaraoke.hu\/index.php\/wp-json\/wp\/v2\/media\/10423"}],"wp:attachment":[{"href":"https:\/\/www.sunkaraoke.hu\/index.php\/wp-json\/wp\/v2\/media?parent=4406"}],"wp:term":[{"taxonomy":"product_cat","embeddable":true,"href":"https:\/\/www.sunkaraoke.hu\/index.php\/wp-json\/wp\/v2\/product_cat?post=4406"},{"taxonomy":"product_tag","embeddable":true,"href":"https:\/\/www.sunkaraoke.hu\/index.php\/wp-json\/wp\/v2\/product_tag?post=4406"}],"curies":[{"name":"wp","href":"https:\/\/api.w.org\/{rel}","templated":true}]}}