{"id":4405,"date":"2022-08-08T20:47:33","date_gmt":"2022-08-08T20:47:33","guid":{"rendered":"https:\/\/www.sunkaraoke.hu\/index.php\/termek\/hooligans-idegen-transzp-verzio\/"},"modified":"2025-04-10T14:02:49","modified_gmt":"2025-04-10T14:02:49","slug":"hooligans-idegen-transzp-verzio","status":"publish","type":"product","link":"https:\/\/www.sunkaraoke.hu\/index.php\/termek\/hooligans-idegen-transzp-verzio\/","title":{"rendered":"<div class=\"wcmp-player-container product-4405\"><audio controlslist=\"nodownload\" data-product=\"4405\"  volume=\"1\"  preload=\"none\" data-lazyloading=\"none\" class=\"wcmp-player track mejs-classic\" data-duration=\"0:32\" data-estimated_duration=\"4\"><source src=\"https:\/\/www.sunkaraoke.hu\/wp-content\/uploads\/2022\/08\/Idegen-transz-Dance-SB.demoo_.mp3\" type=\"audio\/mp3\" \/><\/audio><\/div>Hooligans &#8211; Idegen (SB. Dance Edition)"},"content":{"rendered":"<p><strong>04:04<\/strong> | <strong><img loading=\"lazy\" decoding=\"async\" class=\"alignnone size-full wp-image-467\" src=\"https:\/\/www.sunkaraoke.hu\/wp-content\/uploads\/2022\/07\/choir_2-copy.webp\" alt=\"\" width=\"30\" height=\"30\" \/> <strong> | <img loading=\"lazy\" decoding=\"async\" class=\"alignnone size-full wp-image-613\" src=\"https:\/\/www.sunkaraoke.hu\/wp-content\/uploads\/2022\/07\/transzponalas.webp\" alt=\"\" width=\"30\" height=\"30\" \/> <\/strong><strong>-2<\/strong><\/strong><\/p>\n","protected":false},"excerpt":{"rendered":"<h6><strong>Bits\u0171r\u0171s\u00e9g: 320<\/strong>kb\/s<strong><br \/>\n<\/strong><strong>Hossz: <\/strong>04:04<strong><br \/>\n<\/strong><strong style=\"font-size: 16px;\">Vok\u00e1lt tartalmaz: <\/strong>Nem <img loading=\"lazy\" decoding=\"async\" class=\"alignnone size-full wp-image-467\" src=\"http:\/\/www.sunkaraoke.hu\/wp-content\/uploads\/2022\/07\/choir_2-copy.png\" alt=\"\" width=\"30\" height=\"30\" \/><strong style=\"font-size: 16px;\"><br \/>\n<\/strong><strong>Transzpon\u00e1l\u00e1s: <\/strong><img loading=\"lazy\" decoding=\"async\" class=\"alignnone size-full wp-image-613\" src=\"http:\/\/www.sunkaraoke.hu\/wp-content\/uploads\/2022\/07\/transzponalas.png\" alt=\"\" width=\"30\" height=\"30\" \/> -2<\/h6>\n<p>Sunkaraoke mp3 st\u00fadi\u00f3 \/ www.sunkaraoke.hu \/ Inf: Tel: 06 20 4275001<\/p>\n<p>&#8212;Intr\u00f3&#8212;<br \/>\nCsupa vesz\u00e9ly, ahogyan \u00e9l,<br \/>\nsohase k\u00e9r, de f\u0151leg nem \u00edg\u00e9r.<br \/>\nAhova h\u00edv, keskeny a h\u00edd,<br \/>\nsodor az \u00e1r, \u00e9s f\u00e9ktelen a v\u00e1gy.<br \/>\n\u00d6sszet\u00f6rhet minden \u00e1lmom, az sem \u00e9rdekel,<br \/>\ncsak megszerezni b\u00e1rmi \u00e1ron, \u00e9s nem engedni el.<\/p>\n<p>Gy\u00f6ny\u00f6r\u0171 idegen, k\u00e9rlek, v\u00e1rj,<br \/>\nutadat k\u00f6vetem, b\u00e1rhol j\u00e1rj!<br \/>\nKezedbe sz\u00edvemet tenn\u00e9m m\u00e1r,<br \/>\nnem hagylak hidegen, csak ismerd be egyszer!<\/p>\n<p>Tegnap m\u00e9g hol volt a szerelem?<br \/>\nHa hagyn\u00e1d, ma s\u00fagn\u00e1m a nevedet!<br \/>\n\u00cdg\u00e9rem, holnap se feledem, hogy tehetn\u00e9m?<br \/>\n&#8212;Sz\u00f3l\u00f3&#8212;<br \/>\nEz a var\u00e1zs annyira m\u00e1s,<br \/>\nv\u00e9gtelen \u00fat, az \u00f6rd\u00f6g beleb\u00fajt.<br \/>\nEgy \u00e9letem, sz\u00e1z hal\u00e1lom, m\u00e1s nem \u00e9rdekel,<br \/>\ncsak megszerezni b\u00e1rmi \u00e1ron, \u00e9s nem engedni el.<\/p>\n<p>Gy\u00f6ny\u00f6r\u0171 idegen, k\u00e9rlek, v\u00e1rj,<br \/>\nutadat k\u00f6vetem, b\u00e1rhol j\u00e1rj!<br \/>\nKezedbe sz\u00edvemet tenn\u00e9m m\u00e1r,<br \/>\nnem hagylak hidegen, csak ismerd be egyszer!<\/p>\n<p>Tegnap m\u00e9g hol volt a szerelem?<br \/>\nHa hagyn\u00e1d, ma s\u00fagn\u00e1m a nevedet!<br \/>\n\u00cdg\u00e9rem, holnap se feledem, hogy tehetn\u00e9m?<br \/>\n&#8212;Sz\u00f3l\u00f3&#8212;<br \/>\nT\u0171zben \u00e9lek, \u00e9gig sz\u00e1llok,<br \/>\na mindens\u00e9ggel eggy\u00e9 v\u00e1lok,<br \/>\nminden hangom benned \u00e9bred,<br \/>\n\u00f6nmagammal megb\u00e9k\u00e9lek.<br \/>\nK\u00e9rlek v\u00e1rj!Utadat k\u00f6vetem, b\u00e1rhol j\u00e1rj!<br \/>\nKezedbe sz\u00edvemet tenn\u00e9m m\u00e1r,<br \/>\nnem hagylak hidegen, csak ismerd be egyszer!<\/p>\n<p>Tegnap m\u00e9g hol volt a szerelem?<br \/>\nHa hagyn\u00e1d, ma s\u00fagn\u00e1m a nevedet!<br \/>\n\u00cdg\u00e9rem, holnap se feledem, hogy tehetn\u00e9m?<br \/>\nTegnap m\u00e9g hol volt a szerelem?<br \/>\nHa hagyn\u00e1d, ma s\u00fagn\u00e1m a nevedet!<br \/>\n\u00cdg\u00e9rem, holnap se feledem, ezt szeretn\u00e9m!<br \/>\n&#8212;V\u00e9ge&#8212;<\/p>\n","protected":false},"featured_media":10422,"template":"","meta":{"site-sidebar-layout":"default","site-content-layout":"default","ast-site-content-layout":"default","site-content-style":"default","site-sidebar-style":"default","ast-global-header-display":"","ast-banner-title-visibility":"","ast-main-header-display":"","ast-hfb-above-header-display":"","ast-hfb-below-header-display":"","ast-hfb-mobile-header-display":"","site-post-title":"","ast-breadcrumbs-content":"","ast-featured-img":"","footer-sml-layout":"","theme-transparent-header-meta":"default","adv-header-id-meta":"","stick-header-meta":"","header-above-stick-meta":"","header-main-stick-meta":"","header-below-stick-meta":"","astra-migrate-meta-layouts":"set","ast-page-background-enabled":"default","ast-page-background-meta":{"desktop":{"background-color":"var(--ast-global-color-4)","background-image":"","background-repeat":"repeat","background-position":"center center","background-size":"auto","background-attachment":"scroll","background-type":"","background-media":"","overlay-type":"","overlay-color":"","overlay-opacity":"","overlay-gradient":""},"tablet":{"background-color":"","background-image":"","background-repeat":"repeat","background-position":"center center","background-size":"auto","background-attachment":"scroll","background-type":"","background-media":"","overlay-type":"","overlay-color":"","overlay-opacity":"","overlay-gradient":""},"mobile":{"background-color":"","background-image":"","background-repeat":"repeat","background-position":"center center","background-size":"auto","background-attachment":"scroll","background-type":"","background-media":"","overlay-type":"","overlay-color":"","overlay-opacity":"","overlay-gradient":""}},"ast-content-background-meta":{"desktop":{"background-color":"var(--ast-global-color-5)","background-image":"","background-repeat":"repeat","background-position":"center center","background-size":"auto","background-attachment":"scroll","background-type":"","background-media":"","overlay-type":"","overlay-color":"","overlay-opacity":"","overlay-gradient":""},"tablet":{"background-color":"var(--ast-global-color-5)","background-image":"","background-repeat":"repeat","background-position":"center center","background-size":"auto","background-attachment":"scroll","background-type":"","background-media":"","overlay-type":"","overlay-color":"","overlay-opacity":"","overlay-gradient":""},"mobile":{"background-color":"var(--ast-global-color-5)","background-image":"","background-repeat":"repeat","background-position":"center center","background-size":"auto","background-attachment":"scroll","background-type":"","background-media":"","overlay-type":"","overlay-color":"","overlay-opacity":"","overlay-gradient":""}}},"product_cat":[48],"product_tag":[],"class_list":["post-4405","product","type-product","status-publish","has-post-thumbnail","hentry","product_cat-sunkaraoke-dalok","desktop-align-left","tablet-align-left","mobile-align-left"],"_links":{"self":[{"href":"https:\/\/www.sunkaraoke.hu\/index.php\/wp-json\/wp\/v2\/product\/4405","targetHints":{"allow":["GET"]}}],"collection":[{"href":"https:\/\/www.sunkaraoke.hu\/index.php\/wp-json\/wp\/v2\/product"}],"about":[{"href":"https:\/\/www.sunkaraoke.hu\/index.php\/wp-json\/wp\/v2\/types\/product"}],"wp:featuredmedia":[{"embeddable":true,"href":"https:\/\/www.sunkaraoke.hu\/index.php\/wp-json\/wp\/v2\/media\/10422"}],"wp:attachment":[{"href":"https:\/\/www.sunkaraoke.hu\/index.php\/wp-json\/wp\/v2\/media?parent=4405"}],"wp:term":[{"taxonomy":"product_cat","embeddable":true,"href":"https:\/\/www.sunkaraoke.hu\/index.php\/wp-json\/wp\/v2\/product_cat?post=4405"},{"taxonomy":"product_tag","embeddable":true,"href":"https:\/\/www.sunkaraoke.hu\/index.php\/wp-json\/wp\/v2\/product_tag?post=4405"}],"curies":[{"name":"wp","href":"https:\/\/api.w.org\/{rel}","templated":true}]}}