{"id":4403,"date":"2022-08-08T20:47:33","date_gmt":"2022-08-08T20:47:33","guid":{"rendered":"https:\/\/www.sunkaraoke.hu\/index.php\/termek\/postas-jozsi-csenget-a-postas\/"},"modified":"2025-04-01T15:47:38","modified_gmt":"2025-04-01T15:47:38","slug":"postas-jozsi-csenget-a-postas","status":"publish","type":"product","link":"https:\/\/www.sunkaraoke.hu\/index.php\/termek\/postas-jozsi-csenget-a-postas\/","title":{"rendered":"<div class=\"wcmp-player-container product-4403\"><audio controlslist=\"nodownload\" data-product=\"4403\"  volume=\"1\"  preload=\"none\" data-lazyloading=\"none\" class=\"wcmp-player track mejs-classic\" data-duration=\"0:33\" data-estimated_duration=\"4\"><source src=\"https:\/\/www.sunkaraoke.hu\/wp-content\/uploads\/2022\/08\/Csenget-a-postas-voc.-Postas.-demoo.mp3\" type=\"audio\/mp3\" \/><\/audio><\/div>Post\u00e1s J\u00f3zsi &#8211; Csenget a post\u00e1s (Original)"},"content":{"rendered":"<p><strong>04:18<\/strong> | <strong><img loading=\"lazy\" decoding=\"async\" class=\"alignnone size-full wp-image-466\" src=\"https:\/\/www.sunkaraoke.hu\/wp-content\/uploads\/2022\/07\/choir_1-copy.webp\" alt=\"\" width=\"30\" height=\"30\" \/> <\/strong><\/p>\n","protected":false},"excerpt":{"rendered":"<h6><strong>Bits\u0171r\u0171s\u00e9g: 320<\/strong>kb\/s<strong><br \/>\n<\/strong><strong>Hossz: <\/strong>04:18<strong><br \/>\n<\/strong><strong style=\"font-size: 16px;\">Vok\u00e1lt tartalmaz: <\/strong>Igen <img loading=\"lazy\" decoding=\"async\" class=\"alignnone size-full wp-image-466\" src=\"http:\/\/www.sunkaraoke.hu\/wp-content\/uploads\/2022\/07\/choir_1-copy.png\" alt=\"\" width=\"30\" height=\"30\" \/><strong style=\"font-size: 16px;\"><br \/>\n<\/strong><\/h6>\n<p>Sunkaraoke mp3 st\u00fadi\u00f3 \/ www.sunkaraoke.hu \/ Inf: Tel: 06 20 4275001<\/p>\n<p>&#8212;Intr\u00f3&#8212;<br \/>\nReggel elindul \u00e9s mindig siet,<br \/>\n\u00f6sszek\u00f6t t\u00e1voli \u00e9leteket,<br \/>\na ny\u00e1ri napban, s t\u00e9len ha f\u00faj a sz\u00e9l.<br \/>\nA gyerekek messzir\u0151l \u00fcdv\u00f6zlik \u0151t,<br \/>\nnev\u00e9r\u0151l ismer sok j\u00e1r\u00f3kel\u0151t,<br \/>\na gondjainkkal \u0151 is egy\u00fctt \u00e9l.<br \/>\nSzomor\u00fa ha rossz a h\u00edr,<br \/>\n\u00f6r\u00fcl, ha van mi\u00e9rt,<br \/>\na t\u00e1sk\u00e1ban a sok lev\u00e9l,<br \/>\nmiattunk oly neh\u00e9z.<br \/>\nCsenget a post\u00e1s, egy igazi sorst\u00e1rs,<br \/>\nmindenhol v\u00e1rnak r\u00e1,<br \/>\nmindig j\u00f3 kedvel, friss levelekkel,<br \/>\ncsenget a post\u00e1s.<br \/>\nCsenget a post\u00e1s naponta sz\u00e1zszor,<br \/>\nmindennap k\u00f6zt\u00fcnk j\u00e1r.<br \/>\nmindig j\u00f3 kedvel friss levelekkel,<br \/>\ncsenget a post\u00e1s, csenget a post\u00e1s!<br \/>\n&#8212;Sz\u00f3l\u00f3&#8212;<br \/>\nA szomsz\u00e9d lak\u00e1sban most boldog egy l\u00e1ny,<br \/>\na fi\u00fa ki \u00e9ppen most katona t\u00e1n,<br \/>\n\u00e9s egy csomagot kapott ma az a leg\u00e9ny.<br \/>\nA nagymaminak \u00edrt egy kis unoka,<br \/>\na sporth\u00edreket v\u00e1rja a nagyapa,<br \/>\naz \u00fcgyv\u00e9dnek k\u00fclf\u00f6ldr\u0151l j\u00f6tt a lev\u00e9l.<br \/>\nDe ha nincs m\u00e1r t\u00f6bb lev\u00e9l,<br \/>\naz otthon\u00e1ba t\u00e9r,<br \/>\nmegpihen ,alszik reggelig,<br \/>\nazt\u00e1n \u00fajb\u00f3l \u00fatra k\u00e9l!<br \/>\nCsenget a post\u00e1s, egy igazi sorst\u00e1rs,<br \/>\nmindenhol v\u00e1rnak r\u00e1,<br \/>\nmindig j\u00f3 kedvel, friss levelekkel,<br \/>\ncsenget a post\u00e1s.<br \/>\nCsenget a post\u00e1s naponta sz\u00e1zszor,<br \/>\nmindennap v\u00e1rnak r\u00e1.<br \/>\nmindig j\u00f3 kedvel friss levelekkel,<br \/>\ncsenget a post\u00e1s, csenget a post\u00e1s!<br \/>\n&#8212;Sz\u00f3l\u00f3&#8212;<br \/>\nDe ha nincs m\u00e1r t\u00f6bb lev\u00e9l,<br \/>\naz otthon\u00e1ba t\u00e9r,<br \/>\nmegpihen ,alszik reggelig,<br \/>\nazt\u00e1n \u00fajb\u00f3l \u00fatra k\u00e9l!<br \/>\nCsenget a post\u00e1s, egy igazi sorst\u00e1rs,<br \/>\nmindenhol v\u00e1rnak r\u00e1,<br \/>\nmindig j\u00f3 kedvel, friss levelekkel,<br \/>\ncsenget a post\u00e1s.<br \/>\nCsenget a post\u00e1s naponta sz\u00e1zszor,<br \/>\nmindennap k\u00f6zt\u00fcnk j\u00e1r<br \/>\nmindig j\u00f3 kedvel friss levelekkel,<br \/>\ncsenget a post\u00e1s, csenget a post\u00e1s!<br \/>\n&#8212;V\u00e9ge&#8212;<\/p>\n","protected":false},"featured_media":9011,"template":"","meta":{"site-sidebar-layout":"default","site-content-layout":"default","ast-site-content-layout":"default","site-content-style":"default","site-sidebar-style":"default","ast-global-header-display":"","ast-banner-title-visibility":"","ast-main-header-display":"","ast-hfb-above-header-display":"","ast-hfb-below-header-display":"","ast-hfb-mobile-header-display":"","site-post-title":"","ast-breadcrumbs-content":"","ast-featured-img":"","footer-sml-layout":"","theme-transparent-header-meta":"default","adv-header-id-meta":"","stick-header-meta":"","header-above-stick-meta":"","header-main-stick-meta":"","header-below-stick-meta":"","astra-migrate-meta-layouts":"set","ast-page-background-enabled":"default","ast-page-background-meta":{"desktop":{"background-color":"var(--ast-global-color-4)","background-image":"","background-repeat":"repeat","background-position":"center center","background-size":"auto","background-attachment":"scroll","background-type":"","background-media":"","overlay-type":"","overlay-color":"","overlay-opacity":"","overlay-gradient":""},"tablet":{"background-color":"","background-image":"","background-repeat":"repeat","background-position":"center center","background-size":"auto","background-attachment":"scroll","background-type":"","background-media":"","overlay-type":"","overlay-color":"","overlay-opacity":"","overlay-gradient":""},"mobile":{"background-color":"","background-image":"","background-repeat":"repeat","background-position":"center center","background-size":"auto","background-attachment":"scroll","background-type":"","background-media":"","overlay-type":"","overlay-color":"","overlay-opacity":"","overlay-gradient":""}},"ast-content-background-meta":{"desktop":{"background-color":"var(--ast-global-color-5)","background-image":"","background-repeat":"repeat","background-position":"center center","background-size":"auto","background-attachment":"scroll","background-type":"","background-media":"","overlay-type":"","overlay-color":"","overlay-opacity":"","overlay-gradient":""},"tablet":{"background-color":"var(--ast-global-color-5)","background-image":"","background-repeat":"repeat","background-position":"center center","background-size":"auto","background-attachment":"scroll","background-type":"","background-media":"","overlay-type":"","overlay-color":"","overlay-opacity":"","overlay-gradient":""},"mobile":{"background-color":"var(--ast-global-color-5)","background-image":"","background-repeat":"repeat","background-position":"center center","background-size":"auto","background-attachment":"scroll","background-type":"","background-media":"","overlay-type":"","overlay-color":"","overlay-opacity":"","overlay-gradient":""}}},"product_cat":[46],"product_tag":[],"class_list":["post-4403","product","type-product","status-publish","has-post-thumbnail","hentry","product_cat-eredeti-karaoke-dalok","desktop-align-left","tablet-align-left","mobile-align-left"],"_links":{"self":[{"href":"https:\/\/www.sunkaraoke.hu\/index.php\/wp-json\/wp\/v2\/product\/4403","targetHints":{"allow":["GET"]}}],"collection":[{"href":"https:\/\/www.sunkaraoke.hu\/index.php\/wp-json\/wp\/v2\/product"}],"about":[{"href":"https:\/\/www.sunkaraoke.hu\/index.php\/wp-json\/wp\/v2\/types\/product"}],"wp:featuredmedia":[{"embeddable":true,"href":"https:\/\/www.sunkaraoke.hu\/index.php\/wp-json\/wp\/v2\/media\/9011"}],"wp:attachment":[{"href":"https:\/\/www.sunkaraoke.hu\/index.php\/wp-json\/wp\/v2\/media?parent=4403"}],"wp:term":[{"taxonomy":"product_cat","embeddable":true,"href":"https:\/\/www.sunkaraoke.hu\/index.php\/wp-json\/wp\/v2\/product_cat?post=4403"},{"taxonomy":"product_tag","embeddable":true,"href":"https:\/\/www.sunkaraoke.hu\/index.php\/wp-json\/wp\/v2\/product_tag?post=4403"}],"curies":[{"name":"wp","href":"https:\/\/api.w.org\/{rel}","templated":true}]}}