{"id":4393,"date":"2022-08-08T20:47:32","date_gmt":"2022-08-08T20:47:32","guid":{"rendered":"https:\/\/www.sunkaraoke.hu\/index.php\/termek\/postas-jozsi-mindig-rohanok\/"},"modified":"2025-04-01T15:24:05","modified_gmt":"2025-04-01T15:24:05","slug":"postas-jozsi-mindig-rohanok","status":"publish","type":"product","link":"https:\/\/www.sunkaraoke.hu\/index.php\/termek\/postas-jozsi-mindig-rohanok\/","title":{"rendered":"<div class=\"wcmp-player-container product-4393\"><audio controlslist=\"nodownload\" data-product=\"4393\"  volume=\"1\"  preload=\"none\" data-lazyloading=\"none\" class=\"wcmp-player track mejs-classic\" data-duration=\"0:34\" data-estimated_duration=\"4\"><source src=\"https:\/\/www.sunkaraoke.hu\/wp-content\/uploads\/2022\/08\/Mindig-rohanok-voc-P.-demoo.mp3\" type=\"audio\/mp3\" \/><\/audio><\/div>Post\u00e1s J\u00f3zsi &#8211; Mindig rohanok (Original)"},"content":{"rendered":"<p><strong>03:45<\/strong> | <strong><img loading=\"lazy\" decoding=\"async\" class=\"alignnone size-full wp-image-466\" src=\"https:\/\/www.sunkaraoke.hu\/wp-content\/uploads\/2022\/07\/choir_1-copy.webp\" alt=\"\" width=\"30\" height=\"30\" \/> <\/strong><\/p>\n","protected":false},"excerpt":{"rendered":"<h6><strong>Bits\u0171r\u0171s\u00e9g: 320<\/strong>kb\/s<strong><br \/>\n<\/strong><strong>Hossz: <\/strong>03:45<strong><br \/>\n<\/strong><strong style=\"font-size: 16px;\">Vok\u00e1lt tartalmaz: <\/strong>Igen <img loading=\"lazy\" decoding=\"async\" class=\"alignnone size-full wp-image-466\" src=\"http:\/\/www.sunkaraoke.hu\/wp-content\/uploads\/2022\/07\/choir_1-copy.png\" alt=\"\" width=\"30\" height=\"30\" \/><strong style=\"font-size: 16px;\"><br \/>\n<\/strong><\/h6>\n<p>Sunkaraoke mp3 st\u00fadi\u00f3 \/ www.sunkaraoke.hu \/ Inf: Tel: 06 20 4275001<\/p>\n<p>&#8212;Intr\u00f3&#8212;<br \/>\nFut az id\u0151, messze a c\u00e9l,<br \/>\na sz\u00edvem is, menek\u00fcl.<br \/>\nSodor az \u00e1r, vagy valaki v\u00e1r.<br \/>\n\u00e9n nem maradok, egyed\u00fcl.<\/p>\n<p>A mosolyod, add k\u00f6lcs\u00f6n ma m\u00e9g,<br \/>\na sz\u00edvemet adn\u00e1m, ha van mi\u00e9rt.<br \/>\nHa valaki tudn\u00e1, ha valaki \u00e9rten\u00e9.<\/p>\n<p>Mindig rohanok, egy boldog perc ut\u00e1n,<br \/>\nkeresem a sz\u00edved, merre j\u00e1r.<br \/>\nIdeje, hogy,r\u00e1tal\u00e1ljak m\u00e1r.<br \/>\nMindig rohanok, egy boldog perc ut\u00e1n,<br \/>\ncsak a szerelem kell, semmi m\u00e1s.<br \/>\nGyere, \u00e1lmodj velem, minden \u00e9jszak\u00e1n!<br \/>\n&#8212;Sz\u00f3l\u00f3&#8212;<br \/>\nFelh\u0151k sz\u00e1llnak, felettem,<br \/>\n\u00e9n megyek, egyre tov\u00e1bb.<br \/>\nM\u00e9g hossz\u00fa \u00fat, \u00e1ll el\u0151ttem,<br \/>\ntudom, hogy, vannak csod\u00e1k.<br \/>\nA mosolyod, add k\u00f6lcs\u00f6n ma m\u00e9g,<br \/>\na sz\u00edvemet adn\u00e1m, ha van mi\u00e9rt.<br \/>\nHa valaki tudn\u00e1, ha valaki \u00e9rten\u00e9.<\/p>\n<p>Mindig rohanok, egy boldog perc ut\u00e1n,<br \/>\nkeresem a sz\u00edved, merre j\u00e1r.<br \/>\nIdeje, hogy,r\u00e1tal\u00e1ljak m\u00e1r.<br \/>\nMindig rohanok, egy boldog perc ut\u00e1n,<br \/>\ncsak a szerelem kell, semmi m\u00e1s.<br \/>\nGyere, \u00e1lmodj velem, minden \u00e9jszak\u00e1n!<\/p>\n<p>Mindig rohanok, egy boldog perc ut\u00e1n,<br \/>\nkeresem a sz\u00edved, merre j\u00e1r.<br \/>\nIdeje, hogy,r\u00e1tal\u00e1ljak m\u00e1r.<br \/>\nMindig rohanok, egy boldog perc ut\u00e1n,<br \/>\ncsak a szerelem kell, semmi m\u00e1s.<br \/>\nGyere, \u00e1lmodj velem, minden \u00e9jszak\u00e1n!<\/p>\n<p>Mindig rohanok, egy boldog perc ut\u00e1n,<br \/>\nkeresem a sz\u00edved, merre j\u00e1r.<br \/>\nIdeje, hogy,r\u00e1tal\u00e1ljak m\u00e1r.<br \/>\nMindig rohanok, egy boldog perc ut\u00e1n,<br \/>\ncsak a szerelem kell, semmi m\u00e1s.<br \/>\nGyere, \u00e1lmodj velem, minden \u00e9jszak\u00e1n!<\/p>\n<p>&#8212;V\u00e9ge&#8212;<\/p>\n","protected":false},"featured_media":9011,"template":"","meta":{"site-sidebar-layout":"default","site-content-layout":"default","ast-site-content-layout":"default","site-content-style":"default","site-sidebar-style":"default","ast-global-header-display":"","ast-banner-title-visibility":"","ast-main-header-display":"","ast-hfb-above-header-display":"","ast-hfb-below-header-display":"","ast-hfb-mobile-header-display":"","site-post-title":"","ast-breadcrumbs-content":"","ast-featured-img":"","footer-sml-layout":"","theme-transparent-header-meta":"default","adv-header-id-meta":"","stick-header-meta":"","header-above-stick-meta":"","header-main-stick-meta":"","header-below-stick-meta":"","astra-migrate-meta-layouts":"set","ast-page-background-enabled":"default","ast-page-background-meta":{"desktop":{"background-color":"var(--ast-global-color-4)","background-image":"","background-repeat":"repeat","background-position":"center center","background-size":"auto","background-attachment":"scroll","background-type":"","background-media":"","overlay-type":"","overlay-color":"","overlay-opacity":"","overlay-gradient":""},"tablet":{"background-color":"","background-image":"","background-repeat":"repeat","background-position":"center center","background-size":"auto","background-attachment":"scroll","background-type":"","background-media":"","overlay-type":"","overlay-color":"","overlay-opacity":"","overlay-gradient":""},"mobile":{"background-color":"","background-image":"","background-repeat":"repeat","background-position":"center center","background-size":"auto","background-attachment":"scroll","background-type":"","background-media":"","overlay-type":"","overlay-color":"","overlay-opacity":"","overlay-gradient":""}},"ast-content-background-meta":{"desktop":{"background-color":"var(--ast-global-color-5)","background-image":"","background-repeat":"repeat","background-position":"center center","background-size":"auto","background-attachment":"scroll","background-type":"","background-media":"","overlay-type":"","overlay-color":"","overlay-opacity":"","overlay-gradient":""},"tablet":{"background-color":"var(--ast-global-color-5)","background-image":"","background-repeat":"repeat","background-position":"center center","background-size":"auto","background-attachment":"scroll","background-type":"","background-media":"","overlay-type":"","overlay-color":"","overlay-opacity":"","overlay-gradient":""},"mobile":{"background-color":"var(--ast-global-color-5)","background-image":"","background-repeat":"repeat","background-position":"center center","background-size":"auto","background-attachment":"scroll","background-type":"","background-media":"","overlay-type":"","overlay-color":"","overlay-opacity":"","overlay-gradient":""}}},"product_cat":[46],"product_tag":[],"class_list":["post-4393","product","type-product","status-publish","has-post-thumbnail","hentry","product_cat-eredeti-karaoke-dalok","desktop-align-left","tablet-align-left","mobile-align-left"],"_links":{"self":[{"href":"https:\/\/www.sunkaraoke.hu\/index.php\/wp-json\/wp\/v2\/product\/4393","targetHints":{"allow":["GET"]}}],"collection":[{"href":"https:\/\/www.sunkaraoke.hu\/index.php\/wp-json\/wp\/v2\/product"}],"about":[{"href":"https:\/\/www.sunkaraoke.hu\/index.php\/wp-json\/wp\/v2\/types\/product"}],"wp:featuredmedia":[{"embeddable":true,"href":"https:\/\/www.sunkaraoke.hu\/index.php\/wp-json\/wp\/v2\/media\/9011"}],"wp:attachment":[{"href":"https:\/\/www.sunkaraoke.hu\/index.php\/wp-json\/wp\/v2\/media?parent=4393"}],"wp:term":[{"taxonomy":"product_cat","embeddable":true,"href":"https:\/\/www.sunkaraoke.hu\/index.php\/wp-json\/wp\/v2\/product_cat?post=4393"},{"taxonomy":"product_tag","embeddable":true,"href":"https:\/\/www.sunkaraoke.hu\/index.php\/wp-json\/wp\/v2\/product_tag?post=4393"}],"curies":[{"name":"wp","href":"https:\/\/api.w.org\/{rel}","templated":true}]}}