{"id":4385,"date":"2022-08-08T20:47:32","date_gmt":"2022-08-08T20:47:32","guid":{"rendered":"https:\/\/www.sunkaraoke.hu\/index.php\/termek\/kocsis-janika-kocsis-janika-mulatos-mix-04\/"},"modified":"2025-04-06T11:42:53","modified_gmt":"2025-04-06T11:42:53","slug":"kocsis-janika-kocsis-janika-mulatos-mix-04","status":"publish","type":"product","link":"https:\/\/www.sunkaraoke.hu\/index.php\/termek\/kocsis-janika-kocsis-janika-mulatos-mix-04\/","title":{"rendered":"<div class=\"wcmp-player-container product-4385\"><audio controlslist=\"nodownload\" data-product=\"4385\"  volume=\"1\"  preload=\"none\" data-lazyloading=\"none\" class=\"wcmp-player track mejs-classic\" data-duration=\"0:32\" data-estimated_duration=\"4\"><source src=\"https:\/\/www.sunkaraoke.hu\/wp-content\/uploads\/2022\/08\/Kocsis-Janika-Mulatos-mix-04.-E.-demooo.mp3\" type=\"audio\/mp3\" \/><\/audio><\/div>Kocsis Janika &#8211; Kocsis Janika Mulat\u00f3s mix 04. (Zoly Edition)"},"content":{"rendered":"<p><strong>05:16<\/strong> | <strong><img loading=\"lazy\" decoding=\"async\" class=\"alignnone size-full wp-image-467\" src=\"https:\/\/www.sunkaraoke.hu\/wp-content\/uploads\/2022\/07\/choir_2-copy.webp\" alt=\"\" width=\"30\" height=\"30\" \/> <\/strong><\/p>\n","protected":false},"excerpt":{"rendered":"<h5>Bits\u0171r\u0171s\u00e9g: 320kb\/s<br \/>\nHossz: 05:16<br \/>\nVok\u00e1lt tartalmaz: Nem <img loading=\"lazy\" decoding=\"async\" class=\"alignnone size-full wp-image-467\" src=\"http:\/\/www.sunkaraoke.hu\/wp-content\/uploads\/2022\/07\/choir_2-copy.png\" alt=\"\" width=\"30\" height=\"30\" \/><strong style=\"font-size: 16px;\"><br \/>\n<\/strong><\/h5>\n<p>Sunkaraoke mp3 st\u00fadi\u00f3 \/ www.sunkaraoke.hu \/ Inf: Tel: 06 20 4275001<\/p>\n<p>&#8212;Intr\u00f3&#8212;<br \/>\nZ\u00f6ld erd\u0151ben de magas, z\u00f6ld erd\u0151ben de magas a juharfa,<br \/>\nkicsi mad\u00e1r seje haj, kicsi mad\u00e1r a f\u00e9szk\u00e9t odarakja,<br \/>\naz erdei dalos mad\u00e1rnak is van p\u00e1rja,<br \/>\ncsak \u00e9n magam egyed\u00fcl, csak \u00e9n magam egyed\u00fcl vagyok \u00e1rva.<br \/>\n&#8212;Sz\u00f3l\u00f3&#8212;<br \/>\nR\u00f3zsa, r\u00f3zsa, r\u00f3zsa fa, r\u00f3zsa, r\u00f3zsa, tear\u00f3zsa levele,<br \/>\nnem besz\u00e9ltem sejehaj, nem besz\u00e9ltem a r\u00f3zs\u00e1mmal az este.<br \/>\nA zsebkend\u0151m is n\u00e1la van a zseb\u00e9be,<br \/>\nvisszahozza, sejehaj, vissza hozza ha akarja az este.<br \/>\n&#8212;Sz\u00f3l\u00f3&#8212;<br \/>\nBazsa M\u00e1ri lib\u00e1ja beesett a a Tisz\u00e1ba.<br \/>\nKett\u0151t l\u00e9pett ut\u00e1na, s\u00e1ros lett a Bazsa M\u00e1ri feh\u00e9r als\u00f3szokny\u00e1ja.<br \/>\nKett\u0151t l\u00e9pett ut\u00e1na, s\u00e1ros lett a Bazsa M\u00e1ri feh\u00e9r als\u00f3szokny\u00e1ja.<br \/>\nEz a cs\u00e1rda,de hangos Bazsa M\u00e1ri,de hangos.<br \/>\nMit \u00e9r a gonoszs\u00e1ga,ha a b\u00e1lba leesett a feh\u00e9r als\u00f3szokny\u00e1ja.<br \/>\nMit \u00e9r a gonoszs\u00e1ga,ha a b\u00e1lba leesett a feh\u00e9r als\u00f3szokny\u00e1ja.<br \/>\n&#8212;Sz\u00f3l\u00f3&#8212;<br \/>\nEsik az es\u0151 , m\u00e9g sincs s\u00e1r, csak a bab\u00e1m udvar\u00e1n,<br \/>\nelhordan\u00e1m de nincs annyi er\u0151m, b\u00fasan csalogat a szeret\u0151m.<br \/>\nelhordan\u00e1m de nincs annyi er\u0151m, b\u00fasan csalogat a szeret\u0151m.<br \/>\nFel van a lovam, nyergelve, oszt \u00e9n \u00fcl\u00f6k a nyeregbe,<br \/>\njaj \u00e9n \u00fcl\u00f6k a szeret\u0151m \u00f6libe, m\u00e1snak kacsingat a szem\u00e9be.<br \/>\njaj \u00e9n \u00fcl\u00f6k a szeret\u0151m \u00f6libe,te meg bab\u00e1m elmehetsz a fen\u00e9be.<br \/>\nHej te kisl\u00e1ny te kisl\u00e1ny, h\u00e1ny esztend\u0151s lehetsz m\u00e1r,<br \/>\ntizenh\u00e1rom meg egy f\u00e9l, tal\u00e1n tizennegyedf\u00e9l.<br \/>\nTizenh\u00e1rom meg egy f\u00e9l, tal\u00e1n tizennegyedf\u00e9l.<br \/>\n&#8212;Sz\u00f3l\u00f3&#8212;<br \/>\nHej cig\u00e1nyl\u00e1ny , cig\u00e1nyl\u00e1ny, sz\u00e9p szeret\u0151d volt e m\u00e1r,<br \/>\neg\u00e9sz h\u00e9ten m\u00e1s\u00e9 vagy, de szombaton meg vas\u00e1rnap az eny\u00e9m vagy.<br \/>\nEg\u00e9sz h\u00e9ten m\u00e1s\u00e9 vagy, de szombaton meg vas\u00e1rnap az eny\u00e9m vagy.<br \/>\n&#8212;Sz\u00f3l\u00f3&#8212;<br \/>\nHej cig\u00e1nyl\u00e1ny , cig\u00e1nyl\u00e1ny, sz\u00e9p szeret\u0151d volt e m\u00e1r,<br \/>\neg\u00e9sz h\u00e9ten m\u00e1s\u00e9 vagy, de szombaton meg vas\u00e1rnap az eny\u00e9m vagy.<br \/>\nEg\u00e9sz h\u00e9ten m\u00e1s\u00e9 vagy, de szombaton meg vas\u00e1rnap az eny\u00e9m vagy.<br \/>\n&#8212;V\u00e9ge&#8212;<\/p>\n","protected":false},"featured_media":8738,"template":"","meta":{"site-sidebar-layout":"default","site-content-layout":"default","ast-site-content-layout":"default","site-content-style":"default","site-sidebar-style":"default","ast-global-header-display":"","ast-banner-title-visibility":"","ast-main-header-display":"","ast-hfb-above-header-display":"","ast-hfb-below-header-display":"","ast-hfb-mobile-header-display":"","site-post-title":"","ast-breadcrumbs-content":"","ast-featured-img":"","footer-sml-layout":"","theme-transparent-header-meta":"default","adv-header-id-meta":"","stick-header-meta":"","header-above-stick-meta":"","header-main-stick-meta":"","header-below-stick-meta":"","astra-migrate-meta-layouts":"set","ast-page-background-enabled":"default","ast-page-background-meta":{"desktop":{"background-color":"var(--ast-global-color-4)","background-image":"","background-repeat":"repeat","background-position":"center center","background-size":"auto","background-attachment":"scroll","background-type":"","background-media":"","overlay-type":"","overlay-color":"","overlay-opacity":"","overlay-gradient":""},"tablet":{"background-color":"","background-image":"","background-repeat":"repeat","background-position":"center center","background-size":"auto","background-attachment":"scroll","background-type":"","background-media":"","overlay-type":"","overlay-color":"","overlay-opacity":"","overlay-gradient":""},"mobile":{"background-color":"","background-image":"","background-repeat":"repeat","background-position":"center center","background-size":"auto","background-attachment":"scroll","background-type":"","background-media":"","overlay-type":"","overlay-color":"","overlay-opacity":"","overlay-gradient":""}},"ast-content-background-meta":{"desktop":{"background-color":"var(--ast-global-color-5)","background-image":"","background-repeat":"repeat","background-position":"center center","background-size":"auto","background-attachment":"scroll","background-type":"","background-media":"","overlay-type":"","overlay-color":"","overlay-opacity":"","overlay-gradient":""},"tablet":{"background-color":"var(--ast-global-color-5)","background-image":"","background-repeat":"repeat","background-position":"center center","background-size":"auto","background-attachment":"scroll","background-type":"","background-media":"","overlay-type":"","overlay-color":"","overlay-opacity":"","overlay-gradient":""},"mobile":{"background-color":"var(--ast-global-color-5)","background-image":"","background-repeat":"repeat","background-position":"center center","background-size":"auto","background-attachment":"scroll","background-type":"","background-media":"","overlay-type":"","overlay-color":"","overlay-opacity":"","overlay-gradient":""}}},"product_cat":[58],"product_tag":[],"class_list":["post-4385","product","type-product","status-publish","has-post-thumbnail","hentry","product_cat-erdelyi-zoltan","desktop-align-left","tablet-align-left","mobile-align-left"],"_links":{"self":[{"href":"https:\/\/www.sunkaraoke.hu\/index.php\/wp-json\/wp\/v2\/product\/4385","targetHints":{"allow":["GET"]}}],"collection":[{"href":"https:\/\/www.sunkaraoke.hu\/index.php\/wp-json\/wp\/v2\/product"}],"about":[{"href":"https:\/\/www.sunkaraoke.hu\/index.php\/wp-json\/wp\/v2\/types\/product"}],"wp:featuredmedia":[{"embeddable":true,"href":"https:\/\/www.sunkaraoke.hu\/index.php\/wp-json\/wp\/v2\/media\/8738"}],"wp:attachment":[{"href":"https:\/\/www.sunkaraoke.hu\/index.php\/wp-json\/wp\/v2\/media?parent=4385"}],"wp:term":[{"taxonomy":"product_cat","embeddable":true,"href":"https:\/\/www.sunkaraoke.hu\/index.php\/wp-json\/wp\/v2\/product_cat?post=4385"},{"taxonomy":"product_tag","embeddable":true,"href":"https:\/\/www.sunkaraoke.hu\/index.php\/wp-json\/wp\/v2\/product_tag?post=4385"}],"curies":[{"name":"wp","href":"https:\/\/api.w.org\/{rel}","templated":true}]}}