{"id":4367,"date":"2022-08-08T20:47:30","date_gmt":"2022-08-08T20:47:30","guid":{"rendered":"https:\/\/www.sunkaraoke.hu\/index.php\/termek\/notar-mary-gyere-gyere\/"},"modified":"2025-03-29T11:46:44","modified_gmt":"2025-03-29T11:46:44","slug":"notar-mary-gyere-gyere","status":"publish","type":"product","link":"https:\/\/www.sunkaraoke.hu\/index.php\/termek\/notar-mary-gyere-gyere\/","title":{"rendered":"<div class=\"wcmp-player-container product-4367\"><audio controlslist=\"nodownload\" data-product=\"4367\"  volume=\"1\"  preload=\"none\" data-lazyloading=\"none\" class=\"wcmp-player track mejs-classic\" data-duration=\"0:32\" data-estimated_duration=\"4\"><source src=\"https:\/\/www.sunkaraoke.hu\/wp-content\/uploads\/2022\/08\/Gyere-gyere-Notar-SB._demo.mp3\" type=\"audio\/mp3\" \/><\/audio><\/div>Notar Mary &#8211; Gyere gyere (SB. Edition)"},"content":{"rendered":"<p><strong>03:12<\/strong> | <strong><img loading=\"lazy\" decoding=\"async\" class=\"alignnone size-full wp-image-467\" src=\"https:\/\/www.sunkaraoke.hu\/wp-content\/uploads\/2022\/07\/choir_2-copy.webp\" alt=\"\" width=\"30\" height=\"30\" \/> <strong> | <img loading=\"lazy\" decoding=\"async\" class=\"alignnone size-full wp-image-613\" src=\"https:\/\/www.sunkaraoke.hu\/wp-content\/uploads\/2022\/07\/transzponalas.webp\" alt=\"\" width=\"30\" height=\"30\" \/> +2<\/strong><\/strong><\/p>\n","protected":false},"excerpt":{"rendered":"<h6>Bits\u0171r\u0171s\u00e9g: 320 kb\/s<br \/>\nHossz: 03:12<br \/>\nVok\u00e1lt tartalmaz: Nem <img loading=\"lazy\" decoding=\"async\" class=\"alignnone size-full wp-image-467\" src=\"http:\/\/www.sunkaraoke.hu\/wp-content\/uploads\/2022\/07\/choir_2-copy.png\" alt=\"\" width=\"30\" height=\"30\" \/><br \/>\nTranszpon\u00e1l\u00e1s: +2<\/h6>\n<p>Sunkaraoke mp3 st\u00fadi\u00f3 \/ www.sunkaraoke.hu \/ Inf: Tel: 06 20 4275001<\/p>\n<p>&#8212;Intr\u00f3&#8212;<br \/>\nSzombat van ma k\u00e9sz\u00fcl\u0151d\u00f6k, sz\u00e9p ruh\u00e1ba fel\u00f6lt\u00f6z\u00f6k,<br \/>\ncsinosan ma csinosan ma ki\u00f6lt\u00f6z\u00f6k.<br \/>\nPezsg\u0151t t\u00f6lt\u00f6k a poh\u00e1rba, mulatok az \u00e9jszak\u00e1ba,<br \/>\nengem n\u00e9znek oszt ki b\u00e1nja.<br \/>\nMulass\u00e1l ne t\u00f6r\u0151dj ki l\u00e1tja!<\/p>\n<p>H\u00e1t gyere, gyere, t\u00f6lts\u00e9l te is a poharadba,<br \/>\nkoccints\u00e1l egyet a fam\u00edli\u00e1val,<br \/>\ngyere, gyere , felejtsd el a b\u00e1natodat,<br \/>\nk\u00e1men b\u00e1t\u00e1 plu a pr\u00e1le!<br \/>\nH\u00e1t gyere, gyere, t\u00f6lts\u00e9l te is a poharadba,<br \/>\nkoccints\u00e1l egyet a fam\u00edli\u00e1val,<br \/>\ngyere, gyere , felejtsd el a b\u00e1natodat,<br \/>\nk\u00e1men b\u00e1t\u00e1 plu a pr\u00e1le!<br \/>\nF\u00e9nyes cip\u0151 a l\u00e1bamon, arany\u00f3ra a csukl\u00f3mon,<br \/>\negy sz\u00e9p gy\u0171r\u0171 az ujjamon,<br \/>\n\u00edgy l\u00e9pek \u00e9n be a b\u00e1lba, mindenkinek j\u00e1r a l\u00e1ba,<br \/>\nripeg ropog a j\u00e1r\u00e1sa, a j\u00f3 cig\u00e1ny muzsik\u00e1ra.<br \/>\nH\u00e1t gyere, gyere, t\u00f6lts\u00e9l te is a poharadba,<br \/>\nkoccints\u00e1l egyet a fam\u00edli\u00e1val,<br \/>\ngyere, gyere , felejtsd el a b\u00e1natodat,<br \/>\nk\u00e1men b\u00e1t\u00e1 plu a pr\u00e1le!<br \/>\nH\u00e1t gyere, gyere, t\u00f6lts\u00e9l te is a poharadba,<br \/>\nkoccints\u00e1l egyet a fam\u00edli\u00e1val,<br \/>\ngyere, gyere , felejtsd el a b\u00e1natodat,<br \/>\nk\u00e1men b\u00e1t\u00e1 plu a pr\u00e1le!<br \/>\n\u00c1lom, \u00e1lom, \u00e1lom&#8230;..<br \/>\nH\u00e1t gyere, gyere, t\u00f6lts\u00e9l te is a poharadba,<br \/>\nkoccints\u00e1l egyet a fam\u00edli\u00e1val,<br \/>\ngyere, gyere , felejtsd el a b\u00e1natodat,<br \/>\nk\u00e1men b\u00e1t\u00e1 plu a pr\u00e1le!<br \/>\nH\u00e1t gyere, gyere, t\u00f6lts\u00e9l te is a poharadba,<br \/>\nkoccints\u00e1l egyet a fam\u00edli\u00e1val,<br \/>\ngyere, gyere , felejtsd el a b\u00e1natodat,<br \/>\nk\u00e1men b\u00e1t\u00e1 plu a pr\u00e1le!<br \/>\n&#8212;-Sz\u00f3l\u00f3&#8212;<br \/>\nH\u00e1t gyere, gyere, t\u00f6lts\u00e9l te is a poharadba,<br \/>\nkoccints\u00e1l egyet a fam\u00edli\u00e1val,<br \/>\ngyere, gyere , felejtsd el a b\u00e1natodat,<br \/>\nk\u00e1men b\u00e1t\u00e1 plu a pr\u00e1le!<br \/>\nH\u00e1t gyere, gyere, t\u00f6lts\u00e9l te is a poharadba,<br \/>\nkoccints\u00e1l egyet a fam\u00edli\u00e1val,<br \/>\ngyere, gyere , felejtsd el a b\u00e1natodat,<br \/>\nk\u00e1men b\u00e1t\u00e1 plu a pr\u00e1le!<br \/>\n&#8212;V\u00e9ge&#8212;<\/p>\n","protected":false},"featured_media":8740,"template":"","meta":{"site-sidebar-layout":"default","site-content-layout":"default","ast-site-content-layout":"default","site-content-style":"default","site-sidebar-style":"default","ast-global-header-display":"","ast-banner-title-visibility":"","ast-main-header-display":"","ast-hfb-above-header-display":"","ast-hfb-below-header-display":"","ast-hfb-mobile-header-display":"","site-post-title":"","ast-breadcrumbs-content":"","ast-featured-img":"","footer-sml-layout":"","theme-transparent-header-meta":"default","adv-header-id-meta":"","stick-header-meta":"","header-above-stick-meta":"","header-main-stick-meta":"","header-below-stick-meta":"","astra-migrate-meta-layouts":"set","ast-page-background-enabled":"default","ast-page-background-meta":{"desktop":{"background-color":"var(--ast-global-color-4)","background-image":"","background-repeat":"repeat","background-position":"center center","background-size":"auto","background-attachment":"scroll","background-type":"","background-media":"","overlay-type":"","overlay-color":"","overlay-opacity":"","overlay-gradient":""},"tablet":{"background-color":"","background-image":"","background-repeat":"repeat","background-position":"center center","background-size":"auto","background-attachment":"scroll","background-type":"","background-media":"","overlay-type":"","overlay-color":"","overlay-opacity":"","overlay-gradient":""},"mobile":{"background-color":"","background-image":"","background-repeat":"repeat","background-position":"center center","background-size":"auto","background-attachment":"scroll","background-type":"","background-media":"","overlay-type":"","overlay-color":"","overlay-opacity":"","overlay-gradient":""}},"ast-content-background-meta":{"desktop":{"background-color":"var(--ast-global-color-5)","background-image":"","background-repeat":"repeat","background-position":"center center","background-size":"auto","background-attachment":"scroll","background-type":"","background-media":"","overlay-type":"","overlay-color":"","overlay-opacity":"","overlay-gradient":""},"tablet":{"background-color":"var(--ast-global-color-5)","background-image":"","background-repeat":"repeat","background-position":"center center","background-size":"auto","background-attachment":"scroll","background-type":"","background-media":"","overlay-type":"","overlay-color":"","overlay-opacity":"","overlay-gradient":""},"mobile":{"background-color":"var(--ast-global-color-5)","background-image":"","background-repeat":"repeat","background-position":"center center","background-size":"auto","background-attachment":"scroll","background-type":"","background-media":"","overlay-type":"","overlay-color":"","overlay-opacity":"","overlay-gradient":""}}},"product_cat":[48],"product_tag":[],"class_list":["post-4367","product","type-product","status-publish","has-post-thumbnail","hentry","product_cat-sunkaraoke-dalok","desktop-align-left","tablet-align-left","mobile-align-left"],"_links":{"self":[{"href":"https:\/\/www.sunkaraoke.hu\/index.php\/wp-json\/wp\/v2\/product\/4367","targetHints":{"allow":["GET"]}}],"collection":[{"href":"https:\/\/www.sunkaraoke.hu\/index.php\/wp-json\/wp\/v2\/product"}],"about":[{"href":"https:\/\/www.sunkaraoke.hu\/index.php\/wp-json\/wp\/v2\/types\/product"}],"wp:featuredmedia":[{"embeddable":true,"href":"https:\/\/www.sunkaraoke.hu\/index.php\/wp-json\/wp\/v2\/media\/8740"}],"wp:attachment":[{"href":"https:\/\/www.sunkaraoke.hu\/index.php\/wp-json\/wp\/v2\/media?parent=4367"}],"wp:term":[{"taxonomy":"product_cat","embeddable":true,"href":"https:\/\/www.sunkaraoke.hu\/index.php\/wp-json\/wp\/v2\/product_cat?post=4367"},{"taxonomy":"product_tag","embeddable":true,"href":"https:\/\/www.sunkaraoke.hu\/index.php\/wp-json\/wp\/v2\/product_tag?post=4367"}],"curies":[{"name":"wp","href":"https:\/\/api.w.org\/{rel}","templated":true}]}}