{"id":4359,"date":"2022-08-08T20:47:30","date_gmt":"2022-08-08T20:47:30","guid":{"rendered":"https:\/\/www.sunkaraoke.hu\/index.php\/termek\/korda-gyorgy-es-balazs-klari-mamma-maria-2014-transzp-v\/"},"modified":"2025-04-02T04:37:31","modified_gmt":"2025-04-02T04:37:31","slug":"korda-gyorgy-es-balazs-klari-mamma-maria-2014-transzp-v","status":"publish","type":"product","link":"https:\/\/www.sunkaraoke.hu\/index.php\/termek\/korda-gyorgy-es-balazs-klari-mamma-maria-2014-transzp-v\/","title":{"rendered":"<div class=\"wcmp-player-container product-4359\"><audio controlslist=\"nodownload\" data-product=\"4359\"  volume=\"1\"  preload=\"none\" data-lazyloading=\"none\" class=\"wcmp-player track mejs-classic\" data-duration=\"0:32\" data-estimated_duration=\"4\"><source src=\"https:\/\/www.sunkaraoke.hu\/wp-content\/uploads\/2022\/08\/Mamma-maria-2014.-E.-demnoo.mp3\" type=\"audio\/mp3\" \/><\/audio><\/div>Korda Gy\u00f6rgy \u00e9s Bal\u00e1zs Kl\u00e1ri &#8211; Mamma Maria  (Zoly Edition)"},"content":{"rendered":"<p><strong>02:56<\/strong> | <strong><img loading=\"lazy\" decoding=\"async\" class=\"alignnone size-full wp-image-467\" src=\"https:\/\/www.sunkaraoke.hu\/wp-content\/uploads\/2022\/07\/choir_2-copy.webp\" alt=\"\" width=\"30\" height=\"30\" \/> <strong> | <img loading=\"lazy\" decoding=\"async\" class=\"alignnone size-full wp-image-613\" src=\"https:\/\/www.sunkaraoke.hu\/wp-content\/uploads\/2022\/07\/transzponalas.webp\" alt=\"\" width=\"30\" height=\"30\" \/> <\/strong><strong>-4<\/strong><\/strong><\/p>\n","protected":false},"excerpt":{"rendered":"<h6><strong>Bits\u0171r\u0171s\u00e9g: 320<\/strong>kb\/s<strong><br \/>\n<\/strong><strong>Hossz: <\/strong>02:56<strong><br \/>\n<\/strong><strong style=\"font-size: 16px;\">Vok\u00e1lt tartalmaz: <\/strong>Nem <img loading=\"lazy\" decoding=\"async\" class=\"alignnone size-full wp-image-467\" src=\"http:\/\/www.sunkaraoke.hu\/wp-content\/uploads\/2022\/07\/choir_2-copy.png\" alt=\"\" width=\"30\" height=\"30\" \/><strong style=\"font-size: 16px;\"><br \/>\n<\/strong><strong>Transzpon\u00e1l\u00e1s: <\/strong><img loading=\"lazy\" decoding=\"async\" class=\"alignnone size-full wp-image-613\" src=\"http:\/\/www.sunkaraoke.hu\/wp-content\/uploads\/2022\/07\/transzponalas.png\" alt=\"\" width=\"30\" height=\"30\" \/> -4<\/h6>\n<p>Sunkaraoke mp3 st\u00fadi\u00f3 \/ www.sunkaraoke.hu \/ Inf: Tel: 06 20 4275001<\/p>\n<p>&#8212;Intr\u00f3&#8212;<br \/>\nMost arra k\u00e9rlek, hogy hallgass meg v\u00e9gre,<br \/>\nmost arra k\u00e9rlek, hogy ne szak\u00edts f\u00e9lbe.<br \/>\nMost arra k\u00e9rlek, hogy adj nekem sanszot,<br \/>\nha megsz\u00f3l\u00edtlak, ne ford\u00edtsd el az arcod.<\/p>\n<p>Csak annyit mondj, hogy mit akarsz t\u0151lem,<br \/>\ncsak annyit mondj nekem, de ne nagyon b\u0151ven.<br \/>\nCsak annyit mondj, hogy tudsz-e nevetni,<br \/>\ns ha megszeretlek, h\u0171s\u00e9ges lenni.<\/p>\n<p>Ma ma ma ma ,ma, Maria ma,<br \/>\nma ma ma ,ma Ma ria ma !<br \/>\nMa ma ma , ma ma Ma ria , ma,<br \/>\nma ma ma , ma ma Maria!<\/p>\n<p>Ha szerelemre v\u00e1gysz, \u00f6lelj \u00e1t nyomban,<br \/>\nha szerelemre v\u00e1gysz, h\u00e1t szeress\u00e9l jobban.<br \/>\nHa szerelemre v\u00e1rsz, ne f\u00e9lj a cs\u00f3kt\u00f3l,<br \/>\nmost itt az alkalom, mer\u00edts a j\u00f3b\u00f3l.<\/p>\n<p>Esk\u00fcsz\u00f6m neked, a felh\u0151tlen \u00e9gre,<br \/>\nesk\u00fcsz\u00f6m neked, hogy sose lesz v\u00e9ge.<br \/>\nEsk\u00fcsz\u00f6m neked, m\u00e1r nem kell, hogy f\u00e9lj\u00fcnk,<br \/>\nha h\u0171s\u00e9ges leszel, boldogan \u00e9l\u00fcnk!<\/p>\n<p>Ma ma ma ma ,ma, Maria ma,<br \/>\nma ma ma ,ma Ma ria ma!<br \/>\nMa ma ma , ma ma Ma ria , ma,<br \/>\nma ma ma , ma ma Maria!<br \/>\n&#8212;Sz\u00f3l\u00f3&#8212;<br \/>\nHa nem hiszel nekem, majd megb\u00e1nod v\u00e9g\u00fcl,<br \/>\nha nem hiszel nekem, a te fejed sz\u00e9d\u00fcl.<br \/>\nHa nem hiszel nekem ,nos ak\u00e1rmit tettem,<br \/>\nelhiszed ugye, hogy a f\u00e9rjed lettem!<\/p>\n<p>Ma ma ma ma ,ma, Maria ma,<br \/>\nma ma ma ,ma Ma ria ma!<br \/>\nMa ma ma , ma, ma Ma ria , ma,<br \/>\nma ma ma , ma, ma Maria!<br \/>\nMa ma ma ma ,ma, Maria ma,<br \/>\nma ma ma ,ma Ma ria ma!<br \/>\nMa ma ma , ma, ma Ma ria , ma,<br \/>\nma ma ma , ma, ma Maria!<br \/>\nMa ma ma ma ,ma, Maria ma,<br \/>\nma ma ma ,ma Ma ria ma!<br \/>\nMa ma ma , ma, ma Ma ria , ma,<br \/>\nma ma ma , ma, ma Maria!<br \/>\n&#8212;V\u00e9ge&#8212;<\/p>\n","protected":false},"featured_media":8824,"template":"","meta":{"site-sidebar-layout":"default","site-content-layout":"default","ast-site-content-layout":"default","site-content-style":"default","site-sidebar-style":"default","ast-global-header-display":"","ast-banner-title-visibility":"","ast-main-header-display":"","ast-hfb-above-header-display":"","ast-hfb-below-header-display":"","ast-hfb-mobile-header-display":"","site-post-title":"","ast-breadcrumbs-content":"","ast-featured-img":"","footer-sml-layout":"","theme-transparent-header-meta":"default","adv-header-id-meta":"","stick-header-meta":"","header-above-stick-meta":"","header-main-stick-meta":"","header-below-stick-meta":"","astra-migrate-meta-layouts":"set","ast-page-background-enabled":"default","ast-page-background-meta":{"desktop":{"background-color":"var(--ast-global-color-4)","background-image":"","background-repeat":"repeat","background-position":"center center","background-size":"auto","background-attachment":"scroll","background-type":"","background-media":"","overlay-type":"","overlay-color":"","overlay-opacity":"","overlay-gradient":""},"tablet":{"background-color":"","background-image":"","background-repeat":"repeat","background-position":"center center","background-size":"auto","background-attachment":"scroll","background-type":"","background-media":"","overlay-type":"","overlay-color":"","overlay-opacity":"","overlay-gradient":""},"mobile":{"background-color":"","background-image":"","background-repeat":"repeat","background-position":"center center","background-size":"auto","background-attachment":"scroll","background-type":"","background-media":"","overlay-type":"","overlay-color":"","overlay-opacity":"","overlay-gradient":""}},"ast-content-background-meta":{"desktop":{"background-color":"var(--ast-global-color-5)","background-image":"","background-repeat":"repeat","background-position":"center center","background-size":"auto","background-attachment":"scroll","background-type":"","background-media":"","overlay-type":"","overlay-color":"","overlay-opacity":"","overlay-gradient":""},"tablet":{"background-color":"var(--ast-global-color-5)","background-image":"","background-repeat":"repeat","background-position":"center center","background-size":"auto","background-attachment":"scroll","background-type":"","background-media":"","overlay-type":"","overlay-color":"","overlay-opacity":"","overlay-gradient":""},"mobile":{"background-color":"var(--ast-global-color-5)","background-image":"","background-repeat":"repeat","background-position":"center center","background-size":"auto","background-attachment":"scroll","background-type":"","background-media":"","overlay-type":"","overlay-color":"","overlay-opacity":"","overlay-gradient":""}}},"product_cat":[58],"product_tag":[],"class_list":["post-4359","product","type-product","status-publish","has-post-thumbnail","hentry","product_cat-erdelyi-zoltan","desktop-align-left","tablet-align-left","mobile-align-left"],"_links":{"self":[{"href":"https:\/\/www.sunkaraoke.hu\/index.php\/wp-json\/wp\/v2\/product\/4359","targetHints":{"allow":["GET"]}}],"collection":[{"href":"https:\/\/www.sunkaraoke.hu\/index.php\/wp-json\/wp\/v2\/product"}],"about":[{"href":"https:\/\/www.sunkaraoke.hu\/index.php\/wp-json\/wp\/v2\/types\/product"}],"wp:featuredmedia":[{"embeddable":true,"href":"https:\/\/www.sunkaraoke.hu\/index.php\/wp-json\/wp\/v2\/media\/8824"}],"wp:attachment":[{"href":"https:\/\/www.sunkaraoke.hu\/index.php\/wp-json\/wp\/v2\/media?parent=4359"}],"wp:term":[{"taxonomy":"product_cat","embeddable":true,"href":"https:\/\/www.sunkaraoke.hu\/index.php\/wp-json\/wp\/v2\/product_cat?post=4359"},{"taxonomy":"product_tag","embeddable":true,"href":"https:\/\/www.sunkaraoke.hu\/index.php\/wp-json\/wp\/v2\/product_tag?post=4359"}],"curies":[{"name":"wp","href":"https:\/\/api.w.org\/{rel}","templated":true}]}}