{"id":4355,"date":"2022-08-08T20:47:29","date_gmt":"2022-08-08T20:47:29","guid":{"rendered":"https:\/\/www.sunkaraoke.hu\/index.php\/termek\/sihell-ferry-az-en-anyam\/"},"modified":"2025-04-04T12:56:14","modified_gmt":"2025-04-04T12:56:14","slug":"sihell-ferry-az-en-anyam","status":"publish","type":"product","link":"https:\/\/www.sunkaraoke.hu\/index.php\/termek\/sihell-ferry-az-en-anyam\/","title":{"rendered":"<div class=\"wcmp-player-container product-4355\"><audio controlslist=\"nodownload\" data-product=\"4355\"  volume=\"1\"  preload=\"none\" data-lazyloading=\"none\" class=\"wcmp-player track mejs-classic\" data-duration=\"0:33\" data-estimated_duration=\"4\"><source src=\"https:\/\/www.sunkaraoke.hu\/wp-content\/uploads\/2022\/08\/Az-en-anyam-voc-SF-demooo.mp3\" type=\"audio\/mp3\" \/><\/audio><\/div>Sihell Ferry &#8211; Az \u00e9n any\u00e1m (Original)"},"content":{"rendered":"<p><strong>03:14<\/strong> | <strong><img loading=\"lazy\" decoding=\"async\" class=\"alignnone size-full wp-image-466\" src=\"https:\/\/www.sunkaraoke.hu\/wp-content\/uploads\/2022\/07\/choir_1-copy.webp\" alt=\"\" width=\"30\" height=\"30\" \/> <\/strong><\/p>\n","protected":false},"excerpt":{"rendered":"<h6><strong>Bits\u0171r\u0171s\u00e9g: 320<\/strong>kb\/s<strong><br \/>\n<\/strong><strong>Hossz: <\/strong>03:14<strong><br \/>\n<\/strong><strong style=\"font-size: 16px;\">Vok\u00e1lt tartalmaz: <\/strong>Igen <img loading=\"lazy\" decoding=\"async\" class=\"alignnone size-full wp-image-466\" src=\"http:\/\/www.sunkaraoke.hu\/wp-content\/uploads\/2022\/07\/choir_1-copy.png\" alt=\"\" width=\"30\" height=\"30\" \/><strong style=\"font-size: 16px;\"><br \/>\n<\/strong><\/h6>\n<p>Sunkaraoke mp3 st\u00fadi\u00f3 \/ www.sunkaraoke.hu \/ Inf: Tel: 06 20 4275001<\/p>\n<p>&#8212;Intr\u00f3&#8212;<br \/>\nAz a dr\u00e1ga csendes asszony,aki \u0151rzi csillagom,<br \/>\n\u00e1ldott legyen az \u0150 neve,szeretem nagyon.<br \/>\n\u0150 az \u00e9n any\u00e1m,a dr\u00e1ga j\u00f3 any\u00e1m,<br \/>\nnincs a f\u00f6ld\u00f6n n\u00e1la jobb tal\u00e1n.<br \/>\nAz a dr\u00e1ga csendes asszony,aki \u0151rzi csillagom,<br \/>\n\u00e1ldott legyen az \u0150 neve,szeretem nagyon.<br \/>\n\u0150 az \u00e9n any\u00e1m,a dr\u00e1ga j\u00f3 any\u00e1m,<br \/>\nnincs a f\u00f6ld\u00f6n n\u00e1la jobb tal\u00e1n.<\/p>\n<p>Mint a feh\u00e9r h\u00f3 olyan az \u0151 lelke,<br \/>\n\u00e9s az \u00e9let\u00e9t adn\u00e1 oda \u00e9rtem!<br \/>\nTudom, hogy velem s\u00edr,de nevet is ha kell,<br \/>\nb\u00e1rmit is tehetn\u00e9k \u0151 megbocs\u00e1t nekem.<\/p>\n<p>Az a dr\u00e1ga csendes asszony,aki \u0151rzi csillagom,<br \/>\n\u00e1ldott legyen az \u0150 neve,szeretem nagyon.<br \/>\n\u0150 az \u00e9n any\u00e1m,a dr\u00e1ga j\u00f3 any\u00e1m,<br \/>\nnincs a f\u00f6ld\u00f6n n\u00e1la jobb tal\u00e1n.<\/p>\n<p>Az a dr\u00e1ga csendes asszony,aki \u0151rzi csillagom,<br \/>\n\u00e1ldott legyen az \u0150 neve,szeretem nagyon.<br \/>\n\u0150 az \u00e9n any\u00e1m,a dr\u00e1ga j\u00f3 any\u00e1m,<br \/>\nnincs a f\u00f6ld\u00f6n n\u00e1la jobb tal\u00e1n.<\/p>\n<p>Mint a napsug\u00e1r, olyan az \u0151 sz\u00edve,<br \/>\na legszebb \u00e9rint\u00e9s az \u0151 \u00f6lel\u00e9se.<br \/>\nMinden gyermek\u00e9t \u00e1lm\u00e1ban is f\u00e9lti,<br \/>\nlegyenek boldogok a j\u00f3 Istent k\u00e9ri.<\/p>\n<p>Az a dr\u00e1ga csendes asszony,aki \u0151rzi csillagom,<br \/>\n\u00e1ldott legyen az \u0150 neve,szeretem nagyon.<br \/>\n\u0150 az \u00e9n any\u00e1m,a dr\u00e1ga j\u00f3 any\u00e1m,<br \/>\nnincs a f\u00f6ld\u00f6n n\u00e1la jobb tal\u00e1n.<\/p>\n<p>Az a dr\u00e1ga csendes asszony,aki \u0151rzi csillagom,<br \/>\n\u00e1ldott legyen az \u0150 neve,szeretem nagyon.<br \/>\n\u0150 az \u00e9n any\u00e1m,a dr\u00e1ga j\u00f3 any\u00e1m,<br \/>\nnincs a f\u00f6ld\u00f6n n\u00e1la jobb tal\u00e1n.<br \/>\nNincs a f\u00f6ld\u00f6n n\u00e1la jobb tal\u00e1n.<br \/>\n&#8212;V\u00e9ge&#8212;<\/p>\n","protected":false},"featured_media":9301,"template":"","meta":{"site-sidebar-layout":"default","site-content-layout":"default","ast-site-content-layout":"default","site-content-style":"default","site-sidebar-style":"default","ast-global-header-display":"","ast-banner-title-visibility":"","ast-main-header-display":"","ast-hfb-above-header-display":"","ast-hfb-below-header-display":"","ast-hfb-mobile-header-display":"","site-post-title":"","ast-breadcrumbs-content":"","ast-featured-img":"","footer-sml-layout":"","theme-transparent-header-meta":"default","adv-header-id-meta":"","stick-header-meta":"","header-above-stick-meta":"","header-main-stick-meta":"","header-below-stick-meta":"","astra-migrate-meta-layouts":"set","ast-page-background-enabled":"default","ast-page-background-meta":{"desktop":{"background-color":"var(--ast-global-color-4)","background-image":"","background-repeat":"repeat","background-position":"center center","background-size":"auto","background-attachment":"scroll","background-type":"","background-media":"","overlay-type":"","overlay-color":"","overlay-opacity":"","overlay-gradient":""},"tablet":{"background-color":"","background-image":"","background-repeat":"repeat","background-position":"center center","background-size":"auto","background-attachment":"scroll","background-type":"","background-media":"","overlay-type":"","overlay-color":"","overlay-opacity":"","overlay-gradient":""},"mobile":{"background-color":"","background-image":"","background-repeat":"repeat","background-position":"center center","background-size":"auto","background-attachment":"scroll","background-type":"","background-media":"","overlay-type":"","overlay-color":"","overlay-opacity":"","overlay-gradient":""}},"ast-content-background-meta":{"desktop":{"background-color":"var(--ast-global-color-5)","background-image":"","background-repeat":"repeat","background-position":"center center","background-size":"auto","background-attachment":"scroll","background-type":"","background-media":"","overlay-type":"","overlay-color":"","overlay-opacity":"","overlay-gradient":""},"tablet":{"background-color":"var(--ast-global-color-5)","background-image":"","background-repeat":"repeat","background-position":"center center","background-size":"auto","background-attachment":"scroll","background-type":"","background-media":"","overlay-type":"","overlay-color":"","overlay-opacity":"","overlay-gradient":""},"mobile":{"background-color":"var(--ast-global-color-5)","background-image":"","background-repeat":"repeat","background-position":"center center","background-size":"auto","background-attachment":"scroll","background-type":"","background-media":"","overlay-type":"","overlay-color":"","overlay-opacity":"","overlay-gradient":""}}},"product_cat":[55],"product_tag":[],"class_list":["post-4355","product","type-product","status-publish","has-post-thumbnail","hentry","product_cat-sihell-ferry","desktop-align-left","tablet-align-left","mobile-align-left"],"_links":{"self":[{"href":"https:\/\/www.sunkaraoke.hu\/index.php\/wp-json\/wp\/v2\/product\/4355","targetHints":{"allow":["GET"]}}],"collection":[{"href":"https:\/\/www.sunkaraoke.hu\/index.php\/wp-json\/wp\/v2\/product"}],"about":[{"href":"https:\/\/www.sunkaraoke.hu\/index.php\/wp-json\/wp\/v2\/types\/product"}],"wp:featuredmedia":[{"embeddable":true,"href":"https:\/\/www.sunkaraoke.hu\/index.php\/wp-json\/wp\/v2\/media\/9301"}],"wp:attachment":[{"href":"https:\/\/www.sunkaraoke.hu\/index.php\/wp-json\/wp\/v2\/media?parent=4355"}],"wp:term":[{"taxonomy":"product_cat","embeddable":true,"href":"https:\/\/www.sunkaraoke.hu\/index.php\/wp-json\/wp\/v2\/product_cat?post=4355"},{"taxonomy":"product_tag","embeddable":true,"href":"https:\/\/www.sunkaraoke.hu\/index.php\/wp-json\/wp\/v2\/product_tag?post=4355"}],"curies":[{"name":"wp","href":"https:\/\/api.w.org\/{rel}","templated":true}]}}