{"id":4353,"date":"2022-08-08T20:47:29","date_gmt":"2022-08-08T20:47:29","guid":{"rendered":"https:\/\/www.sunkaraoke.hu\/index.php\/termek\/sihell-ferry-kiallok-a-kapuba\/"},"modified":"2025-04-04T12:53:32","modified_gmt":"2025-04-04T12:53:32","slug":"sihell-ferry-kiallok-a-kapuba","status":"publish","type":"product","link":"https:\/\/www.sunkaraoke.hu\/index.php\/termek\/sihell-ferry-kiallok-a-kapuba\/","title":{"rendered":"<div class=\"wcmp-player-container product-4353\"><audio controlslist=\"nodownload\" data-product=\"4353\"  volume=\"1\"  preload=\"none\" data-lazyloading=\"none\" class=\"wcmp-player track mejs-classic\" data-duration=\"0:34\" data-estimated_duration=\"4\"><source src=\"https:\/\/www.sunkaraoke.hu\/wp-content\/uploads\/2022\/08\/Kiallok-a-kapuba-voc-SF-demooo.mp3\" type=\"audio\/mp3\" \/><\/audio><\/div>Sihell Ferry &#8211; Ki\u00e1llok a kapuba (Original)"},"content":{"rendered":"<p><strong>03:19<\/strong> | <strong><img loading=\"lazy\" decoding=\"async\" class=\"alignnone size-full wp-image-466\" src=\"https:\/\/www.sunkaraoke.hu\/wp-content\/uploads\/2022\/07\/choir_1-copy.webp\" alt=\"\" width=\"30\" height=\"30\" \/> <\/strong><\/p>\n","protected":false},"excerpt":{"rendered":"<h6><strong>Bits\u0171r\u0171s\u00e9g: 320<\/strong>kb\/s<strong><br \/>\n<\/strong><strong>Hossz: <\/strong>03:19<strong><br \/>\n<\/strong><strong style=\"font-size: 16px;\">Vok\u00e1lt tartalmaz: <\/strong>Igen <img loading=\"lazy\" decoding=\"async\" class=\"alignnone size-full wp-image-466\" src=\"http:\/\/www.sunkaraoke.hu\/wp-content\/uploads\/2022\/07\/choir_1-copy.png\" alt=\"\" width=\"30\" height=\"30\" \/><strong style=\"font-size: 16px;\"><br \/>\n<\/strong><\/h6>\n<p>Sunkaraoke mp3 st\u00fadi\u00f3 \/ www.sunkaraoke.hu \/ Inf: Tel: 06 20 4275001<\/p>\n<p>&#8212;Intr\u00f3&#8212;<br \/>\nKi\u00e1llok a kapuba,nem n\u00e9zek \u00e9n csak oda,<br \/>\ncsak a te ablakodra,<br \/>\ncs\u00f3kot k\u00fcld\u00f6k sz\u00e1zat,\u00e9s a nagy vil\u00e1gnak,<br \/>\nelmondom, hogy mennyire im\u00e1dlak.<br \/>\nCs\u00f3kot k\u00fcld\u00f6k sz\u00e1zat,\u00e9s a nagy vil\u00e1gnak,<br \/>\nelmondom, hogy mennyire im\u00e1dlak.<\/p>\n<p>Ki\u00e1llok a kapuba nem,n\u00e9zek \u00e9n csak oda,<br \/>\ncsak a te ablakodra,<br \/>\na legszebb vir\u00e1gsz\u00e1l vagy,<br \/>\na legszebb a nagy vil\u00e1gban,<br \/>\n\u00e9s \u00e9n vagyok aki t\u00e9ged im\u00e1dhat!<br \/>\na legszebb vir\u00e1gsz\u00e1l vagy,<br \/>\na legszebb a nagyvil\u00e1gban,<br \/>\n\u00e9s csak nekem, csak nekem ragyog ma.<\/p>\n<p>A szeme k\u00e9k mint a tenger,<br \/>\na haja olyan mint a napsug\u00e1r,<br \/>\n\u00e9des az \u0150 cs\u00f3kja,amikor engem \u00f6lel \u00e1t!<br \/>\nA szeme k\u00e9k mint a tenger,<br \/>\na haja olyan mint a napsug\u00e1r,<br \/>\n\u00e9des az \u0151 cs\u00f3kja,amikor engem \u00f6lel \u00e1t.<br \/>\n&#8212;sz\u00f3l\u00f3&#8212;<\/p>\n<p>Ki\u00e1llok a kapuba nem,n\u00e9zek \u00e9n csak oda,<br \/>\ncsak a te ablakodra,<br \/>\na legszebb vir\u00e1gsz\u00e1l vagy,<br \/>\na legszebb a nagy vil\u00e1gban,<br \/>\n\u00e9s \u00e9n vagyok aki t\u00e9ged im\u00e1dhat!<br \/>\na legszebb vir\u00e1gsz\u00e1l vagy,<br \/>\na legszebb a nagyvil\u00e1gban,<br \/>\n\u00e9s csak nekem, csak nekem ragyog ma.<\/p>\n<p>A szeme k\u00e9k mint a tenger,<br \/>\na haja olyan mint a napsug\u00e1r,<br \/>\n\u00e9des az \u0150 cs\u00f3kja,amikor engem \u00f6lel \u00e1t!<br \/>\nA szeme k\u00e9k mint a tenger,<br \/>\na haja olyan mint a napsug\u00e1r,<br \/>\n\u00e9des az \u0151 cs\u00f3kja,amikor engem \u00f6lel \u00e1t.<\/p>\n<p>A szeme k\u00e9k mint a tenger,<br \/>\na haja olyan mint a napsug\u00e1r,<br \/>\n\u00e9des az \u0150 cs\u00f3kja,amikor engem \u00f6lel \u00e1t!<br \/>\nA szeme k\u00e9k mint a tenger,<br \/>\na haja olyan mint a napsug\u00e1r,<br \/>\n\u00e9des az \u0151 cs\u00f3kja,amikor engem \u00f6lel \u00e1t.<br \/>\nEngem \u00f6lel \u00e1t.<br \/>\n&#8212;V\u00e9ge&#8212;<\/p>\n","protected":false},"featured_media":9301,"template":"","meta":{"site-sidebar-layout":"default","site-content-layout":"default","ast-site-content-layout":"default","site-content-style":"default","site-sidebar-style":"default","ast-global-header-display":"","ast-banner-title-visibility":"","ast-main-header-display":"","ast-hfb-above-header-display":"","ast-hfb-below-header-display":"","ast-hfb-mobile-header-display":"","site-post-title":"","ast-breadcrumbs-content":"","ast-featured-img":"","footer-sml-layout":"","theme-transparent-header-meta":"default","adv-header-id-meta":"","stick-header-meta":"","header-above-stick-meta":"","header-main-stick-meta":"","header-below-stick-meta":"","astra-migrate-meta-layouts":"set","ast-page-background-enabled":"default","ast-page-background-meta":{"desktop":{"background-color":"var(--ast-global-color-4)","background-image":"","background-repeat":"repeat","background-position":"center center","background-size":"auto","background-attachment":"scroll","background-type":"","background-media":"","overlay-type":"","overlay-color":"","overlay-opacity":"","overlay-gradient":""},"tablet":{"background-color":"","background-image":"","background-repeat":"repeat","background-position":"center center","background-size":"auto","background-attachment":"scroll","background-type":"","background-media":"","overlay-type":"","overlay-color":"","overlay-opacity":"","overlay-gradient":""},"mobile":{"background-color":"","background-image":"","background-repeat":"repeat","background-position":"center center","background-size":"auto","background-attachment":"scroll","background-type":"","background-media":"","overlay-type":"","overlay-color":"","overlay-opacity":"","overlay-gradient":""}},"ast-content-background-meta":{"desktop":{"background-color":"var(--ast-global-color-5)","background-image":"","background-repeat":"repeat","background-position":"center center","background-size":"auto","background-attachment":"scroll","background-type":"","background-media":"","overlay-type":"","overlay-color":"","overlay-opacity":"","overlay-gradient":""},"tablet":{"background-color":"var(--ast-global-color-5)","background-image":"","background-repeat":"repeat","background-position":"center center","background-size":"auto","background-attachment":"scroll","background-type":"","background-media":"","overlay-type":"","overlay-color":"","overlay-opacity":"","overlay-gradient":""},"mobile":{"background-color":"var(--ast-global-color-5)","background-image":"","background-repeat":"repeat","background-position":"center center","background-size":"auto","background-attachment":"scroll","background-type":"","background-media":"","overlay-type":"","overlay-color":"","overlay-opacity":"","overlay-gradient":""}}},"product_cat":[55],"product_tag":[],"class_list":["post-4353","product","type-product","status-publish","has-post-thumbnail","hentry","product_cat-sihell-ferry","desktop-align-left","tablet-align-left","mobile-align-left"],"_links":{"self":[{"href":"https:\/\/www.sunkaraoke.hu\/index.php\/wp-json\/wp\/v2\/product\/4353","targetHints":{"allow":["GET"]}}],"collection":[{"href":"https:\/\/www.sunkaraoke.hu\/index.php\/wp-json\/wp\/v2\/product"}],"about":[{"href":"https:\/\/www.sunkaraoke.hu\/index.php\/wp-json\/wp\/v2\/types\/product"}],"wp:featuredmedia":[{"embeddable":true,"href":"https:\/\/www.sunkaraoke.hu\/index.php\/wp-json\/wp\/v2\/media\/9301"}],"wp:attachment":[{"href":"https:\/\/www.sunkaraoke.hu\/index.php\/wp-json\/wp\/v2\/media?parent=4353"}],"wp:term":[{"taxonomy":"product_cat","embeddable":true,"href":"https:\/\/www.sunkaraoke.hu\/index.php\/wp-json\/wp\/v2\/product_cat?post=4353"},{"taxonomy":"product_tag","embeddable":true,"href":"https:\/\/www.sunkaraoke.hu\/index.php\/wp-json\/wp\/v2\/product_tag?post=4353"}],"curies":[{"name":"wp","href":"https:\/\/api.w.org\/{rel}","templated":true}]}}