{"id":4352,"date":"2022-08-08T20:47:29","date_gmt":"2022-08-08T20:47:29","guid":{"rendered":"https:\/\/www.sunkaraoke.hu\/index.php\/termek\/sihell-ferry-az-elet-gyonyoru-szep\/"},"modified":"2025-04-04T13:00:00","modified_gmt":"2025-04-04T13:00:00","slug":"sihell-ferry-az-elet-gyonyoru-szep","status":"publish","type":"product","link":"https:\/\/www.sunkaraoke.hu\/index.php\/termek\/sihell-ferry-az-elet-gyonyoru-szep\/","title":{"rendered":"<div class=\"wcmp-player-container product-4352\"><audio controlslist=\"nodownload\" data-product=\"4352\"  volume=\"1\"  preload=\"none\" data-lazyloading=\"none\" class=\"wcmp-player track mejs-classic\" data-duration=\"0:32\" data-estimated_duration=\"4\"><source src=\"https:\/\/www.sunkaraoke.hu\/wp-content\/uploads\/2022\/08\/Az-elet-gyonyoru-szep-Sdemoooo.mp3\" type=\"audio\/mp3\" \/><\/audio><\/div>Sihell Ferry &#8211; Az \u00e9let gy\u00f6ny\u00f6r\u0171 sz\u00e9p (Original)"},"content":{"rendered":"<p><strong>03:03<\/strong> | <strong><img loading=\"lazy\" decoding=\"async\" class=\"alignnone size-full wp-image-466\" src=\"https:\/\/www.sunkaraoke.hu\/wp-content\/uploads\/2022\/07\/choir_1-copy.webp\" alt=\"\" width=\"30\" height=\"30\" \/> <\/strong><\/p>\n","protected":false},"excerpt":{"rendered":"<h6><strong>Bits\u0171r\u0171s\u00e9g: 320<\/strong>kb\/s<strong><br \/>\n<\/strong><strong>Hossz: <\/strong>03:03<strong><br \/>\n<\/strong><strong style=\"font-size: 16px;\">Vok\u00e1lt tartalmaz: <\/strong>Igen <img loading=\"lazy\" decoding=\"async\" class=\"alignnone size-full wp-image-466\" src=\"http:\/\/www.sunkaraoke.hu\/wp-content\/uploads\/2022\/07\/choir_1-copy.png\" alt=\"\" width=\"30\" height=\"30\" \/><strong style=\"font-size: 16px;\"><br \/>\n<\/strong><\/h6>\n<p>Sunkaraoke mp3 st\u00fadi\u00f3 \/ www.sunkaraoke.hu \/ Inf: Tel: 06 20 4275001<\/p>\n<p>&#8212;Intr\u00f3&#8212;<br \/>\nR\u00f3zsa szirmokb\u00f3l \u00e9p\u00edten\u00e9k palot\u00e1t,<br \/>\nsz\u00ednes sziv\u00e1rv\u00e1nnyal d\u00edsz\u00edten\u00e9m udvar\u00e1t.<br \/>\nAz \u00e9des napsug\u00e1r, ontja r\u00e1m a sugar\u00e1t,<br \/>\n\u00e9s a sz\u00edvemnek, halkan muzsik\u00e1l.<\/p>\n<p>\u00c9s azt dalolja, hogy az \u00e9let gy\u00f6ny\u00f6r\u0171 sz\u00e9p,<br \/>\na boldogs\u00e1g minden p\u00e9nzt meg\u00e9r.<br \/>\nEg\u00e9szs\u00e9get, szerencs\u00e9t, j\u00f3kedvet, sok nevet\u00e9st,<br \/>\nezt k\u00e9rem \u00e9n, ezt k\u00e9rem \u00e9n.<br \/>\nEg\u00e9szs\u00e9get, szerencs\u00e9t, j\u00f3kedvet, sok nevet\u00e9st,<br \/>\nezt k\u00e9rem \u00e9n, ezt k\u00e9rem \u00e9n.<br \/>\n&#8212;Sz\u00f3l\u00f3&#8212;<br \/>\nFriss harmatb\u00f3l, \u00e9p\u00edten\u00e9k palot\u00e1t,<br \/>\nd\u00e9lib\u00e1bbal, d\u00edsz\u00edten\u00e9m udvar\u00e1t.<br \/>\nA sok csillag \u00e9des f\u00e9ny\u00e9t ontja r\u00e1,<br \/>\n\u00e9s a sz\u00e9l benne, halkan muzsik\u00e1l.<\/p>\n<p>\u00c9s azt dalolja, hogy az \u00e9let gy\u00f6ny\u00f6r\u0171 sz\u00e9p,<br \/>\na boldogs\u00e1g minden p\u00e9nzt meg\u00e9r.<br \/>\nEg\u00e9szs\u00e9get, szerencs\u00e9t, j\u00f3kedvet, sok nevet\u00e9st,<br \/>\nezt k\u00e9rem \u00e9n, ezt k\u00e9rem \u00e9n.<br \/>\nEg\u00e9szs\u00e9get, szerencs\u00e9t, j\u00f3kedvet, sok nevet\u00e9st,<br \/>\nezt k\u00e9rem \u00e9n, ezt k\u00e9rem \u00e9n.<br \/>\n&#8212;Sz\u00f3l\u00f3&#8212;<br \/>\n\u00c9s azt dalolja, hogy az \u00e9let gy\u00f6ny\u00f6r\u0171 sz\u00e9p,<br \/>\na boldogs\u00e1g minden p\u00e9nzt meg\u00e9r.<br \/>\nEg\u00e9szs\u00e9get, szerencs\u00e9t, j\u00f3kedvet, sok nevet\u00e9st,<br \/>\nezt k\u00e9rem \u00e9n, ezt k\u00e9rem \u00e9n.<br \/>\nEg\u00e9szs\u00e9get, szerencs\u00e9t, j\u00f3kedvet, sok nevet\u00e9st,<br \/>\nezt k\u00e9rem \u00e9n, ezt k\u00e9rem \u00e9n.<br \/>\nEzt k\u00e9rem \u00e9n.<br \/>\n&#8212;V\u00e9ge&#8212;<\/p>\n","protected":false},"featured_media":9301,"template":"","meta":{"site-sidebar-layout":"default","site-content-layout":"default","ast-site-content-layout":"default","site-content-style":"default","site-sidebar-style":"default","ast-global-header-display":"","ast-banner-title-visibility":"","ast-main-header-display":"","ast-hfb-above-header-display":"","ast-hfb-below-header-display":"","ast-hfb-mobile-header-display":"","site-post-title":"","ast-breadcrumbs-content":"","ast-featured-img":"","footer-sml-layout":"","theme-transparent-header-meta":"default","adv-header-id-meta":"","stick-header-meta":"","header-above-stick-meta":"","header-main-stick-meta":"","header-below-stick-meta":"","astra-migrate-meta-layouts":"set","ast-page-background-enabled":"default","ast-page-background-meta":{"desktop":{"background-color":"var(--ast-global-color-4)","background-image":"","background-repeat":"repeat","background-position":"center center","background-size":"auto","background-attachment":"scroll","background-type":"","background-media":"","overlay-type":"","overlay-color":"","overlay-opacity":"","overlay-gradient":""},"tablet":{"background-color":"","background-image":"","background-repeat":"repeat","background-position":"center center","background-size":"auto","background-attachment":"scroll","background-type":"","background-media":"","overlay-type":"","overlay-color":"","overlay-opacity":"","overlay-gradient":""},"mobile":{"background-color":"","background-image":"","background-repeat":"repeat","background-position":"center center","background-size":"auto","background-attachment":"scroll","background-type":"","background-media":"","overlay-type":"","overlay-color":"","overlay-opacity":"","overlay-gradient":""}},"ast-content-background-meta":{"desktop":{"background-color":"var(--ast-global-color-5)","background-image":"","background-repeat":"repeat","background-position":"center center","background-size":"auto","background-attachment":"scroll","background-type":"","background-media":"","overlay-type":"","overlay-color":"","overlay-opacity":"","overlay-gradient":""},"tablet":{"background-color":"var(--ast-global-color-5)","background-image":"","background-repeat":"repeat","background-position":"center center","background-size":"auto","background-attachment":"scroll","background-type":"","background-media":"","overlay-type":"","overlay-color":"","overlay-opacity":"","overlay-gradient":""},"mobile":{"background-color":"var(--ast-global-color-5)","background-image":"","background-repeat":"repeat","background-position":"center center","background-size":"auto","background-attachment":"scroll","background-type":"","background-media":"","overlay-type":"","overlay-color":"","overlay-opacity":"","overlay-gradient":""}}},"product_cat":[55],"product_tag":[],"class_list":["post-4352","product","type-product","status-publish","has-post-thumbnail","hentry","product_cat-sihell-ferry","desktop-align-left","tablet-align-left","mobile-align-left"],"_links":{"self":[{"href":"https:\/\/www.sunkaraoke.hu\/index.php\/wp-json\/wp\/v2\/product\/4352","targetHints":{"allow":["GET"]}}],"collection":[{"href":"https:\/\/www.sunkaraoke.hu\/index.php\/wp-json\/wp\/v2\/product"}],"about":[{"href":"https:\/\/www.sunkaraoke.hu\/index.php\/wp-json\/wp\/v2\/types\/product"}],"wp:featuredmedia":[{"embeddable":true,"href":"https:\/\/www.sunkaraoke.hu\/index.php\/wp-json\/wp\/v2\/media\/9301"}],"wp:attachment":[{"href":"https:\/\/www.sunkaraoke.hu\/index.php\/wp-json\/wp\/v2\/media?parent=4352"}],"wp:term":[{"taxonomy":"product_cat","embeddable":true,"href":"https:\/\/www.sunkaraoke.hu\/index.php\/wp-json\/wp\/v2\/product_cat?post=4352"},{"taxonomy":"product_tag","embeddable":true,"href":"https:\/\/www.sunkaraoke.hu\/index.php\/wp-json\/wp\/v2\/product_tag?post=4352"}],"curies":[{"name":"wp","href":"https:\/\/api.w.org\/{rel}","templated":true}]}}