{"id":4349,"date":"2022-08-08T20:47:28","date_gmt":"2022-08-08T20:47:28","guid":{"rendered":"https:\/\/www.sunkaraoke.hu\/index.php\/termek\/henna-velencei-alom\/"},"modified":"2025-04-04T10:36:17","modified_gmt":"2025-04-04T10:36:17","slug":"henna-velencei-alom","status":"publish","type":"product","link":"https:\/\/www.sunkaraoke.hu\/index.php\/termek\/henna-velencei-alom\/","title":{"rendered":"<div class=\"wcmp-player-container product-4349\"><audio controlslist=\"nodownload\" data-product=\"4349\"  volume=\"1\"  preload=\"none\" data-lazyloading=\"none\" class=\"wcmp-player track mejs-classic\" data-duration=\"0:32\" data-estimated_duration=\"4\"><source src=\"https:\/\/www.sunkaraoke.hu\/wp-content\/uploads\/2022\/08\/Velencei-alom-voc-Ferrydemoo.mp3\" type=\"audio\/mp3\" \/><\/audio><\/div>Henna &#8211; Velencei \u00e1lom (Original)"},"content":{"rendered":"<p><strong>03:38<\/strong> | <strong><img loading=\"lazy\" decoding=\"async\" class=\"alignnone size-full wp-image-466\" src=\"https:\/\/www.sunkaraoke.hu\/wp-content\/uploads\/2022\/07\/choir_1-copy.webp\" alt=\"\" width=\"30\" height=\"30\" \/> <\/strong><\/p>\n","protected":false},"excerpt":{"rendered":"<h6><strong>Bits\u0171r\u0171s\u00e9g: 320<\/strong>kb\/s<strong><br \/>\n<\/strong><strong>Hossz: <\/strong>03:38<strong><br \/>\n<\/strong><strong style=\"font-size: 16px;\">Vok\u00e1lt tartalmaz: <\/strong>Igen <img loading=\"lazy\" decoding=\"async\" class=\"alignnone size-full wp-image-466\" src=\"http:\/\/www.sunkaraoke.hu\/wp-content\/uploads\/2022\/07\/choir_1-copy.png\" alt=\"\" width=\"30\" height=\"30\" \/><strong style=\"font-size: 16px;\"><br \/>\n<\/strong><\/h6>\n<p>Sunkaraoke mp3 st\u00fadi\u00f3 \/ www.sunkaraoke.hu \/ Inf: Tel: 06 20 4275001<\/p>\n<p>&#8212;Intr\u00f3&#8212;<br \/>\nEgy velencei \u00e1lom,<br \/>\na sz\u00edvemet kit\u00e1rom,<br \/>\nelringat a gondola,<br \/>\nde te vagy minden gondolat.<br \/>\nEgy velencei \u00e1lom,<br \/>\n\u00e9n mindig oda v\u00e1gyom,<br \/>\nhol elringat a gondola,<br \/>\n\u00e9s te vagy minden gondolat!<\/p>\n<p>A lag\u00fan\u00e1k k\u00f6zt \u00e1rv\u00e1n ringat a sz\u00e9l,<br \/>\na tenger selymes habja a kezemhez \u00e9r.<br \/>\nMesszir\u0151l harangsz\u00f3 \u00fagy rohan fel\u00e9m,<br \/>\n\u0151 is mindig csak r\u00f3lad mes\u00e9l.<\/p>\n<p>Egy velencei \u00e1lom,<br \/>\na sz\u00edvemet kit\u00e1rom,<br \/>\nelringat a gondola,<br \/>\nde te vagy minden gondolat.<br \/>\nEgy velencei \u00e1lom,<br \/>\n\u00e9n mindig oda v\u00e1gyom,<br \/>\nhol elringat a gondola,<br \/>\n\u00e9s te vagy minden gondolat!<br \/>\n&#8212;Sz\u00f3l\u00f3&#8212;<br \/>\nA sz\u0171k utc\u00e1kat j\u00e1rom egyed\u00fcl \u00e9n,<br \/>\nmag\u00e1nyos a sz\u00edvem, a hitem kev\u00e9s.<br \/>\nNem hiszem, hogy \u00fajra \u00f6lellek m\u00e9g,<br \/>\nszerelmet k\u00e9r a sz\u00edvem, de \u00e9rezni f\u00e9l.<\/p>\n<p>Egy velencei \u00e1lom,<br \/>\na sz\u00edvemet kit\u00e1rom,<br \/>\nelringat a gondola,<br \/>\nde te vagy minden gondolat.<br \/>\nEgy velencei \u00e1lom,<br \/>\n\u00e9n mindig oda v\u00e1gyom,<br \/>\nhol elringat a gondola,<br \/>\n\u00e9s te vagy minden gondolat!<br \/>\nEgy velencei \u00e1lom,<br \/>\na sz\u00edvemet kit\u00e1rom,<br \/>\nelringat a gondola,<br \/>\nde te vagy minden gondolat.<br \/>\nEgy velencei \u00e1lom,<br \/>\n\u00e9n mindig oda v\u00e1gyom,<br \/>\nhol elringat a gondola,<br \/>\n\u00e9s te vagy minden gondolat!<br \/>\nEgy velencei \u00e1lom!<br \/>\n&#8212;V\u00e9ge&#8212;<\/p>\n","protected":false},"featured_media":9303,"template":"","meta":{"site-sidebar-layout":"default","site-content-layout":"default","ast-site-content-layout":"default","site-content-style":"default","site-sidebar-style":"default","ast-global-header-display":"","ast-banner-title-visibility":"","ast-main-header-display":"","ast-hfb-above-header-display":"","ast-hfb-below-header-display":"","ast-hfb-mobile-header-display":"","site-post-title":"","ast-breadcrumbs-content":"","ast-featured-img":"","footer-sml-layout":"","theme-transparent-header-meta":"default","adv-header-id-meta":"","stick-header-meta":"","header-above-stick-meta":"","header-main-stick-meta":"","header-below-stick-meta":"","astra-migrate-meta-layouts":"set","ast-page-background-enabled":"default","ast-page-background-meta":{"desktop":{"background-color":"var(--ast-global-color-4)","background-image":"","background-repeat":"repeat","background-position":"center center","background-size":"auto","background-attachment":"scroll","background-type":"","background-media":"","overlay-type":"","overlay-color":"","overlay-opacity":"","overlay-gradient":""},"tablet":{"background-color":"","background-image":"","background-repeat":"repeat","background-position":"center center","background-size":"auto","background-attachment":"scroll","background-type":"","background-media":"","overlay-type":"","overlay-color":"","overlay-opacity":"","overlay-gradient":""},"mobile":{"background-color":"","background-image":"","background-repeat":"repeat","background-position":"center center","background-size":"auto","background-attachment":"scroll","background-type":"","background-media":"","overlay-type":"","overlay-color":"","overlay-opacity":"","overlay-gradient":""}},"ast-content-background-meta":{"desktop":{"background-color":"var(--ast-global-color-5)","background-image":"","background-repeat":"repeat","background-position":"center center","background-size":"auto","background-attachment":"scroll","background-type":"","background-media":"","overlay-type":"","overlay-color":"","overlay-opacity":"","overlay-gradient":""},"tablet":{"background-color":"var(--ast-global-color-5)","background-image":"","background-repeat":"repeat","background-position":"center center","background-size":"auto","background-attachment":"scroll","background-type":"","background-media":"","overlay-type":"","overlay-color":"","overlay-opacity":"","overlay-gradient":""},"mobile":{"background-color":"var(--ast-global-color-5)","background-image":"","background-repeat":"repeat","background-position":"center center","background-size":"auto","background-attachment":"scroll","background-type":"","background-media":"","overlay-type":"","overlay-color":"","overlay-opacity":"","overlay-gradient":""}}},"product_cat":[55],"product_tag":[],"class_list":["post-4349","product","type-product","status-publish","has-post-thumbnail","hentry","product_cat-sihell-ferry","desktop-align-left","tablet-align-left","mobile-align-left"],"_links":{"self":[{"href":"https:\/\/www.sunkaraoke.hu\/index.php\/wp-json\/wp\/v2\/product\/4349","targetHints":{"allow":["GET"]}}],"collection":[{"href":"https:\/\/www.sunkaraoke.hu\/index.php\/wp-json\/wp\/v2\/product"}],"about":[{"href":"https:\/\/www.sunkaraoke.hu\/index.php\/wp-json\/wp\/v2\/types\/product"}],"wp:featuredmedia":[{"embeddable":true,"href":"https:\/\/www.sunkaraoke.hu\/index.php\/wp-json\/wp\/v2\/media\/9303"}],"wp:attachment":[{"href":"https:\/\/www.sunkaraoke.hu\/index.php\/wp-json\/wp\/v2\/media?parent=4349"}],"wp:term":[{"taxonomy":"product_cat","embeddable":true,"href":"https:\/\/www.sunkaraoke.hu\/index.php\/wp-json\/wp\/v2\/product_cat?post=4349"},{"taxonomy":"product_tag","embeddable":true,"href":"https:\/\/www.sunkaraoke.hu\/index.php\/wp-json\/wp\/v2\/product_tag?post=4349"}],"curies":[{"name":"wp","href":"https:\/\/api.w.org\/{rel}","templated":true}]}}