{"id":4347,"date":"2022-08-08T20:47:28","date_gmt":"2022-08-08T20:47:28","guid":{"rendered":"https:\/\/www.sunkaraoke.hu\/index.php\/termek\/henna-elveszi-az-eszemet\/"},"modified":"2025-04-04T10:41:52","modified_gmt":"2025-04-04T10:41:52","slug":"henna-elveszi-az-eszemet","status":"publish","type":"product","link":"https:\/\/www.sunkaraoke.hu\/index.php\/termek\/henna-elveszi-az-eszemet\/","title":{"rendered":"<div class=\"wcmp-player-container product-4347\"><audio controlslist=\"nodownload\" data-product=\"4347\"  volume=\"1\"  preload=\"none\" data-lazyloading=\"none\" class=\"wcmp-player track mejs-classic\" data-duration=\"0:31\" data-estimated_duration=\"4\"><source src=\"https:\/\/www.sunkaraoke.hu\/wp-content\/uploads\/2022\/08\/Elveszi-az-eszemet-voc-Ferry-kdemoo.mp3\" type=\"audio\/mp3\" \/><\/audio><\/div>Henna &#8211; Elveszi az eszemet (Original)"},"content":{"rendered":"<p><strong>03:59<\/strong> | <strong><img loading=\"lazy\" decoding=\"async\" class=\"alignnone size-full wp-image-466\" src=\"https:\/\/www.sunkaraoke.hu\/wp-content\/uploads\/2022\/07\/choir_1-copy.webp\" alt=\"\" width=\"30\" height=\"30\" \/> <\/strong><\/p>\n","protected":false},"excerpt":{"rendered":"<h6><strong>Bits\u0171r\u0171s\u00e9g: 320<\/strong>kb\/s<strong><br \/>\n<\/strong><strong>Hossz: <\/strong>03:59<strong><br \/>\n<\/strong><strong style=\"font-size: 16px;\">Vok\u00e1lt tartalmaz: <\/strong>Igen <img loading=\"lazy\" decoding=\"async\" class=\"alignnone size-full wp-image-466\" src=\"http:\/\/www.sunkaraoke.hu\/wp-content\/uploads\/2022\/07\/choir_1-copy.png\" alt=\"\" width=\"30\" height=\"30\" \/><strong style=\"font-size: 16px;\"><br \/>\n<\/strong><\/h6>\n<p>Sunkaraoke mp3 st\u00fadi\u00f3 \/ www.sunkaraoke.hu \/ Inf: Tel: 06 20 4275001<\/p>\n<p>&#8212;Intr\u00f3&#8212;<br \/>\nEgy k\u00e9t ital elveszi az eszemet,<br \/>\nde ann\u00e1l jobban dobogtatja sz\u00edvemet,<br \/>\nha r\u00e1d gondolok haragudni nem tudok,<br \/>\nmert voltak sz\u00e9p napok.<br \/>\nKicsit rafin\u00e1lt, a sz\u00edvem ez nem vit\u00e1s,<br \/>\ntudja j\u00f3l, hogy n\u00e9lk\u00fcle d\u00f6nteni k\u00e1r,<br \/>\n\u00fagyis az lesz amit \u0150 akar majd,<br \/>\nakkor is ha f\u00e1j majd, ha baj van!<br \/>\nEgy k\u00e9t ital elveszi az eszemet,<br \/>\nde ann\u00e1l jobban dobogtatja sz\u00edvemet,<br \/>\nha r\u00e1d gondolok haragudni nem tudok,<br \/>\nmert voltak sz\u00e9p napok.<br \/>\nKicsit rafin\u00e1lt, a sz\u00edvem ez nem vit\u00e1s,<br \/>\ntudja j\u00f3l, hogy n\u00e9lk\u00fcle d\u00f6nteni k\u00e1r,<br \/>\n\u00fagyis az lesz amit \u0150 akar majd,<br \/>\nakkor is ha f\u00e1j majd, ha baj van!<\/p>\n<p>Ez a party m\u00e9g az eny\u00e9m,<br \/>\ngyere t\u00e1ncolj m\u00e9g kicsik\u00e9m.<br \/>\nGyere l\u00f6kd nekem a dum\u00e1t,<br \/>\nlehet a sz\u00edvem hallgat r\u00e1d.<br \/>\nKicsit sz\u00e9d\u00edts m\u00e9g kicsik\u00e9m,<br \/>\nlehet hogy elhiszem a mes\u00e9t.<br \/>\nOdakint fullos verda \u00e1ll,<br \/>\nde itt m\u00e9g r\u00e1m ma buli v\u00e1r.<\/p>\n<p>Egy k\u00e9t ital elveszi az eszemet,<br \/>\nde ann\u00e1l jobban dobogtatja sz\u00edvemet,<br \/>\nha r\u00e1d gondolok haragudni nem tudok,<br \/>\nmert voltak sz\u00e9p napok.<br \/>\nKicsit rafin\u00e1lt, a sz\u00edvem ez nem vit\u00e1s,<br \/>\ntudja j\u00f3l, hogy n\u00e9lk\u00fcle d\u00f6nteni k\u00e1r,<br \/>\n\u00fagyis az lesz amit \u0150 akar majd,<br \/>\nakkor is ha f\u00e1j majd, ha baj van!<br \/>\nEgy k\u00e9t ital elveszi az eszemet,<br \/>\nde ann\u00e1l jobban dobogtatja sz\u00edvemet,<br \/>\nha r\u00e1d gondolok haragudni nem tudok,<br \/>\nmert voltak sz\u00e9p napok.<br \/>\nKicsit rafin\u00e1lt, a sz\u00edvem ez nem vit\u00e1s,<br \/>\ntudja j\u00f3l, hogy n\u00e9lk\u00fcle d\u00f6nteni k\u00e1r,<br \/>\n\u00fagyis az lesz amit, \u0150 akar majd,<br \/>\nakkor is ha f\u00e1j, majd, ha baj van!<\/p>\n<p>Ez a party m\u00e9g az eny\u00e9m,<br \/>\nha csak mosolyogsz az is el\u00e9g.<br \/>\nHad legyek \u00e9n az a kir\u00e1lyl\u00e1ny,<br \/>\naki\u00e9rt n\u00e9ha k\u00fczdeni f\u00e1j.<br \/>\nKicsit sz\u00e9d\u00edts m\u00e9g kicsik\u00e9m,<br \/>\nharcolj a sz\u00edvem\u00e9rt.<br \/>\nK\u00fczdj \u00e9s b\u00edzva b\u00edzz,<br \/>\n\u00e9s halld, hogy a sz\u00edvem h\u00edv.<\/p>\n<p>Egy k\u00e9t ital elveszi az eszemet,<br \/>\nde ann\u00e1l jobban dobogtatja sz\u00edvemet,<br \/>\nha r\u00e1d gondolok haragudni nem tudok,<br \/>\nmert voltak sz\u00e9p napok.<br \/>\nKicsit rafin\u00e1lt, a sz\u00edvem ez nem vit\u00e1s,<br \/>\ntudja j\u00f3l, hogy n\u00e9lk\u00fcle d\u00f6nteni k\u00e1r,<br \/>\n\u00fagyis az lesz amit \u0150 akar majd,<br \/>\nakkor is ha f\u00e1j majd, ha baj van!<br \/>\nEgy k\u00e9t ital elveszi az eszemet,<br \/>\nde ann\u00e1l jobban dobogtatja sz\u00edvemet,<br \/>\nha r\u00e1d gondolok haragudni nem tudok,<br \/>\nmert voltak sz\u00e9p napok.<br \/>\nKicsit rafin\u00e1lt, a sz\u00edvem ez nem vit\u00e1s,<br \/>\ntudja j\u00f3l, hogy n\u00e9lk\u00fcle d\u00f6nteni k\u00e1r,<br \/>\n\u00fagyis az lesz amit \u0150 akar majd,<br \/>\nakkor is ha f\u00e1j majd, ha baj van!<br \/>\nAkkor is ha f\u00e1j majd, ha baj van!<br \/>\n&#8212;V\u00e9ge&#8212;<\/p>\n","protected":false},"featured_media":9303,"template":"","meta":{"site-sidebar-layout":"default","site-content-layout":"default","ast-site-content-layout":"default","site-content-style":"default","site-sidebar-style":"default","ast-global-header-display":"","ast-banner-title-visibility":"","ast-main-header-display":"","ast-hfb-above-header-display":"","ast-hfb-below-header-display":"","ast-hfb-mobile-header-display":"","site-post-title":"","ast-breadcrumbs-content":"","ast-featured-img":"","footer-sml-layout":"","theme-transparent-header-meta":"default","adv-header-id-meta":"","stick-header-meta":"","header-above-stick-meta":"","header-main-stick-meta":"","header-below-stick-meta":"","astra-migrate-meta-layouts":"set","ast-page-background-enabled":"default","ast-page-background-meta":{"desktop":{"background-color":"var(--ast-global-color-4)","background-image":"","background-repeat":"repeat","background-position":"center center","background-size":"auto","background-attachment":"scroll","background-type":"","background-media":"","overlay-type":"","overlay-color":"","overlay-opacity":"","overlay-gradient":""},"tablet":{"background-color":"","background-image":"","background-repeat":"repeat","background-position":"center center","background-size":"auto","background-attachment":"scroll","background-type":"","background-media":"","overlay-type":"","overlay-color":"","overlay-opacity":"","overlay-gradient":""},"mobile":{"background-color":"","background-image":"","background-repeat":"repeat","background-position":"center center","background-size":"auto","background-attachment":"scroll","background-type":"","background-media":"","overlay-type":"","overlay-color":"","overlay-opacity":"","overlay-gradient":""}},"ast-content-background-meta":{"desktop":{"background-color":"var(--ast-global-color-5)","background-image":"","background-repeat":"repeat","background-position":"center center","background-size":"auto","background-attachment":"scroll","background-type":"","background-media":"","overlay-type":"","overlay-color":"","overlay-opacity":"","overlay-gradient":""},"tablet":{"background-color":"var(--ast-global-color-5)","background-image":"","background-repeat":"repeat","background-position":"center center","background-size":"auto","background-attachment":"scroll","background-type":"","background-media":"","overlay-type":"","overlay-color":"","overlay-opacity":"","overlay-gradient":""},"mobile":{"background-color":"var(--ast-global-color-5)","background-image":"","background-repeat":"repeat","background-position":"center center","background-size":"auto","background-attachment":"scroll","background-type":"","background-media":"","overlay-type":"","overlay-color":"","overlay-opacity":"","overlay-gradient":""}}},"product_cat":[55],"product_tag":[],"class_list":["post-4347","product","type-product","status-publish","has-post-thumbnail","hentry","product_cat-sihell-ferry","desktop-align-left","tablet-align-left","mobile-align-left"],"_links":{"self":[{"href":"https:\/\/www.sunkaraoke.hu\/index.php\/wp-json\/wp\/v2\/product\/4347","targetHints":{"allow":["GET"]}}],"collection":[{"href":"https:\/\/www.sunkaraoke.hu\/index.php\/wp-json\/wp\/v2\/product"}],"about":[{"href":"https:\/\/www.sunkaraoke.hu\/index.php\/wp-json\/wp\/v2\/types\/product"}],"wp:featuredmedia":[{"embeddable":true,"href":"https:\/\/www.sunkaraoke.hu\/index.php\/wp-json\/wp\/v2\/media\/9303"}],"wp:attachment":[{"href":"https:\/\/www.sunkaraoke.hu\/index.php\/wp-json\/wp\/v2\/media?parent=4347"}],"wp:term":[{"taxonomy":"product_cat","embeddable":true,"href":"https:\/\/www.sunkaraoke.hu\/index.php\/wp-json\/wp\/v2\/product_cat?post=4347"},{"taxonomy":"product_tag","embeddable":true,"href":"https:\/\/www.sunkaraoke.hu\/index.php\/wp-json\/wp\/v2\/product_tag?post=4347"}],"curies":[{"name":"wp","href":"https:\/\/api.w.org\/{rel}","templated":true}]}}