{"id":4346,"date":"2022-08-08T20:47:28","date_gmt":"2022-08-08T20:47:28","guid":{"rendered":"https:\/\/www.sunkaraoke.hu\/index.php\/termek\/henna-dalolj-hegedu\/"},"modified":"2025-04-10T13:04:41","modified_gmt":"2025-04-10T13:04:41","slug":"henna-dalolj-hegedu","status":"publish","type":"product","link":"https:\/\/www.sunkaraoke.hu\/index.php\/termek\/henna-dalolj-hegedu\/","title":{"rendered":"<div class=\"wcmp-player-container product-4346\"><audio controlslist=\"nodownload\" data-product=\"4346\"  volume=\"1\"  preload=\"none\" data-lazyloading=\"none\" class=\"wcmp-player track mejs-classic\" data-duration=\"0:36\" data-estimated_duration=\"4\"><source src=\"https:\/\/www.sunkaraoke.hu\/wp-content\/uploads\/2022\/08\/Dalolj-hegedu-voc-Ferry-demooo.mp3\" type=\"audio\/mp3\" \/><\/audio><\/div>Henna &#8211; Dalolj heged\u0171 (Original)"},"content":{"rendered":"<p><strong>03:30<\/strong> | <strong><img loading=\"lazy\" decoding=\"async\" class=\"alignnone size-full wp-image-466\" src=\"https:\/\/www.sunkaraoke.hu\/wp-content\/uploads\/2022\/07\/choir_1-copy.webp\" alt=\"\" width=\"30\" height=\"30\" \/> <\/strong><\/p>\n","protected":false},"excerpt":{"rendered":"<h6><strong>Bits\u0171r\u0171s\u00e9g: 320<\/strong>kb\/s<strong><br \/>\n<\/strong><strong>Hossz: <\/strong>03:30<strong><br \/>\n<\/strong><strong style=\"font-size: 16px;\">Vok\u00e1lt tartalmaz: <\/strong>Igen <img loading=\"lazy\" decoding=\"async\" class=\"alignnone size-full wp-image-466\" src=\"http:\/\/www.sunkaraoke.hu\/wp-content\/uploads\/2022\/07\/choir_1-copy.png\" alt=\"\" width=\"30\" height=\"30\" \/><strong style=\"font-size: 16px;\"><br \/>\n<\/strong><\/h6>\n<p>Sunkaraoke mp3 st\u00fadi\u00f3 \/ www.sunkaraoke.hu \/ Inf: Tel: 06 20 4275001<\/p>\n<p>&#8212;Intr\u00f3&#8212;<br \/>\nHa meghallom a hangj\u00e1t,<br \/>\nsz\u00edvembe k\u00f6lt\u00f6zik a boldogs\u00e1g!<br \/>\nMinden percem boldog lesz,<br \/>\nelmulatom a p\u00e9nzem,<br \/>\n\u00e1tmulatom \u00e9n az \u00e9letem.<\/p>\n<p>Ha meghallom a hangj\u00e1t,<br \/>\nel\u0171zi a sz\u00edvem b\u00e1nat\u00e1t.<br \/>\nAzt dalolja, hogy m\u00e1r nem f\u00e1j,<br \/>\nazt dalolja, hogy s\u00edrni k\u00e1r,<br \/>\nm\u00edg a hajnal \u00fajra r\u00e1mtal\u00e1l.<\/p>\n<p>Amikor s\u00edrva dalol velem a heged\u0171,<br \/>\nazt suttogja, azt dalolja,<br \/>\nhogy az \u00e9let gy\u00f6ny\u00f6r\u0171.<br \/>\nAmikor s\u00edrva mulat velem a heged\u0171,<br \/>\nj\u00f3 a kedvem, sz\u00e9p az \u00e9let dalolj heged\u0171.<br \/>\n&#8212;Sz\u00f3l\u00f3&#8212;<\/p>\n<p>Ha meghallom a hangj\u00e1t,<br \/>\nbennem minden \u00e9rz\u00e9s t\u00e1ncot j\u00e1r.<br \/>\nVeled t\u00e1ncol a sz\u00edvem,veled t\u00e1ncol a lelkem,<br \/>\n\u00fagy rohannak, m\u00falnak a percek.<\/p>\n<p>Ha meghallom a hangj\u00e1t,<br \/>\nami \u00e9des mint a legszebb boldogs\u00e1g!<br \/>\n\u00c1t\u00f6lel mint a k\u00f6nny\u0171 sz\u00e9l,<br \/>\nsimogat mint a napsug\u00e1r,<br \/>\nel\u0171zi a sz\u00edvem b\u00e1nat\u00e1t.<\/p>\n<p>Amikor s\u00edrva dalol velem a heged\u0171,<br \/>\nazt suttogja, azt dalolja, hogy az \u00e9let gy\u00f6ny\u00f6r\u0171.<br \/>\nAmikor s\u00edrva mulat, velem a heged\u0171,<br \/>\nj\u00f3 a kedvem, sz\u00e9p az \u00e9let dalolj heged\u0171!<br \/>\n&#8212;Sz\u00f3l\u00f3&#8212;<br \/>\nAmikor s\u00edrva dalol velem a heged\u0171,<br \/>\nazt suttogja, azt dalolja, hogy az \u00e9let gy\u00f6ny\u00f6r\u0171.<br \/>\nAmikor s\u00edrva mulat velem a heged\u0171,<br \/>\nj\u00f3 a kedvem, sz\u00e9p az \u00e9let dalolj heged\u0171.<br \/>\nGyere dalolj heged\u0171!<\/p>\n<p>&#8212;V\u00e9ge&#8212;<\/p>\n","protected":false},"featured_media":9303,"template":"","meta":{"site-sidebar-layout":"default","site-content-layout":"default","ast-site-content-layout":"default","site-content-style":"default","site-sidebar-style":"default","ast-global-header-display":"","ast-banner-title-visibility":"","ast-main-header-display":"","ast-hfb-above-header-display":"","ast-hfb-below-header-display":"","ast-hfb-mobile-header-display":"","site-post-title":"","ast-breadcrumbs-content":"","ast-featured-img":"","footer-sml-layout":"","theme-transparent-header-meta":"default","adv-header-id-meta":"","stick-header-meta":"","header-above-stick-meta":"","header-main-stick-meta":"","header-below-stick-meta":"","astra-migrate-meta-layouts":"set","ast-page-background-enabled":"default","ast-page-background-meta":{"desktop":{"background-color":"var(--ast-global-color-4)","background-image":"","background-repeat":"repeat","background-position":"center center","background-size":"auto","background-attachment":"scroll","background-type":"","background-media":"","overlay-type":"","overlay-color":"","overlay-opacity":"","overlay-gradient":""},"tablet":{"background-color":"","background-image":"","background-repeat":"repeat","background-position":"center center","background-size":"auto","background-attachment":"scroll","background-type":"","background-media":"","overlay-type":"","overlay-color":"","overlay-opacity":"","overlay-gradient":""},"mobile":{"background-color":"","background-image":"","background-repeat":"repeat","background-position":"center center","background-size":"auto","background-attachment":"scroll","background-type":"","background-media":"","overlay-type":"","overlay-color":"","overlay-opacity":"","overlay-gradient":""}},"ast-content-background-meta":{"desktop":{"background-color":"var(--ast-global-color-5)","background-image":"","background-repeat":"repeat","background-position":"center center","background-size":"auto","background-attachment":"scroll","background-type":"","background-media":"","overlay-type":"","overlay-color":"","overlay-opacity":"","overlay-gradient":""},"tablet":{"background-color":"var(--ast-global-color-5)","background-image":"","background-repeat":"repeat","background-position":"center center","background-size":"auto","background-attachment":"scroll","background-type":"","background-media":"","overlay-type":"","overlay-color":"","overlay-opacity":"","overlay-gradient":""},"mobile":{"background-color":"var(--ast-global-color-5)","background-image":"","background-repeat":"repeat","background-position":"center center","background-size":"auto","background-attachment":"scroll","background-type":"","background-media":"","overlay-type":"","overlay-color":"","overlay-opacity":"","overlay-gradient":""}}},"product_cat":[55],"product_tag":[],"class_list":["post-4346","product","type-product","status-publish","has-post-thumbnail","hentry","product_cat-sihell-ferry","desktop-align-left","tablet-align-left","mobile-align-left"],"_links":{"self":[{"href":"https:\/\/www.sunkaraoke.hu\/index.php\/wp-json\/wp\/v2\/product\/4346","targetHints":{"allow":["GET"]}}],"collection":[{"href":"https:\/\/www.sunkaraoke.hu\/index.php\/wp-json\/wp\/v2\/product"}],"about":[{"href":"https:\/\/www.sunkaraoke.hu\/index.php\/wp-json\/wp\/v2\/types\/product"}],"wp:featuredmedia":[{"embeddable":true,"href":"https:\/\/www.sunkaraoke.hu\/index.php\/wp-json\/wp\/v2\/media\/9303"}],"wp:attachment":[{"href":"https:\/\/www.sunkaraoke.hu\/index.php\/wp-json\/wp\/v2\/media?parent=4346"}],"wp:term":[{"taxonomy":"product_cat","embeddable":true,"href":"https:\/\/www.sunkaraoke.hu\/index.php\/wp-json\/wp\/v2\/product_cat?post=4346"},{"taxonomy":"product_tag","embeddable":true,"href":"https:\/\/www.sunkaraoke.hu\/index.php\/wp-json\/wp\/v2\/product_tag?post=4346"}],"curies":[{"name":"wp","href":"https:\/\/api.w.org\/{rel}","templated":true}]}}