{"id":4345,"date":"2022-08-08T20:47:28","date_gmt":"2022-08-08T20:47:28","guid":{"rendered":"https:\/\/www.sunkaraoke.hu\/index.php\/termek\/henna-a-szivemet-nem-adom\/"},"modified":"2026-02-14T15:46:13","modified_gmt":"2026-02-14T13:46:13","slug":"henna-a-szivemet-nem-adom","status":"publish","type":"product","link":"https:\/\/www.sunkaraoke.hu\/index.php\/termek\/henna-a-szivemet-nem-adom\/","title":{"rendered":"<div class=\"wcmp-player-container product-4345\"><audio controlslist=\"nodownload\" data-product=\"4345\"  volume=\"1\"  preload=\"none\" data-lazyloading=\"none\" class=\"wcmp-player track mejs-classic\" data-duration=\"0:33\" data-estimated_duration=\"4\"><source src=\"https:\/\/www.sunkaraoke.hu\/wp-content\/uploads\/2022\/08\/A-szivemet-ne-adom-voc-Ferry-demoo.mp3\" type=\"audio\/mp3\" \/><\/audio><\/div>Henna &#8211; A sz\u00edvemet nem adom (Original)"},"content":{"rendered":"<p><strong>03:30<\/strong> | <strong><img loading=\"lazy\" decoding=\"async\" class=\"alignnone size-full wp-image-466\" src=\"https:\/\/www.sunkaraoke.hu\/wp-content\/uploads\/2022\/07\/choir_1-copy.webp\" alt=\"\" width=\"30\" height=\"30\" \/> <\/strong><\/p>\n","protected":false},"excerpt":{"rendered":"<h6><strong>Bits\u0171r\u0171s\u00e9g: 320<\/strong>kb\/s<strong><br \/>\n<\/strong><strong>Hossz: <\/strong>03:30<strong><br \/>\n<\/strong><strong style=\"font-size: 16px;\">Vok\u00e1lt tartalmaz: <\/strong>Igen <img loading=\"lazy\" decoding=\"async\" class=\"alignnone size-full wp-image-466\" src=\"http:\/\/www.sunkaraoke.hu\/wp-content\/uploads\/2022\/07\/choir_1-copy.png\" alt=\"\" width=\"30\" height=\"30\" \/><strong style=\"font-size: 16px;\"><br \/>\n<\/strong><\/h6>\n<p>Sunkaraoke mp3 st\u00fadi\u00f3 \/ www.sunkaraoke.hu \/ Inf: Tel: 06 20 4275001<\/p>\n<p>&#8212;Intr\u00f3&#8212;<br \/>\nA sok csillag ragyog az \u00e9gen,<br \/>\nazt suttogj\u00e1k m\u00e9g az \u00e9jjel,<br \/>\nelszereti valaki az \u00e9n sz\u00edvem.<br \/>\nMegad minden f\u00f6ldi kincset,<br \/>\n\u0151 lesz aki im\u00e1d engem,<br \/>\nha f\u00e1j a sz\u00edvem mindig \u00e1t\u00f6lel, \u00e1t\u00f6lel.<br \/>\nMegad minden f\u00f6ldi kincset,<br \/>\n\u0151 lesz aki im\u00e1d engem,<br \/>\nha f\u00e1j a sz\u00edvem mindig \u00e1t\u00f6lel, \u00e1t\u00f6lel.<\/p>\n<p>Dr\u00e1ga f\u00e9nyes csillagok,<br \/>\nszeretni m\u00e1st nem tudok,<br \/>\ncsak azt a kis cs\u00f3r\u00f3t,<br \/>\naki t\u00f6bb az \u00e9letn\u00e9l.<br \/>\nDr\u00e1ga f\u00e9nyes csillagok,<br \/>\na sz\u00edvemet nem adom,<br \/>\nnem adom \u00e9n semmi\u00e9rt.<\/p>\n<p>Nem, nem, nem, nincs a f\u00f6ld\u00f6n szebb nekem,<br \/>\nnincs a f\u00f6ld\u00f6n jobb nekem,<br \/>\nnem szeret \u00fagy senki m\u00e1s,ahogy \u0151 engemet.<br \/>\nNem, nem, nem nincsen n\u00e1lam boldogabb,<br \/>\nn\u00e1lam minden vagyona,mert a sz\u00edv\u00e9t adta r\u00e9g.<\/p>\n<p>A sok csillag ragyog az \u00e9gen,<br \/>\nazt hiszik, hogy m\u00e9g az \u00e9jjel,<br \/>\nelszereti valaki az \u00e9n sz\u00edvem.<br \/>\nA k\u00e9t szemem neki ragyok,<br \/>\na cs\u00f3kjaim csak neki adom.<br \/>\nNem dobog m\u00e1r m\u00e1snak a sz\u00edvem, a sz\u00edvem,<br \/>\nmegad minden f\u00f6ldi kincset.<br \/>\n\u0150 lesz aki im\u00e1d engem,<br \/>\nha f\u00e1j a sz\u00edvem mindig \u00e1t\u00f6lel, \u00e1t\u00f6lel.<\/p>\n<p>Dr\u00e1ga f\u00e9nyes csillagok,<br \/>\nszeretni m\u00e1st nem tudok,<br \/>\ncsak azt a kis cs\u00f3r\u00f3t,<br \/>\naki t\u00f6bb az \u00e9letn\u00e9l.<br \/>\nDr\u00e1ga f\u00e9nyes csillagok,<br \/>\na sz\u00edvemet nem adom,<br \/>\nnem adom \u00e9n semmi\u00e9rt.<br \/>\nNem, nem, nem, nincs a f\u00f6ld\u00f6n szebb nekem,<br \/>\nnincs a f\u00f6ld\u00f6n jobb nekem,<br \/>\nnem szeret \u00fagy senki m\u00e1s,ahogy \u0151 engemet.<br \/>\nNem, nem, nem nincsen n\u00e1lam boldogabb,<br \/>\nn\u00e1lam minden vagyona,mert a sz\u00edv\u00e9t adta r\u00e9g.<\/p>\n<p>Dr\u00e1ga f\u00e9nyes csillagok,<br \/>\nszeretni m\u00e1st nem tudok,<br \/>\ncsak azt a kis cs\u00f3r\u00f3t,<br \/>\naki t\u00f6bb az \u00e9letn\u00e9l.<br \/>\nDr\u00e1ga f\u00e9nyes csillagok,<br \/>\na sz\u00edvemet nem adom,<br \/>\nnem adom \u00e9n semmi\u00e9rt.<br \/>\nNem, nem, nem, nincs a f\u00f6ld\u00f6n szebb nekem,<br \/>\nnincs a f\u00f6ld\u00f6n jobb nekem,<br \/>\nnem szeret \u00fagy senki m\u00e1s,ahogy \u0151 engemet.<br \/>\nNem, nem, nem nincsen n\u00e1lam boldogabb,<br \/>\nn\u00e1lam minden vagyona,mert a sz\u00edv\u00e9t adta r\u00e9g.<br \/>\nMert a sz\u00edv\u00e9t adta r\u00e9g.<br \/>\n&#8212;V\u00e9ge&#8212;<\/p>\n","protected":false},"featured_media":9303,"template":"","meta":{"site-sidebar-layout":"default","site-content-layout":"default","ast-site-content-layout":"default","site-content-style":"default","site-sidebar-style":"default","ast-global-header-display":"","ast-banner-title-visibility":"","ast-main-header-display":"","ast-hfb-above-header-display":"","ast-hfb-below-header-display":"","ast-hfb-mobile-header-display":"","site-post-title":"","ast-breadcrumbs-content":"","ast-featured-img":"","footer-sml-layout":"","theme-transparent-header-meta":"default","adv-header-id-meta":"","stick-header-meta":"","header-above-stick-meta":"","header-main-stick-meta":"","header-below-stick-meta":"","astra-migrate-meta-layouts":"set","ast-page-background-enabled":"default","ast-page-background-meta":{"desktop":{"background-color":"var(--ast-global-color-4)","background-image":"","background-repeat":"repeat","background-position":"center center","background-size":"auto","background-attachment":"scroll","background-type":"","background-media":"","overlay-type":"","overlay-color":"","overlay-opacity":"","overlay-gradient":""},"tablet":{"background-color":"","background-image":"","background-repeat":"repeat","background-position":"center center","background-size":"auto","background-attachment":"scroll","background-type":"","background-media":"","overlay-type":"","overlay-color":"","overlay-opacity":"","overlay-gradient":""},"mobile":{"background-color":"","background-image":"","background-repeat":"repeat","background-position":"center center","background-size":"auto","background-attachment":"scroll","background-type":"","background-media":"","overlay-type":"","overlay-color":"","overlay-opacity":"","overlay-gradient":""}},"ast-content-background-meta":{"desktop":{"background-color":"var(--ast-global-color-5)","background-image":"","background-repeat":"repeat","background-position":"center center","background-size":"auto","background-attachment":"scroll","background-type":"","background-media":"","overlay-type":"","overlay-color":"","overlay-opacity":"","overlay-gradient":""},"tablet":{"background-color":"var(--ast-global-color-5)","background-image":"","background-repeat":"repeat","background-position":"center center","background-size":"auto","background-attachment":"scroll","background-type":"","background-media":"","overlay-type":"","overlay-color":"","overlay-opacity":"","overlay-gradient":""},"mobile":{"background-color":"var(--ast-global-color-5)","background-image":"","background-repeat":"repeat","background-position":"center center","background-size":"auto","background-attachment":"scroll","background-type":"","background-media":"","overlay-type":"","overlay-color":"","overlay-opacity":"","overlay-gradient":""}}},"product_cat":[55],"product_tag":[],"class_list":["post-4345","product","type-product","status-publish","has-post-thumbnail","hentry","product_cat-sihell-ferry","desktop-align-left","tablet-align-left","mobile-align-left"],"_links":{"self":[{"href":"https:\/\/www.sunkaraoke.hu\/index.php\/wp-json\/wp\/v2\/product\/4345","targetHints":{"allow":["GET"]}}],"collection":[{"href":"https:\/\/www.sunkaraoke.hu\/index.php\/wp-json\/wp\/v2\/product"}],"about":[{"href":"https:\/\/www.sunkaraoke.hu\/index.php\/wp-json\/wp\/v2\/types\/product"}],"wp:featuredmedia":[{"embeddable":true,"href":"https:\/\/www.sunkaraoke.hu\/index.php\/wp-json\/wp\/v2\/media\/9303"}],"wp:attachment":[{"href":"https:\/\/www.sunkaraoke.hu\/index.php\/wp-json\/wp\/v2\/media?parent=4345"}],"wp:term":[{"taxonomy":"product_cat","embeddable":true,"href":"https:\/\/www.sunkaraoke.hu\/index.php\/wp-json\/wp\/v2\/product_cat?post=4345"},{"taxonomy":"product_tag","embeddable":true,"href":"https:\/\/www.sunkaraoke.hu\/index.php\/wp-json\/wp\/v2\/product_tag?post=4345"}],"curies":[{"name":"wp","href":"https:\/\/api.w.org\/{rel}","templated":true}]}}