{"id":4344,"date":"2022-08-08T20:47:28","date_gmt":"2022-08-08T20:47:28","guid":{"rendered":"https:\/\/www.sunkaraoke.hu\/index.php\/termek\/henna-mindenki-visszakapja-egyszer\/"},"modified":"2025-04-04T12:47:43","modified_gmt":"2025-04-04T12:47:43","slug":"henna-mindenki-visszakapja-egyszer","status":"publish","type":"product","link":"https:\/\/www.sunkaraoke.hu\/index.php\/termek\/henna-mindenki-visszakapja-egyszer\/","title":{"rendered":"<div class=\"wcmp-player-container product-4344\"><audio controlslist=\"nodownload\" data-product=\"4344\"  volume=\"1\"  preload=\"none\" data-lazyloading=\"none\" class=\"wcmp-player track mejs-classic\" data-duration=\"0:34\" data-estimated_duration=\"4\"><source src=\"https:\/\/www.sunkaraoke.hu\/wp-content\/uploads\/2022\/08\/Mindenki-vissza-Ferry-kdemooo.mp3\" type=\"audio\/mp3\" \/><\/audio><\/div>Henna &#8211; Mindenki visszakapja egyszer (Original)"},"content":{"rendered":"<p><strong>03:02<\/strong> | <strong><img loading=\"lazy\" decoding=\"async\" class=\"alignnone size-full wp-image-467\" src=\"https:\/\/www.sunkaraoke.hu\/wp-content\/uploads\/2022\/07\/choir_2-copy.webp\" alt=\"\" width=\"30\" height=\"30\" \/> <\/strong><\/p>\n","protected":false},"excerpt":{"rendered":"<h6><strong>Bits\u0171r\u0171s\u00e9g: 320<\/strong>kb\/s<strong><br \/>\n<\/strong><strong>Hossz: <\/strong>03:02<strong><br \/>\n<\/strong><strong style=\"font-size: 16px;\">Vok\u00e1lt tartalmaz: <\/strong>Nem <img loading=\"lazy\" decoding=\"async\" class=\"alignnone size-full wp-image-467\" src=\"http:\/\/www.sunkaraoke.hu\/wp-content\/uploads\/2022\/07\/choir_2-copy.png\" alt=\"\" width=\"30\" height=\"30\" \/><strong style=\"font-size: 16px;\"><br \/>\n<\/strong><\/h6>\n<p>Sunkaraoke mp3 st\u00fadi\u00f3 \/ www.sunkaraoke.hu \/ Inf: Tel: 06 20 4275001<\/p>\n<p>&#8212;Intr\u00f3&#8212;<br \/>\nMindenki visszakapja egyszer,<br \/>\namit m\u00e1s ellen elk\u00f6vet.<br \/>\nLesz m\u00e9g, hogy gondolkodni kezdesz,<br \/>\nde \u00e9n m\u00e1r nem seg\u00edthetek.<br \/>\nTe is majd visszakapod m\u00e1st\u00f3l,<br \/>\namit \u00e9pp ellenem teszel.<br \/>\nMost olyan felh\u0151tlennek l\u00e1tszol,<br \/>\nde ebben magad sem hiszel.<\/p>\n<p>Tudom, hogy nincs messze az \u00f3ra,<br \/>\na biztos k\u00e9ts\u00e9g ut\u00f3l\u00e9r.<br \/>\nLecsapsz egy megbocs\u00e1t\u00f3 sz\u00f3ra,<br \/>\nelindulsz te m\u00e9g az \u00e9n szerelmem\u00e9rt.<\/p>\n<p>Mindenki megb\u00e1nhatja egyszer,<br \/>\namit m\u00e1s ellen elk\u00f6vet.<br \/>\nHogy holnap nem lesz-e m\u00e1r k\u00e9s\u0151,<br \/>\narra most mit mondjak neked.<br \/>\nMindenki visszakapja egyszer,<br \/>\namit m\u00e1s ellen elk\u00f6vet.<br \/>\nP\u00e1r\u00e1r\u00e1r\u00e1r\u00e1 p\u00e1mmp\u00e1mm&#8230;<\/p>\n<p>Mindenki visszakapja egyszer,<br \/>\namit m\u00e1s ellen elk\u00f6vet.<br \/>\nLesz m\u00e9g, hogy gondolkodni kezdesz,<br \/>\nde \u00e9n m\u00e1r nem seg\u00edthetek.<br \/>\nTe is majd visszakapod m\u00e1st\u00f3l,<br \/>\namit \u00e9pp ellenem teszel.<br \/>\nMost olyan felh\u0151tlennek l\u00e1tszol,<br \/>\nde ebben magad sem hiszel.<br \/>\nTudom, hogy nincs messze az \u00f3ra,<br \/>\na biztos k\u00e9ts\u00e9g ut\u00f3l\u00e9r.<br \/>\nLecsapsz egy megbocs\u00e1t\u00f3 sz\u00f3ra,<br \/>\nelindulsz te m\u00e9g az \u00e9n szerelmem\u00e9rt.<\/p>\n<p>Mindenki megb\u00e1nhatja egyszer,<br \/>\namit m\u00e1s ellen elk\u00f6vet.<br \/>\nHogy holnap nem lesz-e m\u00e1r k\u00e9s\u0151,<br \/>\narra most mit mondjak neked.<br \/>\nMindenki visszakapja egyszer,<br \/>\namit m\u00e1s ellen elk\u00f6vet.<\/p>\n<p>Tudom, hogy nincs messze az \u00f3ra,<br \/>\na biztos k\u00e9ts\u00e9g ut\u00f3l\u00e9r.<br \/>\nLecsapsz egy megbocs\u00e1t\u00f3 sz\u00f3ra,<br \/>\nelindulsz te m\u00e9g az \u00e9n szerelmem\u00e9rt.<\/p>\n<p>Mindenki megb\u00e1nhatja egyszer,<br \/>\namit m\u00e1s ellen elk\u00f6vet.<br \/>\nHogy holnap nem lesz-e m\u00e1r k\u00e9s\u0151,<br \/>\narra most mit mondjak neked.<br \/>\nMindenki visszakapja egyszer,<br \/>\namit m\u00e1s ellen elk\u00f6vet.<br \/>\n&#8212;V\u00e9ge&#8212;<\/p>\n","protected":false},"featured_media":9303,"template":"","meta":{"site-sidebar-layout":"default","site-content-layout":"default","ast-site-content-layout":"default","site-content-style":"default","site-sidebar-style":"default","ast-global-header-display":"","ast-banner-title-visibility":"","ast-main-header-display":"","ast-hfb-above-header-display":"","ast-hfb-below-header-display":"","ast-hfb-mobile-header-display":"","site-post-title":"","ast-breadcrumbs-content":"","ast-featured-img":"","footer-sml-layout":"","theme-transparent-header-meta":"default","adv-header-id-meta":"","stick-header-meta":"","header-above-stick-meta":"","header-main-stick-meta":"","header-below-stick-meta":"","astra-migrate-meta-layouts":"set","ast-page-background-enabled":"default","ast-page-background-meta":{"desktop":{"background-color":"var(--ast-global-color-4)","background-image":"","background-repeat":"repeat","background-position":"center center","background-size":"auto","background-attachment":"scroll","background-type":"","background-media":"","overlay-type":"","overlay-color":"","overlay-opacity":"","overlay-gradient":""},"tablet":{"background-color":"","background-image":"","background-repeat":"repeat","background-position":"center center","background-size":"auto","background-attachment":"scroll","background-type":"","background-media":"","overlay-type":"","overlay-color":"","overlay-opacity":"","overlay-gradient":""},"mobile":{"background-color":"","background-image":"","background-repeat":"repeat","background-position":"center center","background-size":"auto","background-attachment":"scroll","background-type":"","background-media":"","overlay-type":"","overlay-color":"","overlay-opacity":"","overlay-gradient":""}},"ast-content-background-meta":{"desktop":{"background-color":"var(--ast-global-color-5)","background-image":"","background-repeat":"repeat","background-position":"center center","background-size":"auto","background-attachment":"scroll","background-type":"","background-media":"","overlay-type":"","overlay-color":"","overlay-opacity":"","overlay-gradient":""},"tablet":{"background-color":"var(--ast-global-color-5)","background-image":"","background-repeat":"repeat","background-position":"center center","background-size":"auto","background-attachment":"scroll","background-type":"","background-media":"","overlay-type":"","overlay-color":"","overlay-opacity":"","overlay-gradient":""},"mobile":{"background-color":"var(--ast-global-color-5)","background-image":"","background-repeat":"repeat","background-position":"center center","background-size":"auto","background-attachment":"scroll","background-type":"","background-media":"","overlay-type":"","overlay-color":"","overlay-opacity":"","overlay-gradient":""}}},"product_cat":[55],"product_tag":[],"class_list":["post-4344","product","type-product","status-publish","has-post-thumbnail","hentry","product_cat-sihell-ferry","desktop-align-left","tablet-align-left","mobile-align-left"],"_links":{"self":[{"href":"https:\/\/www.sunkaraoke.hu\/index.php\/wp-json\/wp\/v2\/product\/4344","targetHints":{"allow":["GET"]}}],"collection":[{"href":"https:\/\/www.sunkaraoke.hu\/index.php\/wp-json\/wp\/v2\/product"}],"about":[{"href":"https:\/\/www.sunkaraoke.hu\/index.php\/wp-json\/wp\/v2\/types\/product"}],"wp:featuredmedia":[{"embeddable":true,"href":"https:\/\/www.sunkaraoke.hu\/index.php\/wp-json\/wp\/v2\/media\/9303"}],"wp:attachment":[{"href":"https:\/\/www.sunkaraoke.hu\/index.php\/wp-json\/wp\/v2\/media?parent=4344"}],"wp:term":[{"taxonomy":"product_cat","embeddable":true,"href":"https:\/\/www.sunkaraoke.hu\/index.php\/wp-json\/wp\/v2\/product_cat?post=4344"},{"taxonomy":"product_tag","embeddable":true,"href":"https:\/\/www.sunkaraoke.hu\/index.php\/wp-json\/wp\/v2\/product_tag?post=4344"}],"curies":[{"name":"wp","href":"https:\/\/api.w.org\/{rel}","templated":true}]}}