{"id":4341,"date":"2022-08-08T20:47:28","date_gmt":"2022-08-08T20:47:28","guid":{"rendered":"https:\/\/www.sunkaraoke.hu\/index.php\/termek\/henna-alltam-a-parton\/"},"modified":"2025-04-04T12:44:54","modified_gmt":"2025-04-04T12:44:54","slug":"henna-alltam-a-parton","status":"publish","type":"product","link":"https:\/\/www.sunkaraoke.hu\/index.php\/termek\/henna-alltam-a-parton\/","title":{"rendered":"<div class=\"wcmp-player-container product-4341\"><audio controlslist=\"nodownload\" data-product=\"4341\"  volume=\"1\"  preload=\"none\" data-lazyloading=\"none\" class=\"wcmp-player track mejs-classic\" data-duration=\"0:32\" data-estimated_duration=\"4\"><source src=\"https:\/\/www.sunkaraoke.hu\/wp-content\/uploads\/2022\/08\/Alltam-a-parton-voc-Ferry-kdemooo.mp3\" type=\"audio\/mp3\" \/><\/audio><\/div>Henna &#8211; \u00c1lltam a parton (Original)"},"content":{"rendered":"<p><strong>04:10<\/strong> | <strong><img loading=\"lazy\" decoding=\"async\" class=\"alignnone size-full wp-image-466\" src=\"https:\/\/www.sunkaraoke.hu\/wp-content\/uploads\/2022\/07\/choir_1-copy.webp\" alt=\"\" width=\"30\" height=\"30\" \/> <\/strong><\/p>\n","protected":false},"excerpt":{"rendered":"<h6><strong>Bits\u0171r\u0171s\u00e9g: 320<\/strong>kb\/s<strong><br \/>\n<\/strong><strong>Hossz: <\/strong>04:10<strong><br \/>\n<\/strong><strong style=\"font-size: 16px;\">Vok\u00e1lt tartalmaz: <\/strong>Igen <img loading=\"lazy\" decoding=\"async\" class=\"alignnone size-full wp-image-466\" src=\"http:\/\/www.sunkaraoke.hu\/wp-content\/uploads\/2022\/07\/choir_1-copy.png\" alt=\"\" width=\"30\" height=\"30\" \/><strong style=\"font-size: 16px;\"><br \/>\n<\/strong><\/h6>\n<p>Sunkaraoke mp3 st\u00fadi\u00f3 \/ www.sunkaraoke.hu \/ Inf: Tel: 06 20 4275001<\/p>\n<p>&#8212;Intr\u00f3&#8212;<\/p>\n<p>\u00c1lltam a parton \u00e9s elhittem hogy elj\u00f6ssz,<br \/>\nnem hallottam hogy mit s\u00fag a tenger.<br \/>\nTe kicsi l\u00e1ny mi\u00e9rt s\u00edr a sz\u00edved,<br \/>\nmi\u00e9rt h\u00fall\u00f3 k\u00f6nnycsepp az arcodon?<br \/>\nButa a sz\u00edvem \u00e9s nagyon f\u00e1j a k\u00f6nnyem,<br \/>\n\u00edgazi minden m\u00e1r nincsenek mes\u00e9k.<br \/>\nElhittem mindent hogy minden sz\u00e9p lesz,<br \/>\nnem \u00e9rhet engem csal\u00f3d\u00e1s.<\/p>\n<p>Tudom hogy nem k\u00e9ne de nagyon szereti,<br \/>\na karom \u0151t, csak \u0151t \u00f6leli.<br \/>\nA szemem nem l\u00e1t m\u00e1st, csakis , csakis \u0151t,<br \/>\n\u0151 volt az \u00e1lmaimban, \u0151 a h\u0151s.<br \/>\nR\u00f3la \u00e1lmodom \u00e9s vele \u00e9bredek,<br \/>\nnem hiszem valaha hogy m\u00e1st szeretek.<br \/>\nAzt hittem csal\u00f3dni m\u00e1r soha nem fogok,<br \/>\nde most f\u00e1j hogy \u0151 becsapott!<\/p>\n<p>\u00c1lltam a parton \u00e9s elhittem hogy elj\u00f6ssz,<br \/>\nnem hallottam hogy mit s\u00fag a tenger.<br \/>\nTe kicsi l\u00e1ny mi\u00e9rt s\u00edr a sz\u00edved,<br \/>\nmi\u00e9rt h\u00fall\u00f3 k\u00f6nnycsepp az arcodon?<br \/>\nButa a sz\u00edvem \u00e9s nagyon f\u00e1j a k\u00f6nnyem,<br \/>\n\u00edgazi minden m\u00e1r nincsenek mes\u00e9k.<br \/>\nElhittem mindent hogy minden sz\u00e9p lesz,<br \/>\nnem \u00e9rhet engem csal\u00f3d\u00e1s.<br \/>\n\u00c1lltam a parton \u00e9s elhittem hogy elj\u00f6ssz,<br \/>\nnem hallottam hogy mit s\u00fag a tenger.<br \/>\nTe kicsi l\u00e1ny mi\u00e9rt s\u00edr a sz\u00edved,<br \/>\nmi\u00e9rt h\u00fall\u00f3 k\u00f6nnycsepp az arcodon?<br \/>\nButa a sz\u00edvem \u00e9s nagyon f\u00e1j a k\u00f6nnyem,<br \/>\n\u00edgazi minden m\u00e1r nincsenek mes\u00e9k.<br \/>\nElhittem mindent hogy minden sz\u00e9p lesz,<br \/>\nnem \u00e9rhet engem csal\u00f3d\u00e1s.<\/p>\n<p>Azt hittem \u0151 lesz \u00edgazi tal\u00e1n,<br \/>\nmert \u0151 az \u00e1lmaimban mindig j\u00e1r.<br \/>\nA pici sz\u00edvem \u00e9s a pici sz\u00e1m,<br \/>\ncsak \u0151t l\u00e1tja \u00e9s nem cs\u00f3kol m\u00e1st.<br \/>\nN\u00e9ha gonosz \u00e9s kegyetlen a sors,<br \/>\naz fog becsapni kire nem gondolsz!<br \/>\n\u00c9s ha a sz\u00edved,csupa, csupa gy\u00e1sz,<br \/>\nlet\u00f6r\u00f6lni nem tudja nem tudja m\u00e1s!<\/p>\n<p>\u00c1lltam a parton \u00e9s elhittem hogy elj\u00f6ssz,<br \/>\nnem hallottam hogy mit s\u00fag a tenger.<br \/>\nTe kicsi l\u00e1ny mi\u00e9rt s\u00edr a sz\u00edved,<br \/>\nmi\u00e9rt h\u00fall\u00f3 k\u00f6nnycsepp az arcodon?<br \/>\nButa a sz\u00edvem \u00e9s nagyon f\u00e1j a k\u00f6nnyem,<br \/>\n\u00edgazi minden m\u00e1r nincsenek mes\u00e9k.<br \/>\nElhittem mindent hogy minden sz\u00e9p lesz,<br \/>\nnem \u00e9rhet engem csal\u00f3d\u00e1s.<br \/>\n\u00c1lltam a parton \u00e9s elhittem hogy elj\u00f6ssz,<br \/>\nnem hallottam hogy mit s\u00fag a tenger.<br \/>\nTe kicsi l\u00e1ny mi\u00e9rt s\u00edr a sz\u00edved,<br \/>\nmi\u00e9rt h\u00fall\u00f3 k\u00f6nnycsepp az arcodon?<br \/>\nButa a sz\u00edvem \u00e9s nagyon f\u00e1j a k\u00f6nnyem,<br \/>\n\u00edgazi minden m\u00e1r nincsenek mes\u00e9k.<br \/>\nElhittem mindent hogy minden sz\u00e9p lesz,<br \/>\nnem \u00e9rhet engem csal\u00f3d\u00e1s.<br \/>\nElhittem mindent hogy minden sz\u00e9p lesz,<br \/>\nnem \u00e9rhet engem csal\u00f3d\u00e1s.<br \/>\n&#8212;V\u00e9ge&#8212;<\/p>\n","protected":false},"featured_media":9303,"template":"","meta":{"site-sidebar-layout":"default","site-content-layout":"default","ast-site-content-layout":"default","site-content-style":"default","site-sidebar-style":"default","ast-global-header-display":"","ast-banner-title-visibility":"","ast-main-header-display":"","ast-hfb-above-header-display":"","ast-hfb-below-header-display":"","ast-hfb-mobile-header-display":"","site-post-title":"","ast-breadcrumbs-content":"","ast-featured-img":"","footer-sml-layout":"","theme-transparent-header-meta":"default","adv-header-id-meta":"","stick-header-meta":"","header-above-stick-meta":"","header-main-stick-meta":"","header-below-stick-meta":"","astra-migrate-meta-layouts":"set","ast-page-background-enabled":"default","ast-page-background-meta":{"desktop":{"background-color":"var(--ast-global-color-4)","background-image":"","background-repeat":"repeat","background-position":"center center","background-size":"auto","background-attachment":"scroll","background-type":"","background-media":"","overlay-type":"","overlay-color":"","overlay-opacity":"","overlay-gradient":""},"tablet":{"background-color":"","background-image":"","background-repeat":"repeat","background-position":"center center","background-size":"auto","background-attachment":"scroll","background-type":"","background-media":"","overlay-type":"","overlay-color":"","overlay-opacity":"","overlay-gradient":""},"mobile":{"background-color":"","background-image":"","background-repeat":"repeat","background-position":"center center","background-size":"auto","background-attachment":"scroll","background-type":"","background-media":"","overlay-type":"","overlay-color":"","overlay-opacity":"","overlay-gradient":""}},"ast-content-background-meta":{"desktop":{"background-color":"var(--ast-global-color-5)","background-image":"","background-repeat":"repeat","background-position":"center center","background-size":"auto","background-attachment":"scroll","background-type":"","background-media":"","overlay-type":"","overlay-color":"","overlay-opacity":"","overlay-gradient":""},"tablet":{"background-color":"var(--ast-global-color-5)","background-image":"","background-repeat":"repeat","background-position":"center center","background-size":"auto","background-attachment":"scroll","background-type":"","background-media":"","overlay-type":"","overlay-color":"","overlay-opacity":"","overlay-gradient":""},"mobile":{"background-color":"var(--ast-global-color-5)","background-image":"","background-repeat":"repeat","background-position":"center center","background-size":"auto","background-attachment":"scroll","background-type":"","background-media":"","overlay-type":"","overlay-color":"","overlay-opacity":"","overlay-gradient":""}}},"product_cat":[55],"product_tag":[],"class_list":["post-4341","product","type-product","status-publish","has-post-thumbnail","hentry","product_cat-sihell-ferry","desktop-align-left","tablet-align-left","mobile-align-left"],"_links":{"self":[{"href":"https:\/\/www.sunkaraoke.hu\/index.php\/wp-json\/wp\/v2\/product\/4341","targetHints":{"allow":["GET"]}}],"collection":[{"href":"https:\/\/www.sunkaraoke.hu\/index.php\/wp-json\/wp\/v2\/product"}],"about":[{"href":"https:\/\/www.sunkaraoke.hu\/index.php\/wp-json\/wp\/v2\/types\/product"}],"wp:featuredmedia":[{"embeddable":true,"href":"https:\/\/www.sunkaraoke.hu\/index.php\/wp-json\/wp\/v2\/media\/9303"}],"wp:attachment":[{"href":"https:\/\/www.sunkaraoke.hu\/index.php\/wp-json\/wp\/v2\/media?parent=4341"}],"wp:term":[{"taxonomy":"product_cat","embeddable":true,"href":"https:\/\/www.sunkaraoke.hu\/index.php\/wp-json\/wp\/v2\/product_cat?post=4341"},{"taxonomy":"product_tag","embeddable":true,"href":"https:\/\/www.sunkaraoke.hu\/index.php\/wp-json\/wp\/v2\/product_tag?post=4341"}],"curies":[{"name":"wp","href":"https:\/\/api.w.org\/{rel}","templated":true}]}}