{"id":4339,"date":"2022-08-08T20:47:28","date_gmt":"2022-08-08T20:47:28","guid":{"rendered":"https:\/\/www.sunkaraoke.hu\/index.php\/termek\/mario-elmegyek-en\/"},"modified":"2025-04-10T13:00:27","modified_gmt":"2025-04-10T13:00:27","slug":"mario-elmegyek-en","status":"publish","type":"product","link":"https:\/\/www.sunkaraoke.hu\/index.php\/termek\/mario-elmegyek-en\/","title":{"rendered":"<div class=\"wcmp-player-container product-4339\"><audio controlslist=\"nodownload\" data-product=\"4339\"  volume=\"1\"  preload=\"none\" data-lazyloading=\"none\" class=\"wcmp-player track mejs-classic\" data-duration=\"0:31\" data-estimated_duration=\"4\"><source src=\"https:\/\/www.sunkaraoke.hu\/wp-content\/uploads\/2022\/08\/Elmegyek-en-Mario-SB.-kdemoo.mp3\" type=\"audio\/mp3\" \/><\/audio><\/div>M\u00e1ri\u00f3 &#8211; Elmegyek \u00e9n (Original SB Edition)"},"content":{"rendered":"<p><strong>03:41<\/strong> | <strong><img loading=\"lazy\" decoding=\"async\" class=\"alignnone size-full wp-image-467\" src=\"https:\/\/www.sunkaraoke.hu\/wp-content\/uploads\/2022\/07\/choir_2-copy.webp\" alt=\"\" width=\"30\" height=\"30\" \/> <\/strong><\/p>\n","protected":false},"excerpt":{"rendered":"<h6><strong>Bits\u0171r\u0171s\u00e9g: 320<\/strong>kb\/s<strong><br \/>\n<\/strong><strong>Hossz: <\/strong>03:41<strong><br \/>\n<\/strong><strong style=\"font-size: 16px;\">Vok\u00e1lt tartalmaz: <\/strong>Nem <img loading=\"lazy\" decoding=\"async\" class=\"alignnone size-full wp-image-467\" src=\"http:\/\/www.sunkaraoke.hu\/wp-content\/uploads\/2022\/07\/choir_2-copy.png\" alt=\"\" width=\"30\" height=\"30\" \/><strong style=\"font-size: 16px;\"><br \/>\n<\/strong><\/h6>\n<p>Sunkaraoke mp3 st\u00fadi\u00f3 \/ www.sunkaraoke.hu \/ Inf: Tel: 06 20 4275001<\/p>\n<p>&#8212;Intr\u00f3&#8212;<br \/>\nElmegyek \u00e9n , nem maradok e t\u00e1jon,<br \/>\nhogy a sz\u00edvem soha t\u00f6bb\u00e9 ne f\u00e1jjon!<br \/>\nMert a sz\u00edvem egy kisl\u00e1ny\u00e9rt nagyon f\u00e1j,<br \/>\nkit a legjobban szerettem megcsalt m\u00e1r.<br \/>\nMert a sz\u00edvem egy kisl\u00e1ny\u00e9rt nagyon f\u00e1j,<br \/>\nkit a legjobban szerettem megcsalt m\u00e1r.<br \/>\nElmegyek \u00e9n nem maradok e t\u00e1jon,<br \/>\nha kell az eg\u00e9sz vil\u00e1got bej\u00e1rom.<br \/>\nCs\u00f3r\u00f3 vagyok j\u00f3l \u00e9lek,de senkivel nem cser\u00e9lek,<br \/>\nsenkivel soha \u00e9n nem cser\u00e9lek!<br \/>\nCs\u00f3r\u00f3 vagyok j\u00f3l \u00e9lek,de senkivel nem cser\u00e9lek,<br \/>\nsenkivel soha \u00e9n nem cser\u00e9lek!<br \/>\n&#8212;Sz\u00f3l\u00f3&#8212;<br \/>\nAk\u00e1rhov\u00e1 bet\u00e9rek, vagy meg\u00e1llok,<br \/>\nnekem mindenfel\u00e9 vannak bar\u00e1tok.<br \/>\nTudj\u00e1k n\u00e9ha lump vagyok, egy k\u00e9t poh\u00e1rral iszok,<br \/>\nkib\u00e9k\u00fcl\u00f6k \u00e9n az eg\u00e9sz vil\u00e1ggal.<br \/>\nTudj\u00e1k n\u00e9ha lump vagyok, egy k\u00e9t poh\u00e1rral iszok,<br \/>\nkib\u00e9k\u00fcl\u00f6k \u00e9n az eg\u00e9sz vil\u00e1ggal.<br \/>\nElmegyek \u00e9n nem maradok e t\u00e1jon,<br \/>\ncsak meglelelem a helyem a vil\u00e1gon.<br \/>\nLesz majd aki befogad,est\u00e9nk\u00e9nt csak s\u00edmogat,<br \/>\ns k\u00f3cos fejemre r\u00e1nyomja a cs\u00f3kot.<br \/>\nLesz majd aki befogad,est\u00e9nk\u00e9nt csak s\u00edmogat,<br \/>\ns k\u00f3cos fejemre r\u00e1nyomja a cs\u00f3kot.<br \/>\n&#8212;Sz\u00f3l\u00f3&#8212;<br \/>\nAk\u00e1rhov\u00e1 bet\u00e9rek, vagy meg\u00e1llok,<br \/>\nnekem mindenfel\u00e9 vannak bar\u00e1tok.<br \/>\nTudj\u00e1k n\u00e9ha lump vagyok, egy k\u00e9t poh\u00e1rral iszok,<br \/>\nkib\u00e9k\u00fcl\u00f6k \u00e9n az eg\u00e9sz vil\u00e1ggal.<br \/>\nTudj\u00e1k n\u00e9ha lump vagyok, egy k\u00e9t poh\u00e1rral iszok,<br \/>\nkib\u00e9k\u00fcl\u00f6k \u00e9n az eg\u00e9sz vil\u00e1ggal.<br \/>\nTudj\u00e1k n\u00e9ha lump vagyok, egy k\u00e9t poh\u00e1rral iszok,<br \/>\nkib\u00e9k\u00fcl\u00f6k \u00e9n az eg\u00e9sz vil\u00e1ggal.<br \/>\n&#8212;V\u00e9ge&#8212;<\/p>\n","protected":false},"featured_media":10392,"template":"","meta":{"site-sidebar-layout":"default","site-content-layout":"default","ast-site-content-layout":"default","site-content-style":"default","site-sidebar-style":"default","ast-global-header-display":"","ast-banner-title-visibility":"","ast-main-header-display":"","ast-hfb-above-header-display":"","ast-hfb-below-header-display":"","ast-hfb-mobile-header-display":"","site-post-title":"","ast-breadcrumbs-content":"","ast-featured-img":"","footer-sml-layout":"","theme-transparent-header-meta":"default","adv-header-id-meta":"","stick-header-meta":"","header-above-stick-meta":"","header-main-stick-meta":"","header-below-stick-meta":"","astra-migrate-meta-layouts":"set","ast-page-background-enabled":"default","ast-page-background-meta":{"desktop":{"background-color":"var(--ast-global-color-4)","background-image":"","background-repeat":"repeat","background-position":"center center","background-size":"auto","background-attachment":"scroll","background-type":"","background-media":"","overlay-type":"","overlay-color":"","overlay-opacity":"","overlay-gradient":""},"tablet":{"background-color":"","background-image":"","background-repeat":"repeat","background-position":"center center","background-size":"auto","background-attachment":"scroll","background-type":"","background-media":"","overlay-type":"","overlay-color":"","overlay-opacity":"","overlay-gradient":""},"mobile":{"background-color":"","background-image":"","background-repeat":"repeat","background-position":"center center","background-size":"auto","background-attachment":"scroll","background-type":"","background-media":"","overlay-type":"","overlay-color":"","overlay-opacity":"","overlay-gradient":""}},"ast-content-background-meta":{"desktop":{"background-color":"var(--ast-global-color-5)","background-image":"","background-repeat":"repeat","background-position":"center center","background-size":"auto","background-attachment":"scroll","background-type":"","background-media":"","overlay-type":"","overlay-color":"","overlay-opacity":"","overlay-gradient":""},"tablet":{"background-color":"var(--ast-global-color-5)","background-image":"","background-repeat":"repeat","background-position":"center center","background-size":"auto","background-attachment":"scroll","background-type":"","background-media":"","overlay-type":"","overlay-color":"","overlay-opacity":"","overlay-gradient":""},"mobile":{"background-color":"var(--ast-global-color-5)","background-image":"","background-repeat":"repeat","background-position":"center center","background-size":"auto","background-attachment":"scroll","background-type":"","background-media":"","overlay-type":"","overlay-color":"","overlay-opacity":"","overlay-gradient":""}}},"product_cat":[48],"product_tag":[],"class_list":["post-4339","product","type-product","status-publish","has-post-thumbnail","hentry","product_cat-sunkaraoke-dalok","desktop-align-left","tablet-align-left","mobile-align-left"],"_links":{"self":[{"href":"https:\/\/www.sunkaraoke.hu\/index.php\/wp-json\/wp\/v2\/product\/4339","targetHints":{"allow":["GET"]}}],"collection":[{"href":"https:\/\/www.sunkaraoke.hu\/index.php\/wp-json\/wp\/v2\/product"}],"about":[{"href":"https:\/\/www.sunkaraoke.hu\/index.php\/wp-json\/wp\/v2\/types\/product"}],"wp:featuredmedia":[{"embeddable":true,"href":"https:\/\/www.sunkaraoke.hu\/index.php\/wp-json\/wp\/v2\/media\/10392"}],"wp:attachment":[{"href":"https:\/\/www.sunkaraoke.hu\/index.php\/wp-json\/wp\/v2\/media?parent=4339"}],"wp:term":[{"taxonomy":"product_cat","embeddable":true,"href":"https:\/\/www.sunkaraoke.hu\/index.php\/wp-json\/wp\/v2\/product_cat?post=4339"},{"taxonomy":"product_tag","embeddable":true,"href":"https:\/\/www.sunkaraoke.hu\/index.php\/wp-json\/wp\/v2\/product_tag?post=4339"}],"curies":[{"name":"wp","href":"https:\/\/api.w.org\/{rel}","templated":true}]}}