{"id":4334,"date":"2022-08-08T20:47:27","date_gmt":"2022-08-08T20:47:27","guid":{"rendered":"https:\/\/www.sunkaraoke.hu\/index.php\/termek\/bodi-csabi-amore-mio-2\/"},"modified":"2025-04-02T12:19:11","modified_gmt":"2025-04-02T12:19:11","slug":"bodi-csabi-amore-mio-2","status":"publish","type":"product","link":"https:\/\/www.sunkaraoke.hu\/index.php\/termek\/bodi-csabi-amore-mio-2\/","title":{"rendered":"<div class=\"wcmp-player-container product-4334\"><audio controlslist=\"nodownload\" data-product=\"4334\"  volume=\"1\"  preload=\"none\" data-lazyloading=\"none\" class=\"wcmp-player track mejs-classic\" data-duration=\"0:31\" data-estimated_duration=\"4\"><source src=\"https:\/\/www.sunkaraoke.hu\/wp-content\/uploads\/2022\/08\/Amore-mio-Vocal-SB-_demo.mp3\" type=\"audio\/mp3\" \/><\/audio><\/div>B\u00f3di Csabi &#8211; Amore Mi\u00f3 (Original)"},"content":{"rendered":"<p><strong>03:43<\/strong> | <strong><img loading=\"lazy\" decoding=\"async\" class=\"alignnone size-full wp-image-466\" src=\"https:\/\/www.sunkaraoke.hu\/wp-content\/uploads\/2022\/07\/choir_1-copy.webp\" alt=\"\" width=\"30\" height=\"30\" \/> <\/strong><\/p>\n","protected":false},"excerpt":{"rendered":"<h5><strong>Bits\u0171r\u0171s\u00e9g: 320 kb\/s<\/strong><br \/>\n<strong>Hossz: 03:43<\/strong><br \/>\n<strong>Vok\u00e1lt tartalmaz: Igen <img loading=\"lazy\" decoding=\"async\" class=\"alignnone size-full wp-image-466\" src=\"http:\/\/www.sunkaraoke.hu\/wp-content\/uploads\/2022\/07\/choir_1-copy.png\" alt=\"\" width=\"30\" height=\"30\" \/><\/strong><strong style=\"font-size: 16px;\"><br \/>\n<\/strong><\/h5>\n<p>Sunkaraoke mp3 st\u00fadi\u00f3 \/ www.sunkaraoke.hu \/ Inf: Tel: 06 20 4275001<\/p>\n<p>Elmegyek \u00e9n ma egy j\u00f3 buliba,<br \/>\na fullos csajommal egy j\u00f3 partira.<br \/>\n\u00d6mlik a sok pezsg\u0151 mint az aranyes\u0151!<br \/>\nMore, Amore mi\u00f3, more Amore mi\u00f3 more,<br \/>\nAmore mi\u00f3&#8230;\u00f3,\u00f3,\u00f3,\u00f3!<br \/>\nMore, Amore mi\u00f3, more Amore mi\u00f3 more,<br \/>\nAmore mi\u00f3..\u00f3,\u00f3,\u00f3,\u00f3!<br \/>\nFelforr a v\u00e9rem , ha t\u00e9ged n\u00e9zlek ahogyan t\u00e1ncolsz,<br \/>\nelcs\u00e1b\u00edt a mosolyod ahogy kac\u00e9rkodsz!<br \/>\nMondd azt nekem, hogy Amore mi\u00f3,<br \/>\nszeretlek t\u00e9ged, j\u00f6jj velem, veled lenni j\u00f3!<br \/>\n\u00d3h k\u00e9rlek mondd azt n\u00e9kem, hogy Amore mi\u00f3,<br \/>\nszeretlek t\u00e9ged!<br \/>\nPezseg a v\u00e9rem egy buli\u00e9rt,<br \/>\nmegveszek \u00e9n most egy j\u00f3 csajszi\u00e9rt,<br \/>\nisszuk a j\u00f3 pezsg\u0151t, \u00e9n vagyok a nyer\u0151, s\u00e1, n\u00e1, n\u00e1&#8230;.<br \/>\nElmegyek \u00e9n ma egy j\u00f3 buliba,<br \/>\na fullos csajommal egy j\u00f3 partira.<br \/>\n\u00d6mlik a sok pezsg\u0151 mint az aranyes\u0151,<br \/>\nMore, Amore mi\u00f3, more Amore mi\u00f3 more,<br \/>\nAmore mi\u00f3&#8230;\u00f3,\u00f3,\u00f3,\u00f3!<br \/>\nMore, Amore mi\u00f3, more Amore mi\u00f3 more,<br \/>\nAmore mi\u00f3..\u00f3,\u00f3,\u00f3,\u00f3!<br \/>\nFelforr a v\u00e9rem , ha t\u00e9ged n\u00e9zlek ahogyan t\u00e1ncolsz,<br \/>\nelcs\u00e1b\u00edt a mosolyod ahogy kac\u00e9rkodsz!<br \/>\nMondd azt nekem, hogy Amore mi\u00f3,<br \/>\nszeretlek t\u00e9ged, j\u00f6jj velem, veled lenni j\u00f3!<br \/>\n\u00d3h k\u00e9rlek mondd azt n\u00e9kem, hogy Amore mi\u00f3,<br \/>\nszeretlek t\u00e9ged!<br \/>\nPezseg a v\u00e9rem egy buli\u00e9rt,<br \/>\nmegveszek \u00e9n most egy j\u00f3 csajszi\u00e9rt,<br \/>\nisszuk a j\u00f3 pezsg\u0151t, \u00e9n vagyok a nyer\u0151, s\u00e1, n\u00e1, n\u00e1&#8230;.<br \/>\nElmegyek \u00e9n ma egy j\u00f3 buliba,<br \/>\na fullos csajommal egy j\u00f3 partira.<br \/>\n\u00d6mlik a sok pezsg\u0151 mint az aranyes\u0151,<br \/>\nMore, Amore mi\u00f3, more Amore mi\u00f3 more,<br \/>\nAmore mi\u00f3&#8230;\u00f3,\u00f3,\u00f3,\u00f3!<br \/>\nMore, Amore mi\u00f3, more Amore mi\u00f3 more,<br \/>\nAmore mi\u00f3..\u00f3,\u00f3,\u00f3,\u00f3!<br \/>\nPezseg a v\u00e9rem egy buli\u00e9rt,<br \/>\nmegveszek \u00e9n most egy j\u00f3 csajszi\u00e9rt,<br \/>\nisszuk a j\u00f3 pezsg\u0151t, \u00e9n vagyok a nyer\u0151, s\u00e1, n\u00e1, n\u00e1&#8230;.<br \/>\nElmegyek \u00e9n ma egy j\u00f3 buliba,<br \/>\na fullos csajommal egy j\u00f3 partira.<br \/>\n\u00d6mlik a sok pezsg\u0151 mint az aranyes\u0151!<br \/>\n&#8212;V\u00e9ge&#8212;<\/p>\n","protected":false},"featured_media":8742,"template":"","meta":{"site-sidebar-layout":"default","site-content-layout":"default","ast-site-content-layout":"default","site-content-style":"default","site-sidebar-style":"default","ast-global-header-display":"","ast-banner-title-visibility":"","ast-main-header-display":"","ast-hfb-above-header-display":"","ast-hfb-below-header-display":"","ast-hfb-mobile-header-display":"","site-post-title":"","ast-breadcrumbs-content":"","ast-featured-img":"","footer-sml-layout":"","theme-transparent-header-meta":"default","adv-header-id-meta":"","stick-header-meta":"","header-above-stick-meta":"","header-main-stick-meta":"","header-below-stick-meta":"","astra-migrate-meta-layouts":"set","ast-page-background-enabled":"default","ast-page-background-meta":{"desktop":{"background-color":"var(--ast-global-color-4)","background-image":"","background-repeat":"repeat","background-position":"center center","background-size":"auto","background-attachment":"scroll","background-type":"","background-media":"","overlay-type":"","overlay-color":"","overlay-opacity":"","overlay-gradient":""},"tablet":{"background-color":"","background-image":"","background-repeat":"repeat","background-position":"center center","background-size":"auto","background-attachment":"scroll","background-type":"","background-media":"","overlay-type":"","overlay-color":"","overlay-opacity":"","overlay-gradient":""},"mobile":{"background-color":"","background-image":"","background-repeat":"repeat","background-position":"center center","background-size":"auto","background-attachment":"scroll","background-type":"","background-media":"","overlay-type":"","overlay-color":"","overlay-opacity":"","overlay-gradient":""}},"ast-content-background-meta":{"desktop":{"background-color":"var(--ast-global-color-5)","background-image":"","background-repeat":"repeat","background-position":"center center","background-size":"auto","background-attachment":"scroll","background-type":"","background-media":"","overlay-type":"","overlay-color":"","overlay-opacity":"","overlay-gradient":""},"tablet":{"background-color":"var(--ast-global-color-5)","background-image":"","background-repeat":"repeat","background-position":"center center","background-size":"auto","background-attachment":"scroll","background-type":"","background-media":"","overlay-type":"","overlay-color":"","overlay-opacity":"","overlay-gradient":""},"mobile":{"background-color":"var(--ast-global-color-5)","background-image":"","background-repeat":"repeat","background-position":"center center","background-size":"auto","background-attachment":"scroll","background-type":"","background-media":"","overlay-type":"","overlay-color":"","overlay-opacity":"","overlay-gradient":""}}},"product_cat":[48],"product_tag":[],"class_list":["post-4334","product","type-product","status-publish","has-post-thumbnail","hentry","product_cat-sunkaraoke-dalok","desktop-align-left","tablet-align-left","mobile-align-left"],"_links":{"self":[{"href":"https:\/\/www.sunkaraoke.hu\/index.php\/wp-json\/wp\/v2\/product\/4334","targetHints":{"allow":["GET"]}}],"collection":[{"href":"https:\/\/www.sunkaraoke.hu\/index.php\/wp-json\/wp\/v2\/product"}],"about":[{"href":"https:\/\/www.sunkaraoke.hu\/index.php\/wp-json\/wp\/v2\/types\/product"}],"wp:featuredmedia":[{"embeddable":true,"href":"https:\/\/www.sunkaraoke.hu\/index.php\/wp-json\/wp\/v2\/media\/8742"}],"wp:attachment":[{"href":"https:\/\/www.sunkaraoke.hu\/index.php\/wp-json\/wp\/v2\/media?parent=4334"}],"wp:term":[{"taxonomy":"product_cat","embeddable":true,"href":"https:\/\/www.sunkaraoke.hu\/index.php\/wp-json\/wp\/v2\/product_cat?post=4334"},{"taxonomy":"product_tag","embeddable":true,"href":"https:\/\/www.sunkaraoke.hu\/index.php\/wp-json\/wp\/v2\/product_tag?post=4334"}],"curies":[{"name":"wp","href":"https:\/\/api.w.org\/{rel}","templated":true}]}}