{"id":4324,"date":"2022-08-08T20:47:27","date_gmt":"2022-08-08T20:47:27","guid":{"rendered":"https:\/\/www.sunkaraoke.hu\/index.php\/termek\/tesok-tancolok-barki-zenel\/"},"modified":"2025-03-28T12:30:13","modified_gmt":"2025-03-28T12:30:13","slug":"tesok-tancolok-barki-zenel","status":"publish","type":"product","link":"https:\/\/www.sunkaraoke.hu\/index.php\/termek\/tesok-tancolok-barki-zenel\/","title":{"rendered":"<div class=\"wcmp-player-container product-4324\"><audio controlslist=\"nodownload\" data-product=\"4324\"  volume=\"1\"  preload=\"none\" data-lazyloading=\"none\" class=\"wcmp-player track mejs-classic\" data-duration=\"0:30\" data-estimated_duration=\"3\"><source src=\"https:\/\/www.sunkaraoke.hu\/wp-content\/uploads\/2022\/08\/Tancolok-barki-zenel-SB-_demo.mp3\" type=\"audio\/mp3\" \/><\/audio><\/div>Tes\u00f3k &#8211; T\u00e1ncolok b\u00e1rki zen\u00e9l (Original)"},"content":{"rendered":"<p><strong>03:26<\/strong> | <strong><img loading=\"lazy\" decoding=\"async\" class=\"alignnone size-full wp-image-467\" src=\"https:\/\/www.sunkaraoke.hu\/wp-content\/uploads\/2022\/07\/choir_2-copy.webp\" alt=\"\" width=\"30\" height=\"30\" \/> <\/strong><\/p>\n","protected":false},"excerpt":{"rendered":"<h6>Bits\u0171r\u0171s\u00e9g: 320 kb\/s<br \/>\nHossz: 03:26<br \/>\nVok\u00e1lt tartalmaz: Nem <img loading=\"lazy\" decoding=\"async\" class=\"alignnone size-full wp-image-467\" src=\"http:\/\/www.sunkaraoke.hu\/wp-content\/uploads\/2022\/07\/choir_2-copy.png\" alt=\"\" width=\"30\" height=\"30\" \/><strong style=\"font-size: 16px;\"><br \/>\n<\/strong><\/h6>\n<p>Sunkaraoke mp3 st\u00fadi\u00f3 \/ www.sunkaraoke.hu \/ Inf: Tel: 06 20 4275001<\/p>\n<p>&#8212;Intr\u00f3&#8212;<\/p>\n<p>Sz\u00e9p csal\u00e1dot eg\u00e9szs\u00e9get adt\u00e1l istenem,<br \/>\nnem is k\u00e9rek semmit hiszen megvan mindenem.<br \/>\nDe az\u00e9rt ha nem nagy k\u00e9r\u00e9s halkan megs\u00fagn\u00e1m,<br \/>\nfeneketlen boroshord\u00f3val megdobhatn\u00e1l!<\/p>\n<p>V\u00edgan \u00e9lek arany n\u00e9lk\u00fcl, mint a gazdagok,<br \/>\nha megsz\u00f3lnak nem vit\u00e1zok \u00e9n csak hallgatok.<br \/>\nA cig\u00e1nyb\u00e1lban minden sz\u00e9p l\u00e1ny engem marasztal,<br \/>\nha b\u00e1natos lesz az \u00e9n sz\u00edvem meg is vigasztal.<\/p>\n<p>T\u00e1ncolok b\u00e1rki zen\u00e9l, mint sz\u00e9lben a f\u0171zfalev\u00e9l,<br \/>\nhajnalig \u00e9nekelek, pedig nagy vagyont nem keresek.<br \/>\nT\u00e1ncolok b\u00e1rki zen\u00e9l, mint sz\u00e9lben a f\u0171zfalev\u00e9l,<br \/>\nhajnalig \u00e9nekelek, am\u00edg van mib\u0151l \u00e9n fizetek!<br \/>\n&#8212;Sz\u00f3l\u00f3&#8212;<\/p>\n<p>Sz\u00e9p csal\u00e1dot eg\u00e9szs\u00e9get adt\u00e1l istenem,<br \/>\na b\u00e1natot m\u00e1r h\u00e1la n\u00e9ked , r\u00e9g nem ismerem!<br \/>\nSz\u00e9p az \u00e9let boldog vagyok ,m\u00e1r csak annyi kell,<br \/>\naz \u00e9giek vagy sz\u00e1zh\u00fasz \u00e9vig ne h\u00edvjanak el!<\/p>\n<p>V\u00edgan \u00e9lek arany n\u00e9lk\u00fcl, mint a gazdagok,<br \/>\nha megsz\u00f3lnak nem vit\u00e1zok \u00e9n csak hallgatok.<br \/>\nA cig\u00e1nyb\u00e1lban minden sz\u00e9p l\u00e1ny engem marasztal,<br \/>\nha b\u00e1natos lesz az \u00e9n sz\u00edvem meg is vigasztal.<\/p>\n<p>T\u00e1ncolok b\u00e1rki zen\u00e9l, mint sz\u00e9lben a f\u0171zfalev\u00e9l,<br \/>\nhajnalig \u00e9nekelek, pedig nagy vagyont nem keresek.<br \/>\nT\u00e1ncolok b\u00e1rki zen\u00e9l, mint sz\u00e9lben a f\u0171zfalev\u00e9l,<br \/>\nhajnalig \u00e9nekelek, am\u00edg van mib\u0151l \u00e9n fizetek!<br \/>\nT\u00e1ncolok b\u00e1rki zen\u00e9l, mint sz\u00e9lben a f\u0171zfalev\u00e9l,<br \/>\nhajnalig \u00e9nekelek, pedig nagy vagyont nem keresek.<br \/>\nT\u00e1ncolok b\u00e1rki zen\u00e9l, mint sz\u00e9lben a f\u0171zfalev\u00e9l,<br \/>\nhajnalig \u00e9nekelek, am\u00edg van mib\u0151l \u00e9n fizetek!<br \/>\n&#8212;V\u00e9ge&#8212;<\/p>\n","protected":false},"featured_media":8715,"template":"","meta":{"site-sidebar-layout":"default","site-content-layout":"default","ast-site-content-layout":"default","site-content-style":"default","site-sidebar-style":"default","ast-global-header-display":"","ast-banner-title-visibility":"","ast-main-header-display":"","ast-hfb-above-header-display":"","ast-hfb-below-header-display":"","ast-hfb-mobile-header-display":"","site-post-title":"","ast-breadcrumbs-content":"","ast-featured-img":"","footer-sml-layout":"","theme-transparent-header-meta":"default","adv-header-id-meta":"","stick-header-meta":"","header-above-stick-meta":"","header-main-stick-meta":"","header-below-stick-meta":"","astra-migrate-meta-layouts":"set","ast-page-background-enabled":"default","ast-page-background-meta":{"desktop":{"background-color":"var(--ast-global-color-4)","background-image":"","background-repeat":"repeat","background-position":"center center","background-size":"auto","background-attachment":"scroll","background-type":"","background-media":"","overlay-type":"","overlay-color":"","overlay-opacity":"","overlay-gradient":""},"tablet":{"background-color":"","background-image":"","background-repeat":"repeat","background-position":"center center","background-size":"auto","background-attachment":"scroll","background-type":"","background-media":"","overlay-type":"","overlay-color":"","overlay-opacity":"","overlay-gradient":""},"mobile":{"background-color":"","background-image":"","background-repeat":"repeat","background-position":"center center","background-size":"auto","background-attachment":"scroll","background-type":"","background-media":"","overlay-type":"","overlay-color":"","overlay-opacity":"","overlay-gradient":""}},"ast-content-background-meta":{"desktop":{"background-color":"var(--ast-global-color-5)","background-image":"","background-repeat":"repeat","background-position":"center center","background-size":"auto","background-attachment":"scroll","background-type":"","background-media":"","overlay-type":"","overlay-color":"","overlay-opacity":"","overlay-gradient":""},"tablet":{"background-color":"var(--ast-global-color-5)","background-image":"","background-repeat":"repeat","background-position":"center center","background-size":"auto","background-attachment":"scroll","background-type":"","background-media":"","overlay-type":"","overlay-color":"","overlay-opacity":"","overlay-gradient":""},"mobile":{"background-color":"var(--ast-global-color-5)","background-image":"","background-repeat":"repeat","background-position":"center center","background-size":"auto","background-attachment":"scroll","background-type":"","background-media":"","overlay-type":"","overlay-color":"","overlay-opacity":"","overlay-gradient":""}}},"product_cat":[48],"product_tag":[],"class_list":["post-4324","product","type-product","status-publish","has-post-thumbnail","hentry","product_cat-sunkaraoke-dalok","desktop-align-left","tablet-align-left","mobile-align-left"],"_links":{"self":[{"href":"https:\/\/www.sunkaraoke.hu\/index.php\/wp-json\/wp\/v2\/product\/4324","targetHints":{"allow":["GET"]}}],"collection":[{"href":"https:\/\/www.sunkaraoke.hu\/index.php\/wp-json\/wp\/v2\/product"}],"about":[{"href":"https:\/\/www.sunkaraoke.hu\/index.php\/wp-json\/wp\/v2\/types\/product"}],"wp:featuredmedia":[{"embeddable":true,"href":"https:\/\/www.sunkaraoke.hu\/index.php\/wp-json\/wp\/v2\/media\/8715"}],"wp:attachment":[{"href":"https:\/\/www.sunkaraoke.hu\/index.php\/wp-json\/wp\/v2\/media?parent=4324"}],"wp:term":[{"taxonomy":"product_cat","embeddable":true,"href":"https:\/\/www.sunkaraoke.hu\/index.php\/wp-json\/wp\/v2\/product_cat?post=4324"},{"taxonomy":"product_tag","embeddable":true,"href":"https:\/\/www.sunkaraoke.hu\/index.php\/wp-json\/wp\/v2\/product_tag?post=4324"}],"curies":[{"name":"wp","href":"https:\/\/api.w.org\/{rel}","templated":true}]}}