{"id":4310,"date":"2022-08-08T20:47:25","date_gmt":"2022-08-08T20:47:25","guid":{"rendered":"https:\/\/www.sunkaraoke.hu\/index.php\/termek\/jerry-dave-feat-monita-gyere-kislany-gyere\/"},"modified":"2025-04-10T11:50:51","modified_gmt":"2025-04-10T11:50:51","slug":"jerry-dave-feat-monita-gyere-kislany-gyere","status":"publish","type":"product","link":"https:\/\/www.sunkaraoke.hu\/index.php\/termek\/jerry-dave-feat-monita-gyere-kislany-gyere\/","title":{"rendered":"<div class=\"wcmp-player-container product-4310\"><audio controlslist=\"nodownload\" data-product=\"4310\"  volume=\"1\"  preload=\"none\" data-lazyloading=\"none\" class=\"wcmp-player track mejs-classic\" data-duration=\"0:31\" data-estimated_duration=\"4\"><source src=\"https:\/\/www.sunkaraoke.hu\/wp-content\/uploads\/2022\/08\/Gyere-kislany-gyere-kdemoo-1.mp3\" type=\"audio\/mp3\" \/><\/audio><\/div>Jerry Dave Feat Monita &#8211; Gyere kisl\u00e1ny gyere (original)"},"content":{"rendered":"<p><strong>04:35<\/strong> | <strong><img loading=\"lazy\" decoding=\"async\" class=\"alignnone size-full wp-image-467\" src=\"https:\/\/www.sunkaraoke.hu\/wp-content\/uploads\/2022\/07\/choir_2-copy.webp\" alt=\"\" width=\"30\" height=\"30\" \/> <\/strong><\/p>\n","protected":false},"excerpt":{"rendered":"<h6><strong>Bits\u0171r\u0171s\u00e9g: 320<\/strong>kb\/s<strong><br \/>\n<\/strong><strong>Hossz: <\/strong>04:35<strong><br \/>\n<\/strong><strong style=\"font-size: 16px;\">Vok\u00e1lt tartalmaz: <\/strong>Nem <img loading=\"lazy\" decoding=\"async\" class=\"alignnone size-full wp-image-467\" src=\"http:\/\/www.sunkaraoke.hu\/wp-content\/uploads\/2022\/07\/choir_2-copy.png\" alt=\"\" width=\"30\" height=\"30\" \/><strong style=\"font-size: 16px;\"><br \/>\n<\/strong><\/h6>\n<p>Sunkaraoke mp3 st\u00fadi\u00f3 \/ www.sunkaraoke.hu \/ Inf: Tel: 06 20 4275001<\/p>\n<p>&#8212;Intr\u00f3&#8212;<br \/>\nGyere kisl\u00e1ny gyere,<br \/>\na disc\u00f3 clubban sz\u00f3l m\u00e1r a zene.<br \/>\nGyere kisl\u00e1ny gyere,<br \/>\na disc\u00f3 clubban sz\u00f3l m\u00e1r a zene.<\/p>\n<p>\u00d3\u00d3 eg\u00e9sz h\u00e9ten v\u00e1rom a szombat \u00e9jszak\u00e1t,<br \/>\nt\u00e1ncolni akarok eny\u00e9m a vil\u00e1g.<br \/>\nEz lesz majd a kedvenc lemezed,<br \/>\nhallgatsd meg mit \u00e9nekel neked,<br \/>\nk\u00e9rj t\u0151lem b\u00e1rmit,<br \/>\ncsak mondd mondd nekem.<\/p>\n<p>J\u00f6jj j\u00f6jj, h\u00edv a zene&#8230;.<br \/>\nJ\u00f6jj j\u00f6jj, t\u00e1ncolj velem&#8230;.<\/p>\n<p>Gyere kisl\u00e1ny gyere,<br \/>\na disc\u00f3 clubban sz\u00f3l m\u00e1r a zene.<br \/>\nGyere kisl\u00e1ny gyere,<br \/>\na disc\u00f3 clubban sz\u00f3l m\u00e1r a zene.<\/p>\n<p>\u00d3\u00d3 forogjon a lemez csak ezt hallgatom,<br \/>\nm\u00e1moros a fejed abba nem hagyod.<br \/>\nSz\u00edved dobban ritmusra j\u00e1r,<br \/>\nugye \u00e9rzed hogy sz\u00e9d\u00fclsz is tal\u00e1n,<br \/>\n\u00fajra forgasd csak mondd, mondd nekem.<\/p>\n<p>J\u00f6jj j\u00f6jj, h\u00edv a zene&#8230;.<br \/>\nJ\u00f6jj j\u00f6jj, t\u00e1ncolj velem&#8230;.<br \/>\n&#8212;Sz\u00f3l\u00f3&#8212;<br \/>\nGyere kisl\u00e1ny gyere,<br \/>\na disc\u00f3 clubban sz\u00f3l m\u00e1r a zene.<br \/>\nGyere kisl\u00e1ny gyere,<br \/>\na disc\u00f3 clubban sz\u00f3l m\u00e1r a zene.<br \/>\n&#8212;Sz\u00f3l\u00f3&#8212;<br \/>\nJ\u00f6jj j\u00f6jj, h\u00edv a zene&#8230;.<br \/>\nJ\u00f6jj j\u00f6jj, t\u00e1ncolj velem&#8230;.<br \/>\nJ\u00f6jj j\u00f6jj, h\u00edv a zene&#8230;.<br \/>\nJ\u00f6jj j\u00f6jj, t\u00e1ncolj velem&#8230;.<\/p>\n<p>Gyere kisl\u00e1ny gyere,<br \/>\na disc\u00f3 clubban sz\u00f3l m\u00e1r a zene.<br \/>\nGyere kisl\u00e1ny gyere,<br \/>\na disc\u00f3 clubban sz\u00f3l m\u00e1r a zene.<br \/>\n&#8212;V\u00e9ge&#8212;<\/p>\n","protected":false},"featured_media":18333,"template":"","meta":{"site-sidebar-layout":"default","site-content-layout":"default","ast-site-content-layout":"default","site-content-style":"default","site-sidebar-style":"default","ast-global-header-display":"","ast-banner-title-visibility":"","ast-main-header-display":"","ast-hfb-above-header-display":"","ast-hfb-below-header-display":"","ast-hfb-mobile-header-display":"","site-post-title":"","ast-breadcrumbs-content":"","ast-featured-img":"","footer-sml-layout":"","theme-transparent-header-meta":"default","adv-header-id-meta":"","stick-header-meta":"","header-above-stick-meta":"","header-main-stick-meta":"","header-below-stick-meta":"","astra-migrate-meta-layouts":"set","ast-page-background-enabled":"default","ast-page-background-meta":{"desktop":{"background-color":"var(--ast-global-color-4)","background-image":"","background-repeat":"repeat","background-position":"center center","background-size":"auto","background-attachment":"scroll","background-type":"","background-media":"","overlay-type":"","overlay-color":"","overlay-opacity":"","overlay-gradient":""},"tablet":{"background-color":"","background-image":"","background-repeat":"repeat","background-position":"center center","background-size":"auto","background-attachment":"scroll","background-type":"","background-media":"","overlay-type":"","overlay-color":"","overlay-opacity":"","overlay-gradient":""},"mobile":{"background-color":"","background-image":"","background-repeat":"repeat","background-position":"center center","background-size":"auto","background-attachment":"scroll","background-type":"","background-media":"","overlay-type":"","overlay-color":"","overlay-opacity":"","overlay-gradient":""}},"ast-content-background-meta":{"desktop":{"background-color":"var(--ast-global-color-5)","background-image":"","background-repeat":"repeat","background-position":"center center","background-size":"auto","background-attachment":"scroll","background-type":"","background-media":"","overlay-type":"","overlay-color":"","overlay-opacity":"","overlay-gradient":""},"tablet":{"background-color":"var(--ast-global-color-5)","background-image":"","background-repeat":"repeat","background-position":"center center","background-size":"auto","background-attachment":"scroll","background-type":"","background-media":"","overlay-type":"","overlay-color":"","overlay-opacity":"","overlay-gradient":""},"mobile":{"background-color":"var(--ast-global-color-5)","background-image":"","background-repeat":"repeat","background-position":"center center","background-size":"auto","background-attachment":"scroll","background-type":"","background-media":"","overlay-type":"","overlay-color":"","overlay-opacity":"","overlay-gradient":""}}},"product_cat":[46],"product_tag":[],"class_list":["post-4310","product","type-product","status-publish","has-post-thumbnail","hentry","product_cat-eredeti-karaoke-dalok","desktop-align-left","tablet-align-left","mobile-align-left"],"_links":{"self":[{"href":"https:\/\/www.sunkaraoke.hu\/index.php\/wp-json\/wp\/v2\/product\/4310","targetHints":{"allow":["GET"]}}],"collection":[{"href":"https:\/\/www.sunkaraoke.hu\/index.php\/wp-json\/wp\/v2\/product"}],"about":[{"href":"https:\/\/www.sunkaraoke.hu\/index.php\/wp-json\/wp\/v2\/types\/product"}],"wp:featuredmedia":[{"embeddable":true,"href":"https:\/\/www.sunkaraoke.hu\/index.php\/wp-json\/wp\/v2\/media\/18333"}],"wp:attachment":[{"href":"https:\/\/www.sunkaraoke.hu\/index.php\/wp-json\/wp\/v2\/media?parent=4310"}],"wp:term":[{"taxonomy":"product_cat","embeddable":true,"href":"https:\/\/www.sunkaraoke.hu\/index.php\/wp-json\/wp\/v2\/product_cat?post=4310"},{"taxonomy":"product_tag","embeddable":true,"href":"https:\/\/www.sunkaraoke.hu\/index.php\/wp-json\/wp\/v2\/product_tag?post=4310"}],"curies":[{"name":"wp","href":"https:\/\/api.w.org\/{rel}","templated":true}]}}