{"id":4309,"date":"2022-08-08T20:47:25","date_gmt":"2022-08-08T20:47:25","guid":{"rendered":"https:\/\/www.sunkaraoke.hu\/index.php\/termek\/orokzold-dalok-orokzold-mix-2014\/"},"modified":"2025-04-10T11:44:51","modified_gmt":"2025-04-10T11:44:51","slug":"orokzold-dalok-orokzold-mix-2014","status":"publish","type":"product","link":"https:\/\/www.sunkaraoke.hu\/index.php\/termek\/orokzold-dalok-orokzold-mix-2014\/","title":{"rendered":"<div class=\"wcmp-player-container product-4309\"><audio controlslist=\"nodownload\" data-product=\"4309\"  volume=\"1\"  preload=\"none\" data-lazyloading=\"none\" class=\"wcmp-player track mejs-classic\" data-duration=\"0:29\" data-estimated_duration=\"3\"><source src=\"https:\/\/www.sunkaraoke.hu\/wp-content\/uploads\/2022\/08\/Orokzold-mix-2014-SB-demo.mp3\" type=\"audio\/mp3\" \/><\/audio><\/div>\u00d6r\u00f6kz\u00f6ld dalok &#8211; \u00d6r\u00f6kz\u00f6ld mix NEW (Original SB Edition)"},"content":{"rendered":"<p><strong>05:15<\/strong> | <strong><img loading=\"lazy\" decoding=\"async\" class=\"alignnone size-full wp-image-467\" src=\"https:\/\/www.sunkaraoke.hu\/wp-content\/uploads\/2022\/07\/choir_2-copy.webp\" alt=\"\" width=\"30\" height=\"30\" \/> <\/strong><\/p>\n","protected":false},"excerpt":{"rendered":"<h6><strong>Bits\u0171r\u0171s\u00e9g: 320<\/strong>kb\/s<strong><br \/>\n<\/strong><strong>Hossz: <\/strong>05:15<strong><br \/>\n<\/strong><strong style=\"font-size: 16px;\">Vok\u00e1lt tartalmaz: <\/strong>Nem <img loading=\"lazy\" decoding=\"async\" class=\"alignnone size-full wp-image-467\" src=\"http:\/\/www.sunkaraoke.hu\/wp-content\/uploads\/2022\/07\/choir_2-copy.png\" alt=\"\" width=\"30\" height=\"30\" \/><strong style=\"font-size: 16px;\"><br \/>\n<\/strong><\/h6>\n<p>Sunkaraoke mp3 st\u00fadi\u00f3 \/ www.sunkaraoke.hu \/ Inf: Tel: 06 20 4275001<\/p>\n<p>&#8212;Intr\u00f3&#8212;<br \/>\nKicsi, gyere velem r\u00f3zs\u00e1t szedni,<br \/>\nam\u00edg el nem megy a ny\u00e1r!<br \/>\nAddig kell az ilyet elv\u00e9gezni,<br \/>\nm\u00edg virul a hat\u00e1r.<br \/>\nKicsi, gyere fel a hegy cs\u00facs\u00e1ra,<br \/>\narra rep\u00fcl a mad\u00e1r.<br \/>\nAddig szeretn\u00e9k a cs\u00facsig jutni,<br \/>\nm\u00edg van napsug\u00e1r.<br \/>\nT\u00e1volb\u00f3l j\u00f6n a felh\u0151,<br \/>\nmegl\u00e1tod, utol\u00e9r,<br \/>\nfeh\u00e9rre festi, a z\u00f6ld mez\u0151t,<br \/>\nh\u00f3val a t\u00e9li sz\u00e9l.<br \/>\nEz a vil\u00e1g sora, nincs mit tenni,<br \/>\nelford\u00edtom a fejem.<br \/>\nKicsi, gyere velem cs\u00f3kot csenni,<br \/>\nm\u00edg van szerelem.<br \/>\nMegy az id\u0151, ugye nincs mit tenni,<br \/>\nelford\u00edtom a fejem.<br \/>\nKicsi, gyere velem cs\u00f3kot csenni,<br \/>\nmost kell szerelem.<br \/>\nBoldogs\u00e1g gyere haza,<br \/>\nk\u00e9s\u0151 van gyere haza,<br \/>\nhonnan j\u00f6ssz nem \u00e9rdekel,<br \/>\ngyere haza csak ennyi kell!<br \/>\n&#8212;Sz\u00f3l\u00f3&#8212;<br \/>\nMindig az a perc a legszebb perc,<br \/>\nmit meg nem \u00e1ld az \u00e9let,<br \/>\naz a legszebb cs\u00f3k,<br \/>\nmit el nem cs\u00f3kolunk.<br \/>\nMindig az az \u00e1lom volt a sz\u00e9p,<br \/>\nmely gyorsan semmiv\u00e9 lett,<br \/>\namit soha t\u00f6bb\u00e9 meg nem \u00e1lmodunk!<br \/>\nMa a cs\u00f3kra m\u00e9g csak v\u00e1runk,<br \/>\nmenek\u00fclhetsz t\u0151le m\u00e9g.<br \/>\nMegmarad a forr\u00f3 v\u00e1gyunk,<br \/>\nmint egy sz\u00e9p eml\u00e9k&#8230;<br \/>\nMindig az a perc a legszebb perc,<br \/>\nmit meg nem \u00e1ld az \u00e9let,<br \/>\naz a legszebb cs\u00f3k,<br \/>\nmit el nem cs\u00f3kolunk.<br \/>\n&#8212;Sz\u00f3l\u00f3&#8212;<br \/>\nMilli\u00f3, milli\u00f3, milli\u00f3 r\u00f3zsasz\u00e1l,<br \/>\nv\u00e9rv\u00f6r\u00f6s takar\u00f3 tavaszi \u00fat por\u00e1n.<br \/>\nMilli\u00f3, milli\u00f3, milli\u00f3 r\u00f3zsasz\u00e1l,<br \/>\ngy\u00f6ny\u00f6r\u0171bb \u00fczenet senkit\u0151l nincs tal\u00e1n!<br \/>\nA fest\u0151 megk\u00edv\u00e1nt egy n\u0151t, egy \u00fcnnepelt \u00e9nekesn\u0151t,<br \/>\nki mindig a sz\u00edvr\u0151l dalolt, a r\u00f3zsa a kedvence volt.<br \/>\nA fest\u0151 mindent eladott, a h\u00e1zat hol eddig lakott,<br \/>\nr\u00f3zs\u00e1kat vett vagyon\u00e1n, s megkapta mindet a l\u00e1ny.<br \/>\nMilli\u00f3, milli\u00f3, milli\u00f3 r\u00f3zsasz\u00e1l,<br \/>\nv\u00e9rv\u00f6r\u00f6s takar\u00f3 tavaszi \u00fat por\u00e1n.<br \/>\nMilli\u00f3, milli\u00f3, milli\u00f3 r\u00f3zsasz\u00e1l,<br \/>\ngy\u00f6ny\u00f6r\u0171bb \u00fczenet senkit\u0151l nincs tal\u00e1n!<br \/>\n&#8212;V\u00e9ge&#8212;<\/p>\n","protected":false},"featured_media":18327,"template":"","meta":{"site-sidebar-layout":"default","site-content-layout":"default","ast-site-content-layout":"default","site-content-style":"default","site-sidebar-style":"default","ast-global-header-display":"","ast-banner-title-visibility":"","ast-main-header-display":"","ast-hfb-above-header-display":"","ast-hfb-below-header-display":"","ast-hfb-mobile-header-display":"","site-post-title":"","ast-breadcrumbs-content":"","ast-featured-img":"","footer-sml-layout":"","theme-transparent-header-meta":"default","adv-header-id-meta":"","stick-header-meta":"","header-above-stick-meta":"","header-main-stick-meta":"","header-below-stick-meta":"","astra-migrate-meta-layouts":"set","ast-page-background-enabled":"default","ast-page-background-meta":{"desktop":{"background-color":"var(--ast-global-color-4)","background-image":"","background-repeat":"repeat","background-position":"center center","background-size":"auto","background-attachment":"scroll","background-type":"","background-media":"","overlay-type":"","overlay-color":"","overlay-opacity":"","overlay-gradient":""},"tablet":{"background-color":"","background-image":"","background-repeat":"repeat","background-position":"center center","background-size":"auto","background-attachment":"scroll","background-type":"","background-media":"","overlay-type":"","overlay-color":"","overlay-opacity":"","overlay-gradient":""},"mobile":{"background-color":"","background-image":"","background-repeat":"repeat","background-position":"center center","background-size":"auto","background-attachment":"scroll","background-type":"","background-media":"","overlay-type":"","overlay-color":"","overlay-opacity":"","overlay-gradient":""}},"ast-content-background-meta":{"desktop":{"background-color":"var(--ast-global-color-5)","background-image":"","background-repeat":"repeat","background-position":"center center","background-size":"auto","background-attachment":"scroll","background-type":"","background-media":"","overlay-type":"","overlay-color":"","overlay-opacity":"","overlay-gradient":""},"tablet":{"background-color":"var(--ast-global-color-5)","background-image":"","background-repeat":"repeat","background-position":"center center","background-size":"auto","background-attachment":"scroll","background-type":"","background-media":"","overlay-type":"","overlay-color":"","overlay-opacity":"","overlay-gradient":""},"mobile":{"background-color":"var(--ast-global-color-5)","background-image":"","background-repeat":"repeat","background-position":"center center","background-size":"auto","background-attachment":"scroll","background-type":"","background-media":"","overlay-type":"","overlay-color":"","overlay-opacity":"","overlay-gradient":""}}},"product_cat":[48],"product_tag":[],"class_list":["post-4309","product","type-product","status-publish","has-post-thumbnail","hentry","product_cat-sunkaraoke-dalok","desktop-align-left","tablet-align-left","mobile-align-left"],"_links":{"self":[{"href":"https:\/\/www.sunkaraoke.hu\/index.php\/wp-json\/wp\/v2\/product\/4309","targetHints":{"allow":["GET"]}}],"collection":[{"href":"https:\/\/www.sunkaraoke.hu\/index.php\/wp-json\/wp\/v2\/product"}],"about":[{"href":"https:\/\/www.sunkaraoke.hu\/index.php\/wp-json\/wp\/v2\/types\/product"}],"wp:featuredmedia":[{"embeddable":true,"href":"https:\/\/www.sunkaraoke.hu\/index.php\/wp-json\/wp\/v2\/media\/18327"}],"wp:attachment":[{"href":"https:\/\/www.sunkaraoke.hu\/index.php\/wp-json\/wp\/v2\/media?parent=4309"}],"wp:term":[{"taxonomy":"product_cat","embeddable":true,"href":"https:\/\/www.sunkaraoke.hu\/index.php\/wp-json\/wp\/v2\/product_cat?post=4309"},{"taxonomy":"product_tag","embeddable":true,"href":"https:\/\/www.sunkaraoke.hu\/index.php\/wp-json\/wp\/v2\/product_tag?post=4309"}],"curies":[{"name":"wp","href":"https:\/\/api.w.org\/{rel}","templated":true}]}}